{"id":111,"date":"2021-05-06T17:04:53","date_gmt":"2021-05-06T15:04:53","guid":{"rendered":"http:\/\/icar.cnrs.fr\/aaa\/?page_id=111"},"modified":"2022-01-27T12:39:07","modified_gmt":"2022-01-27T11:39:07","slug":"organisation","status":"publish","type":"page","link":"https:\/\/icar.cnrs.fr\/aaa\/organisation\/","title":{"rendered":"Organisation"},"content":{"rendered":"<p>Les membres du projet effectuent leurs travaux dans le contexte de quatre workpackages :<\/p>\n<h2>WP1 <em>Explanatio imaginis<\/em><\/h2>\n<p>Ce groupe de travail est charg\u00e9 de produire une m\u00e9thode d&rsquo;analyse augment\u00e9e des images apte \u00e0 f\u00e9d\u00e9rer les approches de l&rsquo;Histoire de l&rsquo;Art et de la S\u00e9miotique vue comme compl\u00e9mentaires et r\u00e9ciproquement \u00e9clairantes. Leur principal objectif sera de (re)penser une histoire des formes artistiques dans cette perspective pluridisciplinaire. Pour ce faire, leur travail consistera \u00e0 s\u00e9lectionner les dimensions pertinentes d&rsquo;une analyse augment\u00e9e (explanation) et d&rsquo;\u00e9laborer les m\u00e9tadonn\u00e9es n\u00e9cessaires \u00e0 l&rsquo;indexation des images au sein des bases de donn\u00e9es indispensables au travail du WP2.<\/p>\n<p>Vous pouvez retrouvez les principaux chercheurs impliqu\u00e9s dans ce groupe ci-dessous : <a href=\"https:\/\/icar.cnrs.fr\/aaa\/lequipe\/\">Marion Colas-Blaise<\/a>, <a href=\"https:\/\/icar.cnrs.fr\/aaa\/lequipe\/\">Pierluigi Basso Fossali<\/a>,<a href=\"https:\/\/icar.cnrs.fr\/aaa\/lequipe\/\"> Gian Maria Tore<\/a>, <a href=\"https:\/\/icar.cnrs.fr\/aaa\/lequipe\/\">Maria Giulia Dondero<\/a>, <a href=\"https:\/\/icar.cnrs.fr\/aaa\/lequipe\/\">Ralph Deckoninck<\/a>, <a href=\"https:\/\/icar.cnrs.fr\/aaa\/lequipe\/\">Sophie Raux<\/a>.<\/p>\n<h2><\/h2>\n<h2>WP2 <em>Inspectio imaginis<\/em><\/h2>\n<p>Ce groupe de travail est charg\u00e9 du traitement des m\u00e9tadonn\u00e9es fournies par les mus\u00e9es partenaires (typiquement des informations sur les tableaux pr\u00e9-selectionn\u00e9s pour nos corpus) et de celles cr\u00e9\u00e9es par le WP1. Sur la base de ces m\u00e9tadonn\u00e9es, le WP2 aura deux principaux objectifs : 1) assurer la d\u00e9tection et la reconnaissance des \u0153uvres d&rsquo;art et la compatibilit\u00e9 de ces param\u00e9trages le format du dispositif auquel aura acc\u00e8s les visiteurs (smartphone, tablette&#8230;etc.); 2)\u00a0 adapter la proposition d&rsquo;interpr\u00e9tation du dispositif aux int\u00e9r\u00eats et requ\u00eates des visiteurs.<\/p>\n<p>Vous pouvez retrouvez les principaux chercheurs impliqu\u00e9s dans ce groupe ci-dessous : <a href=\"https:\/\/icar.cnrs.fr\/aaa\/lequipe\/\">Serge Miguet<\/a>, <a href=\"https:\/\/icar.cnrs.fr\/aaa\/lequipe\/\">Laure Tougne<\/a>, <a href=\"https:\/\/icar.cnrs.fr\/aaa\/lequipe\/\">Bertrant Kerautret<\/a>, <a href=\"https:\/\/icar.cnrs.fr\/aaa\/lequipe\/\">Mihaela Scuturici<\/a>, <a href=\"https:\/\/icar.cnrs.fr\/aaa\/lequipe\/\">Juliia Tkachenko<\/a> et <a href=\"https:\/\/icar.cnrs.fr\/aaa\/lequipe\/\">Carlos Crispim Junior<\/a>.<\/p>\n<h2><\/h2>\n<h2>WP3 <em>Interrogatio imaginis<\/em><\/h2>\n<p>Ce groupe de travail est charg\u00e9 du d\u00e9veloppement ergonomique de l&rsquo;interface future du dispositif, de la construction de plusieurs voies interactives d&rsquo;exploration, de l&rsquo;ajustement des potentiels du dispositif \u00e0 la variabilit\u00e9 des profils d&rsquo;usagers.<\/p>\n<p>Vous pouvez retrouvez les principaux chercheurs impliqu\u00e9s dans ce groupe ci-dessous : <a href=\"https:\/\/icar.cnrs.fr\/aaa\/lequipe\/\">Andreas Fickers<\/a>, <a href=\"https:\/\/icar.cnrs.fr\/aaa\/lequipe\/\">Sean Takats<\/a> et <a href=\"https:\/\/icar.cnrs.fr\/aaa\/lequipe\/\">Lars Wieneke<\/a>.<\/p>\n<h2><\/h2>\n<h2>WP4 <em>Concentus imaginis<\/em><\/h2>\n<p>Ce groupe de travail transversal a pour principal objectif d&rsquo;organiser des moments de rencontres entre les diff\u00e9rents groupes du projet, de contr\u00f4ler les r\u00e9sultats et de valider les choix finaux d&rsquo;impl\u00e9mentation du dispositif.<\/p>\n<p>Vous pouvez retrouvez les principaux chercheurs impliqu\u00e9s dans ce groupe ci-dessous : <a href=\"https:\/\/icar.cnrs.fr\/aaa\/lequipe\/\">Gerald P. Niccolai<\/a>, <a href=\"https:\/\/icar.cnrs.fr\/aaa\/lequipe\/\">Julien Thiburce<\/a>,<a href=\"https:\/\/icar.cnrs.fr\/aaa\/lequipe\/\"> Pierlui Basso Fossali<\/a> et <a href=\"https:\/\/icar.cnrs.fr\/aaa\/lequipe\/\">Gian Maria Tore<\/a>.<\/p>\n","protected":false},"excerpt":{"rendered":"<p>Les membres du projet effectuent leurs travaux dans le contexte de quatre workpackages : WP1 Explanatio imaginis Ce groupe de travail est charg\u00e9 de produire une m\u00e9thode d&rsquo;analyse augment\u00e9e des&#8230;<\/p>\n","protected":false},"author":44,"featured_media":0,"parent":0,"menu_order":0,"comment_status":"closed","ping_status":"closed","template":"","meta":{"inline_featured_image":false,"footnotes":""},"class_list":["post-111","page","type-page","status-publish","hentry"],"_links":{"self":[{"href":"https:\/\/icar.cnrs.fr\/aaa\/wp-json\/wp\/v2\/pages\/111","targetHints":{"allow":["GET"]}}],"collection":[{"href":"https:\/\/icar.cnrs.fr\/aaa\/wp-json\/wp\/v2\/pages"}],"about":[{"href":"https:\/\/icar.cnrs.fr\/aaa\/wp-json\/wp\/v2\/types\/page"}],"author":[{"embeddable":true,"href":"https:\/\/icar.cnrs.fr\/aaa\/wp-json\/wp\/v2\/users\/44"}],"replies":[{"embeddable":true,"href":"https:\/\/icar.cnrs.fr\/aaa\/wp-json\/wp\/v2\/comments?post=111"}],"version-history":[{"count":7,"href":"https:\/\/icar.cnrs.fr\/aaa\/wp-json\/wp\/v2\/pages\/111\/revisions"}],"predecessor-version":[{"id":589,"href":"https:\/\/icar.cnrs.fr\/aaa\/wp-json\/wp\/v2\/pages\/111\/revisions\/589"}],"wp:attachment":[{"href":"https:\/\/icar.cnrs.fr\/aaa\/wp-json\/wp\/v2\/media?parent=111"}],"curies":[{"name":"wp","href":"https:\/\/api.w.org\/{rel}","templated":true}]}}