{"id":117,"date":"2021-05-06T17:07:42","date_gmt":"2021-05-06T15:07:42","guid":{"rendered":"http:\/\/icar.cnrs.fr\/aaa\/?page_id=117"},"modified":"2023-11-22T14:43:32","modified_gmt":"2023-11-22T13:43:32","slug":"accueil","status":"publish","type":"page","link":"https:\/\/icar.cnrs.fr\/aaa\/","title":{"rendered":"Analyse de l&rsquo;oeuvre augment\u00e9e"},"content":{"rendered":"<p>Le projet <em>Augmented Artwork Analysis<\/em> (AAA) vise \u00e0 produire une application sur tablette permettant une perception et une interpr\u00e9tation augment\u00e9es d\u2019\u0153uvres d\u2019art rencontr\u00e9es au mus\u00e9e (des peintures du 15e au 19e si\u00e8cles).<\/p>\n<p>Ce prototype mettra en \u00e9vidence diff\u00e9rentes strates d\u2019une \u0153uvre d\u2019art : l\u2019organisation plastique, avec ses textures, ses couleurs et sa composition ; la dimension figurative et narrative, o\u00f9 l\u2019on retrouve des personnages, des paysages et des objets qui participent de multiples r\u00e9cits ; la dynamique esth\u00e9tique, o\u00f9 entrent en jeu les sens, la sensibilit\u00e9 et les affects des spectateurs. C\u2019est l\u2019id\u00e9e de cr\u00e9er une <em>\u0153uvre d\u2019art augment\u00e9e<\/em>.<\/p>\n<p>Cet instrument novateur permettra aussi de tisser des liens entre les tableaux expos\u00e9s <em>in situ<\/em> et des \u0153uvres pr\u00e9sentes dans d\u2019autres mus\u00e9es. Il s\u2019agira ainsi d\u2019observer en profondeur les filiations et les dialogues entre des images, comme la reprise et la citation, la critique ou la parodie. C\u2019est l\u2019id\u00e9e de cr\u00e9er un <em>mus\u00e9e compl\u00e9mentaire<\/em>.<\/p>\n<p>En reliant deux modalit\u00e9s d\u2019observation \u2014 directe, face au tableau dans le mus\u00e9e, et augment\u00e9e, en lien avec un r\u00e9seau d\u2019images \u2014, les visiteurs pourront \u00e0 la fois apprendre, d\u00e9couvrir et jouer avec les \u0153uvres, lors de visites guid\u00e9es ou libres, de r\u00e9unions p\u00e9dagogiques ou de recherche, au sein des trois mus\u00e9es partenaires.<\/p>\n","protected":false},"excerpt":{"rendered":"<p>Le projet Augmented Artwork Analysis (AAA) vise \u00e0 produire une application sur tablette permettant une perception et une interpr\u00e9tation augment\u00e9es d\u2019\u0153uvres d\u2019art rencontr\u00e9es au mus\u00e9e (des peintures du 15e au&#8230;<\/p>\n","protected":false},"author":44,"featured_media":0,"parent":0,"menu_order":0,"comment_status":"closed","ping_status":"closed","template":"","meta":{"inline_featured_image":false,"footnotes":""},"class_list":["post-117","page","type-page","status-publish","hentry"],"_links":{"self":[{"href":"https:\/\/icar.cnrs.fr\/aaa\/wp-json\/wp\/v2\/pages\/117","targetHints":{"allow":["GET"]}}],"collection":[{"href":"https:\/\/icar.cnrs.fr\/aaa\/wp-json\/wp\/v2\/pages"}],"about":[{"href":"https:\/\/icar.cnrs.fr\/aaa\/wp-json\/wp\/v2\/types\/page"}],"author":[{"embeddable":true,"href":"https:\/\/icar.cnrs.fr\/aaa\/wp-json\/wp\/v2\/users\/44"}],"replies":[{"embeddable":true,"href":"https:\/\/icar.cnrs.fr\/aaa\/wp-json\/wp\/v2\/comments?post=117"}],"version-history":[{"count":8,"href":"https:\/\/icar.cnrs.fr\/aaa\/wp-json\/wp\/v2\/pages\/117\/revisions"}],"predecessor-version":[{"id":953,"href":"https:\/\/icar.cnrs.fr\/aaa\/wp-json\/wp\/v2\/pages\/117\/revisions\/953"}],"wp:attachment":[{"href":"https:\/\/icar.cnrs.fr\/aaa\/wp-json\/wp\/v2\/media?parent=117"}],"curies":[{"name":"wp","href":"https:\/\/api.w.org\/{rel}","templated":true}]}}