{"id":842,"date":"2023-11-08T15:45:28","date_gmt":"2023-11-08T14:45:28","guid":{"rendered":"http:\/\/icar.cnrs.fr\/aaa\/?page_id=842"},"modified":"2023-11-08T16:42:47","modified_gmt":"2023-11-08T15:42:47","slug":"partners","status":"publish","type":"page","link":"https:\/\/icar.cnrs.fr\/aaa\/en\/partners\/","title":{"rendered":"Partners"},"content":{"rendered":"<h1>Museums<\/h1>\n<table width=\"100%\">\n<tbody>\n<tr>\n<td align=\"center\" width=\"33%\"><a href=\"http:\/\/pba.lille.fr\" target=\"_blank\" rel=\"noopener\"><img loading=\"lazy\" decoding=\"async\" class=\"wp-image-309 size-full aligncenter\" src=\"https:\/\/icar.cnrs.fr\/aaa\/files\/2021\/05\/Logo_du_Palais_des_Beaux-Arts_de_Lille_format_carre.png\" alt=\"\" width=\"329\" height=\"250\" srcset=\"https:\/\/icar.cnrs.fr\/aaa\/files\/2021\/05\/Logo_du_Palais_des_Beaux-Arts_de_Lille_format_carre.png 329w, https:\/\/icar.cnrs.fr\/aaa\/files\/2021\/05\/Logo_du_Palais_des_Beaux-Arts_de_Lille_format_carre-300x228.png 300w\" sizes=\"auto, (max-width: 329px) 100vw, 329px\" \/><\/a><\/td>\n<td align=\"center\" width=\"33%\"><a href=\"http:\/\/www.mba-lyon.fr\/fr\" target=\"_blank\" rel=\"noopener\"><img loading=\"lazy\" decoding=\"async\" class=\"wp-image-310 size-full\" src=\"https:\/\/icar.cnrs.fr\/aaa\/files\/2021\/05\/MBA-Lyon.png\" alt=\"\" width=\"250\" height=\"250\" srcset=\"https:\/\/icar.cnrs.fr\/aaa\/files\/2021\/05\/MBA-Lyon.png 250w, https:\/\/icar.cnrs.fr\/aaa\/files\/2021\/05\/MBA-Lyon-150x150.png 150w\" sizes=\"auto, (max-width: 250px) 100vw, 250px\" \/><\/a><\/td>\n<td align=\"center\" width=\"33%\"><a href=\"https:\/\/www.mnha.lu\/\" target=\"_blank\" rel=\"noopener\"><img loading=\"lazy\" decoding=\"async\" class=\"wp-image-311 size-full\" src=\"https:\/\/icar.cnrs.fr\/aaa\/files\/2021\/05\/Unknown.png\" alt=\"\" width=\"251\" height=\"201\" \/><\/a><\/td>\n<\/tr>\n<tr>\n<td style=\"text-align: center\" width=\"33%\">Palais des Beaux Arts de Lille<\/p>\n<p><a href=\"https:\/\/pba.lille.fr\/\">Palais des Beaux Arts de Lille<\/a><\/td>\n<td style=\"text-align: center\" width=\"33%\">Mus\u00e9e des Beaux Arts de Lyon<\/p>\n<p><a href=\"https:\/\/www.mba-lyon.fr\/fr\">Mus\u00e9e des Beaux Arts (mba-lyon.fr)<\/a><\/td>\n<td style=\"text-align: center\" width=\"33%\">Mus\u00e9e National d&rsquo;Histoire et d&rsquo;Art de Luxembourg<\/p>\n<p><a href=\"https:\/\/www.mnha.lu\/\">\u00a0MNHA<\/a><\/td>\n<\/tr>\n<\/tbody>\n<\/table>\n<p>&nbsp;<\/p>\n","protected":false},"excerpt":{"rendered":"<p>Museums Palais des Beaux Arts de Lille Palais des Beaux Arts de Lille Mus\u00e9e des Beaux Arts de Lyon Mus\u00e9e des Beaux Arts (mba-lyon.fr) Mus\u00e9e National d&rsquo;Histoire et d&rsquo;Art de&#8230;<\/p>\n","protected":false},"author":2,"featured_media":0,"parent":0,"menu_order":0,"comment_status":"closed","ping_status":"closed","template":"","meta":{"inline_featured_image":false,"footnotes":""},"class_list":["post-842","page","type-page","status-publish","hentry"],"_links":{"self":[{"href":"https:\/\/icar.cnrs.fr\/aaa\/wp-json\/wp\/v2\/pages\/842","targetHints":{"allow":["GET"]}}],"collection":[{"href":"https:\/\/icar.cnrs.fr\/aaa\/wp-json\/wp\/v2\/pages"}],"about":[{"href":"https:\/\/icar.cnrs.fr\/aaa\/wp-json\/wp\/v2\/types\/page"}],"author":[{"embeddable":true,"href":"https:\/\/icar.cnrs.fr\/aaa\/wp-json\/wp\/v2\/users\/2"}],"replies":[{"embeddable":true,"href":"https:\/\/icar.cnrs.fr\/aaa\/wp-json\/wp\/v2\/comments?post=842"}],"version-history":[{"count":2,"href":"https:\/\/icar.cnrs.fr\/aaa\/wp-json\/wp\/v2\/pages\/842\/revisions"}],"predecessor-version":[{"id":860,"href":"https:\/\/icar.cnrs.fr\/aaa\/wp-json\/wp\/v2\/pages\/842\/revisions\/860"}],"wp:attachment":[{"href":"https:\/\/icar.cnrs.fr\/aaa\/wp-json\/wp\/v2\/media?parent=842"}],"curies":[{"name":"wp","href":"https:\/\/api.w.org\/{rel}","templated":true}]}}