{"id":884,"date":"2023-11-08T17:46:58","date_gmt":"2023-11-08T16:46:58","guid":{"rendered":"http:\/\/icar.cnrs.fr\/aaa\/?page_id=884"},"modified":"2023-11-08T17:48:28","modified_gmt":"2023-11-08T16:48:28","slug":"884-2","status":"publish","type":"page","link":"https:\/\/icar.cnrs.fr\/aaa\/en\/884-2\/","title":{"rendered":"Project structure"},"content":{"rendered":"<p>The members of the project are carrying out their work in the context of four workpackages:<\/p>\n<h3>WP1 Explanatio imaginis<\/h3>\n<p>This workpackage is tasked with producing a method of augmented image analysis capable of bringing together the approaches of Art History and Semiotics, which are seen as complementary and mutually enlightening. Their main objective will be to (re)think a history of artistic forms from this multidisciplinary perspective. To achieve this, their work will involve selecting the relevant dimensions for an augmented analysis (explanation) and developing the metadata needed to index the images within the databases essential to the work of WP2.<\/p>\n<p>You can find the main researchers involved in this group below: Marion Colas-Blaise, Pierluigi Basso Fossali, Gian Maria Tore, Maria Giulia Dondero, Ralph Deckoninck, Sophie Raux.<\/p>\n<h3>WP2 Inspectio imaginis<\/h3>\n<p>Ce groupe de travail est charg\u00e9 du traitement des m\u00e9tadonn\u00e9es fournies par les mus\u00e9es partenaires (typiquement des informations sur les tableaux pr\u00e9-selectionn\u00e9s pour nos corpus) et de celles cr\u00e9\u00e9es par le WP1. Sur la base de ces m\u00e9tadonn\u00e9es, le WP2 aura deux principaux objectifs : 1) assurer la d\u00e9tection et la reconnaissance des \u0153uvres d&rsquo;art et la compatibilit\u00e9 de ces param\u00e9trages le format du dispositif auquel aura acc\u00e8s les visiteurs (smartphone, tablette&#8230;etc.); 2) adapter la proposition d&rsquo;interpr\u00e9tation du dispositif aux int\u00e9r\u00eats et requ\u00eates des visiteurs.<\/p>\n<p>Vous pouvez retrouvez les principaux chercheurs impliqu\u00e9s dans ce groupe ci-dessous : Serge Miguet, Laure Tougne, Bertrant Kerautret, Mihaela Scuturici, Juliia Tkachenko et Carlos Crispim Junior.<\/p>\n<h3>WP3 Interrogatio imaginis<\/h3>\n<p>Ce groupe de travail est charg\u00e9 du d\u00e9veloppement ergonomique de l&rsquo;interface future du dispositif, de la construction de plusieurs voies interactives d&rsquo;exploration, de l&rsquo;ajustement des potentiels du dispositif \u00e0 la variabilit\u00e9 des profils d&rsquo;usagers.<\/p>\n<p>Vous pouvez retrouvez les principaux chercheurs impliqu\u00e9s dans ce groupe ci-dessous : Andreas Fickers, Sean Takats et Lars Wieneke.<\/p>\n<h3>WP4 Concentus imaginis<\/h3>\n<p>Ce groupe de travail transversal a pour principal objectif d&rsquo;organiser des moments de rencontres entre les diff\u00e9rents groupes du projet, de contr\u00f4ler les r\u00e9sultats et de valider les choix finaux d&rsquo;impl\u00e9mentation du dispositif.<\/p>\n<p>Vous pouvez retrouvez les principaux chercheurs impliqu\u00e9s dans ce groupe ci-dessous : Gerald P. Niccolai, Julien Thiburce, Pierlui Basso Fossali et Gian Maria Tore.<\/p>\n","protected":false},"excerpt":{"rendered":"<p>The members of the project are carrying out their work in the context of four workpackages: WP1 Explanatio imaginis This workpackage is tasked with producing a method of augmented image&#8230;<\/p>\n","protected":false},"author":44,"featured_media":0,"parent":0,"menu_order":0,"comment_status":"closed","ping_status":"closed","template":"","meta":{"inline_featured_image":false,"footnotes":""},"class_list":["post-884","page","type-page","status-publish","hentry"],"_links":{"self":[{"href":"https:\/\/icar.cnrs.fr\/aaa\/wp-json\/wp\/v2\/pages\/884","targetHints":{"allow":["GET"]}}],"collection":[{"href":"https:\/\/icar.cnrs.fr\/aaa\/wp-json\/wp\/v2\/pages"}],"about":[{"href":"https:\/\/icar.cnrs.fr\/aaa\/wp-json\/wp\/v2\/types\/page"}],"author":[{"embeddable":true,"href":"https:\/\/icar.cnrs.fr\/aaa\/wp-json\/wp\/v2\/users\/44"}],"replies":[{"embeddable":true,"href":"https:\/\/icar.cnrs.fr\/aaa\/wp-json\/wp\/v2\/comments?post=884"}],"version-history":[{"count":4,"href":"https:\/\/icar.cnrs.fr\/aaa\/wp-json\/wp\/v2\/pages\/884\/revisions"}],"predecessor-version":[{"id":888,"href":"https:\/\/icar.cnrs.fr\/aaa\/wp-json\/wp\/v2\/pages\/884\/revisions\/888"}],"wp:attachment":[{"href":"https:\/\/icar.cnrs.fr\/aaa\/wp-json\/wp\/v2\/media?parent=884"}],"curies":[{"name":"wp","href":"https:\/\/api.w.org\/{rel}","templated":true}]}}