{"id":36,"date":"2022-05-31T11:22:26","date_gmt":"2022-05-31T09:22:26","guid":{"rendered":"http:\/\/icar.cnrs.fr\/bodega\/?page_id=36"},"modified":"2022-05-31T11:25:25","modified_gmt":"2022-05-31T09:25:25","slug":"recrutement-participants","status":"publish","type":"page","link":"https:\/\/icar.cnrs.fr\/bodega\/recrutement-participants\/","title":{"rendered":"Recrutement participants"},"content":{"rendered":"<p style=\"text-align: center\"><strong>RECHERCHE PARTICIPANTS<\/strong><\/p>\n<p>Vous \u00eates curieux\u00b7se de d\u00e9couvrir comment <strong>jouer<\/strong> peut faire avancer la recherche ? Et vous avez envie de faire \u00e7a <strong>en gagnant 15\u20ac<\/strong>\u00a0? Alors n\u2019h\u00e9sitez plus !<\/p>\n<p>Dans le cadre d\u2019un projet interdisciplinaire men\u00e9 par trois partenaires\u00a0: l\u2019entreprise SKILDER (<a href=\"http:\/\/www.skilder.fr\/\"><u>www.skilder.fr<\/u><\/a>) et deux laboratoires de recherche fran\u00e7ais, le laboratoire ICAR (<a href=\"http:\/\/icar.cnrs.fr\/\"><u>http:\/\/icar.cnrs.fr\/<\/u><\/a>) et le LIRIS (<a href=\"https:\/\/liris.cnrs.fr\/\"><u>https:\/\/liris.cnrs.fr\/<\/u><\/a>), nous vous invitons \u00e0 participer \u00e0 nos recherches\u00a0!<\/p>\n<p>Le projet de recherche vise \u00e0 \u00e9tudier les comportements sociaux des participants dans un jeu collaboratif con\u00e7u pour mesurer et\/ou d\u00e9velopper les capacit\u00e9s socio-relationnelles (<em>soft skills<\/em>). Il s\u2019agit d\u2019un jeu s\u00e9rieux de type <strong>escape game<\/strong>.<\/p>\n<p>Pour cette \u00e9tude nous avons besoin d\u2019enregistrer des donn\u00e9es d\u2019interaction vid\u00e9o-film\u00e9es entre plusieurs joueurs et de collecter des traces informatiques des interactions des joueurs avec le jeu (interactions homme-machine). Le jeu est un jeu collaboratif, vous serez donc plusieurs lors de votre session de jeu (nous vous attribuerons dans un groupe de jeu apr\u00e8s votre inscription).<\/p>\n<p>L\u2019exp\u00e9rience vous tente ? Contactez-nous !<\/p>\n<p>Qui\u00a0?<\/p>\n<ul>\n<li>Vous \u00eates francophone<\/li>\n<li>Vous avez 18 ans ou plus<\/li>\n<li>Vous acceptez d\u2019\u00eatre enregistr\u00e9 et que les donn\u00e9es r\u00e9colt\u00e9es soient utilis\u00e9es \u00e0 des fins scientifiques et\/ou p\u00e9dagogiques<\/li>\n<\/ul>\n<p>O\u00f9\u00a0?<\/p>\n<ul>\n<li>\u00e0 l\u2019ENS de Lyon (M\u00e9tro ligne B, arr\u00eat Debourg)<\/li>\n<li>\u00e0 l&rsquo;INSA de Lyon<\/li>\n<\/ul>\n<p>Quand ?<\/p>\n<ul>\n<li>Entre le 5 juin et le 25 juin<\/li>\n<li>Dans l\u2019ensemble, cela durera environ 1h30<\/li>\n<\/ul>\n<p style=\"text-align: center\">\n<strong>\u00a0Pour participer et profiter d\u2019une carte cadeau FNAC d\u2019une valeur de 15\u20ac, contactez-nous rapidement, par court mail \u00e0 <U> anthony.basille2@liris.cnrs.fr<\/U>  et <U> biagio.ursi@ens-lyon.fr<\/U> .<\/strong><\/p>\n<p>&nbsp;<\/p>\n<p>Merci d\u2019avance pour votre aide !<br \/>\nL\u2019\u00e9quipe BODEGA<\/p>\n","protected":false},"excerpt":{"rendered":"<p>RECHERCHE PARTICIPANTS Vous \u00eates curieux\u00b7se de d\u00e9couvrir comment jouer peut faire avancer la recherche ? Et vous avez envie de faire \u00e7a en gagnant 15\u20ac\u00a0? Alors n\u2019h\u00e9sitez plus ! Dans le cadre d\u2019un projet interdisciplinaire men\u00e9 par trois partenaires\u00a0: l\u2019entreprise &hellip; <a href=\"https:\/\/icar.cnrs.fr\/bodega\/recrutement-participants\/\">Continuer la lecture <span class=\"meta-nav\">&rarr;<\/span><\/a><\/p>\n","protected":false},"author":54,"featured_media":0,"parent":0,"menu_order":2,"comment_status":"closed","ping_status":"closed","template":"","meta":{"inline_featured_image":false,"footnotes":""},"class_list":["post-36","page","type-page","status-publish","hentry"],"_links":{"self":[{"href":"https:\/\/icar.cnrs.fr\/bodega\/wp-json\/wp\/v2\/pages\/36","targetHints":{"allow":["GET"]}}],"collection":[{"href":"https:\/\/icar.cnrs.fr\/bodega\/wp-json\/wp\/v2\/pages"}],"about":[{"href":"https:\/\/icar.cnrs.fr\/bodega\/wp-json\/wp\/v2\/types\/page"}],"author":[{"embeddable":true,"href":"https:\/\/icar.cnrs.fr\/bodega\/wp-json\/wp\/v2\/users\/54"}],"replies":[{"embeddable":true,"href":"https:\/\/icar.cnrs.fr\/bodega\/wp-json\/wp\/v2\/comments?post=36"}],"version-history":[{"count":1,"href":"https:\/\/icar.cnrs.fr\/bodega\/wp-json\/wp\/v2\/pages\/36\/revisions"}],"predecessor-version":[{"id":37,"href":"https:\/\/icar.cnrs.fr\/bodega\/wp-json\/wp\/v2\/pages\/36\/revisions\/37"}],"wp:attachment":[{"href":"https:\/\/icar.cnrs.fr\/bodega\/wp-json\/wp\/v2\/media?parent=36"}],"curies":[{"name":"wp","href":"https:\/\/api.w.org\/{rel}","templated":true}]}}