{"id":50,"date":"2020-10-13T09:31:24","date_gmt":"2020-10-13T07:31:24","guid":{"rendered":"http:\/\/icar.cnrs.fr\/cipsy\/?page_id=50"},"modified":"2024-03-18T15:17:36","modified_gmt":"2024-03-18T14:17:36","slug":"accueil","status":"publish","type":"page","link":"https:\/\/icar.cnrs.fr\/cipsy\/","title":{"rendered":"Pr\u00e9sentation g\u00e9n\u00e9rale"},"content":{"rendered":"<p style=\"text-align: justify;\">CIPSY vise \u00e0 \u00e9tudier la comp\u00e9tence d\u2019interaction de l\u2019infirmier en service de psychiatrie adulte lors des rel\u00e8ves de poste et des r\u00e9unions. Une \u00e9troite collaboration avec l\u2019h\u00f4pital du Vinatier permet de co-construire cette \u00e9tude avec les experts du terrain, qui sont \u00e0 l\u2019initiative de ce projet. Ce projet exploratoire tant \u00e0 caract\u00e9riser les sp\u00e9cificit\u00e9s du langage \u00e9crit et orale, dont le corpus sera constitu\u00e9 de vid\u00e9os r\u00e9alis\u00e9es in situ.<\/p>\n<p style=\"text-align: justify;\"><strong>Objectifs<\/strong><\/p>\n<ul style=\"text-align: justify;\">\n<li>R\u00e9aliser une analyse interactionnelle des r\u00e9unions de services, puis mettre en lien les oraux de ces r\u00e9unions avec leurs traces \u00e9crites<\/li>\n<li>Objectiver un \u00e9ventuel d\u00e9calage entre les \u00e9crits infirmiers et les \u00e9changes oraux des rel\u00e8ves, par le biais d\u2019indicateurs linguistiques<\/li>\n<\/ul>\n<p style=\"text-align: justify;\"><div class=\"su-spoiler su-spoiler-style-default su-spoiler-icon-arrow su-spoiler-closed\" data-scroll-offset=\"0\" data-anchor-in-url=\"no\"><div class=\"su-spoiler-title\" tabindex=\"0\" role=\"button\"><span class=\"su-spoiler-icon\"><\/span>Contexte de l'\u00e9tude<\/div><div class=\"su-spoiler-content su-u-clearfix su-u-trim\">L\u2019\u00e9volution du syst\u00e8me de soin, tourn\u00e9e vers de nouveaux modes de coop\u00e9ration et l\u2019augmentation des intervenants aupr\u00e8s des patients, invite \u00e0 s\u2019int\u00e9resser de pr\u00e8s au cheminement de l\u2019oral vers l\u2019\u00e9crit et \u00e0 leur production. Enjeu de la qualit\u00e9 des soins, cette \u00e9tude exploratoire \u00e9manant de Beno\u00eet Chalancon et de son groupe de travail, a pour hypoth\u00e8se principale qu\u2019il existe des diff\u00e9rences de contenus entre les rel\u00e8ves infirmi\u00e8res orales et \u00e9crites. Les analyses propos\u00e9es doivent permettre d\u2019objectiver un \u00e9ventuel d\u00e9calage entre les \u00e9crits infirmiers et les \u00e9changes oraux des rel\u00e8ves, par le biais d\u2019indicateurs linguistiques (syntaxiques, lexicaux, interactionnels, etc.), observ\u00e9s dans les cadres th\u00e9oriques et suivant les m\u00e9thodologies sp\u00e9cifiques en analyse de productions textuelles et en analyse du discours. L\u2019enregistrement vid\u00e9o des rel\u00e8ves de postes et r\u00e9unions constituera un corpus in situ, complexe linguistiquement et riche d\u2019enseignements qui permettra de r\u00e9aliser une analyse interactionnelle des r\u00e9unions de services, puis de mettre en lien les oraux et les \u00e9crits.<\/div><\/div>\n<p style=\"text-align: justify;\"><div class=\"su-spoiler su-spoiler-style-default su-spoiler-icon-arrow su-spoiler-closed\" data-scroll-offset=\"0\" data-anchor-in-url=\"no\"><div class=\"su-spoiler-title\" tabindex=\"0\" role=\"button\"><span class=\"su-spoiler-icon\"><\/span>M\u00e9thodes<\/div><div class=\"su-spoiler-content su-u-clearfix su-u-trim\">Il est propos\u00e9 de filmer les rel\u00e8ves de poste afin de les mettre en lien avec les \u00e9crits qui en d\u00e9coulent. Un service de soin en psychiatrie sera concern\u00e9. Pour ce faire, une m\u00e9thodologie de captation vid\u00e9o ayant d\u00e9j\u00e0 fait ses preuves ant\u00e9rieurement au laboratoire ICAR, sera appliqu\u00e9e. Un protocole de mise en place du mat\u00e9riel de captation sera \u00e9labor\u00e9 et mis en application : cam\u00e9ras et microphones seront install\u00e9s dans la pi\u00e8ce de rel\u00e8ves, leurs installations et positions seront \u00e9tudi\u00e9es en amont afin de pouvoir capter au mieux langage, gestualit\u00e9, positions, etc. Concr\u00e8tement, deux cam\u00e9ras au fond de la salle en plan large seront install\u00e9es afin de capter tous les participants de la r\u00e9union, une cam\u00e9ra de 360\u00b0 au centre de la salle pour enregistrer le d\u00e9roulement de la r\u00e9union, un enregistreur audio \u00e0 proximit\u00e9 de chaque infirmier pour capter les micro productions vocales. Ces donn\u00e9es orales seront ensuite num\u00e9ris\u00e9es, puis transcrites et analys\u00e9es via un logiciel linguistique, ELAN. Les dossiers \u00e9crits, apr\u00e8s leur extraction dans les dossiers patients informatis\u00e9s seront transcrits dans un logiciel linguistique tel que CLAN, qui permet la transcription, le codage et l\u2019analyse de donn\u00e9es.<\/div><\/div>\n","protected":false},"excerpt":{"rendered":"<p>CIPSY vise \u00e0 \u00e9tudier la comp\u00e9tence d\u2019interaction de l\u2019infirmier en service de psychiatrie adulte lors des rel\u00e8ves de poste et des r\u00e9unions. Une \u00e9troite collaboration avec l\u2019h\u00f4pital du Vinatier permet&#8230;<\/p>\n","protected":false},"author":22,"featured_media":0,"parent":0,"menu_order":-1,"comment_status":"closed","ping_status":"closed","template":"","meta":{"inline_featured_image":false,"footnotes":""},"class_list":["post-50","page","type-page","status-publish","hentry"],"_links":{"self":[{"href":"https:\/\/icar.cnrs.fr\/cipsy\/wp-json\/wp\/v2\/pages\/50","targetHints":{"allow":["GET"]}}],"collection":[{"href":"https:\/\/icar.cnrs.fr\/cipsy\/wp-json\/wp\/v2\/pages"}],"about":[{"href":"https:\/\/icar.cnrs.fr\/cipsy\/wp-json\/wp\/v2\/types\/page"}],"author":[{"embeddable":true,"href":"https:\/\/icar.cnrs.fr\/cipsy\/wp-json\/wp\/v2\/users\/22"}],"replies":[{"embeddable":true,"href":"https:\/\/icar.cnrs.fr\/cipsy\/wp-json\/wp\/v2\/comments?post=50"}],"version-history":[{"count":8,"href":"https:\/\/icar.cnrs.fr\/cipsy\/wp-json\/wp\/v2\/pages\/50\/revisions"}],"predecessor-version":[{"id":153,"href":"https:\/\/icar.cnrs.fr\/cipsy\/wp-json\/wp\/v2\/pages\/50\/revisions\/153"}],"wp:attachment":[{"href":"https:\/\/icar.cnrs.fr\/cipsy\/wp-json\/wp\/v2\/media?parent=50"}],"curies":[{"name":"wp","href":"https:\/\/api.w.org\/{rel}","templated":true}]}}