{"id":1027,"date":"2019-04-08T11:28:18","date_gmt":"2019-04-08T09:28:18","guid":{"rendered":"http:\/\/icar.cnrs.fr\/comdoc\/?page_id=1027"},"modified":"2025-04-14T15:55:22","modified_gmt":"2025-04-14T13:55:22","slug":"enquete-comdoc","status":"publish","type":"page","link":"https:\/\/icar.cnrs.fr\/comdoc\/ressources\/enquete-comdoc\/","title":{"rendered":"Enqu\u00eate sur le v\u00e9cu des doctorants ICAR"},"content":{"rendered":"<p>En avril 2017, la Com&rsquo;Doc a r\u00e9alis\u00e9 une enqu\u00eate en ligne aupr\u00e8s des doctorant\u00b7e\u00b7s et des jeunes docteur\u00b7e\u00b7s d&rsquo;ICAR, portant sur leur v\u00e9cu pendant les ann\u00e9es de la th\u00e8se.<\/p>\n<p>Un compte rendu des r\u00e9sultats de l&rsquo;enqu\u00eate est consultable ici :<br \/>\n<a href=\"https:\/\/icar.cnrs.fr\/comdoc\/files\/2019\/04\/Compte_rendu_enquete_doctorants.pdf\"><b>Compte-rendu de l&rsquo;enqu\u00eate de la Com&rsquo;Doc<\/b><\/a><\/p>\n","protected":false},"excerpt":{"rendered":"<p>En avril 2017, la Com&rsquo;Doc a r\u00e9alis\u00e9 une enqu\u00eate en ligne aupr\u00e8s des doctorant\u00b7e\u00b7s et des jeunes docteur\u00b7e\u00b7s d&rsquo;ICAR, portant sur leur v\u00e9cu pendant les ann\u00e9es de la th\u00e8se. Un compte rendu des r\u00e9sultats de l&rsquo;enqu\u00eate est consultable ici : &hellip; <a href=\"https:\/\/icar.cnrs.fr\/comdoc\/ressources\/enquete-comdoc\/\">Continuer la lecture <span class=\"meta-nav\">&rarr;<\/span><\/a><\/p>\n","protected":false},"author":22,"featured_media":1523,"parent":29,"menu_order":0,"comment_status":"closed","ping_status":"closed","template":"onecolumn-page.php","meta":{"inline_featured_image":false,"footnotes":""},"class_list":["post-1027","page","type-page","status-publish","has-post-thumbnail","hentry"],"_links":{"self":[{"href":"https:\/\/icar.cnrs.fr\/comdoc\/wp-json\/wp\/v2\/pages\/1027","targetHints":{"allow":["GET"]}}],"collection":[{"href":"https:\/\/icar.cnrs.fr\/comdoc\/wp-json\/wp\/v2\/pages"}],"about":[{"href":"https:\/\/icar.cnrs.fr\/comdoc\/wp-json\/wp\/v2\/types\/page"}],"author":[{"embeddable":true,"href":"https:\/\/icar.cnrs.fr\/comdoc\/wp-json\/wp\/v2\/users\/22"}],"replies":[{"embeddable":true,"href":"https:\/\/icar.cnrs.fr\/comdoc\/wp-json\/wp\/v2\/comments?post=1027"}],"version-history":[{"count":8,"href":"https:\/\/icar.cnrs.fr\/comdoc\/wp-json\/wp\/v2\/pages\/1027\/revisions"}],"predecessor-version":[{"id":1946,"href":"https:\/\/icar.cnrs.fr\/comdoc\/wp-json\/wp\/v2\/pages\/1027\/revisions\/1946"}],"up":[{"embeddable":true,"href":"https:\/\/icar.cnrs.fr\/comdoc\/wp-json\/wp\/v2\/pages\/29"}],"wp:featuredmedia":[{"embeddable":true,"href":"https:\/\/icar.cnrs.fr\/comdoc\/wp-json\/wp\/v2\/media\/1523"}],"wp:attachment":[{"href":"https:\/\/icar.cnrs.fr\/comdoc\/wp-json\/wp\/v2\/media?parent=1027"}],"curies":[{"name":"wp","href":"https:\/\/api.w.org\/{rel}","templated":true}]}}