{"id":1087,"date":"2020-10-07T14:37:56","date_gmt":"2020-10-07T12:37:56","guid":{"rendered":"http:\/\/icar.cnrs.fr\/comdoc\/?page_id=1087"},"modified":"2025-04-07T16:13:33","modified_gmt":"2025-04-07T14:13:33","slug":"accueil","status":"publish","type":"page","link":"https:\/\/icar.cnrs.fr\/comdoc\/","title":{"rendered":"Bienvenue sur le site de la Com&rsquo;Doc du laboratoire ICAR !"},"content":{"rendered":"<p>Cet espace est un lieu d\u2019\u00e9changes et de partage d\u2019informations pour les doctorants du laboratoire ICAR.<\/p>\n<p>Il est g\u00e9r\u00e9 par la <span class=\"rouge\"> Commission des Doctorant\u00b7e\u00b7s ICAR (Com&rsquo;Doc) <\/span> qui regroupe des doctorant\u00b7e\u00b7s et des jeunes docteur\u00b7e\u00b7s issu\u00b7e\u00b7s des diff\u00e9rentes \u00e9quipes du laboratoire. Si vous avez envie de nous rejoindre, n&rsquo;h\u00e9sitez pas \u00e0 nous faire signe en envoyant un mail \u00e0 <a href=\"mailto:doctorants.icar@gmail.com\">doctorants.icar@gmail.com<\/a> !<\/p>\n<p>Les vis\u00e9es de la Com&rsquo;Doc sont multiples :<\/p>\n<ul>\n<li>Am\u00e9lioration du partage d&rsquo;informations aupr\u00e8s des doctorant\u00b7e\u00b7s, les directeurs et directrices de recherche et la gestion du laboratoire ICAR<\/li>\n<li>Accompagnement de la vie des doctorant\u00b7e\u00b7s au sein du labo: <a href=\"https:\/\/icar.cnrs.fr\/comdoc\/avant-la-these\/\">avant<\/a>, <a href=\"https:\/\/icar.cnrs.fr\/comdoc\/pendant-la-these\/\">pendant<\/a> et <a href=\"https:\/\/icar.cnrs.fr\/comdoc\/apres-la-these\/\">apr\u00e8s<\/a> la th\u00e8se<\/li>\n<li>Clarification des diff\u00e9rentes proc\u00e9dures administratives : de la 1\u00e8re <a href=\"https:\/\/icar.cnrs.fr\/comdoc\/pendant-la-these\/inscriptions\/\">inscription<\/a> \u00e0 la <a href=\"https:\/\/icar.cnrs.fr\/comdoc\/soutenance\/\">soutenance<\/a><\/li>\n<li>Organisation d&rsquo;<a href=\"https:\/\/icar.cnrs.fr\/comdoc\/evenements\/\">\u00e9v\u00e9nements scientifiques pour les jeunes chercheur\u00b7e\u00b7s<\/a> : colloques, journ\u00e9es d&rsquo;\u00e9tudes et rencontres doctorales<\/li>\n<li>Diffusion des <a href=\"https:\/\/icar.cnrs.fr\/comdoc\/ressources\/\">informations pertinentes<\/a> pour les doctorant\u00b7e\u00b7s<\/li>\n<\/ul>\n<p><b> NB <\/b> : La Com&rsquo;Doc n&rsquo;a pas de comp\u00e9tences en termes juridique pour conseiller et guider les doctorants dans d&rsquo;\u00e9ventuelles d\u00e9marches juridiques li\u00e9es \u00e0 leur doctorat.<b><\/b><\/p>\n<p><a href=\"https:\/\/icar.cnrs.fr\/comdoc\/ressources\/intranet\/\">Acc\u00e8s \u00e0 l&rsquo;intranet (prot\u00e9g\u00e9 par mot de passe)<\/a><\/p>\n","protected":false},"excerpt":{"rendered":"<p>Cet espace est un lieu d\u2019\u00e9changes et de partage d\u2019informations pour les doctorants du laboratoire ICAR. Il est g\u00e9r\u00e9 par la Commission des Doctorant\u00b7e\u00b7s ICAR (Com&rsquo;Doc) qui regroupe des doctorant\u00b7e\u00b7s et des jeunes docteur\u00b7e\u00b7s issu\u00b7e\u00b7s des diff\u00e9rentes \u00e9quipes du laboratoire. &hellip; <a href=\"https:\/\/icar.cnrs.fr\/comdoc\/\">Continuer la lecture <span class=\"meta-nav\">&rarr;<\/span><\/a><\/p>\n","protected":false},"author":35,"featured_media":1545,"parent":0,"menu_order":0,"comment_status":"closed","ping_status":"closed","template":"onecolumn-page.php","meta":{"inline_featured_image":false,"footnotes":""},"class_list":["post-1087","page","type-page","status-publish","has-post-thumbnail","hentry"],"_links":{"self":[{"href":"https:\/\/icar.cnrs.fr\/comdoc\/wp-json\/wp\/v2\/pages\/1087","targetHints":{"allow":["GET"]}}],"collection":[{"href":"https:\/\/icar.cnrs.fr\/comdoc\/wp-json\/wp\/v2\/pages"}],"about":[{"href":"https:\/\/icar.cnrs.fr\/comdoc\/wp-json\/wp\/v2\/types\/page"}],"author":[{"embeddable":true,"href":"https:\/\/icar.cnrs.fr\/comdoc\/wp-json\/wp\/v2\/users\/35"}],"replies":[{"embeddable":true,"href":"https:\/\/icar.cnrs.fr\/comdoc\/wp-json\/wp\/v2\/comments?post=1087"}],"version-history":[{"count":10,"href":"https:\/\/icar.cnrs.fr\/comdoc\/wp-json\/wp\/v2\/pages\/1087\/revisions"}],"predecessor-version":[{"id":1944,"href":"https:\/\/icar.cnrs.fr\/comdoc\/wp-json\/wp\/v2\/pages\/1087\/revisions\/1944"}],"wp:featuredmedia":[{"embeddable":true,"href":"https:\/\/icar.cnrs.fr\/comdoc\/wp-json\/wp\/v2\/media\/1545"}],"wp:attachment":[{"href":"https:\/\/icar.cnrs.fr\/comdoc\/wp-json\/wp\/v2\/media?parent=1087"}],"curies":[{"name":"wp","href":"https:\/\/api.w.org\/{rel}","templated":true}]}}