{"id":1131,"date":"2020-10-07T15:47:09","date_gmt":"2020-10-07T13:47:09","guid":{"rendered":"http:\/\/icar.cnrs.fr\/comdoc\/?page_id=1131"},"modified":"2021-01-08T15:43:25","modified_gmt":"2021-01-08T14:43:25","slug":"ens","status":"publish","type":"page","link":"https:\/\/icar.cnrs.fr\/comdoc\/pendant-la-these\/inscriptions\/ens\/","title":{"rendered":"ENS de Lyon"},"content":{"rendered":"<h2>D\u00c9MARCHE<\/h2>\n<p><a href=\"https:\/\/icar.cnrs.fr\/comdoc\/pendant-la-these\/d1-ens\/\"> Inscription en premi\u00e8re ann\u00e9e de doctorat <\/a><\/p>\n<p><a href=\"https:\/\/icar.cnrs.fr\/comdoc\/pendant-la-these\/inscriptions\/reinscriptions-ens\/\"> R\u00e9inscription en doctorat <\/a><\/p>\n<hr \/>\n<h2>RAPPEL DES CONTACTS<\/h2>\n<h3>Secr\u00e9tariat ED 3LA<\/h3>\n<p><b>Victoire Murard<\/b><br \/>\n<a href=\"mailto:victoire.murard@univ-lyon2.fr\">victoire.murard@univ-lyon2.fr<\/a><br \/>\n<b>Adresse<\/b> :<br \/>\nUniversit\u00e9 Lumi\u00e8re Lyon 2<br \/>\n86 rue Pasteur<br \/>\n69007 Lyon<br \/>\n<b>T\u00e9l\u00e9phone<\/b> : 04 78 69 70 44<\/p>\n<h3>Secr\u00e9tariat ED EPIC<\/h3>\n<p><b>Eve Toumi<\/b><br \/>\n<a href=\"mailto:eve.toumi@univ-lyon2.fr\">eve.toumi@univ-lyon2.fr<\/a><br \/>\n<b>Adresse<\/b> :<br \/>\nUniversit\u00e9 Lumi\u00e8re Lyon 2<br \/>\n86 rue Pasteur<br \/>\n69365 Lyon cedex 07<br \/>\n<b>T\u00e9l\u00e9phone<\/b> : 04 78 69 73 82<\/p>\n<h3>Secr\u00e9tariat Laboratoire ICAR<\/h3>\n<p><b>Lucie Bujon<\/b><br \/>\n<a href=\"mailto:Lucie.Bujon@ens-lyon.fr\">Lucie.Bujon@ens-lyon.fr<\/a><\/p>\n<p><b>Adresse<\/b> :<br \/>\nENS de Lyon, Site Descartes<br \/>\n15 Parvis Ren\u00e9 Descartes<br \/>\n69007 Lyon<br \/>\n(B\u00e2timent D4 &#8211; Bureaux D4.199a et D4.199b)<br \/>\n<b>T\u00e9l\u00e9phone<\/b> : 04 37 37 66 40\/1<\/p>\n<h3>Bureau du 3e cycle<\/h3>\n<p><a href=\"mailto:etudes-theses-hdr@ens-lyon.fr\">etudes-theses-hdr@ens-lyon.fr<\/a><br \/>\n<b>Adresse<\/b> :<br \/>\nENS de Lyon, Site Descartes<br \/>\n15, parvis Ren\u00e9 Descartes<br \/>\n69342 Lyon<br \/>\n(B\u00e2timent D2, 2e \u00e9tage)<\/p>\n","protected":false},"excerpt":{"rendered":"<p>D\u00c9MARCHE Inscription en premi\u00e8re ann\u00e9e de doctorat R\u00e9inscription en doctorat RAPPEL DES CONTACTS Secr\u00e9tariat ED 3LA Victoire Murard victoire.murard@univ-lyon2.fr Adresse : Universit\u00e9 Lumi\u00e8re Lyon 2 86 rue Pasteur 69007 Lyon T\u00e9l\u00e9phone : 04 78 69 70 44 Secr\u00e9tariat ED EPIC &hellip; <a href=\"https:\/\/icar.cnrs.fr\/comdoc\/pendant-la-these\/inscriptions\/ens\/\">Continuer la lecture <span class=\"meta-nav\">&rarr;<\/span><\/a><\/p>\n","protected":false},"author":35,"featured_media":1522,"parent":17,"menu_order":0,"comment_status":"closed","ping_status":"closed","template":"onecolumn-page.php","meta":{"inline_featured_image":false,"footnotes":""},"class_list":["post-1131","page","type-page","status-publish","has-post-thumbnail","hentry"],"_links":{"self":[{"href":"https:\/\/icar.cnrs.fr\/comdoc\/wp-json\/wp\/v2\/pages\/1131","targetHints":{"allow":["GET"]}}],"collection":[{"href":"https:\/\/icar.cnrs.fr\/comdoc\/wp-json\/wp\/v2\/pages"}],"about":[{"href":"https:\/\/icar.cnrs.fr\/comdoc\/wp-json\/wp\/v2\/types\/page"}],"author":[{"embeddable":true,"href":"https:\/\/icar.cnrs.fr\/comdoc\/wp-json\/wp\/v2\/users\/35"}],"replies":[{"embeddable":true,"href":"https:\/\/icar.cnrs.fr\/comdoc\/wp-json\/wp\/v2\/comments?post=1131"}],"version-history":[{"count":7,"href":"https:\/\/icar.cnrs.fr\/comdoc\/wp-json\/wp\/v2\/pages\/1131\/revisions"}],"predecessor-version":[{"id":1778,"href":"https:\/\/icar.cnrs.fr\/comdoc\/wp-json\/wp\/v2\/pages\/1131\/revisions\/1778"}],"up":[{"embeddable":true,"href":"https:\/\/icar.cnrs.fr\/comdoc\/wp-json\/wp\/v2\/pages\/17"}],"wp:featuredmedia":[{"embeddable":true,"href":"https:\/\/icar.cnrs.fr\/comdoc\/wp-json\/wp\/v2\/media\/1522"}],"wp:attachment":[{"href":"https:\/\/icar.cnrs.fr\/comdoc\/wp-json\/wp\/v2\/media?parent=1131"}],"curies":[{"name":"wp","href":"https:\/\/api.w.org\/{rel}","templated":true}]}}