{"id":1133,"date":"2020-10-07T15:48:03","date_gmt":"2020-10-07T13:48:03","guid":{"rendered":"http:\/\/icar.cnrs.fr\/comdoc\/?page_id=1133"},"modified":"2025-04-07T16:03:37","modified_gmt":"2025-04-07T14:03:37","slug":"lyon-2","status":"publish","type":"page","link":"https:\/\/icar.cnrs.fr\/comdoc\/pendant-la-these\/inscriptions\/lyon-2\/","title":{"rendered":"Universit\u00e9 Lumi\u00e8re Lyon 2"},"content":{"rendered":"<h2>D\u00c9MARCHE<\/h2>\n<p><a href=\"https:\/\/icar.cnrs.fr\/comdoc\/pendant-la-these\/inscriptions\/d1-lyon2\"> Inscription en premi\u00e8re ann\u00e9e de doctorat <\/a><\/p>\n<p><a href=\"https:\/\/icar.cnrs.fr\/comdoc\/inscriptions\/reinscriptions-lyon2\/\"> R\u00e9inscription en doctorat <\/a><\/p>\n<hr \/>\n<h2>RAPPEL DES CONTACTS<\/h2>\n<h3>Secr\u00e9tariat ED 3LA<\/h3>\n<p><b>Eva Modolo<br \/>\n<\/b><a href=\"mailto:eva.modolo@univ-lyon2.fr\">eva.modolo@univ-lyon2.fr<\/a><br \/>\n<b>Adresse<\/b> :<br \/>\nUniversit\u00e9 Lumi\u00e8re Lyon 2<br \/>\n86 rue Pasteur<br \/>\n69007 Lyon<br \/>\n<b>T\u00e9l\u00e9phone<\/b> : 04 78 69 70 44<\/p>\n<h3>Secr\u00e9tariat ED EPIC<\/h3>\n<p><b>Eve Toumi<\/b><br \/>\n<a href=\"mailto:eve.toumi@univ-lyon2.fr\">eve.toumi@univ-lyon2.fr<\/a><br \/>\n<b>Adresse<\/b> :<br \/>\nUniversit\u00e9 Lumi\u00e8re Lyon 2<br \/>\n86 rue Pasteur<br \/>\n69365 Lyon cedex 07<br \/>\n<b>T\u00e9l\u00e9phone<\/b> : 04 78 69 73 82<\/p>\n<h3>Secr\u00e9tariat Laboratoire ICAR<\/h3>\n<ul>\n<li><b>Lucie Bujon<\/b><br \/>\n<a href=\"mailto:Lucie.Bujon@ens-lyon.fr\">Lucie.Bujon@ens-lyon.fr<\/a><\/li>\n<li><b>Jacqueline Hilta<\/b><br \/>\n<a href=\"mailto:jacqueline.hilta@ens-lyon.fr\">jacqueline.hilta@ens-lyon.fr<\/a><\/li>\n<\/ul>\n<p><b>Adresse<\/b> :<br \/>\nENS de Lyon, Site Descartes<br \/>\n15 Parvis Ren\u00e9 Descartes<br \/>\n69007 Lyon<br \/>\n(B\u00e2timent D4 &#8211; Bureaux D4.199a et D4.199b)<br \/>\n<b>T\u00e9l\u00e9phone<\/b> : 04 37 37 66 40\/1<\/p>\n<h3>D\u00e9partement Sciences du Langage<\/h3>\n<p><b> Florence Cellier <\/b><br \/>\n<a href=\"mailto:florence.cellier@univ-lyon2.fr\">florence.cellier@univ-lyon2.fr<\/a><br \/>\n<b>Adresse<\/b> :<br \/>\nUniversit\u00e9 Lumi\u00e8re Lyon 2, Porte des Alpes<br \/>\n5 Avenue Pierre Mend\u00e8s France<br \/>\n69676 Bron<br \/>\n(B\u00e2timent B &#8211; Bureau 108)<br \/>\nT\u00e9l : 04 78 77 26 20<\/p>\n<h3>Institut des Sciences et Pratiques d&rsquo;Education et de Formation (ISPEF)<\/h3>\n","protected":false},"excerpt":{"rendered":"<p>D\u00c9MARCHE Inscription en premi\u00e8re ann\u00e9e de doctorat R\u00e9inscription en doctorat RAPPEL DES CONTACTS Secr\u00e9tariat ED 3LA Eva Modolo eva.modolo@univ-lyon2.fr Adresse : Universit\u00e9 Lumi\u00e8re Lyon 2 86 rue Pasteur 69007 Lyon T\u00e9l\u00e9phone : 04 78 69 70 44 Secr\u00e9tariat ED EPIC &hellip; <a href=\"https:\/\/icar.cnrs.fr\/comdoc\/pendant-la-these\/inscriptions\/lyon-2\/\">Continuer la lecture <span class=\"meta-nav\">&rarr;<\/span><\/a><\/p>\n","protected":false},"author":35,"featured_media":1522,"parent":17,"menu_order":0,"comment_status":"closed","ping_status":"closed","template":"onecolumn-page.php","meta":{"inline_featured_image":false,"footnotes":""},"class_list":["post-1133","page","type-page","status-publish","has-post-thumbnail","hentry"],"_links":{"self":[{"href":"https:\/\/icar.cnrs.fr\/comdoc\/wp-json\/wp\/v2\/pages\/1133","targetHints":{"allow":["GET"]}}],"collection":[{"href":"https:\/\/icar.cnrs.fr\/comdoc\/wp-json\/wp\/v2\/pages"}],"about":[{"href":"https:\/\/icar.cnrs.fr\/comdoc\/wp-json\/wp\/v2\/types\/page"}],"author":[{"embeddable":true,"href":"https:\/\/icar.cnrs.fr\/comdoc\/wp-json\/wp\/v2\/users\/35"}],"replies":[{"embeddable":true,"href":"https:\/\/icar.cnrs.fr\/comdoc\/wp-json\/wp\/v2\/comments?post=1133"}],"version-history":[{"count":8,"href":"https:\/\/icar.cnrs.fr\/comdoc\/wp-json\/wp\/v2\/pages\/1133\/revisions"}],"predecessor-version":[{"id":1943,"href":"https:\/\/icar.cnrs.fr\/comdoc\/wp-json\/wp\/v2\/pages\/1133\/revisions\/1943"}],"up":[{"embeddable":true,"href":"https:\/\/icar.cnrs.fr\/comdoc\/wp-json\/wp\/v2\/pages\/17"}],"wp:featuredmedia":[{"embeddable":true,"href":"https:\/\/icar.cnrs.fr\/comdoc\/wp-json\/wp\/v2\/media\/1522"}],"wp:attachment":[{"href":"https:\/\/icar.cnrs.fr\/comdoc\/wp-json\/wp\/v2\/media?parent=1133"}],"curies":[{"name":"wp","href":"https:\/\/api.w.org\/{rel}","templated":true}]}}