{"id":1158,"date":"2020-10-08T09:39:31","date_gmt":"2020-10-08T07:39:31","guid":{"rendered":"http:\/\/icar.cnrs.fr\/comdoc\/?page_id=1158"},"modified":"2025-04-17T17:17:14","modified_gmt":"2025-04-17T15:17:14","slug":"icodoc","status":"publish","type":"page","link":"https:\/\/icar.cnrs.fr\/comdoc\/evenements\/icodoc\/","title":{"rendered":"ICODOC"},"content":{"rendered":"<p>Depuis 2015, la Com&rsquo;Doc organise un colloque international de jeunes chercheurs tous les deux ans, le colloque ICODOC.<\/p>\n<p>Vous trouverez toutes les informations relatives au colloque en cours et aux colloques pass\u00e9s <a href=\"https:\/\/icodoc.sciencesconf.org\/\"><b>sur la page officielle du colloque<\/b><\/a>.<\/p>\n<p>A l&rsquo;issue du colloque, deux ou trois membres volontaires de la Com&rsquo;Doc proc\u00e8dent \u00e0 l&rsquo;\u00e9dition des actes du colloque :<\/p>\n<ul>\n<li><b><a href=\"https:\/\/www.shs-conferences.org\/articles\/shsconf\/abs\/2015\/07\/contents\/contents.html\">Les actes ICODOC 2015<\/a><\/b> par Isabel Col\u00f3n de Carvajal et Jean Philippe Maitre en 2015, \u00ab ICODOC 2015 : Colloque Jeunes Chercheurs du Laboratoire ICAR \u00bb.<\/li>\n<li><b><a href=\"https:\/\/www.shs-conferences.org\/articles\/shsconf\/abs\/2018\/13\/contents\/contents.html\">Les actes ICODOC 2017<\/a><\/b> par Julien Thiburce et Biagio Ursi en 2017, \u00ab ICODOC 2017 : Les ressources mobilis\u00e9es en interaction \u00bb.<\/li>\n<li><a href=\"https:\/\/www.shs-conferences.org\/articles\/shsconf\/abs\/2020\/09\/contents\/contents.html\"><b>Les actes ICODOC 2019<\/b><\/a> par Luisa Acosta et Vanessa Piccoli en 2019, \u00ab ICODOC 2019 : \u00c9motion, empathie, affectivit\u00e9. Les sujets et leur subjectivit\u00e9 \u00e0 travers les pratiques langagi\u00e8res et \u00e9ducatives \u00bb.<\/li>\n<li><a href=\"https:\/\/www.shs-conferences.org\/articles\/shsconf\/abs\/2022\/16\/contents\/contents.html\"><b>Les actes ICODOC 20<\/b><b>21<\/b><\/a> par Moa Hagafors, Lydia Heiden et Louise Tarrade en 2021, \u00ab Le savoir au prisme du langage. Acquisition, transmission, manifestations \u00bb (2022).<\/li>\n<li>Les actes ICODOC 2024 \u00e0 venir par Luisa Acosta, Santiago Guill\u00e9n et \u00c9lodie Murier \u00abLe pouvoir des mots : le lanage comme reflet et vecteur du pouvoir\u00bb<\/li>\n<\/ul>\n","protected":false},"excerpt":{"rendered":"<p>Depuis 2015, la Com&rsquo;Doc organise un colloque international de jeunes chercheurs tous les deux ans, le colloque ICODOC. Vous trouverez toutes les informations relatives au colloque en cours et aux colloques pass\u00e9s sur la page officielle du colloque. A l&rsquo;issue &hellip; <a href=\"https:\/\/icar.cnrs.fr\/comdoc\/evenements\/icodoc\/\">Continuer la lecture <span class=\"meta-nav\">&rarr;<\/span><\/a><\/p>\n","protected":false},"author":35,"featured_media":1520,"parent":1171,"menu_order":0,"comment_status":"closed","ping_status":"closed","template":"onecolumn-page.php","meta":{"inline_featured_image":false,"footnotes":""},"class_list":["post-1158","page","type-page","status-publish","has-post-thumbnail","hentry"],"_links":{"self":[{"href":"https:\/\/icar.cnrs.fr\/comdoc\/wp-json\/wp\/v2\/pages\/1158","targetHints":{"allow":["GET"]}}],"collection":[{"href":"https:\/\/icar.cnrs.fr\/comdoc\/wp-json\/wp\/v2\/pages"}],"about":[{"href":"https:\/\/icar.cnrs.fr\/comdoc\/wp-json\/wp\/v2\/types\/page"}],"author":[{"embeddable":true,"href":"https:\/\/icar.cnrs.fr\/comdoc\/wp-json\/wp\/v2\/users\/35"}],"replies":[{"embeddable":true,"href":"https:\/\/icar.cnrs.fr\/comdoc\/wp-json\/wp\/v2\/comments?post=1158"}],"version-history":[{"count":11,"href":"https:\/\/icar.cnrs.fr\/comdoc\/wp-json\/wp\/v2\/pages\/1158\/revisions"}],"predecessor-version":[{"id":1974,"href":"https:\/\/icar.cnrs.fr\/comdoc\/wp-json\/wp\/v2\/pages\/1158\/revisions\/1974"}],"up":[{"embeddable":true,"href":"https:\/\/icar.cnrs.fr\/comdoc\/wp-json\/wp\/v2\/pages\/1171"}],"wp:featuredmedia":[{"embeddable":true,"href":"https:\/\/icar.cnrs.fr\/comdoc\/wp-json\/wp\/v2\/media\/1520"}],"wp:attachment":[{"href":"https:\/\/icar.cnrs.fr\/comdoc\/wp-json\/wp\/v2\/media?parent=1158"}],"curies":[{"name":"wp","href":"https:\/\/api.w.org\/{rel}","templated":true}]}}