{"id":1168,"date":"2020-10-08T10:16:04","date_gmt":"2020-10-08T08:16:04","guid":{"rendered":"http:\/\/icar.cnrs.fr\/comdoc\/?page_id=1168"},"modified":"2025-04-17T17:19:04","modified_gmt":"2025-04-17T15:19:04","slug":"interexicar","status":"publish","type":"page","link":"https:\/\/icar.cnrs.fr\/comdoc\/evenements\/interexicar\/","title":{"rendered":"Inter&rsquo;Ex&rsquo;Icar"},"content":{"rendered":"<p>La Com&rsquo;Doc organise r\u00e9guli\u00e8rement des journ\u00e9es doctorales, prenant la forme de journ\u00e9es d&rsquo;\u00e9tudes lors desquelles les doctorant\u00b7e\u00b7s du laboratoire ICAR pr\u00e9sentent leurs travaux dans un climat de bienveillance.<\/p>\n<p>Depuis l&rsquo;\u00e9dition 2018, nous invitons d&rsquo;ancien\u00b7ne\u00b7s doctorant\u00b7e\u00b7s du laboratoire afin de pr\u00e9senter la suite de leur parcours, apr\u00e8s la th\u00e8se.<\/p>\n<p>Les programmes des journ\u00e9es pr\u00e9c\u00e9dentes se trouvent ici :<br \/>\n&#8211; <a href=\"https:\/\/icar.cnrs.fr\/comdoc\/files\/2021\/05\/INTER-EX-ICAR_programme.pdf\">2021<\/a><br \/>\n&#8211; <a href=\"https:\/\/icar.cnrs.fr\/comdoc\/files\/2022\/05\/ProgrammeInterEx_2022.pdf\">2022<\/a><br \/>\n&#8211; <a href=\"https:\/\/icar.cnrs.fr\/comdoc\/files\/2023\/05\/ProgrammeInterEx_2023.pdf\" target=\"_blank\" rel=\"noopener\">2023<\/a><br \/>\n&#8211; <a href=\"https:\/\/icar.cnrs.fr\/journee-doctorale-interexicar-2024-17-06-2024\/\" target=\"_blank\" rel=\"noopener\">2024<\/a><\/p>\n<p><span class=\"rouge\">ACTUALIT\u00c9S<\/span> : <b>La prochaine journ\u00e9e doctorale Inter&rsquo;Ex&rsquo;Icar aura lieu en mai \/ juin 2024.<br \/>\n<\/b><\/p>\n","protected":false},"excerpt":{"rendered":"<p>La Com&rsquo;Doc organise r\u00e9guli\u00e8rement des journ\u00e9es doctorales, prenant la forme de journ\u00e9es d&rsquo;\u00e9tudes lors desquelles les doctorant\u00b7e\u00b7s du laboratoire ICAR pr\u00e9sentent leurs travaux dans un climat de bienveillance. Depuis l&rsquo;\u00e9dition 2018, nous invitons d&rsquo;ancien\u00b7ne\u00b7s doctorant\u00b7e\u00b7s du laboratoire afin de pr\u00e9senter &hellip; <a href=\"https:\/\/icar.cnrs.fr\/comdoc\/evenements\/interexicar\/\">Continuer la lecture <span class=\"meta-nav\">&rarr;<\/span><\/a><\/p>\n","protected":false},"author":35,"featured_media":1520,"parent":1171,"menu_order":0,"comment_status":"closed","ping_status":"closed","template":"onecolumn-page.php","meta":{"inline_featured_image":false,"footnotes":""},"class_list":["post-1168","page","type-page","status-publish","has-post-thumbnail","hentry"],"_links":{"self":[{"href":"https:\/\/icar.cnrs.fr\/comdoc\/wp-json\/wp\/v2\/pages\/1168","targetHints":{"allow":["GET"]}}],"collection":[{"href":"https:\/\/icar.cnrs.fr\/comdoc\/wp-json\/wp\/v2\/pages"}],"about":[{"href":"https:\/\/icar.cnrs.fr\/comdoc\/wp-json\/wp\/v2\/types\/page"}],"author":[{"embeddable":true,"href":"https:\/\/icar.cnrs.fr\/comdoc\/wp-json\/wp\/v2\/users\/35"}],"replies":[{"embeddable":true,"href":"https:\/\/icar.cnrs.fr\/comdoc\/wp-json\/wp\/v2\/comments?post=1168"}],"version-history":[{"count":9,"href":"https:\/\/icar.cnrs.fr\/comdoc\/wp-json\/wp\/v2\/pages\/1168\/revisions"}],"predecessor-version":[{"id":1975,"href":"https:\/\/icar.cnrs.fr\/comdoc\/wp-json\/wp\/v2\/pages\/1168\/revisions\/1975"}],"up":[{"embeddable":true,"href":"https:\/\/icar.cnrs.fr\/comdoc\/wp-json\/wp\/v2\/pages\/1171"}],"wp:featuredmedia":[{"embeddable":true,"href":"https:\/\/icar.cnrs.fr\/comdoc\/wp-json\/wp\/v2\/media\/1520"}],"wp:attachment":[{"href":"https:\/\/icar.cnrs.fr\/comdoc\/wp-json\/wp\/v2\/media?parent=1168"}],"curies":[{"name":"wp","href":"https:\/\/api.w.org\/{rel}","templated":true}]}}