{"id":14,"date":"2013-08-02T11:59:40","date_gmt":"2013-08-02T10:59:40","guid":{"rendered":"http:\/\/liri.ish-lyon.cnrs.fr\/comdoc\/?page_id=14"},"modified":"2020-10-29T11:30:06","modified_gmt":"2020-10-29T10:30:06","slug":"formations","status":"publish","type":"page","link":"https:\/\/icar.cnrs.fr\/comdoc\/pendant-la-these\/formations\/","title":{"rendered":"Formations"},"content":{"rendered":"<p>Au moment de leur soutenance, les doctorant\u00b7e\u00b7s doivent avoir suivi un programme de formation \u00e9quivalent \u00e0 140 heures sur l&rsquo;ensemble du cursus. Ces heures de formation sont r\u00e9parties entre deux volets de formation :<\/p>\n<ul>\n<li><b>Formation disciplinaire<\/b><\/li>\n<li><b>Formation transversale<\/b><\/li>\n<\/ul>\n<p>Les ED vous demanderont de <b>justifier le nombre d&rsquo;heures<\/b> correspondant \u00e0 ces deux types de formation. Il est donc vivement conseill\u00e9 de tenir \u00e0 jour toutes vos activit\u00e9s, tout au long de la th\u00e8se, ainsi que de garder pr\u00e9cieusement les attestations de participation (n&rsquo;h\u00e9sitez pas \u00e0 solliciter les comit\u00e9s d&rsquo;organisation des conf\u00e9rences pour vous les fournir).<\/p>\n<p>Vous trouverez ci-dessous tout ce qu&rsquo;il faut savoir \u00e0 ce sujet.<\/p>\n<hr \/>\n<h2> FORMATION DISCIPLINAIRE <\/h2>\n<p>Il s&rsquo;agit de la formation qui concerne votre sp\u00e9cialisation acad\u00e9mique. Autrement dit, le fait de suivre des s\u00e9minaires et des conf\u00e9rences, de participer et de pr\u00e9senter vos travaux \u00e0 des \u00e9v\u00e9nements scientifiques, et de contribuer \u00e0 l&rsquo;activit\u00e9 de recherche dans votre discipline.<\/p>\n<h3>Obligation<\/h3>\n<p>Minimum d\u2019heures requis sur l\u2019ensemble du doctorat\u00a0: \u00e9quivalent de <b>80h sur l&rsquo;ensemble du cursus<\/b>.<\/p>\n<ul>\n<li>Au moins une s\u00e9ance de travail par an avec le directeur de th\u00e8se (suivi individualis\u00e9). <FONT class=\"rouge\"> NB <\/FONT> : rendez-vous \u00e0 fixer \u00e0 votre initiative !<\/li>\n<li>La participation \u00e0 des s\u00e9minaires, conf\u00e9rences, journ\u00e9es d\u2019\u00e9tude et colloques organis\u00e9s par les unit\u00e9s de recherche auxquelles vous \u00eates affili\u00e9\u00b7e.<\/li>\n<\/ul>\n<p>Pour rendre compte de ces heures \u00e0 votre \u00e9cole doctorale, voici les d\u00e9marches \u00e0 suivre :<\/p>\n<ul>\n<li><b>Pour les doctorant\u00b7e\u00b7s 3LA<\/b> :<br \/>\nLe nombre total des heures de formation devront \u00eatre renseign\u00e9s dans la fiche-bilan annuelle (<a href=\"http:\/\/3la.univ-lyon2.fr\/spip.php?article87\"><b>t\u00e9l\u00e9charger ici<\/b><\/a>). Pour rappel, cette fiche doit \u00eatre remplie et sign\u00e9e par le directeur ou la directrice de recherche \u00e0 chaque r\u00e9inscription, et d\u00e9pos\u00e9e sur SIGED (<a href=\"https:\/\/icar.cnrs.fr\/comdoc\/pendant-la-these\/inscriptions\/\">voir la page d\u00e9di\u00e9e aux inscriptions en doctorat<\/a>).<\/li>\n<\/p>\n<li><b>Pour les doctorant\u00b7e\u00b7s EPIC<\/b> :<br \/>\nIl est conseill\u00e9 de tenir \u00e0 jour la liste des s\u00e9minaires, conf\u00e9rences, etc. suivis pendant le doctorat en indiquant date, lieu, intitul\u00e9, dur\u00e9e de chacun de ces \u00e9v\u00e8nements. En l\u2019absence d\u2019attestation de pr\u00e9sence d\u00e9livr\u00e9e par l\u2019organisateur, une signature finale de cette liste par votre directeur est fortement conseill\u00e9e. Ces documents pourront vous \u00eatre demand\u00e9 par l&rsquo;ED en vue de votre soutenance. <\/li>\n<\/ul>\n<h3>Dispense (totale ou partielle)<\/h3>\n<p>Dans certains cas de figure, il est possible d&rsquo;\u00eatre dispens\u00e9\u00b7e des formations disciplinaires. L&rsquo;ED doit absolument \u00eatre tenue au courant de cette d\u00e9marche.<\/p>\n<ul>\n<li><b>Pour les doctorant\u00b7e\u00b7s 3LA<\/b> :<br \/>\nLes d\u00e9rogations \u00e9ventuelles (activit\u00e9 professionnelle stable, s\u00e9jour \u00e0 l\u2019\u00e9tranger&#8230;) sont accord\u00e9es par la directrice ou le directeur de th\u00e8se, et doivent \u00eatre report\u00e9es sur la fiche bilan annuelle.<\/li>\n<\/p>\n<li><b>Pour les doctorant\u00b7e\u00b7s EPIC<\/b> :<br \/>\nPrendre contact avec le secr\u00e9tariat de l&rsquo;\u00e9cole doctorale : <b>Eve Toumi<\/b> (<a href=\"mailto:eve.toumi@univ-lyon2.fr\">eve.toumi@univ-lyon2.fr<\/a>)<\/li>\n<\/ul>\n<hr \/>\n<h2>FORMATION TRANSVERSALE<\/h2>\n<p>Les formations transversales sont les formations organis\u00e9es par les ED, l&rsquo;Universit\u00e9 de Lyon, ou encore le Coll\u00e8ge Doctoral, et qui rel\u00e8vent de l&rsquo;accompagnement de la th\u00e8se. Voici les liens vers les pages des ED et de l&rsquo;Universit\u00e9 d\u00e9di\u00e9es \u00e0 ce sujet :<\/p>\n<ul>\n<li><b><a href=\"http:\/\/3la.univ-lyon2.fr\/spip.php?rubrique2\">Formations 3LA<\/a><\/b><\/li>\n<li><b><a href=\"https:\/\/edepic.universite-lyon.fr\/ed-485-epic\/version-francaise\/navigation\/parcours-doctoral\/formations-transversales\/\">Formations EPIC<\/a><\/b><\/li>\n<li><b><a href=\"https:\/\/www.universite-lyon.fr\/formation\/formation-doctorale\/#\">Formations Universit\u00e9 de Lyon<\/a><\/b><\/li>\n<\/ul>\n<p><FONT class=\"rouge\"> IMPORTANT <\/FONT>: \u00c0 l\u2019issue de chaque formation, les organisateurs devront vous remettre une <b>attestation de pr\u00e9sence<\/b>. Cette attestation devra \u00eatre <b>d\u00e9pos\u00e9e sur SIGED<\/b> : il est donc important de la conserver pr\u00e9cieusement. N&rsquo;h\u00e9sitez pas \u00e0 r\u00e9clamer l&rsquo;attestation si elle ne vous a pas \u00e9t\u00e9 fournie.<\/p>\n<p>Il est g\u00e9n\u00e9ralement conseill\u00e9 de concentrer ces formations sur les deux premi\u00e8res ann\u00e9es de th\u00e8se, afin d&rsquo;aborder la troisi\u00e8me ann\u00e9e (g\u00e9n\u00e9ralement celle de la r\u00e9daction) plus sereinement.<\/p>\n<h3>Obligation<\/h3>\n<p>Minimum d\u2019heures requis sur l\u2019ensemble du doctorat\u00a0: \u00e9quivalent de <b>60h sur l&rsquo;ensemble du cursus<\/b>.<\/p>\n<p><FONT class=\"rouge\">Particularit\u00e9 3LA<\/FONT> : <\/p>\n<ul>\n<li><b>Formation obligatoire<\/b> : Formation \u00e0 l\u2019\u00e9thique de la recherche et \u00e0 l\u2019int\u00e9grit\u00e9 scientifique (formation rendue obligatoire par l\u2019arr\u00eat\u00e9 du 25 mai 2016, art. 3). Cette formation est organis\u00e9e par l&rsquo;Universit\u00e9 de Lyon. <b><a href=\"http:\/\/3la.univ-lyon2.fr\/spip.php?article113\">Voir sur la page de l&rsquo;ED 3LA pour toutes les informations<\/a><\/b>.<\/li>\n<li>Le reste des formations prennent la forme de stages ou modules, repr\u00e9sentant 42h de formation sur l\u2019ensemble du cursus. <b><a href=\"http:\/\/3la.univ-lyon2.fr\/spip.php?article107\">Consultez la page de l&rsquo;ED d\u00e9di\u00e9e \u00e0 ce sujet<\/a><\/b>.<\/li>\n<\/ul>\n<h3>Dispense (totale ou partielle)<\/h3>\n<p>Dans certains cas de figure, il est possible d&rsquo;\u00eatre dispens\u00e9\u00b7e des formations disciplinaires.<\/p>\n<ul>\n<li><b>Pour les doctorant\u00b7e\u00b7s 3LA<\/b> :<br \/>\nLes demandes doivent \u00eatre adress\u00e9es, avec les pi\u00e8ces justificatives, \u00e0 la direction de l&rsquo;ED 3LA (Philippe Meunier, <a href=\"mailto:p.meunier@univ-lyon2.fr\">p.meunier@univ-lyon2.fr<\/a> ou par voie postale \u00e0 l&rsquo;adresse suivante : \u00c9cole doctorale 3LA, Universit\u00e9 Lyon 2, 86, rue Pasteur, 69007 Lyon). Les dispenses peuvent \u00eatre de diff\u00e9rentes natures :<\/p>\n<ul>\n<li><b>Dispense totale<\/b> en cas d&rsquo;exercice d\u2019une activit\u00e9 professionnelle \u00e0 plein temps en marge de la th\u00e8se. Cette dispense concerne en particulier les titulaires d\u2019une bourse CIFRE<\/li>\n<li><b>Dispense partielle<\/b> (1 module de 21h) en cas d&rsquo;exercice d\u2019une activit\u00e9 professionnelle \u00e0 mi-temps en marge de la th\u00e8se. Cette dispense en particulier les doctorant\u00b7e\u00b7s en cotutelle. <\/li>\n<li><b>Les autres situations d\u00e9rogatoires<\/b> (grand \u00e9loignement de la r\u00e9sidence, cong\u00e9 de maladie, cong\u00e9 de maternit\u00e9, s\u00e9jour d\u2019\u00e9tude \u00e0 l\u2019\u00e9tranger, etc.) et les demandes particuli\u00e8res sont trait\u00e9es individuellement.<\/li>\n<\/li>\n<\/ul>\n<\/p>\n<li><b>Pour les doctorant\u00b7e\u00b7s EPIC<\/b> :<br \/>\nPrendre contact avec le secr\u00e9tariat de l&rsquo;\u00e9cole doctorale : <b>Eve Toumi<\/b> (<a href=\"mailto:eve.toumi@univ-lyon2.fr\">eve.toumi@univ-lyon2.fr<\/a>)<\/li>\n<\/ul>\n<p><FONT class=\"rouge\">ATTENTION<\/FONT> : Ces dispenses sont rares et compliqu\u00e9es \u00e0 obtenir. Surtout, ne pas en faire la demande juste avant votre soutenance. Pr\u00e9voyez bien le temps pour les d\u00e9marches n\u00e9cessaires.<\/p>\n<p><FONT class=\"rouge\">NB<\/FONT> : Les dispenses de formations d\u2019accompagnement sont \u00e0 d\u00e9poser dans l\u2019onglet <i>formation<\/i> sur SIGED.<\/p>\n","protected":false},"excerpt":{"rendered":"<p>Au moment de leur soutenance, les doctorant\u00b7e\u00b7s doivent avoir suivi un programme de formation \u00e9quivalent \u00e0 140 heures sur l&rsquo;ensemble du cursus. Ces heures de formation sont r\u00e9parties entre deux volets de formation : Formation disciplinaire Formation transversale Les ED &hellip; <a href=\"https:\/\/icar.cnrs.fr\/comdoc\/pendant-la-these\/formations\/\">Continuer la lecture <span class=\"meta-nav\">&rarr;<\/span><\/a><\/p>\n","protected":false},"author":21,"featured_media":1522,"parent":1401,"menu_order":3,"comment_status":"closed","ping_status":"closed","template":"onecolumn-page.php","meta":{"inline_featured_image":false,"footnotes":""},"class_list":["post-14","page","type-page","status-publish","has-post-thumbnail","hentry"],"_links":{"self":[{"href":"https:\/\/icar.cnrs.fr\/comdoc\/wp-json\/wp\/v2\/pages\/14","targetHints":{"allow":["GET"]}}],"collection":[{"href":"https:\/\/icar.cnrs.fr\/comdoc\/wp-json\/wp\/v2\/pages"}],"about":[{"href":"https:\/\/icar.cnrs.fr\/comdoc\/wp-json\/wp\/v2\/types\/page"}],"author":[{"embeddable":true,"href":"https:\/\/icar.cnrs.fr\/comdoc\/wp-json\/wp\/v2\/users\/21"}],"replies":[{"embeddable":true,"href":"https:\/\/icar.cnrs.fr\/comdoc\/wp-json\/wp\/v2\/comments?post=14"}],"version-history":[{"count":9,"href":"https:\/\/icar.cnrs.fr\/comdoc\/wp-json\/wp\/v2\/pages\/14\/revisions"}],"predecessor-version":[{"id":1648,"href":"https:\/\/icar.cnrs.fr\/comdoc\/wp-json\/wp\/v2\/pages\/14\/revisions\/1648"}],"up":[{"embeddable":true,"href":"https:\/\/icar.cnrs.fr\/comdoc\/wp-json\/wp\/v2\/pages\/1401"}],"wp:featuredmedia":[{"embeddable":true,"href":"https:\/\/icar.cnrs.fr\/comdoc\/wp-json\/wp\/v2\/media\/1522"}],"wp:attachment":[{"href":"https:\/\/icar.cnrs.fr\/comdoc\/wp-json\/wp\/v2\/media?parent=14"}],"curies":[{"name":"wp","href":"https:\/\/api.w.org\/{rel}","templated":true}]}}