{"id":1400,"date":"2020-10-26T16:56:15","date_gmt":"2020-10-26T15:56:15","guid":{"rendered":"http:\/\/icar.cnrs.fr\/comdoc\/?page_id=1400"},"modified":"2025-04-14T16:23:29","modified_gmt":"2025-04-14T14:23:29","slug":"avant-la-these","status":"publish","type":"page","link":"https:\/\/icar.cnrs.fr\/comdoc\/avant-la-these\/","title":{"rendered":"Avant la th\u00e8se"},"content":{"rendered":"<p>Vous \u00eates en Master et vous avez envie de continuer en Doctorat, mais vous ne savez pas comment vous y prendre ? Voici quelques \u00e9l\u00e9ments \u00e0 prendre en consid\u00e9ration, afin d&rsquo;aborder votre Doctorat sereinement :<\/p>\n<ul>\n<li>un\u00b7e doctorant\u00b7e peut b\u00e9n\u00e9ficier d&rsquo;un financement pour mener \u00e0 bien son projet de th\u00e8se : autrement dit, vous allez pouvoir \u00eatre r\u00e9mun\u00e9r\u00e9\u00b7e pour votre activit\u00e9 de recherche doctorale<br \/>\n<b><a href=\"https:\/\/icar.cnrs.fr\/comdoc\/avant-la-these\/bourses-et-contrats\/\">en savoir plus sur les bourses et contrats doctoraux possibles<\/a>\u00a0<\/b><\/li>\n<\/ul>\n<ul>\n<li>un\u00b7e doctorant\u00b7e peut s&rsquo;inscrire en Doctorat sans financement de sa recherche : cela implique que tout au long de la th\u00e8se une autre source de revenus sera n\u00e9cessaire<br \/>\n<b><a href=\"https:\/\/icar.cnrs.fr\/comdoc\/avant-la-these\/autres-financements\/\">en savoir plus sur les autres solutions de financement<\/a><\/b><\/li>\n<\/ul>\n<p>N&rsquo;h\u00e9sitez pas \u00e0 solliciter votre directrice ou directeur de th\u00e8se pressenti\u00b7e pour en savoir plus sur les diff\u00e9rentes options qui s&rsquo;offrent \u00e0 vous !<\/p>\n<p>Vous pouvez aussi aller consulter des informations relatives au <strong>financement<\/strong> sur :<\/p>\n<p>&#8211; l<a href=\"https:\/\/www.univ-lyon2.fr\/recherche\/doctorat\/financer-sa-these-1\">a page d\u00e9di\u00e9e au financement des th\u00e8ses le site internet de l&rsquo;Universit\u00e9 Lumi\u00e8re Lyon 2<\/a><\/p>\n<p>&#8211; l<a href=\"https:\/\/3la.univ-lyon2.fr\/spip.php?rubrique9\">a page d\u00e9di\u00e9e au financement des th\u00e8ses le site internet de l&rsquo;ED 3LA<\/a><\/p>\n","protected":false},"excerpt":{"rendered":"<p>Vous \u00eates en Master et vous avez envie de continuer en Doctorat, mais vous ne savez pas comment vous y prendre ? Voici quelques \u00e9l\u00e9ments \u00e0 prendre en consid\u00e9ration, afin d&rsquo;aborder votre Doctorat sereinement : un\u00b7e doctorant\u00b7e peut b\u00e9n\u00e9ficier d&rsquo;un &hellip; <a href=\"https:\/\/icar.cnrs.fr\/comdoc\/avant-la-these\/\">Continuer la lecture <span class=\"meta-nav\">&rarr;<\/span><\/a><\/p>\n","protected":false},"author":2,"featured_media":1518,"parent":0,"menu_order":0,"comment_status":"closed","ping_status":"closed","template":"onecolumn-page.php","meta":{"inline_featured_image":false,"footnotes":""},"class_list":["post-1400","page","type-page","status-publish","has-post-thumbnail","hentry"],"_links":{"self":[{"href":"https:\/\/icar.cnrs.fr\/comdoc\/wp-json\/wp\/v2\/pages\/1400","targetHints":{"allow":["GET"]}}],"collection":[{"href":"https:\/\/icar.cnrs.fr\/comdoc\/wp-json\/wp\/v2\/pages"}],"about":[{"href":"https:\/\/icar.cnrs.fr\/comdoc\/wp-json\/wp\/v2\/types\/page"}],"author":[{"embeddable":true,"href":"https:\/\/icar.cnrs.fr\/comdoc\/wp-json\/wp\/v2\/users\/2"}],"replies":[{"embeddable":true,"href":"https:\/\/icar.cnrs.fr\/comdoc\/wp-json\/wp\/v2\/comments?post=1400"}],"version-history":[{"count":9,"href":"https:\/\/icar.cnrs.fr\/comdoc\/wp-json\/wp\/v2\/pages\/1400\/revisions"}],"predecessor-version":[{"id":1955,"href":"https:\/\/icar.cnrs.fr\/comdoc\/wp-json\/wp\/v2\/pages\/1400\/revisions\/1955"}],"wp:featuredmedia":[{"embeddable":true,"href":"https:\/\/icar.cnrs.fr\/comdoc\/wp-json\/wp\/v2\/media\/1518"}],"wp:attachment":[{"href":"https:\/\/icar.cnrs.fr\/comdoc\/wp-json\/wp\/v2\/media?parent=1400"}],"curies":[{"name":"wp","href":"https:\/\/api.w.org\/{rel}","templated":true}]}}