{"id":1401,"date":"2020-10-26T16:56:15","date_gmt":"2020-10-26T15:56:15","guid":{"rendered":"http:\/\/icar.cnrs.fr\/comdoc\/?page_id=1401"},"modified":"2020-10-29T16:36:20","modified_gmt":"2020-10-29T15:36:20","slug":"pendant-la-these","status":"publish","type":"page","link":"https:\/\/icar.cnrs.fr\/comdoc\/pendant-la-these\/","title":{"rendered":"Pendant la th\u00e8se"},"content":{"rendered":"<p>Vous voil\u00e0 en Doctorat ! F\u00e9licitations et bienvenue !<\/p>\n<p>Vous trouverez dans cette rubrique quelques informations (tr\u00e8s) utiles pour vous accompagner dans vos d\u00e9marches administratives li\u00e9es au Doctorat.<\/p>\n<p><b><a href=\"https:\/\/icar.cnrs.fr\/comdoc\/pendant-la-these\/inscriptions\/\">S&rsquo;inscrire et se r\u00e9inscrire en Doctorat<\/a><\/b><\/p>\n<p><b><a href=\"https:\/\/icar.cnrs.fr\/comdoc\/pendant-la-these\/formations\/\">Formations \u00e0 suivre<\/a><\/b><\/p>\n<p><b><a href=\"https:\/\/icar.cnrs.fr\/comdoc\/pendant-la-these\/comite-de-suivi-de-these\/\">Comit\u00e9 de suivi de th\u00e8se<\/a><\/b><\/p>\n<p><b><a href=\"https:\/\/icar.cnrs.fr\/comdoc\/pendant-la-these\/redaction\/\">Bonnes pratiques de r\u00e9daction<\/a><\/b><\/p>\n<p><b><a href=\"https:\/\/icar.cnrs.fr\/comdoc\/pendant-la-these\/missions\/\">Missions (colloque, terrain)<\/a><\/b><\/p>\n<p><b><a href=\"https:\/\/icar.cnrs.fr\/comdoc\/pendant-la-these\/enseignement\/\">Enseignement<\/a><\/b><\/p>\n<p><b><a href=\"https:\/\/icar.cnrs.fr\/comdoc\/pendant-la-these\/mobilite\/\">Mobilit\u00e9 internationale<\/a><\/b><\/p>\n<hr \/>\n<p>N&rsquo;h\u00e9sitez pas \u00e0 consulter le <b><a href=\"https:\/\/www.sciencespo-lyon.fr\/sites\/default\/files\/article\/documents\/2020\/v11-_2019-20_guide_franc_ais.pdf\">Guide des Doctorant\u00b7e\u00b7s de l&rsquo;Universit\u00e9 de Lyon<\/a><\/b> pour des informations suppl\u00e9mentaires.<\/p>\n","protected":false},"excerpt":{"rendered":"<p>Vous voil\u00e0 en Doctorat ! F\u00e9licitations et bienvenue ! Vous trouverez dans cette rubrique quelques informations (tr\u00e8s) utiles pour vous accompagner dans vos d\u00e9marches administratives li\u00e9es au Doctorat. S&rsquo;inscrire et se r\u00e9inscrire en Doctorat Formations \u00e0 suivre Comit\u00e9 de suivi &hellip; <a href=\"https:\/\/icar.cnrs.fr\/comdoc\/pendant-la-these\/\">Continuer la lecture <span class=\"meta-nav\">&rarr;<\/span><\/a><\/p>\n","protected":false},"author":33,"featured_media":1522,"parent":0,"menu_order":0,"comment_status":"closed","ping_status":"closed","template":"onecolumn-page.php","meta":{"inline_featured_image":false,"footnotes":""},"class_list":["post-1401","page","type-page","status-publish","has-post-thumbnail","hentry"],"_links":{"self":[{"href":"https:\/\/icar.cnrs.fr\/comdoc\/wp-json\/wp\/v2\/pages\/1401","targetHints":{"allow":["GET"]}}],"collection":[{"href":"https:\/\/icar.cnrs.fr\/comdoc\/wp-json\/wp\/v2\/pages"}],"about":[{"href":"https:\/\/icar.cnrs.fr\/comdoc\/wp-json\/wp\/v2\/types\/page"}],"author":[{"embeddable":true,"href":"https:\/\/icar.cnrs.fr\/comdoc\/wp-json\/wp\/v2\/users\/33"}],"replies":[{"embeddable":true,"href":"https:\/\/icar.cnrs.fr\/comdoc\/wp-json\/wp\/v2\/comments?post=1401"}],"version-history":[{"count":8,"href":"https:\/\/icar.cnrs.fr\/comdoc\/wp-json\/wp\/v2\/pages\/1401\/revisions"}],"predecessor-version":[{"id":1673,"href":"https:\/\/icar.cnrs.fr\/comdoc\/wp-json\/wp\/v2\/pages\/1401\/revisions\/1673"}],"wp:featuredmedia":[{"embeddable":true,"href":"https:\/\/icar.cnrs.fr\/comdoc\/wp-json\/wp\/v2\/media\/1522"}],"wp:attachment":[{"href":"https:\/\/icar.cnrs.fr\/comdoc\/wp-json\/wp\/v2\/media?parent=1401"}],"curies":[{"name":"wp","href":"https:\/\/api.w.org\/{rel}","templated":true}]}}