{"id":1402,"date":"2020-10-26T16:56:15","date_gmt":"2020-10-26T15:56:15","guid":{"rendered":"http:\/\/icar.cnrs.fr\/comdoc\/?page_id=1402"},"modified":"2020-10-30T15:48:50","modified_gmt":"2020-10-30T14:48:50","slug":"apres-la-these","status":"publish","type":"page","link":"https:\/\/icar.cnrs.fr\/comdoc\/apres-la-these\/","title":{"rendered":"Apr\u00e8s la th\u00e8se"},"content":{"rendered":"<p>Vous voil\u00e0 (ou presque) docteur ou docteure !<\/p>\n<p><b>Il y a bien une vie apr\u00e8s la th\u00e8se ! <\/b><\/p>\n<p>Malheureusement, l&rsquo;apr\u00e8s-th\u00e8se reste souvent tr\u00e8s flou jusqu&rsquo;au dernier moment. Pour rem\u00e9dier \u00e0 cela, nous avons regroup\u00e9 dans cette rubrique les informations essentielles concernant la suite de votre parcours.<\/p>\n<p>Informez-vous bien sur ces diff\u00e9rents points pendant votre doctorat.<\/p>\n<p><b><a href=\"https:\/\/icar.cnrs.fr\/comdoc\/apres-la-these\/qualification-mcf\/\">Notre topo sur la qualif<\/a><\/b><\/p>\n<p><b><a href=\"https:\/\/icar.cnrs.fr\/comdoc\/apres-la-these\/carriere-academique\/\">Continuer dans le monde acad\u00e9mique<\/a><\/b><\/p>\n<p><b><a href=\"https:\/\/icar.cnrs.fr\/comdoc\/apres-la-these\/autres-carrieres\/\">Se diriger vers d&rsquo;autres carri\u00e8res<\/a><\/b><\/p>\n","protected":false},"excerpt":{"rendered":"<p>Vous voil\u00e0 (ou presque) docteur ou docteure ! Il y a bien une vie apr\u00e8s la th\u00e8se ! Malheureusement, l&rsquo;apr\u00e8s-th\u00e8se reste souvent tr\u00e8s flou jusqu&rsquo;au dernier moment. Pour rem\u00e9dier \u00e0 cela, nous avons regroup\u00e9 dans cette rubrique les informations essentielles &hellip; <a href=\"https:\/\/icar.cnrs.fr\/comdoc\/apres-la-these\/\">Continuer la lecture <span class=\"meta-nav\">&rarr;<\/span><\/a><\/p>\n","protected":false},"author":33,"featured_media":1517,"parent":0,"menu_order":0,"comment_status":"closed","ping_status":"closed","template":"onecolumn-page.php","meta":{"inline_featured_image":false,"footnotes":""},"class_list":["post-1402","page","type-page","status-publish","has-post-thumbnail","hentry"],"_links":{"self":[{"href":"https:\/\/icar.cnrs.fr\/comdoc\/wp-json\/wp\/v2\/pages\/1402","targetHints":{"allow":["GET"]}}],"collection":[{"href":"https:\/\/icar.cnrs.fr\/comdoc\/wp-json\/wp\/v2\/pages"}],"about":[{"href":"https:\/\/icar.cnrs.fr\/comdoc\/wp-json\/wp\/v2\/types\/page"}],"author":[{"embeddable":true,"href":"https:\/\/icar.cnrs.fr\/comdoc\/wp-json\/wp\/v2\/users\/33"}],"replies":[{"embeddable":true,"href":"https:\/\/icar.cnrs.fr\/comdoc\/wp-json\/wp\/v2\/comments?post=1402"}],"version-history":[{"count":7,"href":"https:\/\/icar.cnrs.fr\/comdoc\/wp-json\/wp\/v2\/pages\/1402\/revisions"}],"predecessor-version":[{"id":1761,"href":"https:\/\/icar.cnrs.fr\/comdoc\/wp-json\/wp\/v2\/pages\/1402\/revisions\/1761"}],"wp:featuredmedia":[{"embeddable":true,"href":"https:\/\/icar.cnrs.fr\/comdoc\/wp-json\/wp\/v2\/media\/1517"}],"wp:attachment":[{"href":"https:\/\/icar.cnrs.fr\/comdoc\/wp-json\/wp\/v2\/media?parent=1402"}],"curies":[{"name":"wp","href":"https:\/\/api.w.org\/{rel}","templated":true}]}}