{"id":1483,"date":"2020-10-27T12:24:10","date_gmt":"2020-10-27T11:24:10","guid":{"rendered":"http:\/\/icar.cnrs.fr\/comdoc\/?page_id=1483"},"modified":"2025-04-17T17:13:05","modified_gmt":"2025-04-17T15:13:05","slug":"autres-carrieres","status":"publish","type":"page","link":"https:\/\/icar.cnrs.fr\/comdoc\/apres-la-these\/autres-carrieres\/","title":{"rendered":"Autres carri\u00e8res"},"content":{"rendered":"<p>Le doctorat vous ouvre certes les portes de la carri\u00e8re acad\u00e9mique, mais pas que !<\/p>\n<p>Souvent, les jeunes docteur\u00b7e\u00b7s ignorent les autres opportunit\u00e9s professionnelles qui sont \u00e0 leur port\u00e9e. En effet, bien souvent cela signifie s&rsquo;orienter vers le monde du priv\u00e9, de l&rsquo;entreprise, un monde m\u00e9connu lorsque l&rsquo;on a a toujours \u00e9t\u00e9 \u00e0 l&rsquo;universit\u00e9.<\/p>\n<p>En tant que jeune docteur\u00b7e on ne sait parfois pas comment s&rsquo;y prendre pour rechercher un emploi, construire un r\u00e9seau en dehors de l&rsquo;acad\u00e9mie, et tout simplement composer un CV qui ne fasse qu&rsquo;une seule page (!). Un grand probl\u00e8me qui se pose alors aux jeunes docteur\u00b7e\u00b7s est celui de la valorisation de leur parcours, de leurs comp\u00e9tences et de leurs exp\u00e9riences professionnelles.<\/p>\n<p><b>Il est important de comprendre que le doctorat constitue une v\u00e9ritable exp\u00e9rience professionnelle, que vous pouvez tout \u00e0 fait valoriser en tant que telle<\/b>.<\/p>\n<p>Voici quelques pistes pour vous donner des \u00e9l\u00e9ments utiles pour votre recherche d&#8217;emploi.<\/p>\n<ul>\n<li><b>Doc&rsquo; to Job<\/b> : il s&rsquo;agit d&rsquo;un programme en partenariat avec P\u00f4le Emploi, proposant un accompagnement vers l&#8217;emploi. Le programme est d\u00e9di\u00e9 aux jeunes docteur\u00b7e\u00b7s en recherche d&#8217;emploi depuis au moins 5 mois. Voir <a href=\"https:\/\/www.universite-lyon.fr\/comue-universite-de-lyon-site-academique-lyon-saint-etienne-791.kjsp?RH=3484404878389026\">le site internet de l&rsquo;UDL<\/a> pour plus d&rsquo;informations. <b><\/b><\/li>\n<li><b>Les Rendez-vous de l&#8217;emploi<\/b> : il s&rsquo;agit d&rsquo;un forum mettant en contact les jeunes docteur\u00b7e\u00b7s et les entreprises qui souhaitent recruter une personne titulaire d&rsquo;un doctorat. En vous inscrivant sur la plateforme, vous devrez renseigner votre CV, puis s\u00e9lectionner, parmi les offres d&#8217;emploi propos\u00e9es celles qui vous int\u00e9ressent. Le recruteur fera une s\u00e9lection parmi les int\u00e9ress\u00e9\u00b7e\u00b7s et convoquera les candidat\u00b7e\u00b7s \u00e0 un entretien le jour du forum. Voir <a href=\"https:\/\/www.universite-lyon.fr\/comue-universite-de-lyon-site-academique-lyon-saint-etienne-791.kjsp?RH=3484404878389026\">le site internet de l&rsquo;UDL<\/a> pour plus d&rsquo;informations.<\/li>\n<li><b>PhDOOC<\/b> : l&rsquo;association PhDOOC propose le MOOC \u00ab\u00a0Doctorat et Poursuite de Carri\u00e8re\u00a0\u00bb, avec tous les outils n\u00e9cessaires pour une recherche d&#8217;emploi qui valorise votre parcours. <b><a href=\"https:\/\/phdooc.moocit.fr\/courses\/course-v1:PHDOOC+PHDOOC-001+4\/about\">Cliquez ici pour consulter le MOOC<\/a><\/b><\/li>\n<li>Prenez contact avec <b>Virginie<\/b>, r\u00e9f\u00e9rente pour le financement de la th\u00e8se et insertion professionnelle aupr\u00e8s de l&rsquo;\u00e9cole doctorale 3LA :<br \/>\n<b>Virginie Gibert<\/b><br \/>\n<a href=\"mailto:virginie.gibert@univ-lyon2.fr\">virginie.gibert@univ-lyon2.fr<\/a><br \/>\n<b>Adresse<\/b> :<br \/>\nUniversit\u00e9 Lumi\u00e8re Lyon 2, Direction de la recherche et des \u00e9coles doctorales, 18 quai Claude-Bernard (bureau BEL.307), 69365 Lyon Cedex 07<br \/>\nT\u00e9l\u00a0: +33 (0)4 78 69 70 58<\/li>\n<\/ul>\n","protected":false},"excerpt":{"rendered":"<p>Le doctorat vous ouvre certes les portes de la carri\u00e8re acad\u00e9mique, mais pas que ! Souvent, les jeunes docteur\u00b7e\u00b7s ignorent les autres opportunit\u00e9s professionnelles qui sont \u00e0 leur port\u00e9e. En effet, bien souvent cela signifie s&rsquo;orienter vers le monde du &hellip; <a href=\"https:\/\/icar.cnrs.fr\/comdoc\/apres-la-these\/autres-carrieres\/\">Continuer la lecture <span class=\"meta-nav\">&rarr;<\/span><\/a><\/p>\n","protected":false},"author":2,"featured_media":1517,"parent":1402,"menu_order":0,"comment_status":"closed","ping_status":"closed","template":"onecolumn-page.php","meta":{"inline_featured_image":false,"footnotes":""},"class_list":["post-1483","page","type-page","status-publish","has-post-thumbnail","hentry"],"_links":{"self":[{"href":"https:\/\/icar.cnrs.fr\/comdoc\/wp-json\/wp\/v2\/pages\/1483","targetHints":{"allow":["GET"]}}],"collection":[{"href":"https:\/\/icar.cnrs.fr\/comdoc\/wp-json\/wp\/v2\/pages"}],"about":[{"href":"https:\/\/icar.cnrs.fr\/comdoc\/wp-json\/wp\/v2\/types\/page"}],"author":[{"embeddable":true,"href":"https:\/\/icar.cnrs.fr\/comdoc\/wp-json\/wp\/v2\/users\/2"}],"replies":[{"embeddable":true,"href":"https:\/\/icar.cnrs.fr\/comdoc\/wp-json\/wp\/v2\/comments?post=1483"}],"version-history":[{"count":7,"href":"https:\/\/icar.cnrs.fr\/comdoc\/wp-json\/wp\/v2\/pages\/1483\/revisions"}],"predecessor-version":[{"id":1973,"href":"https:\/\/icar.cnrs.fr\/comdoc\/wp-json\/wp\/v2\/pages\/1483\/revisions\/1973"}],"up":[{"embeddable":true,"href":"https:\/\/icar.cnrs.fr\/comdoc\/wp-json\/wp\/v2\/pages\/1402"}],"wp:featuredmedia":[{"embeddable":true,"href":"https:\/\/icar.cnrs.fr\/comdoc\/wp-json\/wp\/v2\/media\/1517"}],"wp:attachment":[{"href":"https:\/\/icar.cnrs.fr\/comdoc\/wp-json\/wp\/v2\/media?parent=1483"}],"curies":[{"name":"wp","href":"https:\/\/api.w.org\/{rel}","templated":true}]}}