{"id":1537,"date":"2020-10-27T17:04:30","date_gmt":"2020-10-27T16:04:30","guid":{"rendered":"http:\/\/icar.cnrs.fr\/comdoc\/?page_id=1537"},"modified":"2025-04-16T18:18:17","modified_gmt":"2025-04-16T16:18:17","slug":"autres-financements","status":"publish","type":"page","link":"https:\/\/icar.cnrs.fr\/comdoc\/avant-la-these\/autres-financements\/","title":{"rendered":"Autres solutions de financement"},"content":{"rendered":"<p>Vous trouverez ci-dessous quelques pistes pour d&rsquo;autres sources de financement possibles pour votre doctorat :<\/p>\n<ul>\n<li>Vous pouvez vous renseigner sur les possibilit\u00e9s de financement offerts par l&rsquo;Union Europ\u00e9enne, comme les bourses <b>Marie Curie<\/b> ou les programmes <b>Erasmus Mundus<\/b> : <a href=\"https:\/\/www.em-a.eu\/\">en savoir plus<\/a>.<\/li>\n<li><b>L\u2019iedu<\/b> est une association qui pr\u00e9sente de nombreuses ressources de financements\u00a0: bourses, prix, appel \u00e0 projets, etc. : <a href=\"https:\/\/iedu.fr\/index.php\">en savoir plus<\/a>.<\/li>\n<li><b>L\u2019AND\u00e8s<\/b> est l&rsquo;Association Nationale des Docteurs<br \/>\nL&rsquo;association nationale des docteurs rassemble les docteurs de toutes disciplines, quels que soient leur \u00e2ge, leur statut professionnel, qu&rsquo;ils r\u00e9sident en France ou \u00e0 l&rsquo;\u00e9tranger : <a href=\"https:\/\/andes.asso.fr\">en savoir plus<\/a>.<\/li>\n<\/ul>\n<p>Enfin, il y a \u00e9galement la possibilit\u00e9 de contribuer partiellement \u00e0 vos revenus pendant la th\u00e8se, en exer\u00e7ant une activit\u00e9 d&rsquo;enseignement : <a href=\"https:\/\/icar.cnrs.fr\/comdoc\/pendant-la-these\/enseignement\/\">en savoir plus<\/a>.<\/p>\n","protected":false},"excerpt":{"rendered":"<p>Vous trouverez ci-dessous quelques pistes pour d&rsquo;autres sources de financement possibles pour votre doctorat : Vous pouvez vous renseigner sur les possibilit\u00e9s de financement offerts par l&rsquo;Union Europ\u00e9enne, comme les bourses Marie Curie ou les programmes Erasmus Mundus : en &hellip; <a href=\"https:\/\/icar.cnrs.fr\/comdoc\/avant-la-these\/autres-financements\/\">Continuer la lecture <span class=\"meta-nav\">&rarr;<\/span><\/a><\/p>\n","protected":false},"author":2,"featured_media":1518,"parent":1400,"menu_order":0,"comment_status":"closed","ping_status":"closed","template":"onecolumn-page.php","meta":{"inline_featured_image":false,"footnotes":""},"class_list":["post-1537","page","type-page","status-publish","has-post-thumbnail","hentry"],"_links":{"self":[{"href":"https:\/\/icar.cnrs.fr\/comdoc\/wp-json\/wp\/v2\/pages\/1537","targetHints":{"allow":["GET"]}}],"collection":[{"href":"https:\/\/icar.cnrs.fr\/comdoc\/wp-json\/wp\/v2\/pages"}],"about":[{"href":"https:\/\/icar.cnrs.fr\/comdoc\/wp-json\/wp\/v2\/types\/page"}],"author":[{"embeddable":true,"href":"https:\/\/icar.cnrs.fr\/comdoc\/wp-json\/wp\/v2\/users\/2"}],"replies":[{"embeddable":true,"href":"https:\/\/icar.cnrs.fr\/comdoc\/wp-json\/wp\/v2\/comments?post=1537"}],"version-history":[{"count":5,"href":"https:\/\/icar.cnrs.fr\/comdoc\/wp-json\/wp\/v2\/pages\/1537\/revisions"}],"predecessor-version":[{"id":1961,"href":"https:\/\/icar.cnrs.fr\/comdoc\/wp-json\/wp\/v2\/pages\/1537\/revisions\/1961"}],"up":[{"embeddable":true,"href":"https:\/\/icar.cnrs.fr\/comdoc\/wp-json\/wp\/v2\/pages\/1400"}],"wp:featuredmedia":[{"embeddable":true,"href":"https:\/\/icar.cnrs.fr\/comdoc\/wp-json\/wp\/v2\/media\/1518"}],"wp:attachment":[{"href":"https:\/\/icar.cnrs.fr\/comdoc\/wp-json\/wp\/v2\/media?parent=1537"}],"curies":[{"name":"wp","href":"https:\/\/api.w.org\/{rel}","templated":true}]}}