{"id":1582,"date":"2020-10-28T11:08:47","date_gmt":"2020-10-28T10:08:47","guid":{"rendered":"http:\/\/icar.cnrs.fr\/comdoc\/?page_id=1582"},"modified":"2025-04-14T16:11:44","modified_gmt":"2025-04-14T14:11:44","slug":"3la","status":"publish","type":"page","link":"https:\/\/icar.cnrs.fr\/comdoc\/labo-icar\/ecoles-doctorales\/3la\/","title":{"rendered":"ED 3LA (Lettres, Langues, Linguistique et Arts) &#8211; ED 484"},"content":{"rendered":"<p>Vous \u00eates rattach\u00e9\u00b7e \u00e0 l\u2019ED 3LA si vous r\u00e9alisez un doctorat dans l\u2019un des 4 domaines suivants\u00a0:<\/p>\n<ul>\n<li>Arts<\/li>\n<li>Lettres<\/li>\n<li>Langues \u00e9trang\u00e8res<\/li>\n<li>Linguistique et Sciences du langage<\/li>\n<\/ul>\n<hr \/>\n<p><b>Directeur<\/b> : Philippe Meunier (<a title=\"p.meunier@univ-lyon2.fr\" href=\"mailto:p.meunier@univ-lyon2.fr\">p.meunier<span class=\"mcrypt\">@<\/span>univ-lyon2.fr<\/a>)<br \/>\n<b>Secr\u00e9tariat<\/b> : Eva Modolo (<a href=\"mailto:eva.modolo@univ-lyon2.fr\">eva.modolo@univ-lyon2.fr<\/a>)<br \/>\n<b>Adresse<\/b> :<br \/>\nUniversit\u00e9 Lumi\u00e8re Lyon 2<br \/>\n86 rue Pasteur<br \/>\n69007 Lyon<br \/>\n<b>T\u00e9l\u00e9phone<\/b> : 04 78 69 70 44<\/p>\n<p><b> Site web<\/b>: <a href=\"http:\/\/3la.univ-lyon2.fr\/\">http:\/\/3la.univ-lyon2.fr\/<\/a><\/p>\n","protected":false},"excerpt":{"rendered":"<p>Vous \u00eates rattach\u00e9\u00b7e \u00e0 l\u2019ED 3LA si vous r\u00e9alisez un doctorat dans l\u2019un des 4 domaines suivants\u00a0: Arts Lettres Langues \u00e9trang\u00e8res Linguistique et Sciences du langage Directeur : Philippe Meunier (p.meunier@univ-lyon2.fr) Secr\u00e9tariat : Eva Modolo (eva.modolo@univ-lyon2.fr) Adresse : Universit\u00e9 Lumi\u00e8re &hellip; <a href=\"https:\/\/icar.cnrs.fr\/comdoc\/labo-icar\/ecoles-doctorales\/3la\/\">Continuer la lecture <span class=\"meta-nav\">&rarr;<\/span><\/a><\/p>\n","protected":false},"author":2,"featured_media":1521,"parent":475,"menu_order":0,"comment_status":"closed","ping_status":"closed","template":"onecolumn-page.php","meta":{"inline_featured_image":false,"footnotes":""},"class_list":["post-1582","page","type-page","status-publish","has-post-thumbnail","hentry"],"_links":{"self":[{"href":"https:\/\/icar.cnrs.fr\/comdoc\/wp-json\/wp\/v2\/pages\/1582","targetHints":{"allow":["GET"]}}],"collection":[{"href":"https:\/\/icar.cnrs.fr\/comdoc\/wp-json\/wp\/v2\/pages"}],"about":[{"href":"https:\/\/icar.cnrs.fr\/comdoc\/wp-json\/wp\/v2\/types\/page"}],"author":[{"embeddable":true,"href":"https:\/\/icar.cnrs.fr\/comdoc\/wp-json\/wp\/v2\/users\/2"}],"replies":[{"embeddable":true,"href":"https:\/\/icar.cnrs.fr\/comdoc\/wp-json\/wp\/v2\/comments?post=1582"}],"version-history":[{"count":7,"href":"https:\/\/icar.cnrs.fr\/comdoc\/wp-json\/wp\/v2\/pages\/1582\/revisions"}],"predecessor-version":[{"id":1950,"href":"https:\/\/icar.cnrs.fr\/comdoc\/wp-json\/wp\/v2\/pages\/1582\/revisions\/1950"}],"up":[{"embeddable":true,"href":"https:\/\/icar.cnrs.fr\/comdoc\/wp-json\/wp\/v2\/pages\/475"}],"wp:featuredmedia":[{"embeddable":true,"href":"https:\/\/icar.cnrs.fr\/comdoc\/wp-json\/wp\/v2\/media\/1521"}],"wp:attachment":[{"href":"https:\/\/icar.cnrs.fr\/comdoc\/wp-json\/wp\/v2\/media?parent=1582"}],"curies":[{"name":"wp","href":"https:\/\/api.w.org\/{rel}","templated":true}]}}