{"id":1592,"date":"2020-10-28T11:16:26","date_gmt":"2020-10-28T10:16:26","guid":{"rendered":"http:\/\/icar.cnrs.fr\/comdoc\/?page_id=1592"},"modified":"2025-04-14T16:18:21","modified_gmt":"2025-04-14T14:18:21","slug":"epic","status":"publish","type":"page","link":"https:\/\/icar.cnrs.fr\/comdoc\/labo-icar\/ecoles-doctorales\/epic\/","title":{"rendered":"ED EPIC (Education, Psychologie, Information et Communication) &#8211; ED 485"},"content":{"rendered":"<p>Vous \u00eates rattach\u00e9\u00b7e \u00e0 l\u2019ED EPIC si vous r\u00e9alisez un doctorat dans l\u2019un des 6 domaines suivants :<\/p>\n<ul>\n<li>Sciences de l\u2019\u00e9ducation<\/li>\n<li>Sciences de l\u2019information et de la communication<\/li>\n<li>Psychologie<\/li>\n<li>Histoire, philosophie et \u00e9pist\u00e9mologie des sciences, des techniques et des technologies<\/li>\n<li>Didactiques des disciplines scientifiques et techniques<\/li>\n<li>STAPS<\/li>\n<\/ul>\n<hr \/>\n<p><b>Directrice<\/b> : Isabelle Garcin-Marrou (<a href=\"mailto:ed-epic-direction@univ-lyon2.fr\">ed-epic-direction@univ-lyon2.fr<\/a>)<br \/>\n<b>Directrice adjointe <\/b>: Anna Rita Galiano <b><br \/>\nGestion centrale des doctorats<\/b> : Eve Toumi (<a href=\"mailto:eve.toumi@univ-lyon2.fr\">eve.toumi@univ-lyon2.fr<\/a>)<br \/>\n<strong>Secr\u00e9tariat ED EPIC<\/strong> : <a href=\"mailto:secretariat.epic@univ-lyon2.fr\">secretariat.epic@univ-lyon2.fr<\/a><br \/>\n<strong>Repr\u00e9sentant.es des doctorants.es<\/strong> : (<a href=\"mailto:representant.epic@gmail.com\">representant.epic@gmail.com<\/a>)<br \/>\n<b><\/b><b><\/b><b>Adresse<\/b>:<br \/>\nUniv Lyon 2, Campus Berges du Rh\u00f4ne, B\u00e2timent B\u00e9l\u00e9nos<br \/>\n&#8211; 3e \u00e9tage 18 quai Claude Bernard<br \/>\n&#8211; F69365 Lyon cedex 07<br \/>\n<b>T\u00e9l\u00e9phone<\/b> : 04 78 69 74 51<\/p>\n<p><b> Site web <\/b>:\u00a0<a href=\"https:\/\/edepic.universite-lyon.fr\/\">https:\/\/edepic.universite-lyon.fr\/<\/a><\/p>\n","protected":false},"excerpt":{"rendered":"<p>Vous \u00eates rattach\u00e9\u00b7e \u00e0 l\u2019ED EPIC si vous r\u00e9alisez un doctorat dans l\u2019un des 6 domaines suivants : Sciences de l\u2019\u00e9ducation Sciences de l\u2019information et de la communication Psychologie Histoire, philosophie et \u00e9pist\u00e9mologie des sciences, des techniques et des technologies &hellip; <a href=\"https:\/\/icar.cnrs.fr\/comdoc\/labo-icar\/ecoles-doctorales\/epic\/\">Continuer la lecture <span class=\"meta-nav\">&rarr;<\/span><\/a><\/p>\n","protected":false},"author":2,"featured_media":1521,"parent":475,"menu_order":0,"comment_status":"closed","ping_status":"closed","template":"onecolumn-page.php","meta":{"inline_featured_image":false,"footnotes":""},"class_list":["post-1592","page","type-page","status-publish","has-post-thumbnail","hentry"],"_links":{"self":[{"href":"https:\/\/icar.cnrs.fr\/comdoc\/wp-json\/wp\/v2\/pages\/1592","targetHints":{"allow":["GET"]}}],"collection":[{"href":"https:\/\/icar.cnrs.fr\/comdoc\/wp-json\/wp\/v2\/pages"}],"about":[{"href":"https:\/\/icar.cnrs.fr\/comdoc\/wp-json\/wp\/v2\/types\/page"}],"author":[{"embeddable":true,"href":"https:\/\/icar.cnrs.fr\/comdoc\/wp-json\/wp\/v2\/users\/2"}],"replies":[{"embeddable":true,"href":"https:\/\/icar.cnrs.fr\/comdoc\/wp-json\/wp\/v2\/comments?post=1592"}],"version-history":[{"count":7,"href":"https:\/\/icar.cnrs.fr\/comdoc\/wp-json\/wp\/v2\/pages\/1592\/revisions"}],"predecessor-version":[{"id":1952,"href":"https:\/\/icar.cnrs.fr\/comdoc\/wp-json\/wp\/v2\/pages\/1592\/revisions\/1952"}],"up":[{"embeddable":true,"href":"https:\/\/icar.cnrs.fr\/comdoc\/wp-json\/wp\/v2\/pages\/475"}],"wp:featuredmedia":[{"embeddable":true,"href":"https:\/\/icar.cnrs.fr\/comdoc\/wp-json\/wp\/v2\/media\/1521"}],"wp:attachment":[{"href":"https:\/\/icar.cnrs.fr\/comdoc\/wp-json\/wp\/v2\/media?parent=1592"}],"curies":[{"name":"wp","href":"https:\/\/api.w.org\/{rel}","templated":true}]}}