{"id":1679,"date":"2020-10-29T16:45:39","date_gmt":"2020-10-29T15:45:39","guid":{"rendered":"http:\/\/icar.cnrs.fr\/comdoc\/?page_id=1679"},"modified":"2025-04-17T16:53:24","modified_gmt":"2025-04-17T14:53:24","slug":"lyon2","status":"publish","type":"page","link":"https:\/\/icar.cnrs.fr\/comdoc\/soutenance\/preparation\/lyon2\/","title":{"rendered":"La soutenance \u00e0 l&rsquo;Universit\u00e9 Lumi\u00e8re Lyon 2"},"content":{"rendered":"<p>Sur cette page, nous avons r\u00e9sum\u00e9 les principales \u00e9tapes de la pr\u00e9paration de la soutenance de th\u00e8se si vous \u00eates inscrit\u00b7e \u00e0 l&rsquo;Universit\u00e9 Lumi\u00e8re Lyon 2.<\/p>\n<p>Pour des informations plus d\u00e9taill\u00e9es et \u00e0 jour, consultez <b><a href=\"https:\/\/www.univ-lyon2.fr\/recherche\/faire-un-doctorat\/la-soutenance\">la page de l&rsquo;Universit\u00e9 Lyon 2 d\u00e9di\u00e9e \u00e0 ce sujet<\/a><\/b>.<\/p>\n<h2>PR\u00c9REQUIS<\/h2>\n<ul>\n<li>V\u00e9rifiez que votre th\u00e8se est bien enregistr\u00e9e aupr\u00e8s de l&rsquo;Agence Bibliographique de l&rsquo;Enseignement Sup\u00e9rieur (ABES) via le <a href=\"http:\/\/step.theses.fr\/\">Signalement des Th\u00e8ses En Pr\u00e9paration<\/a> (STEP). Sollicitez le secr\u00e9tariat de votre d\u00e9partement ou institut pour tout renseignement. Normalement, cette d\u00e9marche est effectu\u00e9e lors de votre <a href=\"https:\/\/icar.cnrs.fr\/comdoc\/pendant-la-these\/inscriptions\/d1-lyon2\/\">inscription en D1<\/a>.<\/li>\n<li>Suivez la <a href=\"https:\/\/icar.cnrs.fr\/comdoc\/pendant-la-these\/redaction\/\">feuille de style Lyon 2<\/a> d\u00e8s le d\u00e9but de la r\u00e9daction.<\/li>\n<\/ul>\n<h2>L&rsquo;ANN\u00c9E DE LA SOUTENANCE<\/h2>\n<p>Pour pouvoir soutenir, <b>vous devez \u00eatre inscrit\u00b7e administrativement l&rsquo;ann\u00e9e universitaire de la soutenance<\/b>. Pour rappel, une ann\u00e9e universitaire s&rsquo;\u00e9tend du 1er octobre au 30 septembre. Veilles \u00e0 bien v\u00e9rifier la conformit\u00e9 de votre inscription administrative.<\/p>\n<p><span class=\"rouge\"> NB <\/span> : Si vous \u00eates administrativement inscrit\u00b7e pour l&rsquo;ann\u00e9e universitaire en cours (ex: 2019 \/ 2020), et que votre soutenance est pr\u00e9vue apr\u00e8s le 30 septembre de l&rsquo;ann\u00e9e en cours (ex: d\u00e9cembre 2020), <b>vous devez quand m\u00eame vous inscrire pour l&rsquo;ann\u00e9e universitaire \u00e0 venir<\/b> (ex: 2020 \/ 2021), mais <b>vous serez exon\u00e9r\u00e9\u00b7e des frais d&rsquo;inscription<\/b>.<\/p>\n<h2>COMPOSITION DU JURY<\/h2>\n<p>Avec votre directrice ou directeur de th\u00e8se, vous allez r\u00e9fl\u00e9chir ensemble \u00e0 la composition du jury pour votre soutenance.<\/p>\n<p>Lors de ce processus, veillez \u00e0 respecter les <b><a href=\"https:\/\/www.univ-lyon2.fr\/medias\/fichier\/procedure-doctorat-3-soutenir-sa-these-v4_1731081585403-pdf\">r\u00e8gles de composition d&rsquo;un jury de th\u00e8se<\/a><\/b> impos\u00e9es par la DRED de Lyon 2.<\/p>\n<h2>AU MOINS 2 MOIS AVANT LA SOUTENANCE<\/h2>\n<p>Une fois la date de votre soutenance fix\u00e9e et votre jury confirm\u00e9 :<\/p>\n<ol>\n<li><b>Avec votre directrice ou directeur de th\u00e8se<\/b>, vous devez remplir la <b><a href=\"https:\/\/www.univ-lyon2.fr\/recherche\/faire-un-doctorat\/la-soutenance\">fiche de liaison<\/a><\/b><\/li>\n<li>Votre directrice ou directeur de th\u00e8se transmet cette fiche \u00e0 l&rsquo;\u00e9cole doctorale. <span class=\"rouge\"> NB <\/span> : l&rsquo;ED \u00e9tudiera votre dossier, et v\u00e9rifiera notamment que vous \u00eates en r\u00e8gle concernant <a href=\"https:\/\/icar.cnrs.fr\/comdoc\/pendant-la-these\/formations\/\">les heures de formation disciplinaire et transversale<\/a>, en vue d&rsquo;autoriser votre soutenance<\/li>\n<li><b>Vous devez effectuer le d\u00e9p\u00f4t \u00e9lectronique de votre th\u00e8se<\/b>.<br \/>\nConsultez <b><a href=\"https:\/\/bu.univ-lyon2.fr\/theses-et-memoires-en-ligne\/theses\">la page de l&rsquo;Universit\u00e9 Lyon 2 d\u00e9di\u00e9e \u00e0 ce sujet<\/a><\/b> pour le d\u00e9tail de ces d\u00e9marches, r\u00e9sum\u00e9es ici :<\/p>\n<ul>\n<li>Remplissez le <b><a href=\"https:\/\/bu.univ-lyon2.fr\/theses-et-memoires-en-ligne\/theses#Formulaire\">formulaire administratif de d\u00e9p\u00f4t de th\u00e8se<\/a><\/b><\/li>\n<li><b>Transmettez les fichiers \u00e9lectroniques de votre th\u00e8se<\/b> : c&rsquo;est-\u00e0-dire, votre th\u00e8se en format PDF et un fichier Word ou Libre Office contenant le r\u00e9sume en fran\u00e7ais et en anglais de votre th\u00e8se, ainsi qu&rsquo;une liste de mots-cl\u00e9s, et le <a href=\"https:\/\/bu.univ-lyon2.fr\/medias\/fichier\/contrat-de-diffusion_1574260440346-pdf?ID_FICHE=1004360&amp;INLINE=FALSE\">contrat de diffusion \u00e9lectronique<\/a>.<br \/>\nCette proc\u00e9dure doit \u00eatre effectu\u00e9e avec l&rsquo;application web de Lyon 2 <b><a href=\"https:\/\/filez.univ-lyon2.fr\/\">FileZ<\/a><\/b>.<\/li>\n<\/ul>\n<\/li>\n<\/ol>\n<p><span class=\"rouge\"> NB <\/span> : Il faudra \u00e9galement penser \u00e0 imprimer votre th\u00e8se, et l&rsquo;envoyer (sous format \u00e9lectronique ou reli\u00e9) aux membres du jury de soutenance, ou du moins aux membres d\u00e9sign\u00e9\u00b7e\u00b7s comme pr\u00e9-rapporteur\u00b7e\u00b7s.<\/p>\n<p><span class=\"rouge\"> IMPORTANT <\/span> : A partir de ce moment, pensez \u00e0 contacter l&rsquo;\u00e9cole doctorale pour la r\u00e9servation de la salle de soutenance et de la salle de pot.<\/p>\n<h2>2-3 SEMAINES AVANT LA SOUTENANCE<\/h2>\n<p>C&rsquo;est le moment des pr\u00e9-rapports ! Les membres du jury d\u00e9sign\u00e9\u00b7e\u00b7s comme rapporteur\u00b7e\u00b7s envoient \u00e0 l&rsquo;ED leurs pr\u00e9-rapports, qui vous sont \u00e9galement transmis. Sur avis favorable, ces documents lancent officiellement la pr\u00e9paration de la soutenance.<\/p>\n<hr \/>\n<h2>APR\u00c8S LA SOUTENANCE<\/h2>\n<p>La pr\u00e9sidente ou le pr\u00e9sident du jury de th\u00e8se prend en charge la signature du proc\u00e8s verbal de la soutenance, et le transmet \u00e0 l&rsquo;ED. Il peut y avoir des demandes de correction concernant le document de th\u00e8se. Dans ce cas, vous devrez re-d\u00e9poser le document corrig\u00e9. Vous serez alors, dans ce cas, sollicit\u00e9\u00b7e par l&rsquo;ED \u00e0 ce sujet.<\/p>\n<h2>D\u00c9LIVRANCE DU DIPL\u00d4ME<\/h2>\n<p>Le secr\u00e9tariat de l&rsquo;ED vous transmettra dans les meilleurs d\u00e9lais une attestation de dipl\u00f4me.<\/p>\n<p>Une fois le dipl\u00f4me \u00e9dit\u00e9 par l&rsquo;universit\u00e9, vous pourrez venir le chercher dans les bureaux de l&rsquo;ED ou en demander l&rsquo;envoi par voie postale.<\/p>\n<p>L&rsquo;universit\u00e9 organise \u00e9galement, depuis 2019, une <b>c\u00e9r\u00e9monie officielle de remise des dipl\u00f4mes<\/b>.<\/p>\n","protected":false},"excerpt":{"rendered":"<p>Sur cette page, nous avons r\u00e9sum\u00e9 les principales \u00e9tapes de la pr\u00e9paration de la soutenance de th\u00e8se si vous \u00eates inscrit\u00b7e \u00e0 l&rsquo;Universit\u00e9 Lumi\u00e8re Lyon 2. Pour des informations plus d\u00e9taill\u00e9es et \u00e0 jour, consultez la page de l&rsquo;Universit\u00e9 Lyon &hellip; <a href=\"https:\/\/icar.cnrs.fr\/comdoc\/soutenance\/preparation\/lyon2\/\">Continuer la lecture <span class=\"meta-nav\">&rarr;<\/span><\/a><\/p>\n","protected":false},"author":2,"featured_media":1524,"parent":27,"menu_order":0,"comment_status":"closed","ping_status":"closed","template":"onecolumn-page.php","meta":{"inline_featured_image":false,"footnotes":""},"class_list":["post-1679","page","type-page","status-publish","has-post-thumbnail","hentry"],"_links":{"self":[{"href":"https:\/\/icar.cnrs.fr\/comdoc\/wp-json\/wp\/v2\/pages\/1679","targetHints":{"allow":["GET"]}}],"collection":[{"href":"https:\/\/icar.cnrs.fr\/comdoc\/wp-json\/wp\/v2\/pages"}],"about":[{"href":"https:\/\/icar.cnrs.fr\/comdoc\/wp-json\/wp\/v2\/types\/page"}],"author":[{"embeddable":true,"href":"https:\/\/icar.cnrs.fr\/comdoc\/wp-json\/wp\/v2\/users\/2"}],"replies":[{"embeddable":true,"href":"https:\/\/icar.cnrs.fr\/comdoc\/wp-json\/wp\/v2\/comments?post=1679"}],"version-history":[{"count":8,"href":"https:\/\/icar.cnrs.fr\/comdoc\/wp-json\/wp\/v2\/pages\/1679\/revisions"}],"predecessor-version":[{"id":1966,"href":"https:\/\/icar.cnrs.fr\/comdoc\/wp-json\/wp\/v2\/pages\/1679\/revisions\/1966"}],"up":[{"embeddable":true,"href":"https:\/\/icar.cnrs.fr\/comdoc\/wp-json\/wp\/v2\/pages\/27"}],"wp:featuredmedia":[{"embeddable":true,"href":"https:\/\/icar.cnrs.fr\/comdoc\/wp-json\/wp\/v2\/media\/1524"}],"wp:attachment":[{"href":"https:\/\/icar.cnrs.fr\/comdoc\/wp-json\/wp\/v2\/media?parent=1679"}],"curies":[{"name":"wp","href":"https:\/\/api.w.org\/{rel}","templated":true}]}}