{"id":168,"date":"2013-10-01T10:02:50","date_gmt":"2013-10-01T09:02:50","guid":{"rendered":"http:\/\/liri.ish-lyon.cnrs.fr\/comdoc\/?page_id=168"},"modified":"2025-04-16T18:16:16","modified_gmt":"2025-04-16T16:16:16","slug":"bourses-et-contrats","status":"publish","type":"page","link":"https:\/\/icar.cnrs.fr\/comdoc\/avant-la-these\/bourses-et-contrats\/","title":{"rendered":"Bourses et contrats doctoraux"},"content":{"rendered":"<p>Plusieurs solutions de financement s\u2019offrent aux \u00e9tudiants d\u00e9sireux de s\u2019inscrire en doctorat.<\/p>\n<hr \/>\n<h2>ALLOCATION DE RECHERCHE DE L&rsquo;\u00c9COLE DOCTORALE<\/h2>\n<h3>Conditions d\u2019attribution<\/h3>\n<ul>\n<li>\u00c0 demander en Master 2 (report possible sous certaines conditions, mais toujours avant le d\u00e9but de la th\u00e8se)<\/li>\n<li>Aucune limite d&rsquo;\u00e2ge<\/li>\n<li>Avoir obtenu son Master recherche en France, ou dans un pays partenaire<\/li>\n<\/ul>\n<h3>Forme du soutien financier<\/h3>\n<ul>\n<li>CDD de 3 ans<\/li>\n<li>Allocation d\u2019environ 1 400\u20ac bruts par mois<\/li>\n<li>Possibilit\u00e9 de compl\u00e9ter avec un monitorat (64h d\u2019enseignement par an)<\/li>\n<li>Environ 4 000 allocations pour toute la France<\/li>\n<\/ul>\n<h3>Proc\u00e9dure \u00e0 suivre<\/h3>\n<p>S\u2019adresser \u00e0 son \u00e9cole doctorale (ED) d\u00e8s le d\u00e9but du S4 de Master 2 :<\/p>\n<ul>\n<li><a href=\"https:\/\/edepic.universite-lyon.fr\/\"><b>ED 485 EPIC<\/b><\/a> (\u00c9ducation &#8211; Psychologie &#8211; Information et Communication)<\/li>\n<li><a href=\"http:\/\/3la.univ-lyon2.fr\/spip.php?article41\"><b>ED 484 3LA <\/b><\/a>(Lettres, langues, linguistique et arts)<\/li>\n<\/ul>\n<hr \/>\n<h2>ALLOCATION DE RECHERCHE DE LA R\u00c9GION<\/h2>\n<h3>Conditions d\u2019attribution<\/h3>\n<ul>\n<li>\u00c0 demander en Master 2<\/li>\n<li>Pr\u00e9parer sa th\u00e8se dans un laboratoire de la r\u00e9gion Rh\u00f4ne-Alpes<\/li>\n<\/ul>\n<h3>Forme du soutien financier<\/h3>\n<ul>\n<li>CDD d\u2019un an, renouvelable trois fois<\/li>\n<li>Allocation d\u2019environ 1 700\u20ac bruts par mois<\/li>\n<\/ul>\n<h3>Proc\u00e9dure \u00e0 suivre<\/h3>\n<p>R\u00e9pondre aux appels d\u2019offres de la r\u00e9gion (qui sont communiqu\u00e9s aux Universit\u00e9s)<br \/>\n<a href=\"https:\/\/www.auvergnerhonealpes.fr\/3-aide-et-services-de-la-region-auvergne-rhone-alpes.htm\">https:\/\/www.auvergnerhonealpes.fr\/3-aide-et-services-de-la-region-auvergne-rhone-alpes.htm<\/a><\/p>\n<hr \/>\n<h2>CONVENTION INDUSTRIELLE DE FORMATION PAR LA RECHERCHE (CIFRE)<\/h2>\n<h3>Conditions d\u2019attribution<\/h3>\n<ul>\n<li>\u00catre titulaire d&rsquo;un dipl\u00f4me de niveau Master r\u00e9cent (moins de 3 ans), ouvert \u00e0 toute nationalit\u00e9<\/li>\n<li>Pr\u00e9parer sa th\u00e8se dans un laboratoire et en relation avec une entreprise fran\u00e7aise<\/li>\n<li>Avoir un sujet ouvert sur le monde de l\u2019entreprise<\/li>\n<\/ul>\n<h3>Forme du soutien financier<\/h3>\n<ul>\n<li>CDD de trois ans, voire CDI<\/li>\n<li>Le salaire d&#8217;embauche ne peut \u00eatre inf\u00e9rieur \u00e0 23 484 \u20ac annuel brut<\/li>\n<\/ul>\n<h3>Proc\u00e9dure \u00e0 suivre<\/h3>\n<ul>\n<li>Trouver un projet de recherche qui int\u00e9resse une entreprise, et qui puisse s\u2019int\u00e9grer dans un laboratoire<\/li>\n<li>D\u00e9poser un dossier complet \u00e0 l\u2019ANRT<br \/>\n<a href=\"https:\/\/www.anrt.asso.fr\/fr\/accueil-cifre\">https:\/\/www.anrt.asso.fr\/fr\/accueil-cifre<\/a><\/li>\n<\/ul>\n<hr \/>\n<h2>CONTRAT DOCTORAL DANS LE CADRE D&rsquo;UN PROJET DE RECHERCHE<\/h2>\n<h3>Conditions d\u2019attribution<\/h3>\n<p>Ce type de contrat concerne les doctorant\u00b7e\u00b7s recrut\u00e9\u00b7e\u00b7s dans le cadre d&rsquo;un projet de recherche collectif (il peut s&rsquo;agir d&rsquo;un projet financ\u00e9 par le Labex ASLAN par exemple, ou encore par l&rsquo;ANR (Agence Nationale de la Recherche)). Le candidat ou la candidate sont donc recrut\u00e9\u00b7e\u00b7s sur concours, avec une fiche de poste sp\u00e9cifique. Dans ce cas, la doctorante ou le doctorant postuleront pour un sujet de th\u00e8se d\u00e9fini pour les besoins du projet.<\/p>\n<h3>Forme du soutien financier<\/h3>\n<ul>\n<li>CDD de 3 ans<\/li>\n<li>salaire selon l&rsquo;organisme de financement, mais comparable aux r\u00e9mun\u00e9rations ci-dessus<\/li>\n<\/ul>\n<h3>Proc\u00e9dure \u00e0 suivre<\/h3>\n<p>Rapprochez-vous de votre directeur ou votre directrice de recherche de Master pour en savoir plus sur les projets en cours ou les financements de projet obtenus par le laboratoire.<br \/>\nLe processus de recrutement peut varier d&rsquo;un projet \u00e0 un autre.<\/p>\n<hr \/>\n<p><span class=\"rouge\"> NB <\/span> : Votre directrice ou directeur de recherche reste votre meilleur interlocuteur pour vous guider dans cette recherche de financement.<\/p>\n","protected":false},"excerpt":{"rendered":"<p>Plusieurs solutions de financement s\u2019offrent aux \u00e9tudiants d\u00e9sireux de s\u2019inscrire en doctorat. ALLOCATION DE RECHERCHE DE L&rsquo;\u00c9COLE DOCTORALE Conditions d\u2019attribution \u00c0 demander en Master 2 (report possible sous certaines conditions, mais toujours avant le d\u00e9but de la th\u00e8se) Aucune limite &hellip; <a href=\"https:\/\/icar.cnrs.fr\/comdoc\/avant-la-these\/bourses-et-contrats\/\">Continuer la lecture <span class=\"meta-nav\">&rarr;<\/span><\/a><\/p>\n","protected":false},"author":22,"featured_media":1518,"parent":1400,"menu_order":1,"comment_status":"closed","ping_status":"closed","template":"onecolumn-page.php","meta":{"inline_featured_image":false,"footnotes":""},"class_list":["post-168","page","type-page","status-publish","has-post-thumbnail","hentry"],"_links":{"self":[{"href":"https:\/\/icar.cnrs.fr\/comdoc\/wp-json\/wp\/v2\/pages\/168","targetHints":{"allow":["GET"]}}],"collection":[{"href":"https:\/\/icar.cnrs.fr\/comdoc\/wp-json\/wp\/v2\/pages"}],"about":[{"href":"https:\/\/icar.cnrs.fr\/comdoc\/wp-json\/wp\/v2\/types\/page"}],"author":[{"embeddable":true,"href":"https:\/\/icar.cnrs.fr\/comdoc\/wp-json\/wp\/v2\/users\/22"}],"replies":[{"embeddable":true,"href":"https:\/\/icar.cnrs.fr\/comdoc\/wp-json\/wp\/v2\/comments?post=168"}],"version-history":[{"count":12,"href":"https:\/\/icar.cnrs.fr\/comdoc\/wp-json\/wp\/v2\/pages\/168\/revisions"}],"predecessor-version":[{"id":1960,"href":"https:\/\/icar.cnrs.fr\/comdoc\/wp-json\/wp\/v2\/pages\/168\/revisions\/1960"}],"up":[{"embeddable":true,"href":"https:\/\/icar.cnrs.fr\/comdoc\/wp-json\/wp\/v2\/pages\/1400"}],"wp:featuredmedia":[{"embeddable":true,"href":"https:\/\/icar.cnrs.fr\/comdoc\/wp-json\/wp\/v2\/media\/1518"}],"wp:attachment":[{"href":"https:\/\/icar.cnrs.fr\/comdoc\/wp-json\/wp\/v2\/media?parent=168"}],"curies":[{"name":"wp","href":"https:\/\/api.w.org\/{rel}","templated":true}]}}