{"id":1681,"date":"2020-10-29T16:46:20","date_gmt":"2020-10-29T15:46:20","guid":{"rendered":"http:\/\/icar.cnrs.fr\/comdoc\/?page_id=1681"},"modified":"2022-05-13T09:21:36","modified_gmt":"2022-05-13T07:21:36","slug":"ens","status":"publish","type":"page","link":"https:\/\/icar.cnrs.fr\/comdoc\/soutenance\/preparation\/ens\/","title":{"rendered":"La soutenance \u00e0 l&rsquo;ENS de Lyon"},"content":{"rendered":"<p>Sur cette page, nous avons r\u00e9sum\u00e9 les principales \u00e9tapes de la pr\u00e9paration de la soutenance de th\u00e8se si vous \u00eates inscrit\u00b7e \u00e0 l&rsquo;ENS de Lyon.<\/p>\n<p>Pour des informations plus d\u00e9taill\u00e9es et \u00e0 jour, consultez <b><a href=\"http:\/\/www.ens-lyon.fr\/formation\/inscription-scolarite\/suivi-de-these-et-soutenance\">la page de l&rsquo;ENS d\u00e9di\u00e9e \u00e0 ce sujet<\/a><\/b>.<\/p>\n<h2>PR\u00c9REQUIS<\/h2>\n<ul>\n<li>V\u00e9rifiez que votre th\u00e8se est bien enregistr\u00e9e aupr\u00e8s de l&rsquo;Agence Bibliographique de l&rsquo;Enseignement Sup\u00e9rieur (ABES) via le <a href=\"http:\/\/step.theses.fr\/\">Signalement des Th\u00e8ses En Pr\u00e9paration<\/a> (STEP). Sollicitez le Bureau du 3eme cycle. Normalement, cette d\u00e9marche est effectu\u00e9e lors de votre <a href=\"https:\/\/icar.cnrs.fr\/comdoc\/pendant-la-these\/inscriptions\/d1-ens\/\">inscription en D1<\/a>.<\/li>\n<li>Il est recommand\u00e9 (mais pas impos\u00e9) de suivre la <a href=\"https:\/\/icar.cnrs.fr\/comdoc\/pendant-la-these\/redaction\/\">feuille de style Lyon 2<\/a> d\u00e8s le d\u00e9but de la r\u00e9daction.<\/li>\n<\/ul>\n<h2>COMPOSITION DU JURY<\/h2>\n<p>Avec votre directrice ou directeur de th\u00e8se, vous allez r\u00e9fl\u00e9chir ensemble \u00e0 la composition du jury pour votre soutenance.<\/p>\n<h2>3 MOIS AVANT LA SOUTENANCE<\/h2>\n<p><b>Avec votre directrice ou directeur de th\u00e8se<\/b>, vous devez \u00e9tablir le <b><a href=\"http:\/\/www.ens-lyon.fr\/sites\/default\/files\/2019-03\/PST%202018%20UDL_ENSL.pdf\">dossier de Projet de Soutenance<\/a><\/b>.<\/p>\n<p>Ce dossier sera transmis au Bureau du 3eme cycle, puis \u00e0 la commission du 3e cycle pour avis.<\/p>\n<h2>J-75<\/h2>\n<p><b>Vous devez envoyer le manuscrit au membres du jury d\u00e9sign\u00e9\u00b7e\u00b7s comme pr\u00e9-rapporteur\u00b7e\u00b7s<\/b>. De son c\u00f4te, le Bureau du 3eme cycle se charge d&rsquo;envoyer les courriers notifiant les pr\u00e9-rapporteur\u00b7e\u00b7s de la date de retour des pr\u00e9-rapports.<\/p>\n<h2>1 MOIS AVANT LA SOUTENANCE<\/h2>\n<p>C&rsquo;est le moment des pr\u00e9-rapports ! Le Bureau du 3e cycle vous informe de l&rsquo;avis des pr\u00e9-rapports. Sur avis favorable, ces documents lancent officiellement la pr\u00e9paration de la soutenance.<\/p>\n<p><b>Vous devez \u00e0 ce moment effectuer le d\u00e9p\u00f4t \u00e9lectronique de votre th\u00e8se<\/b> aupr\u00e8s de la Biblioth\u00e8que Diderot. Consultez <b><a href=\"http:\/\/www.bibliotheque-diderot.fr\/procedure-de-depot-de-these-241138.kjsp\">la page de l&rsquo;ENS d\u00e9di\u00e9e \u00e0 ce sujet<\/a><\/b> pour le d\u00e9tail de ces d\u00e9marches. Vous devrez fournir :<\/p>\n<ul>\n<li>Les fichiers natifs du manuscrit (Word, Libre Office..)<\/li>\n<li>La th\u00e8se en format PDF<\/li>\n<li>Le bordereau de d\u00e9p\u00f4t de th\u00e8se compl\u00e9t\u00e9 (document \u00e0 t\u00e9l\u00e9charger sur le site)<\/li>\n<li>Contrat de diffusion de la th\u00e8se<\/li>\n<\/ul>\n<h2>3 SEMAINES AVANT LA SOUTENANCE<\/h2>\n<p>La Biblioth\u00e9que Diderot envoie une attestation de d\u00e9p\u00f4t de th\u00e8se et le bordereau de d\u00e9p\u00f4t au Bureau du 3eme cycle. Ces informations sont ensuite transmises \u00e0 la directrice ou au directeur de th\u00e8se.<\/p>\n","protected":false},"excerpt":{"rendered":"<p>Sur cette page, nous avons r\u00e9sum\u00e9 les principales \u00e9tapes de la pr\u00e9paration de la soutenance de th\u00e8se si vous \u00eates inscrit\u00b7e \u00e0 l&rsquo;ENS de Lyon. Pour des informations plus d\u00e9taill\u00e9es et \u00e0 jour, consultez la page de l&rsquo;ENS d\u00e9di\u00e9e \u00e0 &hellip; <a href=\"https:\/\/icar.cnrs.fr\/comdoc\/soutenance\/preparation\/ens\/\">Continuer la lecture <span class=\"meta-nav\">&rarr;<\/span><\/a><\/p>\n","protected":false},"author":33,"featured_media":1524,"parent":27,"menu_order":0,"comment_status":"closed","ping_status":"closed","template":"onecolumn-page.php","meta":{"inline_featured_image":false,"footnotes":""},"class_list":["post-1681","page","type-page","status-publish","has-post-thumbnail","hentry"],"_links":{"self":[{"href":"https:\/\/icar.cnrs.fr\/comdoc\/wp-json\/wp\/v2\/pages\/1681","targetHints":{"allow":["GET"]}}],"collection":[{"href":"https:\/\/icar.cnrs.fr\/comdoc\/wp-json\/wp\/v2\/pages"}],"about":[{"href":"https:\/\/icar.cnrs.fr\/comdoc\/wp-json\/wp\/v2\/types\/page"}],"author":[{"embeddable":true,"href":"https:\/\/icar.cnrs.fr\/comdoc\/wp-json\/wp\/v2\/users\/33"}],"replies":[{"embeddable":true,"href":"https:\/\/icar.cnrs.fr\/comdoc\/wp-json\/wp\/v2\/comments?post=1681"}],"version-history":[{"count":7,"href":"https:\/\/icar.cnrs.fr\/comdoc\/wp-json\/wp\/v2\/pages\/1681\/revisions"}],"predecessor-version":[{"id":1851,"href":"https:\/\/icar.cnrs.fr\/comdoc\/wp-json\/wp\/v2\/pages\/1681\/revisions\/1851"}],"up":[{"embeddable":true,"href":"https:\/\/icar.cnrs.fr\/comdoc\/wp-json\/wp\/v2\/pages\/27"}],"wp:featuredmedia":[{"embeddable":true,"href":"https:\/\/icar.cnrs.fr\/comdoc\/wp-json\/wp\/v2\/media\/1524"}],"wp:attachment":[{"href":"https:\/\/icar.cnrs.fr\/comdoc\/wp-json\/wp\/v2\/media?parent=1681"}],"curies":[{"name":"wp","href":"https:\/\/api.w.org\/{rel}","templated":true}]}}