{"id":1722,"date":"2020-10-30T09:57:06","date_gmt":"2020-10-30T08:57:06","guid":{"rendered":"http:\/\/icar.cnrs.fr\/comdoc\/?page_id=1722"},"modified":"2025-04-17T17:06:52","modified_gmt":"2025-04-17T15:06:52","slug":"qualification-mcf","status":"publish","type":"page","link":"https:\/\/icar.cnrs.fr\/comdoc\/apres-la-these\/qualification-mcf\/","title":{"rendered":"Qualification aux fonctions de Ma\u00eetre\u00b7sse de Conf\u00e9rences"},"content":{"rendered":"<p>Il s&rsquo;agit d&rsquo;une \u00e9tape n\u00e9cessaire pour \u00eatre \u00e9ligible \u00e0 une candidature aux corps de Ma\u00eetres\u00b7ses de Conf\u00e9rences (et de Professeur\u00b7e\u00b7s des Universit\u00e9s plus tard).<\/p>\n<p>G\u00e9n\u00e9ralement, une fois la th\u00e8se soutenue, le jeune docteur ou la jeune docteure demande une qualification dans la foul\u00e9e. En effet, la campagne de qualification a lieu <b>une fois par an<\/b>.<\/p>\n<p>Nous avons r\u00e9sum\u00e9 ici les informations principales concernant ce processus, mais vous trouverez <b><a href=\"https:\/\/www.galaxie.enseignementsup-recherche.gouv.fr\/ensup\/cand_qualification_droit_commun.htm\">tous les d\u00e9tails sur la plateforme Galaxie<\/a><\/b>, car c&rsquo;est via la plateforme <a href=\"https:\/\/sso-odyssee.enseignementsup-recherche.gouv.fr\/auth\/realms\/odyssee\/protocol\/openid-connect\/auth?client_id=odyssee-front&amp;redirect_uri=https%3A%2F%2Fodyssee.enseignementsup-recherche.gouv.fr%2Faccueil&amp;state=d1291441-f256-4dc1-9759-80daede9234a&amp;response_mode=fragment&amp;response_type=code&amp;scope=openid&amp;nonce=ef9d640f-d7ec-4506-aa21-484e65220af0&amp;ui_locales=fr\">Odyss\u00e9e<\/a> que se d\u00e9roule le processus.<\/p>\n<hr \/>\n<h3>Les sections<\/h3>\n<p>Le docteur ou la docteure demande une qualification dans une section pr\u00e9cise, en lien avec sa discipline de recherche. Le plus souvent, les docteur\u00b7e\u00b7s d&rsquo;ICAR demandent une qualification soit en <b>section 07<\/b> (Sciences du langage : linguistique et phon\u00e9tique g\u00e9n\u00e9rales), <b>section 70<\/b> (Sciences de l&rsquo;\u00e9ducation) ou <b>section 71<\/b> (Sciences de l&rsquo;information et de la communication). Ces sections correspondent aux sections du Conseil National des Universit\u00e9s (CNU), car c&rsquo;est cette institution qui fixe les modalit\u00e9s de qualification aux fonctions de MCF (MCF \u00e9tant un statut universitaire).<\/p>\n<p><b>Vous pouvez <a href=\"https:\/\/www.galaxie.enseignementsup-recherche.gouv.fr\/ensup\/pdf\/qualification\/sections.pdf\">consulter ici la liste des sections du CNU<\/a><\/b>.<\/p>\n<p><span class=\"rouge\"> NB <\/span> : Le docteur peut demander une candidature dans plusieurs sections \u00e0 la fois, la m\u00eame ann\u00e9e.<\/p>\n<h3>Quand ?<\/h3>\n<p>Le calendrier est r\u00e9vis\u00e9 chaque ann\u00e9e, mais globalement, l&rsquo;inscription \u00e0 la qualification se d\u00e9roule entre d\u00e9but septembre et fin octobre de chaque ann\u00e9e. La soutenance de la th\u00e8se doit avoir lieu au plus tard mi-d\u00e9cembre de l&rsquo;ann\u00e9e de candidature \u00e0 la qualification.<\/p>\n<p>Pour conna\u00eetre les dates exactes, il est indispensable de surveiller le <a href=\"https:\/\/www.galaxie.enseignementsup-recherche.gouv.fr\/ensup\/cand_qualification_droit_commun.htm\"><b>calendrier mis \u00e0 jour sur la plateforme Galaxie<\/b><\/a>.<\/p>\n<h3>En quoi consiste le processus ?<\/h3>\n<p>Vous devrez monter un dossier sur la plateforme Galaxie. Certaines pi\u00e8ces sont communes \u00e0 toutes et \u00e0 tous, d&rsquo;autres d\u00e9pendent des demandes sp\u00e9cifiques de votre section. Vous trouverez toutes les informations sur la plateforme Galaxie. Pensez \u00e9ventuellement \u00e0 consulter la page relative \u00e0 votre section sur le <b><a href=\"https:\/\/www.conseil-national-des-universites.fr\/cnu\/#\/\">site du CNU<\/a><\/b>.<\/p>\n<p>Une fois votre inscription est faite, \u00e0 partir de fin novembre, deux rapporteur\u00b7e\u00b7s (enseignant\u00b7e\u00b7s-chercheur\u00b7e\u00b7s \u00e9lu\u00b7e\u00b7s au CNU) pour chaque discipline sont attribu\u00e9\u00b7e\u00b7s au docteur ou \u00e0 la docteure. Les noms ainsi que les adresses des rapporteur\u00b7e\u00b7s sont pr\u00e9cis\u00e9s sur le site.<\/p>\n<p>Apr\u00e8s la cl\u00f4ture des candidatures, vous pourrez suivre le processus dans votre espace candidat sur Galaxie. Votre dossier est \u00e9tudi\u00e9 par les rapporteur\u00b7e\u00b7s, et, sur leur avis favorable, vous \u00eates nomm\u00e9\u00b7e qualifi\u00e9\u00b7e aux fonctions de Ma\u00eetre\u00b7sse de Conf\u00e9rences.<\/p>\n","protected":false},"excerpt":{"rendered":"<p>Il s&rsquo;agit d&rsquo;une \u00e9tape n\u00e9cessaire pour \u00eatre \u00e9ligible \u00e0 une candidature aux corps de Ma\u00eetres\u00b7ses de Conf\u00e9rences (et de Professeur\u00b7e\u00b7s des Universit\u00e9s plus tard). G\u00e9n\u00e9ralement, une fois la th\u00e8se soutenue, le jeune docteur ou la jeune docteure demande une qualification &hellip; <a href=\"https:\/\/icar.cnrs.fr\/comdoc\/apres-la-these\/qualification-mcf\/\">Continuer la lecture <span class=\"meta-nav\">&rarr;<\/span><\/a><\/p>\n","protected":false},"author":2,"featured_media":1517,"parent":1402,"menu_order":0,"comment_status":"closed","ping_status":"closed","template":"onecolumn-page.php","meta":{"inline_featured_image":false,"footnotes":""},"class_list":["post-1722","page","type-page","status-publish","has-post-thumbnail","hentry"],"_links":{"self":[{"href":"https:\/\/icar.cnrs.fr\/comdoc\/wp-json\/wp\/v2\/pages\/1722","targetHints":{"allow":["GET"]}}],"collection":[{"href":"https:\/\/icar.cnrs.fr\/comdoc\/wp-json\/wp\/v2\/pages"}],"about":[{"href":"https:\/\/icar.cnrs.fr\/comdoc\/wp-json\/wp\/v2\/types\/page"}],"author":[{"embeddable":true,"href":"https:\/\/icar.cnrs.fr\/comdoc\/wp-json\/wp\/v2\/users\/2"}],"replies":[{"embeddable":true,"href":"https:\/\/icar.cnrs.fr\/comdoc\/wp-json\/wp\/v2\/comments?post=1722"}],"version-history":[{"count":6,"href":"https:\/\/icar.cnrs.fr\/comdoc\/wp-json\/wp\/v2\/pages\/1722\/revisions"}],"predecessor-version":[{"id":1970,"href":"https:\/\/icar.cnrs.fr\/comdoc\/wp-json\/wp\/v2\/pages\/1722\/revisions\/1970"}],"up":[{"embeddable":true,"href":"https:\/\/icar.cnrs.fr\/comdoc\/wp-json\/wp\/v2\/pages\/1402"}],"wp:featuredmedia":[{"embeddable":true,"href":"https:\/\/icar.cnrs.fr\/comdoc\/wp-json\/wp\/v2\/media\/1517"}],"wp:attachment":[{"href":"https:\/\/icar.cnrs.fr\/comdoc\/wp-json\/wp\/v2\/media?parent=1722"}],"curies":[{"name":"wp","href":"https:\/\/api.w.org\/{rel}","templated":true}]}}