{"id":186,"date":"2013-10-01T10:18:22","date_gmt":"2013-10-01T09:18:22","guid":{"rendered":"http:\/\/liri.ish-lyon.cnrs.fr\/comdoc\/?page_id=186"},"modified":"2020-10-29T14:14:36","modified_gmt":"2020-10-29T13:14:36","slug":"enseignement","status":"publish","type":"page","link":"https:\/\/icar.cnrs.fr\/comdoc\/pendant-la-these\/enseignement\/","title":{"rendered":"Activit\u00e9 d&rsquo;enseignement"},"content":{"rendered":"<p>Au cours du Doctorat, il est possible d&rsquo;exercer une activit\u00e9 d&rsquo;enseignement universitaire. Cette activit\u00e9 permet \u00e0 la fois d&rsquo;acqu\u00e9rir une exp\u00e9rience d&rsquo;enseignement (valorisante pour la suite de la carri\u00e8re acad\u00e9mique), et, dans le cas o\u00f9 vous ne b\u00e9n\u00e9ficiez pas de contrat doctoral, de contribuer partiellement au financement de votre th\u00e8se. <\/p>\n<hr \/>\n<h2> CHARGE\u00b7E\u00b7S D&rsquo;ENSEIGNEMENT, VACATAIRES ET CONTRACTUEL\u00b7LE\u00b7S <\/h2>\n<h3>Conditions d\u2019attribution<\/h3>\n<ul>\n<li>\u00eatre doctorant\u00b7e sans limite d&rsquo;\u00e2ge (si sous contrat doctoral, v\u00e9rifier les conditions d\u00e9finies)<\/li>\n<li>ou avoir une activit\u00e9 professionnelle principale (direction d\u2019entreprise, activit\u00e9 salari\u00e9e d\u2019au moins 900 h de travail ou 300 h d\u2019enseignement)<\/li>\n<li>ou \u00eatre demandeur d&#8217;emploi <\/li>\n<li>ou \u00eatre retrait\u00e9<\/li>\n<\/ul>\n<h3>Contrat<\/h3>\n<p>Les contractuel\u00b7le\u00b7s peuvent \u00eatre employ\u00e9\u00b7e\u00b7s \u00e0 titre principal par l&rsquo;universit\u00e9 sur des activit\u00e9s autres que l&rsquo;enseignement.<br \/>\nIl s\u2019agit d\u2019un engagement annuel renouvelable pour un nombre limit\u00e9 de vacations.<br \/>\nLes activit\u00e9s d&rsquo;enseignement sont limit\u00e9es \u00e0 96 h (\u00e9quivalent TD).<br \/>\n<a href=\"http:\/\/3la.univ-lyon2.fr\/IMG\/pdf\/circulaire_16-c-1_doctorants_contractuels.pdf\">Texte officiel<\/a><\/p>\n<h3>R\u00e9mun\u00e9ration<\/h3>\n<p>Les taux fix\u00e9s par l&rsquo;article 1er de l&rsquo;arr\u00eat\u00e9 du 6 novembre 1989 susvis\u00e9 sont modifi\u00e9s comme suit :<\/p>\n<ul>\n<li>Cours magistraux : 61,35 \u20ac<\/li>\n<li>Travaux dirig\u00e9s : 40,91 \u20ac<\/li>\n<li>Travaux pratiques : 27,26 \u20ac<\/li>\n<\/ul>\n<h3>Proc\u00e9dure \u00e0 suivre<\/h3>\n<p>Contacter le secr\u00e9tariat li\u00e9 \u00e0 vos enseignements pour monter votre dossier administratif. Plus d&rsquo;informations ici :<\/p>\n<ul>\n<li><a href=\"https:\/\/scel.univ-lyon1.fr\/vacataire\/vacataire-501478.kjsp?RH=SCEL_IP\">SCEL Lyon 1<\/a><\/li>\n<li><a href=\"https:\/\/www.univ-lyon2.fr\/universite\/recrutement-et-concours\">Universit\u00e9 Lumi\u00e8re Lyon 2<\/a><\/li>\n<li><a href=\"http:\/\/www.ens-lyon.fr\/lecole\/travailler-lens\/recrutement-et-offres-demploi\">ENS de Lyon<\/a><\/li>\n<\/ul>\n<p><FONT class=\"rouge\"> Attention <\/FONT>\u00a0: Si vous avez sign\u00e9 un contrat doctoral, vous devez imp\u00e9rativement \u00e9tablir un avenant au contrat par l&rsquo;universit\u00e9 o\u00f9 vous allez enseigner, pour vos heures d&rsquo;enseignement. Pour certains contrats doctoraux (notamment contrats CNRS), il faudra penser \u00e0 demander l&rsquo;autorisation de cumul d&rsquo;activit\u00e9s.<\/p>\n<p><FONT class=\"rouge\"> NB <\/FONT> : Si vous \u00eates demandeur ou demandeuse d\u2019emploi, vous pouvez, \u00e9ventuellement, conserver vos allocations le temps de la th\u00e8se. Voir avec le P\u00f4le Emploi les diverses formules possibles.<\/p>\n<hr \/>\n<h2> ATTACH\u00c9\u00b7E TEMPORAIRE D&rsquo;ENSEIGNEMENT ET DE RECHERCHE (ATER) <\/h2>\n<h3>Conditions d\u2019attribution<\/h3>\n<ul>\n<li>\u00eatre fonctionnaire titulaire ou stagiaire de cat\u00e9gorie A <\/li>\n<li>ou \u00eatre inscrit\u00b7e en vue de la pr\u00e9paration d&rsquo;un doctorat ou d&rsquo;une habilitation \u00e0 diriger des recherches, le directeur ou la directrice de th\u00e8se devant attester que <b>la th\u00e8se peut \u00eatre soutenue dans un d\u00e9lai d&rsquo;un an<\/b><\/li>\n<li>ou \u00eatre d\u00e9j\u00e0 titulaire d&rsquo;un doctorat ou d&rsquo;une habilitation \u00e0 diriger des recherches<\/li>\n<li>ou \u00eatre enseignant\u00b7e ou chercheur\u00b7e de nationalit\u00e9 \u00e9trang\u00e8re ayant exerc\u00e9 des fonctions d&rsquo;enseignement ou de recherche pendant au moins 2 ans<\/li>\n<p><a href=\"https:\/\/www.education.gouv.fr\/attache-temporaire-d-enseignement-et-de-recherche-ater-12767\">Texte officiel<\/a><\/p>\n<\/ul>\n<h3>Contrat<\/h3>\n<p>Il s&rsquo;agit d&rsquo;un contrat \u00e0 dur\u00e9e d\u00e9termin\u00e9e, \u00e0 temps plein ou \u00e0 mi-temps. Les ATER exercent une fonction d\u2019enseignant\u00b7e (192h \u00e9quivalent TD \u00e0 temps plein \u2013 96h \u00e9quivalent TD \u00e0 mi-temps).<br \/>\nContrat limit\u00e9 \u00e0 un an avec possibilit\u00e9 de renouveler une fois.<\/p>\n<h3>Proc\u00e9dure \u00e0 suivre<\/h3>\n<p>Le moment de l&rsquo;appel \u00e0 candidatures varie selon les universit\u00e9s. En g\u00e9n\u00e9ral, les recrutements se d\u00e9roulent au printemps &#8211; \u00e9t\u00e9 pour l&rsquo;ann\u00e9e universitaire \u00e0 venir.<\/p>\n<p>Pour consulter les postes ouverts au recrutement, rendez-vous d\u00e8s le mois de f\u00e9vrier sur la <a href=\"https:\/\/www.galaxie.enseignementsup-recherche.gouv.fr\/ensup\/cand_recrutement_ATER.htm\">plateforme Galaxie<\/a>.<\/p>\n<p><FONT class=\"rouge\"> NB <\/FONT> : Pensez \u00e0 consulter la <a href=\"https:\/\/www.galaxie.enseignementsup-recherche.gouv.fr\/ensup\/pdf\/qualification\/sections.pdf\">liste des sections CNU<\/a> (Conseil National des Universit\u00e9s) afin de vous positionner au mieux pour les postes ATER qui correspondent \u00e0 votre profil.<\/p>\n","protected":false},"excerpt":{"rendered":"<p>Au cours du Doctorat, il est possible d&rsquo;exercer une activit\u00e9 d&rsquo;enseignement universitaire. Cette activit\u00e9 permet \u00e0 la fois d&rsquo;acqu\u00e9rir une exp\u00e9rience d&rsquo;enseignement (valorisante pour la suite de la carri\u00e8re acad\u00e9mique), et, dans le cas o\u00f9 vous ne b\u00e9n\u00e9ficiez pas de &hellip; <a href=\"https:\/\/icar.cnrs.fr\/comdoc\/pendant-la-these\/enseignement\/\">Continuer la lecture <span class=\"meta-nav\">&rarr;<\/span><\/a><\/p>\n","protected":false},"author":22,"featured_media":1522,"parent":1401,"menu_order":2,"comment_status":"closed","ping_status":"closed","template":"onecolumn-page.php","meta":{"inline_featured_image":false,"footnotes":""},"class_list":["post-186","page","type-page","status-publish","has-post-thumbnail","hentry"],"_links":{"self":[{"href":"https:\/\/icar.cnrs.fr\/comdoc\/wp-json\/wp\/v2\/pages\/186","targetHints":{"allow":["GET"]}}],"collection":[{"href":"https:\/\/icar.cnrs.fr\/comdoc\/wp-json\/wp\/v2\/pages"}],"about":[{"href":"https:\/\/icar.cnrs.fr\/comdoc\/wp-json\/wp\/v2\/types\/page"}],"author":[{"embeddable":true,"href":"https:\/\/icar.cnrs.fr\/comdoc\/wp-json\/wp\/v2\/users\/22"}],"replies":[{"embeddable":true,"href":"https:\/\/icar.cnrs.fr\/comdoc\/wp-json\/wp\/v2\/comments?post=186"}],"version-history":[{"count":8,"href":"https:\/\/icar.cnrs.fr\/comdoc\/wp-json\/wp\/v2\/pages\/186\/revisions"}],"predecessor-version":[{"id":1657,"href":"https:\/\/icar.cnrs.fr\/comdoc\/wp-json\/wp\/v2\/pages\/186\/revisions\/1657"}],"up":[{"embeddable":true,"href":"https:\/\/icar.cnrs.fr\/comdoc\/wp-json\/wp\/v2\/pages\/1401"}],"wp:featuredmedia":[{"embeddable":true,"href":"https:\/\/icar.cnrs.fr\/comdoc\/wp-json\/wp\/v2\/media\/1522"}],"wp:attachment":[{"href":"https:\/\/icar.cnrs.fr\/comdoc\/wp-json\/wp\/v2\/media?parent=186"}],"curies":[{"name":"wp","href":"https:\/\/api.w.org\/{rel}","templated":true}]}}