{"id":189,"date":"2013-10-01T10:18:57","date_gmt":"2013-10-01T09:18:57","guid":{"rendered":"http:\/\/liri.ish-lyon.cnrs.fr\/comdoc\/?page_id=189"},"modified":"2025-04-16T18:39:23","modified_gmt":"2025-04-16T16:39:23","slug":"mobilite","status":"publish","type":"page","link":"https:\/\/icar.cnrs.fr\/comdoc\/pendant-la-these\/mobilite\/","title":{"rendered":"Mobilit\u00e9 internationale"},"content":{"rendered":"<p>Puisque la recherche d\u00e9passe les fronti\u00e8res, il est possible que vous ayez l&rsquo;opportunit\u00e9 de mobilit\u00e9 internationale au cours de votre doctorat.<\/p>\n<p>Vous pouvez notamment envisager un s\u00e9jour \u00e0 l&rsquo;\u00e9tranger dans les cadres suivants :<\/p>\n<ul>\n<li><b>Th\u00e8se en cotutelle internationale<\/b> : la pr\u00e9paration de votre th\u00e8se est r\u00e9partie entre deux \u00e9tablissements dans deux pays diff\u00e9rents. La doctorante ou le doctorant alterne les p\u00e9riodes de s\u00e9jour dans chacun des pays.<\/li>\n<li><b>Th\u00e8se en codirection<\/b> : vous \u00eates inscrit\u00b7e dans un \u00e9tablissement principal, mais vous \u00eates suivi\u00b7e par deux directeurs ou directrices de th\u00e8se.<\/li>\n<li><b>S\u00e9jour de recherche<\/b> : vous pouvez programmer un s\u00e9jour \u00e0 l&rsquo;\u00e9tranger dans le cadre de la pr\u00e9paration de votre th\u00e8se, afin de consulter des ressources, faire du terrain, etc.<\/li>\n<\/ul>\n<p>Sur cette page, nous avons r\u00e9sum\u00e9 les principales modalit\u00e9s pour financer un s\u00e9jour \u00e0 l&rsquo;\u00e9tranger pendant votre th\u00e8se. Pour de plus amples informations, consultez la <b><a href=\"https:\/\/www.universite-lyon.fr\/international\/partir-a-l-etranger\/partir-a-l-etranger-pour-votre-doctorat-ou-votre-recherche-2119.kjsp?RH=1487584246121\">page de l&rsquo;Universit\u00e9 de Lyon d\u00e9di\u00e9e \u00e0 ce sujet<\/a><\/b>.<\/p>\n<hr \/>\n<h2>IDEXLYON<\/h2>\n<p>L&rsquo;IDEXLYON pr\u00e9voit un programme de soutien \u00e0 la mobilit\u00e9 pour les doctorant\u00b7e\u00b7s qui souhaitent effectuer un s\u00e9jour de recherche \u00e0 l&rsquo;\u00e9tranger. Pour postuler, il faudra pr\u00e9parer une candidature en accord avec les encadrant\u00b7e\u00b7s d&rsquo;accueil (dans l&rsquo;universit\u00e9 \u00e9trang\u00e8re o\u00f9 vous souhaitez vous rendre), et la faire signer par votre directrice ou directeur de th\u00e8se. Les candidatures seront \u00e9tudi\u00e9es et class\u00e9es par une commission d\u00e9di\u00e9e.<\/p>\n<p><b><a href=\"https:\/\/idexlyon.universite-lyon.fr\/mobilite-internationale--4951.kjsp?RH=1508754345880\">Plus d&rsquo;informations sur le soutien de l&rsquo;IDEXLYON<\/a><\/b><\/p>\n<h2>R\u00c9GION AUVERGNE-RHONE-ALPES<\/h2>\n<p>La r\u00e9gion pr\u00e9voit des bourses de mobilit\u00e9 pour les \u00e9tudiant\u00b7e\u00b7s du sup\u00e9rieur inscrit\u00b7e\u00b7s dans un \u00e9tablissement sup\u00e9rieur d&rsquo;Auvergne-Rh\u00f4ne-Alpes. Il s&rsquo;agit d&rsquo;une aide forfaitaire sur une dur\u00e9e de 4 \u00e0 26 semaines, avec possibilit\u00e9 d&rsquo;une aide compl\u00e9mentaire sur crit\u00e8res sociaux.<\/p>\n<p><b><a href=\"https:\/\/www.auvergnerhonealpes.fr\/aide\/73\/89-se-former-a-l-etranger-avec-la-bourse-regionale-mobilite-internationale-etudiant-enseignement-superieur-recherche-innovation.htm\">Plus d&rsquo;informations sur les bourses de la r\u00e9gion ARA<\/a><\/b><\/p>\n<h2>BOURSES MINIST\u00c9RIELLES<\/h2>\n<p>Il existe \u00e9galement des bourses du gouvernement fran\u00e7ais permettant de financer la mobilit\u00e9 internationale pendant le doctorat. Plusieurs types de bourses sont possibles : par exemple, les bourses d\u2019\u00e9tudes, les bourses de stage ou encore les bourses de s\u00e9jour scientifique de haut niveau.<\/p>\n<p><b> <a href=\"https:\/\/www.diplomatie.gouv.fr\/fr\/venir-en-france\/etudier-en-france\/financer-son-projet-d-etudes-en-france\/\">Plus d&rsquo;informations sur les bourses minist\u00e9rielles<\/a> <\/b><\/p>\n<h2>BOURSES INTERNATIONALES<\/h2>\n<p>Il existe de nombreux programmes auxquels vous pouvez faire appel pour financer votre projet de s\u00e9jour. Pour avoir les informations \u00e0 jour, consultez les pages suivantes :<\/p>\n<ul>\n<li><a href=\"https:\/\/agence.erasmusplus.fr\/\">Le programme europ\u00e9en Erasmus +<\/a><\/li>\n<li><a href=\"https:\/\/www.daad-france.fr\/fr\/trouver-un-financement\/aide-a-la-candidature\/\">DAAD : Deutscher Akademischer Austausch Dienst \/ Office allemande d\u2019\u00e9changes universitaires<\/a><\/li>\n<li><a href=\"https:\/\/www.auf.org\/ressources-et-services\/bourses\/\">Agence Universitaire de la Francophonie<\/a><\/li>\n<\/ul>\n<p>Consultez aussi le <b><a href=\"http:\/\/campusbourses.campusfrance.org\/fria\/bourse\/#\/catalog\">site de Campusfrance<\/a><\/b> qui r\u00e9cence les programmes de bourses.<\/p>\n<hr \/>\n<h2>CONTACT<\/h2>\n<p>Pour avoir des renseignements \u00e0 jour concernant la mobilit\u00e9 internationale, prenez contact les personnes r\u00e9f\u00e9rentes dans votre \u00e9tablissement:<\/p>\n<ul>\n<li><b>Universit\u00e9 Lumi\u00e8re Lyon 2<\/b> :<br \/>\nDirection de la Recherche et des Ecoles Doctorales (DRED) de l&rsquo;Universit\u00e9 Lyon 2<br \/>\n<b> P\u00f4le International <\/b> : <a href=\"mailto:ri.recherche@univ-lyon2.fr\">ri.recherche@univ-lyon2.fr<\/a><\/li>\n<li><b>ENS de Lyon<\/b> :<br \/>\nConsultez la <a href=\"http:\/\/www.ens-lyon.fr\/formation\/offre-de-formation\/etudier-letranger\">page d\u00e9di\u00e9e \u00e0 la mobilit\u00e9<\/a><\/li>\n<\/ul>\n","protected":false},"excerpt":{"rendered":"<p>Puisque la recherche d\u00e9passe les fronti\u00e8res, il est possible que vous ayez l&rsquo;opportunit\u00e9 de mobilit\u00e9 internationale au cours de votre doctorat. Vous pouvez notamment envisager un s\u00e9jour \u00e0 l&rsquo;\u00e9tranger dans les cadres suivants : Th\u00e8se en cotutelle internationale : la &hellip; <a href=\"https:\/\/icar.cnrs.fr\/comdoc\/pendant-la-these\/mobilite\/\">Continuer la lecture <span class=\"meta-nav\">&rarr;<\/span><\/a><\/p>\n","protected":false},"author":22,"featured_media":1522,"parent":1401,"menu_order":2,"comment_status":"closed","ping_status":"closed","template":"onecolumn-page.php","meta":{"inline_featured_image":false,"footnotes":""},"class_list":["post-189","page","type-page","status-publish","has-post-thumbnail","hentry"],"_links":{"self":[{"href":"https:\/\/icar.cnrs.fr\/comdoc\/wp-json\/wp\/v2\/pages\/189","targetHints":{"allow":["GET"]}}],"collection":[{"href":"https:\/\/icar.cnrs.fr\/comdoc\/wp-json\/wp\/v2\/pages"}],"about":[{"href":"https:\/\/icar.cnrs.fr\/comdoc\/wp-json\/wp\/v2\/types\/page"}],"author":[{"embeddable":true,"href":"https:\/\/icar.cnrs.fr\/comdoc\/wp-json\/wp\/v2\/users\/22"}],"replies":[{"embeddable":true,"href":"https:\/\/icar.cnrs.fr\/comdoc\/wp-json\/wp\/v2\/comments?post=189"}],"version-history":[{"count":10,"href":"https:\/\/icar.cnrs.fr\/comdoc\/wp-json\/wp\/v2\/pages\/189\/revisions"}],"predecessor-version":[{"id":1965,"href":"https:\/\/icar.cnrs.fr\/comdoc\/wp-json\/wp\/v2\/pages\/189\/revisions\/1965"}],"up":[{"embeddable":true,"href":"https:\/\/icar.cnrs.fr\/comdoc\/wp-json\/wp\/v2\/pages\/1401"}],"wp:featuredmedia":[{"embeddable":true,"href":"https:\/\/icar.cnrs.fr\/comdoc\/wp-json\/wp\/v2\/media\/1522"}],"wp:attachment":[{"href":"https:\/\/icar.cnrs.fr\/comdoc\/wp-json\/wp\/v2\/media?parent=189"}],"curies":[{"name":"wp","href":"https:\/\/api.w.org\/{rel}","templated":true}]}}