{"id":20,"date":"2013-08-02T12:01:40","date_gmt":"2013-08-02T11:01:40","guid":{"rendered":"http:\/\/liri.ish-lyon.cnrs.fr\/comdoc\/?page_id=20"},"modified":"2020-10-28T19:30:13","modified_gmt":"2020-10-28T18:30:13","slug":"reinscriptions-ens","status":"publish","type":"page","link":"https:\/\/icar.cnrs.fr\/comdoc\/pendant-la-these\/inscriptions\/reinscriptions-ens\/","title":{"rendered":"R\u00e9inscription \u00e0 l&rsquo;ENS de Lyon"},"content":{"rendered":"<p>Pour vous r\u00e9inscrire en D2 ou D3, la d\u00e9marche est similaire \u00e0 l&rsquo;<a href=\"https:\/\/icar.cnrs.fr\/comdoc\/pendant-la-these\/inscriptions\/d1-ens\/\">inscription en D1<\/a>, \u00e0 quelques d\u00e9tails pr\u00e8s.<\/p>\n<p><FONT class=\"rouge\">IMPORTANT<\/FONT> : si vous vous r\u00e9inscrivez en D4 et plus, notez bien les informations indiqu\u00e9es en derni\u00e8re section de cette page.<\/p>\n<h2>1 &#8211; R\u00c9INSCRIPTION P\u00c9DAGOGIQUE<\/h2>\n<p>Cette \u00e9tape se d\u00e9roule sur <a href=\"https:\/\/siged.universite-lyon.fr\/siged\/Utilisateur\/Authentification\"><b>la plateforme SIGED<\/b><\/a>. <\/p>\n<p>Le processus se d\u00e9roule comme suit :<\/p>\n<ol>\n<li>Effectuer une demande de r\u00e9inscription sur la plateforme, en utilisant son identifiant. Les rubriques du dossier sont \u00e0 mettre \u00e0 jour. <b> NB <\/b> : certaines informations (directrice ou directeur de th\u00e8se, titre de la th\u00e8se, etc.) ne peuvent \u00eatre modifi\u00e9es par vous, demandez \u00e0 l&rsquo;ED si des mises \u00e0 jour sont n\u00e9cessaires.<\/li>\n<li>L\u2019\u00c9cole doctorale v\u00e9rifie la demande d&rsquo;inscription et la transmet pour avis au directeur ou \u00e0 la directrice de th\u00e8se, \u00e0 la direction du laboratoire et de l\u2019\u00c9cole Doctorale. L&rsquo;ensemble de ce processus se d\u00e9roule en ligne.<br \/>\n<FONT class=\"rouge\"> Important <\/FONT> : la fiche doctorant du laboratoire ICAR est obligatoire pour que le secr\u00e9tariat valide votre \u00e9tape d&rsquo;inscription sur SIGED.<\/li>\n<li>Si tous ces avis sont favorables (\u00c9tape 5\/6 de la plateforme) le secr\u00e9tariat de l&rsquo;ED valide\u00a0: l\u2019inscription p\u00e9dagogique est ainsi termin\u00e9e.<\/li>\n<\/ol>\n<p>Pour toutes demandes d\u2019utilisation de l\u2019application SIGED vous pouvez vous adresser par mail \u00e0 <a href=\"mailto:sos.siged@universite-lyon.fr\">sos.siged@universite-lyon.fr<\/a><\/p>\n<h2>2 &#8211; R\u00c9INSCRIPTION ADMINISTRATIVE <\/h2>\n<ol>\n<li>Le Bureau du 3\u00e8me cycle vous informe par mail de l&rsquo;ouverture de la campagne de r\u00e9inscription en th\u00e8se \u00e0 l&rsquo;ENS de Lyon (courant juillet) et vous fournit la liste des pi\u00e8ces justificatives \u00e0 pr\u00e9parer.<\/li>\n<li>Les diff\u00e9rents justificatifs attendus sont \u00e0 faire parvenir au Bureau du 3\u00e8me cycle de l&rsquo;ENS de Lyon par:\n<ul>\n<li> Voie postale : ENS de Lyon &#8211; Service des Etudes et de la Scolarit\u00e9 &#8211; Bureau du 3\u00e8me cycle Site Descartes &#8211; 15 Parvis Ren\u00e9 Descartes &#8211; BP 7000 &#8211; 69342 LYON CEDEX 07.<\/li>\n<li> Mail :\u00a0<a href=\"mailto:rentree.doctorants@ens-lyon.fr\">rentree.doctorants@ens-lyon.fr<\/a> ou <a href=\"mailto:etudes-theses-hdr@ens-lyon.fr\">etudes-theses-hdr@ens-lyon.fr<\/a><\/li>\n<li> D\u00e9p\u00f4t au Bureau du 3\u00e8me cycle: Site Descartes, B\u00e2timent D2, 2\u00e8me \u00e9tage.<\/li>\n<\/li>\n<\/ul>\n<li>Un acquittement de la Contribution de Vie Etudiante et de Campus (CVEC) de 92 \u20ac vous sera demand\u00e9, en compl\u00e9ment des frais d\u2019inscription.<\/li>\n<\/ol>\n<p>Toutes ces informations sont disponibles directement sur le <a href=\"http:\/\/www.ens-lyon.fr\/formation\/inscription-scolarite\/reinscription-en-doctorat\">site de l&rsquo;ENS\u00a0<\/a><\/p>\n<p>Apr\u00e8s avoir transmis un dossier d&rsquo;inscription complet et effectu\u00e9 le paiement des frais d\u2019inscription, le doctorant re\u00e7oit ses certificats de scolarit\u00e9.<\/li>\n<p><FONT class=\"rouge\"> NB <\/FONT> : Tout changement (titre de th\u00e8se, directeur \/ co-directeur de th\u00e8se, etc.) doit \u00eatre communiqu\u00e9 au Bureau de 3<sup>\u00e8me<\/sup> cycle du service des \u00e9tudes et de la scolarit\u00e9 via le directeur ou la directrice de th\u00e8se.<\/p>\n<h2>3 &#8211; POUR LES DOCTORANT\u00b7E\u00b7S RATTACH\u00c9\u00b7E\u00b7S \u00c0 L&rsquo;ED 3LA <\/h2>\n<h3>R\u00e9inscription sur les listes de l&rsquo;ED<\/h3>\n<p>Remplir <a href=\"http:\/\/3la.univ-lyon2.fr\/spip.php?rubrique7\">le formulaire disponible sur le site de l&rsquo;ED<\/a>.<\/p>\n<p>Une attestation vous sera d\u00e9livr\u00e9e par mail.<\/p>\n<h3>Fiche bilan<\/h3>\n<p>D\u00e8s l\u2019inscription en deuxi\u00e8me ann\u00e9e, les doctorants rattach\u00e9s \u00e0 l\u2019ED 3LA doivent envoyer au secr\u00e9tariat de l\u2019ED la <FONT class=\"rouge\"> fiche-bilan annuelle<\/FONT>, permettant de communiquer \u00e0 l&rsquo;ED le nombre d\u2019heures de formation effectu\u00e9es, l&rsquo;\u00e9tat d\u2019avancement du travail de th\u00e8se, la participation \u00e0 colloques etc.<\/p>\n<p>Vous pouvez <b><a href=\"http:\/\/3la.univ-lyon2.fr\/spip.php?article87\">t\u00e9l\u00e9charger la fiche<\/a><\/b> sur le site de l&rsquo;ED.<\/p>\n<hr \/>\n<h2> <FONT class=\"rouge\"> POUR UNE R\u00c9INSCRIPTION EN D4 ET PLUS <\/FONT><\/h2>\n<p>Si vous \u00eates dans ce cas de figure, il faut pr\u00e9senter une <b>demande de d\u00e9rogation<\/b>. Elle sera sign\u00e9e par le directeur ou la directrice de recherche et la direction du laboratoire, puis adress\u00e9e \u00e0 la direction de l\u2019\u00c9cole Doctorale de rattachement.<\/li>\n<p><b>Contactez le secr\u00e9tariat de votre ED bien avant la rentr\u00e9e universitaire pour conna\u00eetre les d\u00e9lais de pr\u00e9sentation de votre demande de d\u00e9rogation\u00a0!<\/b><\/p>\n","protected":false},"excerpt":{"rendered":"<p>Pour vous r\u00e9inscrire en D2 ou D3, la d\u00e9marche est similaire \u00e0 l&rsquo;inscription en D1, \u00e0 quelques d\u00e9tails pr\u00e8s. IMPORTANT : si vous vous r\u00e9inscrivez en D4 et plus, notez bien les informations indiqu\u00e9es en derni\u00e8re section de cette page. &hellip; <a href=\"https:\/\/icar.cnrs.fr\/comdoc\/pendant-la-these\/inscriptions\/reinscriptions-ens\/\">Continuer la lecture <span class=\"meta-nav\">&rarr;<\/span><\/a><\/p>\n","protected":false},"author":21,"featured_media":1522,"parent":17,"menu_order":0,"comment_status":"closed","ping_status":"closed","template":"onecolumn-page.php","meta":{"inline_featured_image":false,"footnotes":""},"class_list":["post-20","page","type-page","status-publish","has-post-thumbnail","hentry"],"_links":{"self":[{"href":"https:\/\/icar.cnrs.fr\/comdoc\/wp-json\/wp\/v2\/pages\/20","targetHints":{"allow":["GET"]}}],"collection":[{"href":"https:\/\/icar.cnrs.fr\/comdoc\/wp-json\/wp\/v2\/pages"}],"about":[{"href":"https:\/\/icar.cnrs.fr\/comdoc\/wp-json\/wp\/v2\/types\/page"}],"author":[{"embeddable":true,"href":"https:\/\/icar.cnrs.fr\/comdoc\/wp-json\/wp\/v2\/users\/21"}],"replies":[{"embeddable":true,"href":"https:\/\/icar.cnrs.fr\/comdoc\/wp-json\/wp\/v2\/comments?post=20"}],"version-history":[{"count":3,"href":"https:\/\/icar.cnrs.fr\/comdoc\/wp-json\/wp\/v2\/pages\/20\/revisions"}],"predecessor-version":[{"id":1645,"href":"https:\/\/icar.cnrs.fr\/comdoc\/wp-json\/wp\/v2\/pages\/20\/revisions\/1645"}],"up":[{"embeddable":true,"href":"https:\/\/icar.cnrs.fr\/comdoc\/wp-json\/wp\/v2\/pages\/17"}],"wp:featuredmedia":[{"embeddable":true,"href":"https:\/\/icar.cnrs.fr\/comdoc\/wp-json\/wp\/v2\/media\/1522"}],"wp:attachment":[{"href":"https:\/\/icar.cnrs.fr\/comdoc\/wp-json\/wp\/v2\/media?parent=20"}],"curies":[{"name":"wp","href":"https:\/\/api.w.org\/{rel}","templated":true}]}}