{"id":31,"date":"2013-08-02T12:10:51","date_gmt":"2013-08-02T11:10:51","guid":{"rendered":"http:\/\/liri.ish-lyon.cnrs.fr\/comdoc\/?page_id=31"},"modified":"2020-04-23T11:02:09","modified_gmt":"2020-04-23T09:02:09","slug":"doctorants-par-directeur-de-these","status":"publish","type":"page","link":"https:\/\/icar.cnrs.fr\/comdoc\/ressources\/doctorants-par-directeur-de-these\/","title":{"rendered":"Liste des doctorants"},"content":{"rendered":"<p style=\"text-align: center;\"><strong>Liste des doctorants avril 2020<\/strong><\/p>\n<p><i>*Si vous constatez des erreurs, dites le nous et nous ferons les modifications au plus vite.<\/i><br \/>\nElle regroupe les doctorants d\u00e9clar\u00e9s inscrits \u00e0 ICAR selon leur directeur de th\u00e8se. Elle est class\u00e9e par ordre alphab\u00e9tique des noms de directeur. Chacun est libre de prendre contact avec des co-doctorants de son directeur et d\u2019\u00e9tablir un r\u00e9seau de travail et d\u2019\u00e9change dans sa propre sp\u00e9cialit\u00e9.<br \/>\nIl y a 3 \u00e9quipes \u00e0 ICAR, chacune comportant deux \u00e0 trois sous axes th\u00e9matiques (ou sous-\u00e9quipes).<\/p>\n<table border=\"0\" width=\"526\" cellspacing=\"0\" cellpadding=\"0\">\n<colgroup>\n<col span=\"3\" width=\"85\" \/>\n<col width=\"186\" \/>\n<col width=\"85\" \/><\/colgroup>\n<tbody>\n<tr>\n<td width=\"102\"><strong>Nom<\/strong><\/td>\n<td width=\"78\"><strong>Pr\u00e9nom<\/strong><\/td>\n<td width=\"66\"><strong>Etablissement<\/strong><\/td>\n<td width=\"143\"><strong>Directeur de th\u00e8se<\/strong><\/td>\n<td width=\"66\"><strong>Ecole doctorale<\/strong><\/td>\n<\/tr>\n<tr>\n<td width=\"85\" height=\"16\">ABDO \/ ABOU KASH<\/td>\n<td width=\"85\">Nariman<\/td>\n<td width=\"85\">Lyon 2<\/td>\n<td width=\"186\">F. Sanagustin<\/td>\n<td width=\"85\">3LA<\/td>\n<\/tr>\n<tr>\n<td height=\"16\">ABI-HANNA<\/td>\n<td>Roula<\/td>\n<td>Lyon 2<\/td>\n<td>M.-H. Avril<\/td>\n<td>3LA<\/td>\n<\/tr>\n<tr>\n<td height=\"16\">ACOSTA CORDOBA<\/td>\n<td>Luisa<\/td>\n<td>Lyon 2<\/td>\n<td>N. Rossi-Gensane, V. Traverso<\/td>\n<td>3LA<\/td>\n<\/tr>\n<tr>\n<td height=\"16\">AL JABAL<\/td>\n<td>Mohammed<\/td>\n<td>Lyon 2<\/td>\n<td>M. Hassoun<\/td>\n<td>3LA<\/td>\n<\/tr>\n<tr>\n<td height=\"16\">AL ZEEBAREE<\/td>\n<td>Azad Mustafa Taha<\/td>\n<td>Lyon 2<\/td>\n<td>A. Majeed Aljaf<\/td>\n<td>3LA<\/td>\n<\/tr>\n<tr>\n<td height=\"16\">ALSAGHIR \/ ALHUSARI<\/td>\n<td>Huda<\/td>\n<td>Lyon 2<\/td>\n<td>B. Paoli<\/td>\n<td>3LA<\/td>\n<\/tr>\n<tr>\n<td height=\"16\">ASSAL<\/td>\n<td>Abdelmalek<\/td>\n<td>Lyon 2<\/td>\n<td>F. Sanagustin<\/td>\n<td>3LA<\/td>\n<\/tr>\n<tr>\n<td height=\"16\">AVVEDUTO<\/td>\n<td>Rosella<\/td>\n<td>Lyon 2<\/td>\n<td>M. Marquill\u00f3 Larruy<\/td>\n<td>3LA<\/td>\n<\/tr>\n<tr>\n<td height=\"16\">BELKACEM<\/td>\n<td>Sofia<\/td>\n<td>Lyon 2<\/td>\n<td>P. Basso<\/td>\n<td>3LA<\/td>\n<\/tr>\n<tr>\n<td height=\"16\">BERNARD<\/td>\n<td>R\u00e9mi<\/td>\n<td>Lyon 2<\/td>\n<td>P. Basso<\/td>\n<td>3LA<\/td>\n<\/tr>\n<tr>\n<td height=\"16\">BIENFAIT-AUREAL<\/td>\n<td>Fran\u00e7oise<\/td>\n<td>Lyon 2<\/td>\n<td>F. Sanagustin<\/td>\n<td>3LA<\/td>\n<\/tr>\n<tr>\n<td height=\"16\">BOLDT<\/td>\n<td>Mareike<\/td>\n<td>ENS de Lyon<\/td>\n<td>Patricia Lambert<\/td>\n<td><\/td>\n<\/tr>\n<tr>\n<td height=\"16\">BOUAFIA<\/td>\n<td>Souhila<\/td>\n<td>Lyon 2<\/td>\n<td>N. Rossi-Gensane, B. Paoli<\/td>\n<td>3LA<\/td>\n<\/tr>\n<tr>\n<td height=\"16\">BOUBAYA<\/td>\n<td>Salma<\/td>\n<td>Lyon 2<\/td>\n<td>M. Hassoun<\/td>\n<td>3LA<\/td>\n<\/tr>\n<tr>\n<td height=\"16\">BOUDIAF<\/td>\n<td>Mohamed<\/td>\n<td>Lyon 2<\/td>\n<td>F. Sanagustin<\/td>\n<td>3LA<\/td>\n<\/tr>\n<tr>\n<td height=\"16\">BOUMOUDJOU<\/td>\n<td>Mohamed<\/td>\n<td>Lyon 2<\/td>\n<td>J.C. Regnier<\/td>\n<td>EPIC<\/td>\n<\/tr>\n<tr>\n<td height=\"16\">BOURDAIS<\/td>\n<td>Aur\u00e9lie<\/td>\n<td>Lyon 2<\/td>\n<td>N. Guichon<\/td>\n<td>3LA<\/td>\n<\/tr>\n<tr>\n<td height=\"16\">CANDIDI<\/td>\n<td>Valentina<\/td>\n<td>Lyon 2<\/td>\n<td>M. Marquillo-Larruy<\/td>\n<td>3LA<\/td>\n<\/tr>\n<tr>\n<td height=\"16\">CARON<\/td>\n<td>Elsa<\/td>\n<td>Lyon 2<\/td>\n<td>C. Develotte<\/td>\n<td>3LA<\/td>\n<\/tr>\n<tr>\n<td height=\"16\">CORT\u00c9S OSPINA<\/td>\n<td>Ang\u00e9lica<\/td>\n<td>Lyon 2<\/td>\n<td>M. Marquillo-Larruy<\/td>\n<td>3LA<\/td>\n<\/tr>\n<tr>\n<td height=\"16\">DARMAUN<\/td>\n<td>Katia<\/td>\n<td>ENS Lyon<\/td>\n<td>E. Prak-Derrington, A. Rabatel<\/td>\n<td>3LA<\/td>\n<\/tr>\n<tr>\n<td height=\"16\">DERRADJ<\/td>\n<td>Coralie<\/td>\n<td>Lyon 2<\/td>\n<td>K. B\u00e9cu-Robinault<\/td>\n<td>3LA<\/td>\n<\/tr>\n<tr>\n<td height=\"16\">DIALLO<\/td>\n<td>Badara<\/td>\n<td>Lyon 2<\/td>\n<td>M. Hassoun<\/td>\n<td>3LA<\/td>\n<\/tr>\n<tr>\n<td height=\"16\">DOMANCHIN<\/td>\n<td>Morgane<\/td>\n<td>Lyon 2<\/td>\n<td>C. Develotte<\/td>\n<td>3LA<\/td>\n<\/tr>\n<tr>\n<td height=\"16\">DUCLOS<\/td>\n<td>Myl\u00e8ne<\/td>\n<td>ENS Lyon<\/td>\n<td>L. Veillard, F. Le Hebel<\/td>\n<td>EPIC<\/td>\n<\/tr>\n<tr>\n<td height=\"16\">EL AJI<\/td>\n<td>Omar<\/td>\n<td>Lyon 2<\/td>\n<td>B. Paoli<\/td>\n<td>3LA<\/td>\n<\/tr>\n<tr>\n<td height=\"16\">EL HAJJ<\/td>\n<td>Gloria<\/td>\n<td>Lyon 2<\/td>\n<td>V. Traverso<\/td>\n<td>3LA<\/td>\n<\/tr>\n<tr>\n<td height=\"16\">EL MEKAOUI<\/td>\n<td>Brahim<\/td>\n<td>Lyon 2<\/td>\n<td>J.C. R\u00e9gnier<\/td>\n<td>EPIC<\/td>\n<\/tr>\n<tr>\n<td height=\"16\">FADEL<\/td>\n<td>Soufiane<\/td>\n<td>Lyon 2<\/td>\n<td>B. Paoli<\/td>\n<td>3LA<\/td>\n<\/tr>\n<tr>\n<td height=\"16\">FARAH OMAR<\/td>\n<td>Nour<\/td>\n<td>Lyon 2<\/td>\n<td>F. Sanagustin<\/td>\n<td>3LA<\/td>\n<\/tr>\n<tr>\n<td height=\"16\">FORNERO<\/td>\n<td>Sylvie<\/td>\n<td>Lyon 2<\/td>\n<td>J.C. Regnier<\/td>\n<td>EPIC<\/td>\n<\/tr>\n<tr>\n<td height=\"16\">GAJARDO<\/td>\n<td>Cristian<\/td>\n<td>Lyon 2<\/td>\n<td>J.C. Regnier<\/td>\n<td>EPIC<\/td>\n<\/tr>\n<tr>\n<td height=\"16\">GARZON GONZALEZ<\/td>\n<td>Angela<\/td>\n<td>Lyon 2<\/td>\n<td>M. Marquillo-Larruy<\/td>\n<td>3LA<\/td>\n<\/tr>\n<tr>\n<td height=\"16\">GODI-LINI<\/td>\n<td>Concetta<\/td>\n<td>Lyon 2<\/td>\n<td>N. Guichon<\/td>\n<td><\/td>\n<\/tr>\n<tr>\n<td height=\"16\">GUILLEN<\/td>\n<td>Santiago<\/td>\n<td>CNRS<\/td>\n<td>P. Basso<\/td>\n<td>3LA<\/td>\n<\/tr>\n<tr>\n<td height=\"16\">GUO<\/td>\n<td>Yigong<\/td>\n<td>ENS Lyon<\/td>\n<td>C. D\u00e9velotte<\/td>\n<td>3LA<\/td>\n<\/tr>\n<tr>\n<td height=\"16\">HABOYAN<\/td>\n<td>Razmik<\/td>\n<td>Lyon 2<\/td>\n<td>P. Basso<\/td>\n<td>3LA<\/td>\n<\/tr>\n<tr>\n<td height=\"16\">HAMMOURI<\/td>\n<td>Hamzeh<\/td>\n<td>Lyon 2<\/td>\n<td>B. Paoli<\/td>\n<td>3LA<\/td>\n<\/tr>\n<tr>\n<td height=\"16\">HEIDEN<\/td>\n<td>Lydia<\/td>\n<td>Lyon 2<\/td>\n<td>H. Baldauf-Quilliatre, M. Quignard<\/td>\n<td>3LA<\/td>\n<\/tr>\n<tr>\n<td height=\"16\">JACQ<\/td>\n<td>Cl\u00e9mence<\/td>\n<td>ENS Lyon<\/td>\n<td>L. Ria<\/td>\n<td>EPIC<\/td>\n<\/tr>\n<tr>\n<td height=\"16\">JAUMONET<\/td>\n<td>Radia<\/td>\n<td>Lyon 2<\/td>\n<td>F. Sanagustin<\/td>\n<td>3LA<\/td>\n<\/tr>\n<tr>\n<td height=\"16\">JELLOUL<\/td>\n<td>Fatiha<\/td>\n<td>Lyon 2<\/td>\n<td>F. Sanagustin<\/td>\n<td>3LA<\/td>\n<\/tr>\n<tr>\n<td height=\"16\">KONG<\/td>\n<td>Fanguang<\/td>\n<td>Lyon 2<\/td>\n<td>N. Rossi-Gensane, WANG Xiuli (Chine)<\/td>\n<td>3LA<\/td>\n<\/tr>\n<tr>\n<td height=\"16\">LAVANANT<\/td>\n<td>David<\/td>\n<td>Lyon 2<\/td>\n<td>N. Rossi-Gensane<\/td>\n<td>3LA<\/td>\n<\/tr>\n<tr>\n<td height=\"16\">MARITAUD<\/td>\n<td>Louis<\/td>\n<td>Lyon 2<\/td>\n<td>S. Teston-Bonnard<\/td>\n<td>3LA<\/td>\n<\/tr>\n<tr>\n<td height=\"16\">MERLET<\/td>\n<td>Elise<\/td>\n<td>Lyon 2<\/td>\n<td>N. Guichon<\/td>\n<td>3LA<\/td>\n<\/tr>\n<tr>\n<td height=\"16\">MOHAMED ELMASSAH<\/td>\n<td>Haidy<\/td>\n<td>Lyon 2<\/td>\n<td>B. Paoli<\/td>\n<td>3LA<\/td>\n<\/tr>\n<tr>\n<td height=\"16\">OUASSIM<\/td>\n<td>Salima<\/td>\n<td>Lyon 2<\/td>\n<td>F. Sanagustin<\/td>\n<td>3LA<\/td>\n<\/tr>\n<tr>\n<td height=\"16\">OUSSAR<\/td>\n<td>Abdelmadjid<\/td>\n<td>Lyon 2<\/td>\n<td>M. Hassoun<\/td>\n<td>3LA<\/td>\n<\/tr>\n<tr>\n<td height=\"16\">PATRICIO<\/td>\n<td>Beltamiro<\/td>\n<td>Lyon 2<\/td>\n<td>M. Marquillo-Larruy<\/td>\n<td>3LA<\/td>\n<\/tr>\n<tr>\n<td height=\"16\">PETIT CAHILL<\/td>\n<td>Kevin<\/td>\n<td>Lyon 2<\/td>\n<td>P. Griggs &amp; J. Costa<\/td>\n<td>3LA<\/td>\n<\/tr>\n<tr>\n<td height=\"16\">RU<\/td>\n<td>Xin<\/td>\n<td>Lyon 2<\/td>\n<td>O. Le Guern<\/td>\n<td>3LA<\/td>\n<\/tr>\n<tr>\n<td height=\"16\">SAHNOUN<\/td>\n<td>Safa<\/td>\n<td>Lyon 2<\/td>\n<td>N. Rossi-Gensane<\/td>\n<td>3LA<\/td>\n<\/tr>\n<tr>\n<td height=\"16\">SHIRVANI<\/td>\n<td>Nafiseh<\/td>\n<td>Lyon 2<\/td>\n<td>H. Constantin de Chanay<\/td>\n<td>3LA<\/td>\n<\/tr>\n<tr>\n<td height=\"16\">TOURON<\/td>\n<td>Oc\u00e9ane<\/td>\n<td>Lyon 2<\/td>\n<td>J.C. Regnier<\/td>\n<td>EPIC<\/td>\n<\/tr>\n<tr>\n<td height=\"16\">VAUQUELIN-GUERILLON<\/td>\n<td>Nicolas<\/td>\n<td>Lyon 2<\/td>\n<td>Bruno Paoli<\/td>\n<td><\/td>\n<\/tr>\n<tr>\n<td height=\"16\">WEISS<\/td>\n<td>Claude<\/td>\n<td>Lyon 2<\/td>\n<td>P. Basso<\/td>\n<td>3LA<\/td>\n<\/tr>\n<tr>\n<td height=\"16\">WU<\/td>\n<td>Victor<\/td>\n<td>Lyon 2<\/td>\n<td>O. Le Guern<\/td>\n<td>3LA<\/td>\n<\/tr>\n<tr>\n<td height=\"16\">WU<\/td>\n<td>Xiayun<\/td>\n<td>Lyon 2<\/td>\n<td>N. Guichon<\/td>\n<td>3LA<\/td>\n<\/tr>\n<tr>\n<td height=\"16\">ZAHR NOFAL<\/td>\n<td>Najah<\/td>\n<td>Lyon 2<\/td>\n<td>F. Sanagustin<\/td>\n<td>3LA<\/td>\n<\/tr>\n<tr>\n<td height=\"16\">ZEGGADA<\/td>\n<td>Rahna<\/td>\n<td>Lyon 2<\/td>\n<td>B. Paoli<\/td>\n<td>3LA<\/td>\n<\/tr>\n<tr>\n<td height=\"16\">ZERZAIHI<\/td>\n<td>Mehdi<\/td>\n<td>Lyon 2<\/td>\n<td>M. Hassoun<\/td>\n<td>3LA<\/td>\n<\/tr>\n<tr>\n<td height=\"16\">ZHANG<\/td>\n<td>Xin<\/td>\n<td>Lyon 2<\/td>\n<td>J.C. Regnier<\/td>\n<td>EPIC<\/td>\n<\/tr>\n<tr>\n<td height=\"16\">ZHANG<\/td>\n<td>Yanmei<\/td>\n<td>Lyon 2<\/td>\n<td><\/td>\n<td><\/td>\n<\/tr>\n<\/tbody>\n<\/table>\n","protected":false},"excerpt":{"rendered":"<p>Liste des doctorants avril 2020 *Si vous constatez des erreurs, dites le nous et nous ferons les modifications au plus vite. Elle regroupe les doctorants d\u00e9clar\u00e9s inscrits \u00e0 ICAR selon leur directeur de th\u00e8se. Elle est class\u00e9e par ordre alphab\u00e9tique &hellip; <a href=\"https:\/\/icar.cnrs.fr\/comdoc\/ressources\/doctorants-par-directeur-de-these\/\">Continuer la lecture <span class=\"meta-nav\">&rarr;<\/span><\/a><\/p>\n","protected":false},"author":21,"featured_media":0,"parent":29,"menu_order":0,"comment_status":"closed","ping_status":"closed","template":"","meta":{"inline_featured_image":false,"footnotes":""},"class_list":["post-31","page","type-page","status-publish","hentry"],"_links":{"self":[{"href":"https:\/\/icar.cnrs.fr\/comdoc\/wp-json\/wp\/v2\/pages\/31","targetHints":{"allow":["GET"]}}],"collection":[{"href":"https:\/\/icar.cnrs.fr\/comdoc\/wp-json\/wp\/v2\/pages"}],"about":[{"href":"https:\/\/icar.cnrs.fr\/comdoc\/wp-json\/wp\/v2\/types\/page"}],"author":[{"embeddable":true,"href":"https:\/\/icar.cnrs.fr\/comdoc\/wp-json\/wp\/v2\/users\/21"}],"replies":[{"embeddable":true,"href":"https:\/\/icar.cnrs.fr\/comdoc\/wp-json\/wp\/v2\/comments?post=31"}],"version-history":[{"count":7,"href":"https:\/\/icar.cnrs.fr\/comdoc\/wp-json\/wp\/v2\/pages\/31\/revisions"}],"predecessor-version":[{"id":1039,"href":"https:\/\/icar.cnrs.fr\/comdoc\/wp-json\/wp\/v2\/pages\/31\/revisions\/1039"}],"up":[{"embeddable":true,"href":"https:\/\/icar.cnrs.fr\/comdoc\/wp-json\/wp\/v2\/pages\/29"}],"wp:attachment":[{"href":"https:\/\/icar.cnrs.fr\/comdoc\/wp-json\/wp\/v2\/media?parent=31"}],"curies":[{"name":"wp","href":"https:\/\/api.w.org\/{rel}","templated":true}]}}