{"id":469,"date":"2013-10-29T16:41:27","date_gmt":"2013-10-29T15:41:27","guid":{"rendered":"http:\/\/www.icar.cnrs.fr\/comdoc\/?page_id=469"},"modified":"2025-04-14T16:09:02","modified_gmt":"2025-04-14T14:09:02","slug":"vie-du-laboratoire","status":"publish","type":"page","link":"https:\/\/icar.cnrs.fr\/comdoc\/labo-icar\/vie-du-laboratoire\/","title":{"rendered":"Vie du laboratoire"},"content":{"rendered":"<p>Le laboratoire ICAR (\u00ab\u00a0Interactions, Corpus, Apprentissages, Repr\u00e9sentations\u00a0\u00bb) est l&rsquo;Unit\u00e9 Mixte de Recherche (UMR) num\u00e9ro 5191.<br \/>\n<strong>Le site web du laboratoire : <a href=\"http:\/\/icar.cnrs.fr\/\">icar.cnrs.fr\/<\/a><\/strong><\/p>\n<hr \/>\n<h2>DIRECTION ET SECR\u00c9TARIAT<\/h2>\n<p>Le laboratoire est sous la direction d&rsquo;<b>Isabel Col\u00f3n de Carvajal<\/b> (<a href=\"mailto:isabelle.colondecarvajal@ens-lyon.fr\">isabelle.colondecarvajal@ens-lyon.fr<\/a>).<\/p>\n<p>Vous pouvez joindre le secr\u00e9tariat g\u00e9n\u00e9ral \u00e0 l\u2019adresse <a href=\"mailto:icar-secretariat@ens-lyon.fr\">icar-secretariat@ens-lyon.fr<\/a> ou en appelant aux num\u00e9ros\u00a0suivants : 04 37 37 66 40\/1.<\/p>\n<p>Les personnes que vous serez r\u00e9guli\u00e8rement amen\u00e9\u00b7e\u00b7s \u00e0 contacter pour toutes vos questions administratives sont :<\/p>\n<ul>\n<li><b>Lucie Bujon<\/b> (<a href=\"mailto:Lucie.Bujon@ens-lyon.fr\">Lucie.Bujon@ens-lyon.fr<\/a>, 04 37 37 66 41)<\/li>\n<li><strong>Dekra Ouadah<\/strong> (<a href=\"mailto:Dekra.Ouadah@ens-lyon.fr\">Dekra.Ouadah@ens-lyon.fr<\/a>, 04 37 37 64 13)<\/li>\n<li><strong>Jackie Hilta<\/strong> (<a href=\"mailto:Jacqueline.Hilta@ens-lyon.fr\">Jacqueline.Hilta@ens-lyon.fr<\/a>)<\/li>\n<li><strong>Julie Saroli<\/strong> (<a href=\"mailto:julie.saroli@univ-lyon2.fr\">julie.saroli@univ-lyon2.fr<\/a>)<\/li>\n<li><strong>Vanessa Kacidem<\/strong> (<a href=\"mailto:vanessa.kacidem@ens-lyon.fr\">vanessa.kacidem@ens-lyon.fr<\/a>)<\/li>\n<\/ul>\n<p><span class=\"rouge\">IMPORTANT<\/span> : Vous devez imp\u00e9rativement vous manifester (par mail au minimum) aupr\u00e8s de <b>Lucie Bujon<\/b>\u00a0afin de cr\u00e9er votre fiche de doctorant au laboratoire (pr\u00e9voir de fournir une photo d\u2019identit\u00e9). Cette proc\u00e9dure est <strong>obligatoire<\/strong> pour pouvoir ensuite obtenir l\u2019autorisation de vous d\u00e9placer pour un colloque, un s\u00e9jour de recherche etc., et \u00e9ventuellement vous faire rembourser les frais engendr\u00e9s (<a href=\"https:\/\/icar.cnrs.fr\/comdoc\/pendant-la-these\/missions\/\">en savoir plus sur les d\u00e9marches relatives aux frais de missions<\/a>).<\/p>\n<p>C\u2019est \u00e9galement indispensable pour figurer sur la <a href=\"http:\/\/icar.cnrs.fr\/recherche\/recherche-theses\/\">liste des th\u00e8ses<\/a> en cours du laboratoire et sur l&rsquo;<a href=\"http:\/\/icar.cnrs.fr\/annuaire\/?tri=nom&amp;type=permanent&amp;recherche=\">annuaire g\u00e9n\u00e9ral d\u2019ICAR<\/a> et \u00eatre inscrit sur la liste de diffusion de toutes les informations relatives \u00e0 la vie du laboratoire.<\/p>\n<p>Pensez \u00e9galement \u00e0 <b>envoyer un mail \u00e0 la Com&rsquo;Doc<\/b>, en \u00e9crivant \u00e0 l\u2019adresse suivante : <a href=\"mailto:doctorants.icar@gmail.com\">doctorants.icar@gmail.com<\/a>\u00a0; cela vous permettra d\u2019\u00eatre au courant de toutes les informations qui vous concernent directement\u00a0!<\/p>\n<hr \/>\n<h2>LOCAUX DU LABORATOIRE<\/h2>\n<p>Le laboratoire est r\u00e9parti sur deux sites g\u00e9ographiques.<\/p>\n<ul>\n<li>Le site principal se situe dans les b\u00e2timents de l\u2019<b>ENS de Lyon (site Descartes) <\/b>:<br \/>\n15 Parvis Ren\u00e9 Descartes, 69007 Lyon<br \/>\nArr\u00eat Debourg en m\u00e9tro, bus ou tramway<br \/>\nLes locaux se trouvent dans le b\u00e2timent Recherche (D4), au RdC et au premier \u00e9tage.<br \/>\nContact standard de l\u2019ENS\u00a0: 04 37 37 60 00<\/li>\n<li>Le deuxi\u00e8me site se trouve \u00e0 l\u2019<b>Universit\u00e9 Lyon 2 (campus Porte des Alpes)<\/b>:<br \/>\n5 Avenue Pierre Mend\u00e8s France, 69500 Bron,<br \/>\nArr\u00eat Parilly &#8211; Universit\u00e9 Hippodrome en tramway ou bus<br \/>\nLes locaux se trouvent dans le b\u00e2timent C, au premier \u00e9tage.<br \/>\nContact standard\u00a0de l\u2019universit\u00e9: 04 78 77 23 23<\/li>\n<\/ul>\n<hr \/>\n<h2>LES EQUIPES<\/h2>\n<p>Le laboratoire r\u00e9unit plusieurs \u00e9quipes de recherche, travaillant dans des disciplines telles que la linguistique, la didactique ou encore la s\u00e9miotique. Vous en trouverez une description d\u00e9taill\u00e9e, ainsi qu\u2019une liste des membres, en parcourant les pages du <a href=\"http:\/\/icar.cnrs.fr\/\">site internet du laboratoire<\/a>, notamment <a href=\"http:\/\/icar.cnrs.fr\/laboratoire-presentation\/laboratoire-organigrammes\/\">l&rsquo;organigramme du laboratoire<\/a>.<\/p>\n<p>ICAR regroupe trois \u00e9quipes principales et deux axes transversaux :<\/p>\n<ul>\n<li><b>\u00c9quipe Interactions, Cognitions<\/b><br \/>\nAxes de recherche : l\u2019analyse des interactions situ\u00e9es avec diff\u00e9rentes approches m\u00e9thodologiques (la linguistique interactionnelle, les sciences cognitives, la s\u00e9miotique, la psycholinguistique ou encore la sociolinguistique) (<b><a href=\"http:\/\/icar.cnrs.fr\/recherche\/interactions-cognitions\/\">en savoir plus<\/a><\/b>)<\/li>\n<li><b>\u00c9quipe Apprentissages, Discours, Interactions, Savoirs (ADIS)<\/b><br \/>\nAxes de recherche : l\u2019enseignement des langues, des sciences ou \u00e0 la formation technique et professionnelle (<strong><a href=\"http:\/\/icar.cnrs.fr\/recherche\/adis\/\">en savoir plus<\/a><\/strong>)<\/li>\n<li><b>\u00c9quipe Syntaxe, Sens et Textualit\u00e9s<\/b><br \/>\nAxes de recherche : la linguistique descriptive (fran\u00e7ais, arabe, anglais, allemand), la s\u00e9miotique, l\u2019informatique linguistique et la linguistique de corpus (<b><a href=\"http:\/\/icar.cnrs.fr\/recherche\/sens-textualites\/\">en savoir plus<\/a><\/b>)<\/li>\n<li><strong>Axe Langage, Travail et Apprentissages (LTA)<\/strong><br \/>\nAxes de recherche : les interactions et les apprentissages li\u00e9s au travail, ce qui implique \u00e0 la fois la mobilisation de perspectives th\u00e9oriques et m\u00e9thodologiques compl\u00e9mentaires et l\u2019individuation d\u2019une s\u00e9rie d\u2019objets de recherche communs tels que la n\u00e9gociation des comp\u00e9tences professionnelles en situation, la gestion interactionnelle de l\u2019asym\u00e9trie des pouvoirs et des savoirs des acteurs sociaux impliqu\u00e9s dans l\u2019ex\u00e9cution d\u2019un programme de travail, les usages du num\u00e9rique et des technologies dans les \u00e9changes professionnels en pr\u00e9sentiel ou \u00e0 distance (<b><a href=\"http:\/\/icar.cnrs.fr\/recherche\/axes_transversaux\/\">en savoir plus<\/a><\/b>)<\/li>\n<li><strong>Axe Subjectivit\u00e9 : ph\u00e9nom\u00e9nologie de l&rsquo;exp\u00e9rience langagi\u00e8re, formes symboliques et r\u00e9gimes \u00e9pist\u00e9miques<\/strong><br \/>\nAxes de recherche : l\u2019introjection des mod\u00e8les sociaux (apprentissage), la formation d\u2019un point de vue critique (expertise), l\u2019\u00e9laboration d\u2019un \u00e9thos \u00e0 travers les m\u00e9diations linguistiques (l\u00e9gitimation) (<b><a href=\"http:\/\/icar.cnrs.fr\/recherche\/axes_transversaux\/\">en savoir plus<\/a><\/b>)<\/li>\n<\/ul>\n<p><span class=\"rouge\"> IMPORTANT <\/span> : En tant que doctorant\u00b7e, vous \u00eates rattach\u00e9\u00b7e \u00e0 l\u2019une de ces \u00e9quipes en fonction de l&rsquo;affiliation de votre directeur ou de votre directrice de th\u00e8se. Il est important de v\u00e9rifier que vous apparaissez bien dans la liste des doctorant\u00b7e\u00b7s de votre \u00e9quipe de rattachement sur le site d\u2019ICAR (si ce n\u2019est pas le cas, prenez contact avec la directrice ou le directeur de votre \u00e9quipe).<\/p>\n<hr \/>\n<h2>LES S\u00c9MINAIRES<\/h2>\n<p>R\u00e9guli\u00e8rement, les diff\u00e9rentes \u00e9quipes de recherche du laboratoire organisent des s\u00e9minaires de 2 heures environ lors desquels interviennent des membres de l\u2019\u00e9quipe et\/ou des conf\u00e9rencier\u00b7e\u00b7s invit\u00e9\u00b7e\u00b7s.<\/p>\n<p>Pour la plupart, ces \u00e9v\u00e8nements sont ouverts \u00e0 toute personne rattach\u00e9e au laboratoire. <strong>Vous \u00eates vivement encourag\u00e9\u00b7e\u00b7s \u00e0 suivre les s\u00e9minaires de votre \u00e9quipe<\/strong>. Il est en effet capital que vous en connaissiez les diff\u00e9rents membres et les diverses activit\u00e9s. C\u2019est aussi une mani\u00e8re de ne pas rester isol\u00e9\u00b7e dans votre travail de recherche !<\/p>\n<p><span class=\"rouge\">NB<\/span> : suivre des s\u00e9minaires compte comme temps de formation scientifique pr\u00e9vu dans le cadre du doctorat, obligatoire pour la d\u00e9livrance de votre dipl\u00f4me (<a href=\"https:\/\/icar.cnrs.fr\/comdoc\/pendant-la-these\/formations\/\"><b>voir la page d\u00e9di\u00e9e aux formations<\/b><\/a>).<\/p>\n<p>Vous pouvez retrouver les dates des s\u00e9minaires des diff\u00e9rentes \u00e9quipes sur <b><a href=\"http:\/\/icar.cnrs.fr\/formations\/formations-seminaires\/\">la page du laboratoire d\u00e9di\u00e9e \u00e0 ce sujet<\/a><\/b>. Pensez \u00e9galement \u00e0 demander au responsable de votre \u00e9quipe (ou \u00e0 ceux d\u2019autres \u00e9quipes dont les travaux sont susceptibles de vous int\u00e9resser) de vous inscrire sur la liste de diffusion de votre groupe.<\/p>\n<p>Il existe \u00e9galement des s\u00e9minaires transversaux, destin\u00e9s \u00e0 r\u00e9unir les membres de toutes les \u00e9quipes. Ils sont d\u00e9di\u00e9s \u00e0 pr\u00e9senter l\u2019avanc\u00e9e des travaux des chercheur\u00b7e\u00b7s confirm\u00e9\u00b7e\u00b7s, mais aussi des doctorant\u00b7e\u00b7s. N\u2019h\u00e9sitez pas \u00e0 suivre ces s\u00e9minaires, et \u00e0 vous proposer pour parler d\u2019un point de votre recherche.<\/p>\n","protected":false},"excerpt":{"rendered":"<p>Le laboratoire ICAR (\u00ab\u00a0Interactions, Corpus, Apprentissages, Repr\u00e9sentations\u00a0\u00bb) est l&rsquo;Unit\u00e9 Mixte de Recherche (UMR) num\u00e9ro 5191. Le site web du laboratoire : icar.cnrs.fr\/ DIRECTION ET SECR\u00c9TARIAT Le laboratoire est sous la direction d&rsquo;Isabel Col\u00f3n de Carvajal (isabelle.colondecarvajal@ens-lyon.fr). Vous pouvez joindre le &hellip; <a href=\"https:\/\/icar.cnrs.fr\/comdoc\/labo-icar\/vie-du-laboratoire\/\">Continuer la lecture <span class=\"meta-nav\">&rarr;<\/span><\/a><\/p>\n","protected":false},"author":21,"featured_media":1521,"parent":7,"menu_order":0,"comment_status":"closed","ping_status":"open","template":"onecolumn-page.php","meta":{"inline_featured_image":false,"footnotes":""},"class_list":["post-469","page","type-page","status-publish","has-post-thumbnail","hentry"],"_links":{"self":[{"href":"https:\/\/icar.cnrs.fr\/comdoc\/wp-json\/wp\/v2\/pages\/469","targetHints":{"allow":["GET"]}}],"collection":[{"href":"https:\/\/icar.cnrs.fr\/comdoc\/wp-json\/wp\/v2\/pages"}],"about":[{"href":"https:\/\/icar.cnrs.fr\/comdoc\/wp-json\/wp\/v2\/types\/page"}],"author":[{"embeddable":true,"href":"https:\/\/icar.cnrs.fr\/comdoc\/wp-json\/wp\/v2\/users\/21"}],"replies":[{"embeddable":true,"href":"https:\/\/icar.cnrs.fr\/comdoc\/wp-json\/wp\/v2\/comments?post=469"}],"version-history":[{"count":13,"href":"https:\/\/icar.cnrs.fr\/comdoc\/wp-json\/wp\/v2\/pages\/469\/revisions"}],"predecessor-version":[{"id":1948,"href":"https:\/\/icar.cnrs.fr\/comdoc\/wp-json\/wp\/v2\/pages\/469\/revisions\/1948"}],"up":[{"embeddable":true,"href":"https:\/\/icar.cnrs.fr\/comdoc\/wp-json\/wp\/v2\/pages\/7"}],"wp:featuredmedia":[{"embeddable":true,"href":"https:\/\/icar.cnrs.fr\/comdoc\/wp-json\/wp\/v2\/media\/1521"}],"wp:attachment":[{"href":"https:\/\/icar.cnrs.fr\/comdoc\/wp-json\/wp\/v2\/media?parent=469"}],"curies":[{"name":"wp","href":"https:\/\/api.w.org\/{rel}","templated":true}]}}