{"id":473,"date":"2013-10-29T16:45:46","date_gmt":"2013-10-29T15:45:46","guid":{"rendered":"http:\/\/www.icar.cnrs.fr\/comdoc\/?page_id=473"},"modified":"2020-10-28T11:46:03","modified_gmt":"2020-10-28T10:46:03","slug":"tutelles","status":"publish","type":"page","link":"https:\/\/icar.cnrs.fr\/comdoc\/labo-icar\/tutelles\/","title":{"rendered":"Les tutelles"},"content":{"rendered":"<p>Le laboratoire ICAR est une <b>Unit\u00e9 Mixte de Recherche<\/b>. Cela signifie, qu&rsquo;il est rattach\u00e9 \u00e0 plusieurs tutelles (organismes de financement de la recherche). Cela signifie en particulier que les membres du laboratoire ICAR sont employ\u00e9\u00b7e\u00b7s par ces diff\u00e9rentes tutelles pour exercer leur activit\u00e9.<\/p>\n<p>Dans le cas de notre laboratoire, il s&rsquo;agit de <b>3 tutelles<\/b> : <\/p>\n<ul>\n<li>CNRS (Centre National de la Recherche Scientifique)<\/li>\n<li>Ecole Normale Sup\u00e9rieure de Lyon<\/li>\n<li>Universit\u00e9 Lumi\u00e8re Lyon 2<\/li>\n<\/ul>\n<p>Le laboratoire ICAR fait \u00e9galement partie du <b>Laboratoire d&rsquo;Excellence ASLAN<\/b> (<a href=\"https:\/\/aslan.universite-lyon.fr\/\">Labex ASLAN<\/a>) qui regroupe trois laboratoires de recherche sur le site lyonnais :<\/p>\n<ul>\n<li>DDL (Dynamique du Langage) &#8211; UMR 5596<\/li>\n<li>ICAR (Interactions, Corpus, Apprentissages, Repr\u00e9sentations) &#8211; UMR 5191<\/li>\n<li>LIRIS (Laboratoire d\u2019InfoRmatique en Image et Syst\u00e8mes d\u2019information) &#8211; UMR 5205<\/li>\n<\/ul>\n<p>Le Labex ASLAN permet de financer la recherche de ces trois laboratoires \u00e0 travers des projets transversaux autour des th\u00e9matiques li\u00e9es au langage et \u00e0 sa complexit\u00e9.<\/p>\n","protected":false},"excerpt":{"rendered":"<p>Le laboratoire ICAR est une Unit\u00e9 Mixte de Recherche. Cela signifie, qu&rsquo;il est rattach\u00e9 \u00e0 plusieurs tutelles (organismes de financement de la recherche). Cela signifie en particulier que les membres du laboratoire ICAR sont employ\u00e9\u00b7e\u00b7s par ces diff\u00e9rentes tutelles pour &hellip; <a href=\"https:\/\/icar.cnrs.fr\/comdoc\/labo-icar\/tutelles\/\">Continuer la lecture <span class=\"meta-nav\">&rarr;<\/span><\/a><\/p>\n","protected":false},"author":21,"featured_media":1521,"parent":7,"menu_order":0,"comment_status":"closed","ping_status":"open","template":"onecolumn-page.php","meta":{"inline_featured_image":false,"footnotes":""},"class_list":["post-473","page","type-page","status-publish","has-post-thumbnail","hentry"],"_links":{"self":[{"href":"https:\/\/icar.cnrs.fr\/comdoc\/wp-json\/wp\/v2\/pages\/473","targetHints":{"allow":["GET"]}}],"collection":[{"href":"https:\/\/icar.cnrs.fr\/comdoc\/wp-json\/wp\/v2\/pages"}],"about":[{"href":"https:\/\/icar.cnrs.fr\/comdoc\/wp-json\/wp\/v2\/types\/page"}],"author":[{"embeddable":true,"href":"https:\/\/icar.cnrs.fr\/comdoc\/wp-json\/wp\/v2\/users\/21"}],"replies":[{"embeddable":true,"href":"https:\/\/icar.cnrs.fr\/comdoc\/wp-json\/wp\/v2\/comments?post=473"}],"version-history":[{"count":7,"href":"https:\/\/icar.cnrs.fr\/comdoc\/wp-json\/wp\/v2\/pages\/473\/revisions"}],"predecessor-version":[{"id":1606,"href":"https:\/\/icar.cnrs.fr\/comdoc\/wp-json\/wp\/v2\/pages\/473\/revisions\/1606"}],"up":[{"embeddable":true,"href":"https:\/\/icar.cnrs.fr\/comdoc\/wp-json\/wp\/v2\/pages\/7"}],"wp:featuredmedia":[{"embeddable":true,"href":"https:\/\/icar.cnrs.fr\/comdoc\/wp-json\/wp\/v2\/media\/1521"}],"wp:attachment":[{"href":"https:\/\/icar.cnrs.fr\/comdoc\/wp-json\/wp\/v2\/media?parent=473"}],"curies":[{"name":"wp","href":"https:\/\/api.w.org\/{rel}","templated":true}]}}