{"id":475,"date":"2013-10-29T16:49:27","date_gmt":"2013-10-29T15:49:27","guid":{"rendered":"http:\/\/www.icar.cnrs.fr\/comdoc\/?page_id=475"},"modified":"2025-04-14T16:10:03","modified_gmt":"2025-04-14T14:10:03","slug":"ecoles-doctorales","status":"publish","type":"page","link":"https:\/\/icar.cnrs.fr\/comdoc\/labo-icar\/ecoles-doctorales\/","title":{"rendered":"Les Ecoles Doctorales"},"content":{"rendered":"<p>Parall\u00e8lement \u00e0 votre rattachement \u00e0 un \u00e9tablissement d\u2019\u00e9tudes sup\u00e9rieures, et parall\u00e8lement \u00e0 votre rattachement au laboratoire, vous d\u00e9pendez en outre d\u2019une <b>\u00e9cole doctorale <\/b>(ED).<\/p>\n<p>Une \u00e9cole doctorale est une f\u00e9d\u00e9ration scientifique et p\u00e9dagogique regroupant tous les doctorants de certains domaines d\u2019\u00e9tudes \u00ab\u00a0connexes\u00a0\u00bb. Elle a pour objectif de constituer un cadre de formation transversal pour les diff\u00e9rent\u00b7e\u00b7s doctorant\u00b7e\u00b7s qui y sont rattach\u00e9\u00b7e\u00b7s.<\/p>\n<p>Il existe plusieurs \u00e9coles doctorales, et votre rattachement \u00e0 l\u2019une d\u2019entre elles d\u00e9pend de votre domaine de recherche (votre directrice ou directeur de th\u00e8se pourra vous renseigner sur l\u2019\u00e9cole \u00e0 laquelle vous \u00eates rattach\u00e9\u00b7e\u00a0; \u00e0 d\u00e9faut, contactez le secr\u00e9tariat de doctorat de votre \u00e9tablissement d\u2019\u00e9tudes).<\/p>\n<p>G\u00e9n\u00e9ralement, les doctorante\u00b7e\u00b7s d\u2019ICAR d\u00e9pendent de l\u2019une de deux \u00e9coles doctorales suivantes\u00a0:<\/p>\n<ul>\n<li><b><a href=\"https:\/\/icar.cnrs.fr\/comdoc\/labo-icar\/ecoles-doctorales\/3la\/\">ED 3LA<\/a><\/b><\/li>\n<li><b><a href=\"https:\/\/icar.cnrs.fr\/comdoc\/labo-icar\/ecoles-doctorales\/epic\/\">ED EPIC<\/a><\/b><\/li>\n<\/ul>\n<hr \/>\n<p>Chaque ann\u00e9e, vous serez convi\u00e9\u00b7e par votre \u00e9cole doctorale \u00e0 la <b>rentr\u00e9e solennelle des doctorant\u00b7e\u00b7s<\/b>, \u00e0 laquelle tous les doctorant\u00b7e\u00b7s affili\u00e9\u00b7e\u00b7s \u00e0 cette m\u00eame \u00e9cole doctorale sont pri\u00e9\u00b7e\u00b7s d\u2019assister (quelle que soit votre ann\u00e9e de doctorat). En g\u00e9n\u00e9ral, cette r\u00e9union \u00e0 lieu au mois de janvier.<\/p>\n<p>Des informations importantes vous y seront communiqu\u00e9es\u00a0; <b>prenez donc le temps d\u2019y aller<\/b>, et bien s\u00fbr, d\u2019y retourner les ann\u00e9es suivantes. C\u2019est une des rares occasions que vous aurez d\u2019\u00eatre mis\u00b7e au courant des modifications faites dans le parcours de doctorat\u00a0!<\/p>\n<p>C\u2019est \u00e9galement l\u2019occasion de poser toutes les questions qui vous tracassent aux responsables de ces \u00e9coles doctorales (que vous pouvez tout de m\u00eame joindre \u00e9galement par mail \u00e0 tous moments, voir contacts plus haut dans cette fiche).<\/p>\n<p>Cette rentr\u00e9e est \u00e9galement l\u2019occasion de vous pr\u00e9senter de nombreux acteurs importants pour votre parcours. On vous y pr\u00e9sentera enfin certaines associations de doctorant\u00b7e\u00b7s, comme l&rsquo;association <a href=\"http:\/\/enthese.ens-lyon.fr\"><b>ENth\u00e8Se<\/b><\/a>, association de doctorant\u00b7e\u00b7s pluridisciplinaire pr\u00e9sente depuis 2006 \u00e0 l&rsquo;ENS Lyon, o\u00f9 elle a pour mission d&rsquo;organiser la vie des jeunes chercheur\u00b7e\u00b7s.<\/p>\n<p>Lors de cette rentr\u00e9e, vous serez \u00e9galement amen\u00e9\u00b7e \u00e0 conna\u00eetre (et parfois m\u00eame \u00e0 \u00e9lire) <b> vos repr\u00e9sentant\u00b7e\u00b7s au sein de l\u2019\u00e9cole doctorale <\/b>. Ces repr\u00e9sentant\u00b7e\u00b7s ont pour mission de faire le relai entre vous et l\u2019\u00e9cole doctorale.<\/p>\n<p>Il est donc primordial de les conna\u00eetre\u00a0! C\u2019est \u00e0 eux que vous pourrez faire part de vos questions et remarques concernant les formations qui vous sont propos\u00e9es.<\/p>\n","protected":false},"excerpt":{"rendered":"<p>Parall\u00e8lement \u00e0 votre rattachement \u00e0 un \u00e9tablissement d\u2019\u00e9tudes sup\u00e9rieures, et parall\u00e8lement \u00e0 votre rattachement au laboratoire, vous d\u00e9pendez en outre d\u2019une \u00e9cole doctorale (ED). Une \u00e9cole doctorale est une f\u00e9d\u00e9ration scientifique et p\u00e9dagogique regroupant tous les doctorants de certains domaines &hellip; <a href=\"https:\/\/icar.cnrs.fr\/comdoc\/labo-icar\/ecoles-doctorales\/\">Continuer la lecture <span class=\"meta-nav\">&rarr;<\/span><\/a><\/p>\n","protected":false},"author":21,"featured_media":1521,"parent":7,"menu_order":0,"comment_status":"closed","ping_status":"open","template":"onecolumn-page.php","meta":{"inline_featured_image":false,"footnotes":""},"class_list":["post-475","page","type-page","status-publish","has-post-thumbnail","hentry"],"_links":{"self":[{"href":"https:\/\/icar.cnrs.fr\/comdoc\/wp-json\/wp\/v2\/pages\/475","targetHints":{"allow":["GET"]}}],"collection":[{"href":"https:\/\/icar.cnrs.fr\/comdoc\/wp-json\/wp\/v2\/pages"}],"about":[{"href":"https:\/\/icar.cnrs.fr\/comdoc\/wp-json\/wp\/v2\/types\/page"}],"author":[{"embeddable":true,"href":"https:\/\/icar.cnrs.fr\/comdoc\/wp-json\/wp\/v2\/users\/21"}],"replies":[{"embeddable":true,"href":"https:\/\/icar.cnrs.fr\/comdoc\/wp-json\/wp\/v2\/comments?post=475"}],"version-history":[{"count":10,"href":"https:\/\/icar.cnrs.fr\/comdoc\/wp-json\/wp\/v2\/pages\/475\/revisions"}],"predecessor-version":[{"id":1949,"href":"https:\/\/icar.cnrs.fr\/comdoc\/wp-json\/wp\/v2\/pages\/475\/revisions\/1949"}],"up":[{"embeddable":true,"href":"https:\/\/icar.cnrs.fr\/comdoc\/wp-json\/wp\/v2\/pages\/7"}],"wp:featuredmedia":[{"embeddable":true,"href":"https:\/\/icar.cnrs.fr\/comdoc\/wp-json\/wp\/v2\/media\/1521"}],"wp:attachment":[{"href":"https:\/\/icar.cnrs.fr\/comdoc\/wp-json\/wp\/v2\/media?parent=475"}],"curies":[{"name":"wp","href":"https:\/\/api.w.org\/{rel}","templated":true}]}}