{"id":489,"date":"2013-10-29T17:40:10","date_gmt":"2013-10-29T16:40:10","guid":{"rendered":"http:\/\/www.icar.cnrs.fr\/comdoc\/?page_id=489"},"modified":"2021-01-08T15:46:16","modified_gmt":"2021-01-08T14:46:16","slug":"d1-ens","status":"publish","type":"page","link":"https:\/\/icar.cnrs.fr\/comdoc\/pendant-la-these\/inscriptions\/d1-ens\/","title":{"rendered":"Inscription en D1 \u00e0 l&rsquo;ENS de Lyon"},"content":{"rendered":"<p>Si vous \u00eates doctorant\u00b7e \u00e0 l&rsquo;ENS de Lyon, voici les \u00e9tapes \u00e0 suivre pour votre premi\u00e8re inscription en doctorat (ann\u00e9e D1).<\/p>\n<p><span class=\"rouge\">Attention<\/span> : ces d\u00e9marches doivent \u00eatre effectu\u00e9es parall\u00e8lement.<\/p>\n<h2>1 &#8211; INSCRIPTION P\u00c9DAGOGIQUE<\/h2>\n<p>Cette inscription est \u00e0 effectuer aupr\u00e8s de votre <b>\u00e9cole doctorale<\/b>, via <a href=\"https:\/\/siged.universite-lyon.fr\/siged\/Utilisateur\/Authentification\"><b>la plateforme SIGED<\/b><\/a> (<a href=\"https:\/\/icar.cnrs.fr\/comdoc\/labo-icar\/ecoles-doctorales\/\"><b>voir ici pour savoir \u00e0 quelle \u00e9cole doctorale vous adresser<\/b><\/a>):<\/p>\n<ol>\n<li>Apr\u00e8s avoir obtenu l\u2019accord de sa directrice ou son directeur de th\u00e8se, le candidat ou la candidate <b>demande un nouveau compte \u00ab\u00a0UdL doctorant\u00a0\u00bb<\/b> pour la connexion \u00e0 SIGED \u00e0 son \u00c9cole Doctorale en indiquant une adresse email personnelle valide. C\u2019est \u00e0 cette adresse que seront envoy\u00e9es les informations de connexion \u00e0 la plateforme.<\/li>\n<li>La doctorante ou le doctorant effectue sa demande d\u2019inscription\u00a0: elle ou il remplit les rubriques de son dossier sur <b><a href=\"https:\/\/siged.universite-lyon.fr\/siged\/Utilisateur\/Authentification\">SIGED<\/a><\/b> (<b>NB<\/b> : ne pas oublier la rubrique \u00ab\u00a0Financement\u00a0\u00bb).<\/li>\n<li>L\u2019\u00c9cole doctorale v\u00e9rifie la demande d&rsquo;inscription et la transmet pour avis au directeur ou \u00e0 la directrice de th\u00e8se, \u00e0 la direction du laboratoire et de l\u2019\u00c9cole Doctorale. L&rsquo;ensemble de ce processus se d\u00e9roule en ligne.<br \/>\n<span class=\"rouge\"> Important <\/span> : la fiche doctorant du laboratoire ICAR est obligatoire pour que le secr\u00e9tariat valide votre \u00e9tape d&rsquo;inscription sur SIGED.<\/li>\n<li>Si tous ces avis sont favorables (\u00c9tape 5\/6 de la plateforme) le secr\u00e9tariat de l&rsquo;ED valide\u00a0: l\u2019inscription p\u00e9dagogique est ainsi termin\u00e9e.<\/li>\n<\/ol>\n<p>Pour toutes demandes d\u2019utilisation de cet outil, vous pouvez vous adresser par mail \u00e0 <a href=\"mailto:sos.siged@universite-lyon.fr\">sos.siged@universite-lyon.fr<\/a><\/p>\n<h2>2 &#8211; INSCRIPTION ADMINISTRATIVE<\/h2>\n<p>Cette inscription est \u00e0 effectuer aupr\u00e8s de l&rsquo;ENS de Lyon.<\/p>\n<p>Pour ce faire :<\/p>\n<ol>\n<li>Il faut <b>prendre contact avec le Bureau du 3e cycle<\/b> : <b><a href=\"mailto:rentree.doctorants@ens-lyon.fr\">rentree.doctorants@ens-lyon.fr<\/a><\/b>.<\/li>\n<li>Vous recevrez alors les modalit\u00e9s relatives \u00e0 l&rsquo;inscription en D1 et un lien vers la <b>plateforme CORIANDRE<\/b>.<\/li>\n<li>Proc\u00e9dez \u00e0 la pre-insription web via la plateforme, en joignant les documents demand\u00e9s.<\/li>\n<li>Le Bureau du 3e cycle vous enverra un r\u00e9capitulatif et une fiche de confirmation, que vous devrez <b>retourner sign\u00e9e<\/b> par mail (<a href=\"mailto:rentree.doctorants@ens-lyon.fr\">rentree.doctorants@ens-lyon.fr<\/a>).<\/li>\n<li>Un acquittement de la <b>Contribution de Vie Etudiante et de Campus<\/b> (<a href=\"https:\/\/cvec.etudiant.gouv.fr\/\">CVEC<\/a>) de 92 \u20ac vous sera demand\u00e9, en compl\u00e9ment des frais d&rsquo;inscription.<\/li>\n<li>Apr\u00e8s avoir transmis un dossier d\u2019inscription complet et effectu\u00e9 le paiement des frais d\u2019inscription, le doctorant ou la doctorante re\u00e7oit ses certificats de scolarit\u00e9.<\/li>\n<\/ol>\n<p>Pensez \u00e0 v\u00e9rifier l&rsquo;enregistrement de votre th\u00e8se via le <b><a href=\"https:\/\/step.theses.fr\/\">Signalement des Th\u00e8ses En Pr\u00e9paration<\/a><\/b> (STEP). L\u2019enregistrement de la th\u00e8se sur <a href=\"http:\/\/www.theses.fr\/\">www.theses.fr<\/a> sera effectu\u00e9 \u00e0 partir du titre indiqu\u00e9 sur le dossier d\u2019inscription.<\/p>\n<h2>3 &#8211; INSCRIPTION AUPR\u00c8S DU LABORATOIRE ICAR<\/h2>\n<p>Cette inscription est \u00e0 effectuer aupr\u00e8s du secr\u00e9tariat du laboratoire ICAR.<\/p>\n<p>Apr\u00e8s avoir obtenu l&rsquo;accord de votre directeur ou votre directrice de th\u00e8se, et avant de finaliser votre inscription \u00e0 l&rsquo;ENS de Lyon, prenez contact avec le secr\u00e9tariat du laboratoire pour obtenir la fiche d&rsquo;inscription annuelle.<\/p>\n<p><b>Lucie Bujon<\/b> : <a href=\"mailto:Lucie.Bujon@ens-lyon.fr\">Lucie.Bujon@ens-lyon.fr<\/a><\/p>\n<p>Pensez \u00e0 l&rsquo;informer de votre passage par mail !<\/p>\n<p><b> NB <\/b> : cette d\u00e9marche est indispensable pour figurer dans l\u2019annuaire des membres d\u2019ICAR et pour monter les dossiers afin d\u2019obtenir l\u2019autorisation de d\u00e9placement et le remboursement des frais de mission (participation \u00e0 colloques, journ\u00e9es d\u2019\u00e9tudes, r\u00e9colte de donn\u00e9es, etc.).<\/p>\n<h2>4 &#8211; INSCRIPTION SUR LES LISTES DE L&rsquo;ED 3LA<\/h2>\n<p>Cette inscription est \u00e0 effectuer aupr\u00e8s de l&rsquo;\u00e9cole doctorale 3LA (Lettres, Langues, Linguistique et Arts, ED 484), et <b>concerne uniquement les doctorant\u00b7e\u00b7s affili\u00e9\u00b7e\u00b7s \u00e0 cette ED<\/b>.<\/p>\n<p>Pour ce faire, il faut remplir <a href=\"http:\/\/3la.univ-lyon2.fr\/spip.php?rubrique7\">le formulaire disponible sur le site de l&rsquo;ED<\/a>.<\/p>\n<p>Une attestation vous sera d\u00e9livr\u00e9e par mail.<\/p>\n","protected":false},"excerpt":{"rendered":"<p>Si vous \u00eates doctorant\u00b7e \u00e0 l&rsquo;ENS de Lyon, voici les \u00e9tapes \u00e0 suivre pour votre premi\u00e8re inscription en doctorat (ann\u00e9e D1). Attention : ces d\u00e9marches doivent \u00eatre effectu\u00e9es parall\u00e8lement. 1 &#8211; INSCRIPTION P\u00c9DAGOGIQUE Cette inscription est \u00e0 effectuer aupr\u00e8s de &hellip; <a href=\"https:\/\/icar.cnrs.fr\/comdoc\/pendant-la-these\/inscriptions\/d1-ens\/\">Continuer la lecture <span class=\"meta-nav\">&rarr;<\/span><\/a><\/p>\n","protected":false},"author":22,"featured_media":1522,"parent":17,"menu_order":0,"comment_status":"closed","ping_status":"open","template":"onecolumn-page.php","meta":{"inline_featured_image":false,"footnotes":""},"class_list":["post-489","page","type-page","status-publish","has-post-thumbnail","hentry"],"_links":{"self":[{"href":"https:\/\/icar.cnrs.fr\/comdoc\/wp-json\/wp\/v2\/pages\/489","targetHints":{"allow":["GET"]}}],"collection":[{"href":"https:\/\/icar.cnrs.fr\/comdoc\/wp-json\/wp\/v2\/pages"}],"about":[{"href":"https:\/\/icar.cnrs.fr\/comdoc\/wp-json\/wp\/v2\/types\/page"}],"author":[{"embeddable":true,"href":"https:\/\/icar.cnrs.fr\/comdoc\/wp-json\/wp\/v2\/users\/22"}],"replies":[{"embeddable":true,"href":"https:\/\/icar.cnrs.fr\/comdoc\/wp-json\/wp\/v2\/comments?post=489"}],"version-history":[{"count":7,"href":"https:\/\/icar.cnrs.fr\/comdoc\/wp-json\/wp\/v2\/pages\/489\/revisions"}],"predecessor-version":[{"id":1779,"href":"https:\/\/icar.cnrs.fr\/comdoc\/wp-json\/wp\/v2\/pages\/489\/revisions\/1779"}],"up":[{"embeddable":true,"href":"https:\/\/icar.cnrs.fr\/comdoc\/wp-json\/wp\/v2\/pages\/17"}],"wp:featuredmedia":[{"embeddable":true,"href":"https:\/\/icar.cnrs.fr\/comdoc\/wp-json\/wp\/v2\/media\/1522"}],"wp:attachment":[{"href":"https:\/\/icar.cnrs.fr\/comdoc\/wp-json\/wp\/v2\/media?parent=489"}],"curies":[{"name":"wp","href":"https:\/\/api.w.org\/{rel}","templated":true}]}}