{"id":586,"date":"2013-11-15T11:37:29","date_gmt":"2013-11-15T10:37:29","guid":{"rendered":"http:\/\/www.icar.cnrs.fr\/comdoc\/?page_id=586"},"modified":"2025-04-16T18:35:20","modified_gmt":"2025-04-16T16:35:20","slug":"missions","status":"publish","type":"page","link":"https:\/\/icar.cnrs.fr\/comdoc\/pendant-la-these\/missions\/","title":{"rendered":"Les missions"},"content":{"rendered":"<p>Au cours de votre doctorat, pour votre travail de recherche, vous allez vous d\u00e9placer pour pr\u00e9senter votre travail (par exemple, \u00e0 un colloque national ou international), ou encore pour recueillir des donn\u00e9es sur le terrain (<span class=\"rouge\"> NB <\/span> : le d\u00e9placement pour faire du terrain n&rsquo;est plus consid\u00e9r\u00e9 comme partie de la recherche doctorale par l&rsquo;Universit\u00e9 Lyon 2).<\/p>\n<p>Vous devrez alors \u00e9tablir un ordre de mission (obligatoire dans tous les cas), et faire une demande de subvention. Selon les fonds disponibles dans le budget du laboratoire ICAR, cette subvention pourra vous \u00eatre attribu\u00e9e avec l&rsquo;accord de votre directrice ou directeur de th\u00e8se, ainsi qu&rsquo;avec l&rsquo;accord des responsables financiers de votre \u00e9quipe du laboratoire.<\/p>\n<p>Voici comment proc\u00e9der lorsque vous partez en mission.<\/p>\n<p><span class=\"rouge\"> IMPORTANT <\/span> : Ces d\u00e9marches doivent \u00eatre effectu\u00e9es bien avant votre d\u00e9part en mission pr\u00e9vu. Il faut faire votre demande au moins <b>1 mois \u00e0 l&rsquo;avance pour une mission en France<\/b> et <b>2 mois \u00e0 l&rsquo;avance pour une mission \u00e0 l\u2019\u00e9tranger<\/b>.<\/p>\n<hr \/>\n<h2>ORDRE DE MISSION<\/h2>\n<ol>\n<li>Demandez au secr\u00e9tariat ICAR le <b>formulaire d&rsquo;ordre de mission<\/b>. Pour rappel, les personnes \u00e0 contacter sont <b>Lucie Bujon<\/b> (<a href=\"mailto:lucie.bujon@ens-lyon.fr\">lucie.bujon@ens-lyon.fr<\/a>) et <b> Jacqueline Hilta<\/b> (<a href=\"mailto:jacqueline.hilta@ens-lyon.fr\">jacqueline.hilta@ens-lyon.fr<\/a>).<\/li>\n<li>Renvoyez le formulaire rempli au secr\u00e9tariat ICAR, avec les pi\u00e8ces justificatives indiqu\u00e9es dans le formulaire (RIB, photocopie du passeport, etc.)<\/li>\n<\/ol>\n<p><span class=\"rouge\"> IMPORTANT <\/span> : Vous devez <b>obligatoirement<\/b> faire une demande d&rsquo;ordre de mission, <b>m\u00eame si votre mission n&rsquo;est pas financ\u00e9e par le laboratoire<\/b>.<\/p>\n<p><b> NB<\/b> : Informez le secr\u00e9tariat de votre passage, et pensez bien \u00e0 vous y prendre en avance. Les gestionnaires ne g\u00e8rent pas uniquement les ordres de mission des doctorant\u00b7e\u00b7s.<\/p>\n<p>Dans le formulaire, une estimation du co\u00fbt de votre mission vous sera demand\u00e9e. Si vous souhaitez faire \u00e9galement une demande de financement, veillez \u00e0 bien informer votre directrice ou directeur de th\u00e8se de la somme que vous souhaitez demander.<\/p>\n<hr \/>\n<h2>DEMANDE DE FINANCEMENT<\/h2>\n<p>Pour faire la demande, suivez ces \u00e9tapes.<\/p>\n<ol>\n<li><b>Estimer le co\u00fbt total du d\u00e9placement<\/b><br \/>\nLe co\u00fbt de votre mission comprend :<\/p>\n<ul>\n<li>le trajet et les d\u00e9placements (avion, train, bus)<\/li>\n<li>les \u00e9ventuels frais d&rsquo;inscription au colloque<\/li>\n<li>l&rsquo;h\u00e9bergement \u00e0 l&rsquo;h\u00f4tel (si n\u00e9cessaire)<\/li>\n<li>les repas (si non inclus dans les frais d&rsquo;inscription)<\/li>\n<\/ul>\n<\/li>\n<li><b>Soumettre de l&rsquo;estimation \u00e0 votre directrice ou directeur de th\u00e8se<\/b><\/li>\n<li><b>Votre demande est transmise aux responsables financiers de votre \u00e9quipe<\/b>\n<ul>\n<li>I,C : Heike Baldauf-Quilliatre, Audrey Mazur-Palandre<\/li>\n<li>ADIS : Florence Le Hebel, Jean-Fran\u00e7ois Grassin<\/li>\n<li>SST : Denis Vigier, Jean-Philippe Magu\u00e9<\/li>\n<\/ul>\n<\/li>\n<li>Vous recevez <b>une r\u00e9ponse<\/b> de votre directeur ou directrice de th\u00e8se, ou des responsables financiers de votre \u00e9quipe.\n<ul>\n<li style=\"list-style-type: none\">\n<ul>\n<li><b>Si votre demande est valid\u00e9e totalement<\/b>:<br \/>\nLes responsables financiers de l\u2019\u00e9quipe ou votre directeur ou directrice de th\u00e8se vous confirmera le montant de la subvention accord\u00e9e selon les fonds disponibles, puis l\u2019un\u00b7e d\u2019eux transmettra l\u2019information aupr\u00e8s des gestionnaires d\u2019ICAR.<\/li>\n<li><b>Si votre demande est valid\u00e9e partiellement<\/b>:<br \/>\nVous pouvez demander une subvention compl\u00e9mentaire aupr\u00e8s de votre \u00e9cole doctorale. Cette aide est accord\u00e9e uniquement dans les cas suivants :<\/p>\n<ul>\n<li>co-financement avec ICAR<\/li>\n<li>vous \u00eates inscrit\u00b7e sur les listes de l&rsquo;ED<\/li>\n<li>vous partez en mission de recherche ou pour un colloque<\/li>\n<\/ul>\n<p>La demande aupr\u00e8s de l&rsquo;ED doit \u00eatre faite directement avec les gestionnaires ICAR (<b>Lucie Bujon<\/b> et <b>Jacqueline Hilta<\/b>). Les formulaires suppl\u00e9mentaires devront \u00eatre remplis par vos soins, puis transmis pour signature \u00e0 la direction du laboratoire. <b>Ce sont les gestionnaires ICAR qui transmettent votre demande \u00e0 votre ED<\/b>.<\/li>\n<\/ul>\n<\/li>\n<\/ul>\n<p>Votre demande sera trait\u00e9e par l\u2019ED, qui accorde ou non le reste du budget de la mission (elle accorde au maximum 50% du budget global demand\u00e9).<\/li>\n<li><b>Garder et rapporter toutes les pi\u00e8ces justificatives de vos d\u00e9penses aux gestionnaires ICAR<\/b><br \/>\nCela comprend le(s) billet(s) de bus, de train, d&rsquo;avion (carte(s) d&#8217;embarquement). Vous devrez \u00e9galement fournir les factures pour votre \u00e9ventuel s\u00e9jour \u00e0 l&rsquo;h\u00f4tel, les repas, l&rsquo;inscription au colloque. N&rsquo;h\u00e9sitez pas \u00e0 r\u00e9clamer ces justificatifs lors de votre mission.<b>Dans les 15 jours suivant votre retour de mission<\/b>, vous devrez prendre contact avec les gestionnaires ICAR pour remplir l&rsquo;\u00e9tat des frais, lister les d\u00e9penses r\u00e9elles et joindre les pi\u00e8ces justificatives de ces d\u00e9penses.<\/li>\n<\/ol>\n","protected":false},"excerpt":{"rendered":"<p>Au cours de votre doctorat, pour votre travail de recherche, vous allez vous d\u00e9placer pour pr\u00e9senter votre travail (par exemple, \u00e0 un colloque national ou international), ou encore pour recueillir des donn\u00e9es sur le terrain ( NB : le d\u00e9placement &hellip; <a href=\"https:\/\/icar.cnrs.fr\/comdoc\/pendant-la-these\/missions\/\">Continuer la lecture <span class=\"meta-nav\">&rarr;<\/span><\/a><\/p>\n","protected":false},"author":22,"featured_media":1522,"parent":1401,"menu_order":0,"comment_status":"closed","ping_status":"open","template":"onecolumn-page.php","meta":{"inline_featured_image":false,"footnotes":""},"class_list":["post-586","page","type-page","status-publish","has-post-thumbnail","hentry"],"_links":{"self":[{"href":"https:\/\/icar.cnrs.fr\/comdoc\/wp-json\/wp\/v2\/pages\/586","targetHints":{"allow":["GET"]}}],"collection":[{"href":"https:\/\/icar.cnrs.fr\/comdoc\/wp-json\/wp\/v2\/pages"}],"about":[{"href":"https:\/\/icar.cnrs.fr\/comdoc\/wp-json\/wp\/v2\/types\/page"}],"author":[{"embeddable":true,"href":"https:\/\/icar.cnrs.fr\/comdoc\/wp-json\/wp\/v2\/users\/22"}],"replies":[{"embeddable":true,"href":"https:\/\/icar.cnrs.fr\/comdoc\/wp-json\/wp\/v2\/comments?post=586"}],"version-history":[{"count":9,"href":"https:\/\/icar.cnrs.fr\/comdoc\/wp-json\/wp\/v2\/pages\/586\/revisions"}],"predecessor-version":[{"id":1963,"href":"https:\/\/icar.cnrs.fr\/comdoc\/wp-json\/wp\/v2\/pages\/586\/revisions\/1963"}],"up":[{"embeddable":true,"href":"https:\/\/icar.cnrs.fr\/comdoc\/wp-json\/wp\/v2\/pages\/1401"}],"wp:featuredmedia":[{"embeddable":true,"href":"https:\/\/icar.cnrs.fr\/comdoc\/wp-json\/wp\/v2\/media\/1522"}],"wp:attachment":[{"href":"https:\/\/icar.cnrs.fr\/comdoc\/wp-json\/wp\/v2\/media?parent=586"}],"curies":[{"name":"wp","href":"https:\/\/api.w.org\/{rel}","templated":true}]}}