{"id":648,"date":"2014-01-13T10:25:30","date_gmt":"2014-01-13T09:25:30","guid":{"rendered":"http:\/\/www.icar.cnrs.fr\/comdoc\/?page_id=648"},"modified":"2020-10-27T16:48:46","modified_gmt":"2020-10-27T15:48:46","slug":"documents-utiles","status":"publish","type":"page","link":"https:\/\/icar.cnrs.fr\/comdoc\/ressources\/documents-utiles\/","title":{"rendered":"Documents utiles"},"content":{"rendered":"<p>Guide des doctorants de l&rsquo;Universit\u00e9 de Lyon (UDL):<br \/>\nVous trouverez la version actuelle du guide sur <a href=\"https:\/\/www.universite-lyon.fr\/recherche\/doctorat\/ecoles-doctorales\/nos-17-ecoles-doctorales-1661.kjsp?RH=1486385618874\">cette page<\/a> ou bien directement <a href=\"https:\/\/www.universite-lyon.fr\/medias\/fichier\/v11-2019-20-guide-franc-ais_1580224683382-pdf?ID_FICHE=1550\">ici en format PDF<\/a>.<br \/>\nDocuments \u00e0 t\u00e9l\u00e9charger pour les formations prise en main feuille de style\u00a0 : <a href=\"https:\/\/icar.cnrs.fr\/comdoc\/files\/2018\/11\/Styles_ICAR_avril2016.zip\">Styles_ICAR_avril2016<\/a>&lt;\/<\/p>\n<ul>\n<li>diaporama<\/li>\n<li>application des styles \u00e0 partir d&rsquo;un mod\u00e8le<\/li>\n<li>stylage de la page de couverture<\/li>\n<li>indexation<\/li>\n<\/ul>\n<p>F\u00eate des doctorants ICAR :<\/p>\n<ul>\n<li>6 d\u00e9cembre 2013 &#8211; <a href=\"https:\/\/icar.cnrs.fr\/comdoc\/files\/2018\/11\/icar_fete_doctorant_2013-12-06.pdf\">icar_fete_doctorant_2013-12-06<\/a><\/li>\n<\/ul>\n","protected":false},"excerpt":{"rendered":"<p>Guide des doctorants de l&rsquo;Universit\u00e9 de Lyon (UDL): Vous trouverez la version actuelle du guide sur cette page ou bien directement ici en format PDF. Documents \u00e0 t\u00e9l\u00e9charger pour les formations prise en main feuille de style\u00a0 : Styles_ICAR_avril2016&lt;\/ diaporama &hellip; <a href=\"https:\/\/icar.cnrs.fr\/comdoc\/ressources\/documents-utiles\/\">Continuer la lecture <span class=\"meta-nav\">&rarr;<\/span><\/a><\/p>\n","protected":false},"author":22,"featured_media":1523,"parent":29,"menu_order":5,"comment_status":"closed","ping_status":"closed","template":"onecolumn-page.php","meta":{"inline_featured_image":false,"footnotes":""},"class_list":["post-648","page","type-page","status-publish","has-post-thumbnail","hentry"],"_links":{"self":[{"href":"https:\/\/icar.cnrs.fr\/comdoc\/wp-json\/wp\/v2\/pages\/648","targetHints":{"allow":["GET"]}}],"collection":[{"href":"https:\/\/icar.cnrs.fr\/comdoc\/wp-json\/wp\/v2\/pages"}],"about":[{"href":"https:\/\/icar.cnrs.fr\/comdoc\/wp-json\/wp\/v2\/types\/page"}],"author":[{"embeddable":true,"href":"https:\/\/icar.cnrs.fr\/comdoc\/wp-json\/wp\/v2\/users\/22"}],"replies":[{"embeddable":true,"href":"https:\/\/icar.cnrs.fr\/comdoc\/wp-json\/wp\/v2\/comments?post=648"}],"version-history":[{"count":6,"href":"https:\/\/icar.cnrs.fr\/comdoc\/wp-json\/wp\/v2\/pages\/648\/revisions"}],"predecessor-version":[{"id":1268,"href":"https:\/\/icar.cnrs.fr\/comdoc\/wp-json\/wp\/v2\/pages\/648\/revisions\/1268"}],"up":[{"embeddable":true,"href":"https:\/\/icar.cnrs.fr\/comdoc\/wp-json\/wp\/v2\/pages\/29"}],"wp:featuredmedia":[{"embeddable":true,"href":"https:\/\/icar.cnrs.fr\/comdoc\/wp-json\/wp\/v2\/media\/1523"}],"wp:attachment":[{"href":"https:\/\/icar.cnrs.fr\/comdoc\/wp-json\/wp\/v2\/media?parent=648"}],"curies":[{"name":"wp","href":"https:\/\/api.w.org\/{rel}","templated":true}]}}