{"id":71,"date":"2013-09-19T16:07:41","date_gmt":"2013-09-19T15:07:41","guid":{"rendered":"http:\/\/liri.ish-lyon.cnrs.fr\/comdoc\/?page_id=71"},"modified":"2025-04-17T16:56:46","modified_gmt":"2025-04-17T14:56:46","slug":"pot-de-soutenance","status":"publish","type":"page","link":"https:\/\/icar.cnrs.fr\/comdoc\/soutenance\/pot-de-soutenance\/","title":{"rendered":"Pot de soutenance"},"content":{"rendered":"<p><span class=\"rouge\"> ATTENTION : \u00e0 cause du contexte sanitaire actuel, la mise en place de restrictions est possible ; renseignez-vous sur les r\u00e8gles en vigueur avant de commencer l&rsquo;organisation de votre pot de soutenance.<br \/>\n<\/span><\/p>\n<p>Le pot de soutenance est le moment festif qui suit la soutenance de votre th\u00e8se. Pour l&rsquo;organiser au mieux, il faut s&rsquo;y prendre en avance, et r\u00e9server une salle \u00e0 proximit\u00e9 de votre salle de soutenance.<\/p>\n<p>La r\u00e9servation de la salle rel\u00e8ve de l&rsquo;administration du lieu o\u00f9 vous allez soutenir.<\/p>\n<h3>Si la soutenance a lieu \u00e0 Lyon 2<\/h3>\n<ul>\n<li>Sur le campus Berges du Rh\u00f4ne, prenez contact avec le secr\u00e9tariat de l&rsquo;ED 3LA<br \/>\n<b>Eva Modolo<\/b> : <a href=\"mailto:eva.modolo@univ-lyon2.fr\">eva.modolo@univ-lyon2.fr<\/a><\/li>\n<li>A la Maison des Sciences de l&rsquo;Homme, contactez<br \/>\n<b>Val\u00e9rie Bernardo<\/b> : <a href=\"mailto:valerie.bernardo@msh-lse.fr\">valerie.bernardo@msh-lse.fr<\/a><\/li>\n<\/ul>\n<h3>Si la soutenance a lieu \u00e0 l&rsquo;ENS de Lyon<\/h3>\n<p>Prenez contact avec le <b>restaurant Descartes<\/b> : <a href=\"mailto:resto-descartes@crous-lyon.fr\">resto-descartes@crous-lyon.fr<\/a><\/p>\n","protected":false},"excerpt":{"rendered":"<p>ATTENTION : \u00e0 cause du contexte sanitaire actuel, la mise en place de restrictions est possible ; renseignez-vous sur les r\u00e8gles en vigueur avant de commencer l&rsquo;organisation de votre pot de soutenance. Le pot de soutenance est le moment festif &hellip; <a href=\"https:\/\/icar.cnrs.fr\/comdoc\/soutenance\/pot-de-soutenance\/\">Continuer la lecture <span class=\"meta-nav\">&rarr;<\/span><\/a><\/p>\n","protected":false},"author":22,"featured_media":1524,"parent":401,"menu_order":2,"comment_status":"closed","ping_status":"open","template":"onecolumn-page.php","meta":{"inline_featured_image":false,"footnotes":""},"class_list":["post-71","page","type-page","status-publish","has-post-thumbnail","hentry"],"_links":{"self":[{"href":"https:\/\/icar.cnrs.fr\/comdoc\/wp-json\/wp\/v2\/pages\/71","targetHints":{"allow":["GET"]}}],"collection":[{"href":"https:\/\/icar.cnrs.fr\/comdoc\/wp-json\/wp\/v2\/pages"}],"about":[{"href":"https:\/\/icar.cnrs.fr\/comdoc\/wp-json\/wp\/v2\/types\/page"}],"author":[{"embeddable":true,"href":"https:\/\/icar.cnrs.fr\/comdoc\/wp-json\/wp\/v2\/users\/22"}],"replies":[{"embeddable":true,"href":"https:\/\/icar.cnrs.fr\/comdoc\/wp-json\/wp\/v2\/comments?post=71"}],"version-history":[{"count":8,"href":"https:\/\/icar.cnrs.fr\/comdoc\/wp-json\/wp\/v2\/pages\/71\/revisions"}],"predecessor-version":[{"id":1967,"href":"https:\/\/icar.cnrs.fr\/comdoc\/wp-json\/wp\/v2\/pages\/71\/revisions\/1967"}],"up":[{"embeddable":true,"href":"https:\/\/icar.cnrs.fr\/comdoc\/wp-json\/wp\/v2\/pages\/401"}],"wp:featuredmedia":[{"embeddable":true,"href":"https:\/\/icar.cnrs.fr\/comdoc\/wp-json\/wp\/v2\/media\/1524"}],"wp:attachment":[{"href":"https:\/\/icar.cnrs.fr\/comdoc\/wp-json\/wp\/v2\/media?parent=71"}],"curies":[{"name":"wp","href":"https:\/\/api.w.org\/{rel}","templated":true}]}}