{"id":869,"date":"2017-02-08T16:46:40","date_gmt":"2017-02-08T15:46:40","guid":{"rendered":"http:\/\/www.icar.cnrs.fr\/comdoc\/?page_id=869"},"modified":"2020-10-30T12:17:12","modified_gmt":"2020-10-30T11:17:12","slug":"accompagnement-psychologique","status":"publish","type":"page","link":"https:\/\/icar.cnrs.fr\/comdoc\/ressources\/accompagnement-psychologique\/","title":{"rendered":"Accompagnement psychologique"},"content":{"rendered":"<p>Pendant la th\u00e8se, on rencontre parfois des moments de difficult\u00e9 : on peut se sentir d\u00e9courag\u00e9\u00b7e, isol\u00e9\u00b7e, incompris\u00b7e&#8230; Dans ces moments, il est important d&rsquo;en parler \u00e0 quelqu&rsquo;un, que ce soit une personne de votre entourage proche (amis, famille), vos coll\u00e8gues ou encore votre directeur ou votre directrice de th\u00e8se. Cependant, parfois, il est plus simple de s&rsquo;adresser \u00e0 quelqu&rsquo;un qu&rsquo;on ne conna\u00eet pas personnellement, un professionnel de sant\u00e9. Si vous en ressentez le besoin, <b>n&rsquo;h\u00e9sitez pas \u00e0 profiter des services que l&rsquo;universit\u00e9 met \u00e0 votre disposition, gratuitement<\/b>.<\/p>\n<p>Voici quelques contacts :<\/p>\n<h3>Pour les doctorant\u00b7e\u00b7s\u00a0de Lyon 2<\/h3>\n<p>Consultez <b><a href=\"https:\/\/www.univ-lyon2.fr\/campus\/ssu\">la page du Service de sant\u00e9 universitaire<\/a><\/b> pour toutes les informations.<\/p>\n<h3>Pour les doctorant\u00b7e\u00b7s\u00a0de l&rsquo;ENS de Lyon ou ayant leur bureau \u00e0 l&rsquo;ENS de Lyon<\/h3>\n<p>Prenez contact avec <b>le Service M\u00e9dical de l&rsquo;ENS<\/b> (<a href=\"mailto:service.medical@ens-lyon.fr\">service.medical@ens-lyon.fr<\/a>) et consultez <b><a href=\"http:\/\/www.ens-lyon.fr\/campus\/en-pratique\/sante-et-handicap\">la page du service<\/a><\/b> pour toutes les informations.<\/p>\n<p>Si vous avez des questions concernant ces services, n&rsquo;h\u00e9sitez pas \u00e0 <b>contacter la Com&rsquo;Doc<\/b> (<a href=\"mailto:doctorants.icar@gmail.com\">doctorants.icar@gmail.com<\/a>) ou le secr\u00e9tariat du laboratoire ICAR (<a href=\"mailto:lucie.bujon@ens-lyon.fr\">lucie.bujon@ens-lyon.fr<\/a>).<\/p>\n","protected":false},"excerpt":{"rendered":"<p>Pendant la th\u00e8se, on rencontre parfois des moments de difficult\u00e9 : on peut se sentir d\u00e9courag\u00e9\u00b7e, isol\u00e9\u00b7e, incompris\u00b7e&#8230; Dans ces moments, il est important d&rsquo;en parler \u00e0 quelqu&rsquo;un, que ce soit une personne de votre entourage proche (amis, famille), vos &hellip; <a href=\"https:\/\/icar.cnrs.fr\/comdoc\/ressources\/accompagnement-psychologique\/\">Continuer la lecture <span class=\"meta-nav\">&rarr;<\/span><\/a><\/p>\n","protected":false},"author":22,"featured_media":1523,"parent":29,"menu_order":0,"comment_status":"closed","ping_status":"closed","template":"onecolumn-page.php","meta":{"inline_featured_image":false,"footnotes":""},"class_list":["post-869","page","type-page","status-publish","has-post-thumbnail","hentry"],"_links":{"self":[{"href":"https:\/\/icar.cnrs.fr\/comdoc\/wp-json\/wp\/v2\/pages\/869","targetHints":{"allow":["GET"]}}],"collection":[{"href":"https:\/\/icar.cnrs.fr\/comdoc\/wp-json\/wp\/v2\/pages"}],"about":[{"href":"https:\/\/icar.cnrs.fr\/comdoc\/wp-json\/wp\/v2\/types\/page"}],"author":[{"embeddable":true,"href":"https:\/\/icar.cnrs.fr\/comdoc\/wp-json\/wp\/v2\/users\/22"}],"replies":[{"embeddable":true,"href":"https:\/\/icar.cnrs.fr\/comdoc\/wp-json\/wp\/v2\/comments?post=869"}],"version-history":[{"count":5,"href":"https:\/\/icar.cnrs.fr\/comdoc\/wp-json\/wp\/v2\/pages\/869\/revisions"}],"predecessor-version":[{"id":1747,"href":"https:\/\/icar.cnrs.fr\/comdoc\/wp-json\/wp\/v2\/pages\/869\/revisions\/1747"}],"up":[{"embeddable":true,"href":"https:\/\/icar.cnrs.fr\/comdoc\/wp-json\/wp\/v2\/pages\/29"}],"wp:featuredmedia":[{"embeddable":true,"href":"https:\/\/icar.cnrs.fr\/comdoc\/wp-json\/wp\/v2\/media\/1523"}],"wp:attachment":[{"href":"https:\/\/icar.cnrs.fr\/comdoc\/wp-json\/wp\/v2\/media?parent=869"}],"curies":[{"name":"wp","href":"https:\/\/api.w.org\/{rel}","templated":true}]}}