{"id":88,"date":"2013-09-20T15:50:34","date_gmt":"2013-09-20T14:50:34","guid":{"rendered":"http:\/\/liri.ish-lyon.cnrs.fr\/comdoc\/?page_id=88"},"modified":"2025-04-17T17:05:58","modified_gmt":"2025-04-17T15:05:58","slug":"carriere-academique","status":"publish","type":"page","link":"https:\/\/icar.cnrs.fr\/comdoc\/apres-la-these\/carriere-academique\/","title":{"rendered":"Vers une carri\u00e8re acad\u00e9mique"},"content":{"rendered":"<p>Apr\u00e8s l&rsquo;obtention du doctorat, diff\u00e9rentes possibilit\u00e9s de carri\u00e8re s&rsquo;offrent \u00e0 vous. Nombreux et nombreuses sont les docteur\u00b7e\u00b7s qui poursuivent dans la voie acad\u00e9mique, en devenant enseignant\u00b7e-chercheur\u00b7e.<\/p>\n<p>Voici les principales options qui s&rsquo;offrent \u00e0 vous lorsque vous souhaitez poursuivre dans la voie acad\u00e9mique apr\u00e8s la th\u00e8se.<\/p>\n<p>A court terme, en tant que jeune docteur\u00b7e, vous pouvez envisager deux types de contrat :<\/p>\n<ul>\n<li><b>Contrat post-doctoral<\/b> (post-doc) en France ou \u00e0 l&rsquo;\u00e9tranger<\/li>\n<li><b>Contrat d&rsquo;ATER<\/b> (Attach\u00e9\u00b7e Temporaire d&rsquo;Enseignement et de Recherche dans une universit\u00e9 fran\u00e7aise<\/li>\n<\/ul>\n<p>A plus long terme, en France, vous pourrez envisager deux types de voie :<\/p>\n<ul>\n<li><b>Ma\u00eetre\u00b7sse de Conf\u00e9rences<\/b> dans une universit\u00e9 fran\u00e7aise : il s&rsquo;agit d&rsquo;un parcours orient\u00e9 vers la recherche et l&rsquo;enseignement<\/li>\n<li><b>Charg\u00e9\u00b7e de Recherche<\/b> aupr\u00e8s du CNRS : il s&rsquo;agit d&rsquo;un parcours orient\u00e9 uniquement vers la recherche<\/li>\n<\/ul>\n<p>Vous trouverez ci-dessous, et dans cet ordre, les particularit\u00e9s de ces quatre postes, ainsi que les possibles \u00e9volutions de carri\u00e8re qu&rsquo;ils engendrent.<\/p>\n<hr \/>\n<h2>POST-DOC<\/h2>\n<h3>En quoi \u00e7a consiste ?<\/h3>\n<p>Pour pouvoir poursuivre l&rsquo;activit\u00e9 de recherche apr\u00e8s la th\u00e8se, la premi\u00e8re solution qui s&rsquo;offre \u00e0 vous est celle d&rsquo;obtenir un <b>contrat de chercheur\u00b7e contractuel\u00b7le post-doctoral\u00b7e<\/b>. Cela signifie, \u00eatre embauch\u00e9\u00b7e par un organisme qui finance la recherche (une universit\u00e9, le CNRS, et parfois aussi les r\u00e9gions) afin de contribuer \u00e0 un projet de recherche.<\/p>\n<h3>Type de contrat<\/h3>\n<p>Il s&rsquo;agit d&rsquo;un contrat \u00e0 dur\u00e9e d\u00e9termin\u00e9e (CDD) pour une dur\u00e9e qui peut varier entre 6 et 24 mois, en g\u00e9n\u00e9ral. La dur\u00e9e du contrat d\u00e9pendra des besoins du projet pour lequel la docteure ou le docteur sera recrut\u00e9\u00b7e. En ce qui concerne la r\u00e9mun\u00e9ration, elle d\u00e9pend de l&rsquo;exp\u00e9rience et de l&rsquo;anciennet\u00e9 de la jeune docteure ou du jeune docteur.<\/p>\n<p>Si vous partez \u00e0 l&rsquo;\u00e9tranger pour un contrat post-doctoral, tenez compte du fait que les modalit\u00e9s de contrat varient d&rsquo;un pays \u00e0 l&rsquo;autre.<\/p>\n<h3>Proc\u00e9dure \u00e0 suivre<\/h3>\n<p>Pour trouver son contrat post-doctoral, vous pouvez vous y prendre de trois mani\u00e8res :<\/p>\n<ul>\n<li><b>Le CNRS<\/b> publie r\u00e9guli\u00e8rement sur son site d\u00e9di\u00e9 les appels \u00e0 candidature pour les contrats post-doctoraux partout en France : <b><a href=\"https:\/\/emploi.cnrs.fr\/\">consulter le Portail Emploi CNRS<\/a><\/b>. Il suffira de cr\u00e9er votre \u00ab\u00a0Espace Candidat\u00a0\u00bb pour d\u00e9poser sur la plateforme votre CV et vos \u00e9ventuelles lettres de motivation pour postuler aux offres. <span class=\"rouge\"> NB <\/span> : il est de bon go\u00fbt de prendre contact avec les porteurs ou porteuses des projets qui recrutent pour mieux pr\u00e9parer votre candidature.<\/li>\n<li><b>Obtenir un financement<\/b> dans le cadre d&rsquo;un programme de financement international, par exemple dans le cadre des <b><a href=\"https:\/\/marie-sklodowska-curie-actions.ec.europa.eu\/\">Actions Marie Sklodowska-Curie (A.M.S.C.)<\/a><\/b>. Il s&rsquo;agit d&rsquo;un financement d&rsquo;un projet de recherche dont vous serez porteur ou porteuse (Individual Fellowship), et qui vous impose une mobilit\u00e9 internationale. Vous devrez alors par vous-m\u00eame monter une collaboration, \u00e9crire un projet et planifier son budget. Des formations sont propos\u00e9es pour monter votre dossier.<\/li>\n<li><b>Votre r\u00e9seau<\/b> est primordial pour trouver un contrat qui fait suite \u00e0 votre doctorat. Vos coll\u00e8gues, vos rencontres aux colloques et \u00e0 travers des projets de recherche auxquels vous participez, restent les meilleurs interlocuteurs pour \u00eatre \u00e0 jour des diff\u00e9rentes opportunit\u00e9s. En effet, <b>les appels \u00e0 candidature<\/b> pour les post-doc passent souvent \u00e0 travers les <b>r\u00e9seaux de diffusion des sp\u00e9cialistes de votre domaine<\/b>. Renseignez-vous aupr\u00e8s de votre directrice ou directeur de th\u00e8se, aupr\u00e8s de vos coll\u00e8gues jeunes docteur\u00b7e\u00b7s ou membres de votre \u00e9quipe de recherche.<\/li>\n<\/ul>\n<h3>Et apr\u00e8s ?<\/h3>\n<p>\u00catre titulaire d&rsquo;un contrat post-doctoral est un atout consid\u00e9rable pour la suite de votre parcours. <b>Il est vivement conseill\u00e9 d&rsquo;\u00eatre mobile<\/b> : avoir fait un post-doc \u00e0 l&rsquo;\u00e9tranger est tr\u00e8s appr\u00e9ci\u00e9 dans la communaut\u00e9 acad\u00e9mique fran\u00e7aise. Le post-doc vous oriente g\u00e9n\u00e9ralement vers un parcours plut\u00f4t centr\u00e9 sur l&rsquo;activit\u00e9 de recherche (et non pas l&rsquo;enseignement), mais constitue dans tous les cas une exp\u00e9rience professionnelle pr\u00e9cieuse.<\/p>\n<p>Apr\u00e8s avoir eu un ou plusieurs contrats post-doctoraux (que ce soit \u00e0 l&rsquo;\u00e9tranger, en France, ou, mieux, les deux), vous serez un\u00b7e candidat\u00b7e de taille pour les concours de Charg\u00e9\u00b7e de Recherche CNRS et de Ma\u00eetre\u00b7sse de Conf\u00e9rences.<\/p>\n<hr \/>\n<h2>ATER<\/h2>\n<p>Une autre option, accessible \u00e9galement lorsque vous \u00eates encore en doctorat au-del\u00e0 de la D3, est d&rsquo;obtenir un contrat <b>ATER (Attach\u00e9\u00b7e Temporaire d&rsquo;Enseignement et de Recherche)<\/b> aupr\u00e8s d&rsquo;une universit\u00e9 fran\u00e7aise.<\/p>\n<h3>En quoi \u00e7a consiste ?<\/h3>\n<p>Il s&rsquo;agit d&rsquo;un contrat vous donnant un statut d&rsquo;enseignant\u00b7e-chercheur\u00b7e, \u00e0 forte charge d&rsquo;enseignement. Un\u00b7e ATER doit en particulier assurer soit un service complet d&rsquo;enseignement (192 heures \u00e9quivalent TD par an), soit un demi-service (96 heures \u00e9quivalent TD par an) et participer aux contr\u00f4les des connaissances et aux examens.<\/p>\n<h3>Type de contrat<\/h3>\n<p>Il s&rsquo;agit d&rsquo;un contrat \u00e0 dur\u00e9e d\u00e9termin\u00e9e (CDD), \u00e0 temps plein ou \u00e0 mi-temps. Ce contrat est <b> limit\u00e9 \u00e0 un an avec possibilit\u00e9 de renouveler une fois<\/b>.<\/p>\n<h3>Proc\u00e9dure \u00e0 suivre<\/h3>\n<p>Le moment de l&rsquo;appel \u00e0 candidatures varie selon les universit\u00e9s. En g\u00e9n\u00e9ral, les recrutements se d\u00e9roulent au printemps &#8211; \u00e9t\u00e9 pour l&rsquo;ann\u00e9e universitaire \u00e0 venir.<\/p>\n<p>Pour consulter les postes ouverts au recrutement, rendez-vous d\u00e8s le mois de f\u00e9vrier sur la <a href=\"https:\/\/www.galaxie.enseignementsup-recherche.gouv.fr\/ensup\/cand_recrutement_ATER.htm\">plateforme Galaxie<\/a>.<\/p>\n<p><span class=\"rouge\"> NB <\/span> : Pensez \u00e0 consulter la <a href=\"https:\/\/www.galaxie.enseignementsup-recherche.gouv.fr\/ensup\/pdf\/qualification\/sections.pdf\">liste des sections CNU<\/a> (Conseil National des Universit\u00e9s) afin de vous positionner au mieux pour les postes ATER qui correspondent \u00e0 votre profil.<\/p>\n<h3>Et apr\u00e8s ?<\/h3>\n<p>L&rsquo;ATER constitue souvent une possibilit\u00e9 de financement en cas de prolongement de la th\u00e8se au-del\u00e0 de 3 ans. Il peut \u00e9galement repr\u00e9senter une alternative temporaire dans l&rsquo;attente d&rsquo;une nomination sur un poste de Ma\u00eetre\u00b7sse de Conf\u00e9rences. \u00catre ATER constitue d&rsquo;ailleurs souvent un atout suppl\u00e9mentaire lors de la candidature sur ces postes. Ce type de contrat vous oriente davantage vers l&rsquo;activit\u00e9 d&rsquo;enseignement sup\u00e9rieur, en plus de l&rsquo;activit\u00e9 de recherche.<\/p>\n<hr \/>\n<h2>MA\u00ceTRE\u00b7SSE DE CONF\u00c9RENCES<\/h2>\n<h3>En quoi \u00e7a consiste ?<\/h3>\n<p>Un\u00b7e <b>Ma\u00eetre\u00b7sse de Conf\u00e9rences<\/b> est un\u00b7e enseignant\u00b7e-chercheur\u00b7e, fonctionnaire titulaire d&rsquo;un poste dans un \u00e9tablissement public d&rsquo;enseignement sup\u00e9rieur et de recherche.<\/p>\n<p>Le service annuel d&rsquo;enseignement correspond \u00e0 un \u00e9quivalent de 192 heures de TD, ou 128 heures de cours ou encore 288 heures de TP (ou toute combinaison \u00e9quivalente).<\/p>\n<p>Bien s\u00fbr, le travail de MCF ne se limite pas \u00e0 l&rsquo;enseignement et englobe le plus souvent des t\u00e2ches d&rsquo;encadrement d&rsquo;\u00e9tudiants (en stage ou en th\u00e8se), des travaux de recherche (ceux-ci sont essentiels pour l&rsquo;\u00e9volution de carri\u00e8re), d&rsquo;organisation du travail d&rsquo;une unit\u00e9 de formation et de recherche (UFR)&#8230;<\/p>\n<p><span class=\"rouge\"> NB <\/span> : Le statut de MCF est susceptible d&rsquo;\u00e9voluer dans les prochaines ann\u00e9es, suite \u00e0 la Loi de Programmation Pluriannuelle de la Recherche (LPRR).<\/p>\n<h3>Type de contrat<\/h3>\n<p>En devenant Ma\u00eetre\u00b7sse de Conf\u00e9rences, vous devenez fonctionnaire. Pendant la premi\u00e8re ann\u00e9e de l&rsquo;exercice de vos fonctions, vous \u00eates stagiaire, puis vous \u00eates titularis\u00e9\u00b7e.<\/p>\n<h3>Proc\u00e9dure \u00e0 suivre<\/h3>\n<p>Le recrutement des MCF est effectue par concours, en fonction des postes disponibles dans chaque universit\u00e9.<\/p>\n<p>Les <b>modalit\u00e9s<\/b> \u00a0permettant de postuler \u00e0 un poste de MCF font l&rsquo;objet d&rsquo;un texte, publi\u00e9 chaque ann\u00e9e, fixant le calendrier pour l&rsquo;ann\u00e9e en cours. Quelques r\u00e8gles restent toutefois invariables : toute personne <b>titulaire d&rsquo;un doctorat<\/b> et <b>qualifi\u00e9e aux fonctions de MCF<\/b> peut devenir MCF (<b><a href=\"https:\/\/icar.cnrs.fr\/comdoc\/apres-la-these\/qualification-mcf\/\">voir notre topo sur la qualification<\/a><\/b>).<\/p>\n<p>Les concours sont ouverts par arr\u00eat\u00e9 du minist\u00e8re de l&rsquo;Enseignement Sup\u00e9rieur et de la Recherche. Cet arr\u00eat\u00e9 pr\u00e9cise la liste des postes \u00e0 pourvoir, les d\u00e9marches \u00e0 effectuer, les dossiers \u00e0 constituer ainsi que leurs destinataires.<\/p>\n<p>Pour consulter les postes ouverts au recrutement, et pour postuler, <b><a href=\"https:\/\/sso-odyssee.enseignementsup-recherche.gouv.fr\/auth\/realms\/odyssee\/protocol\/openid-connect\/auth?client_id=odyssee-front&amp;redirect_uri=https%3A%2F%2Fodyssee.enseignementsup-recherche.gouv.fr%2Faccueil&amp;state=d1291441-f256-4dc1-9759-80daede9234a&amp;response_mode=fragment&amp;response_type=code&amp;scope=openid&amp;nonce=ef9d640f-d7ec-4506-aa21-484e65220af0&amp;ui_locales=fr\">rendez-vous sur la plateforme Odyss\u00e9e<\/a><\/b>.<\/p>\n<h3>Et apr\u00e8s ?<\/h3>\n<p>Devenir Ma\u00eetre\u00b7sse de Conf\u00e9rences repr\u00e9sente parfois l&rsquo;objectif principal des jeunes docteur\u00b7e\u00b7s. Une fois nomm\u00e9\u00b7e MCF, il est possible d&rsquo;aller encore plus loin, en obtenant l&rsquo;<b>Habilitation \u00e0 Diriger des Recherches<\/b> (vous donnant alors la possibilit\u00e9 de devenir directeur ou directrice de th\u00e8se d&rsquo;un\u00b7 \u00e9tudiant\u00b7e). Les titulaires d&rsquo;une HDR peuvent candidater pour les postes de Professeur\u00b7e des Universit\u00e9s (PU).<\/p>\n<hr \/>\n<h2>CHARG\u00c9\u00b7E DE RECHERCHE AU CNRS<\/h2>\n<h3>En quoi \u00e7a consiste ?<\/h3>\n<p>Un\u00b7e <b>Charg\u00e9e de Recherche<\/b> (CR) au CNRS est \u00e9galement fonctionnaire de l&rsquo;Etat Fran\u00e7ais, et exerce l&rsquo;activit\u00e9 de recherche sans charge d&rsquo;enseignement aupr\u00e8s d&rsquo;un laboratoire de type UMR (Unit\u00e9 Mixte de Recherche).<\/p>\n<h3>Type de contrat<\/h3>\n<p>En devenant CR, vous devenez fonctionnaire. Pendant les premiers 18 mois de l&rsquo;exercice de vos fonctions, vous \u00eates stagiaire, puis vous \u00eates titularis\u00e9\u00b7e.<\/p>\n<h3>Proc\u00e9dure \u00e0 suivre<\/h3>\n<p>Le recrutement est effectu\u00e9 sur concours qui a lieu 1 fois par an. Les postes ouverts au concours sont g\u00e9n\u00e9ralement regroup\u00e9s par th\u00e9matique de recherche et par section (<span class=\"rouge\"> NB<\/span> : les sections CNRS ne sont pas les sections du CNU). Pour construire votre candidature, vous devrez vous rapprocher du laboratoire pressenti afin d&rsquo;obtenir une lettre de soutien. <b>Une fois de plus, avoir un bon r\u00e9seau est extr\u00eamement important<\/b>. Notez \u00e9galement, que vous ne pourrez devenir CR \u00e0 ICAR, car il n&rsquo;est pas possible de devenir CR dans le laboratoire dans lequel vous avez fait votre th\u00e8se.<\/p>\n<p>Vous trouverez toutes les informations sur la <b><a href=\"https:\/\/www.dgdr.cnrs.fr\/drhchercheurs\/concoursch\/default-fr.htm\">page du CNRS d\u00e9di\u00e9e au concours des Chercheurs et Chercheuses<\/a><\/b>.<\/p>\n<h3>Et apr\u00e8s ?<\/h3>\n<p>Tout comme pour les postes de MCF, devenir CR au CNRS, constitue bien souvent l&rsquo;objectif principal d&rsquo;un\u00b7e jeune docteur\u00b7e. Et, il est bien \u00e9videmment toujours possible d&rsquo;aller encore plus loin. Notamment, les titulaires d&rsquo;une HDR peuvent candidater pour les postes de Directeur ou Directrice de Recherche au CNRS.<\/p>\n","protected":false},"excerpt":{"rendered":"<p>Apr\u00e8s l&rsquo;obtention du doctorat, diff\u00e9rentes possibilit\u00e9s de carri\u00e8re s&rsquo;offrent \u00e0 vous. Nombreux et nombreuses sont les docteur\u00b7e\u00b7s qui poursuivent dans la voie acad\u00e9mique, en devenant enseignant\u00b7e-chercheur\u00b7e. Voici les principales options qui s&rsquo;offrent \u00e0 vous lorsque vous souhaitez poursuivre dans la &hellip; <a href=\"https:\/\/icar.cnrs.fr\/comdoc\/apres-la-these\/carriere-academique\/\">Continuer la lecture <span class=\"meta-nav\">&rarr;<\/span><\/a><\/p>\n","protected":false},"author":22,"featured_media":1517,"parent":1402,"menu_order":3,"comment_status":"closed","ping_status":"open","template":"onecolumn-page.php","meta":{"inline_featured_image":false,"footnotes":""},"class_list":["post-88","page","type-page","status-publish","has-post-thumbnail","hentry"],"_links":{"self":[{"href":"https:\/\/icar.cnrs.fr\/comdoc\/wp-json\/wp\/v2\/pages\/88","targetHints":{"allow":["GET"]}}],"collection":[{"href":"https:\/\/icar.cnrs.fr\/comdoc\/wp-json\/wp\/v2\/pages"}],"about":[{"href":"https:\/\/icar.cnrs.fr\/comdoc\/wp-json\/wp\/v2\/types\/page"}],"author":[{"embeddable":true,"href":"https:\/\/icar.cnrs.fr\/comdoc\/wp-json\/wp\/v2\/users\/22"}],"replies":[{"embeddable":true,"href":"https:\/\/icar.cnrs.fr\/comdoc\/wp-json\/wp\/v2\/comments?post=88"}],"version-history":[{"count":10,"href":"https:\/\/icar.cnrs.fr\/comdoc\/wp-json\/wp\/v2\/pages\/88\/revisions"}],"predecessor-version":[{"id":1969,"href":"https:\/\/icar.cnrs.fr\/comdoc\/wp-json\/wp\/v2\/pages\/88\/revisions\/1969"}],"up":[{"embeddable":true,"href":"https:\/\/icar.cnrs.fr\/comdoc\/wp-json\/wp\/v2\/pages\/1402"}],"wp:featuredmedia":[{"embeddable":true,"href":"https:\/\/icar.cnrs.fr\/comdoc\/wp-json\/wp\/v2\/media\/1517"}],"wp:attachment":[{"href":"https:\/\/icar.cnrs.fr\/comdoc\/wp-json\/wp\/v2\/media?parent=88"}],"curies":[{"name":"wp","href":"https:\/\/api.w.org\/{rel}","templated":true}]}}