{"id":134,"date":"2017-02-21T17:57:21","date_gmt":"2017-02-21T16:57:21","guid":{"rendered":"http:\/\/www.icar.cnrs.fr\/sites\/corinte\/?page_id=134"},"modified":"2021-09-21T14:12:06","modified_gmt":"2021-09-21T12:12:06","slug":"informer-consentement-eclaire","status":"publish","type":"page","link":"https:\/\/icar.cnrs.fr\/corinte\/informer-consentement-eclaire\/","title":{"rendered":"Informer et obtenir une autorisation avec consentement \u00e9clair\u00e9"},"content":{"rendered":"<p>Conform\u00e9ment \u00e0 la loi Informatique et Libert\u00e9s du 6 janvier 1978 (Loi n\u00b0 <span style=\"color: #0000ff\"><a style=\"color: #0000ff\" href=\"https:\/\/www.legifrance.gouv.fr\/loda\/id\/JORFTEXT000000886460\/\" target=\"_blank\" rel=\"noopener\">78-17<\/a><\/span>) et au r\u00e8glement g\u00e9n\u00e9ral sur la protection des donn\u00e9es (<span style=\"color: #0000ff\"><a style=\"color: #0000ff\" href=\"https:\/\/www.cnil.fr\/fr\/reglement-europeen-protection-donnees\" target=\"_blank\" rel=\"noopener\">RGPD<\/a><\/span>), en vigueur depuis le 25 mai 2018, toute personne sollicit\u00e9e pour participer \u00e0 une \u00e9tude doit recevoir au pr\u00e9alable une information <b>concise, transparente, compr\u00e9hensible et ais\u00e9ment accessible <\/b>relative aux traitement de ses <span style=\"color: #0000ff\"><a style=\"color: #0000ff\" href=\"https:\/\/www.cnil.fr\/fr\/definition\/donnee-personnelle\" target=\"_blank\" rel=\"noopener\">donn\u00e9es \u00e0 caract\u00e8re personnel<\/a><\/span> (noms, pr\u00e9noms, adresses mails\u2026). La loi <b>n\u2019impose pas la signature d\u2019un document de consentement \u00e0 participer \u00e0 l\u2019\u00e9tude<\/b>, mais impose aux chercheurs d\u2019informer les enqu\u00eat\u00e9s, et de leur communiquer un certain nombre d\u2019informations l\u00e9gales afin qu\u2019ils puissent s\u2019engager de mani\u00e8re \u00e9clair\u00e9e, c\u2019est-\u00e0-dire en connaissant les objectifs de l\u2019enqu\u00eate et les finalit\u00e9s du traitement des donn\u00e9es recueillies. Il faut ainsi veiller \u00e0 rendre disponibles et p\u00e9rennes ces informations afin que les participants puissent s\u2019y r\u00e9f\u00e9rer \u00e0 tout moment et, s\u2019ils le souhaitent, exercer leurs droits (opposition, effacement\u2026). C\u2019est pourquoi il est pr\u00e9conis\u00e9 de remettre aux participants un document papier dans lequel figurent toutes ces mentions, ou de leur communiquer un lien p\u00e9renne, sur un site internet par exemple, o\u00f9 ils pourront consulter ces informations. Nous appellerons ce document la <a href=\"https:\/\/icar.cnrs.fr\/corinte\/note-dinformation-aux-enquetes\/\"><span style=\"color: #0000ff\">note d\u2019information aux enqu\u00eat\u00e9s<\/span><\/a>.<\/p>\n<p>Par ailleurs, dans le cadre du recueil de donn\u00e9es d\u2019interaction <b>film\u00e9es<\/b>, le <b>droit \u00e0 l\u2019image oblige \u00e0 obtenir l\u2019autorisation explicite des personnes enregistr\u00e9es<\/b>, pour collecter et exploiter leur image et leurs propos. Cette autorisation ne se limite pas \u00e0 un formulaire soumis \u00e0 la signature des participants, mais doit n\u00e9cessairement s&rsquo;accompagner d&rsquo;une information claire pr\u00e9sentant les finalit\u00e9s de traitement des donn\u00e9es. C\u2019est ce qu\u2019on appelle le <b>consentement \u00e9clair\u00e9 (<\/b><b><i>informed consent)<\/i><\/b><b>.<\/b><\/p>\n<p>Le contenu de l\u2019autorisation et les informations orales qui l\u2019accompagnent sont sensiblement les m\u00eames que les informations communiqu\u00e9es dans le cadre de l\u2019\u00e9tude (mentionn\u00e9es au 1er paragraphe). Toutefois, le <a href=\"https:\/\/icar.cnrs.fr\/corinte\/autorisation-de-droit-a-limage\/\"><span style=\"color: #0000ff\">formulaire de consentement<\/span><\/a>, qu\u2019on peut aussi appeler autorisation d\u2019enregistrement et d\u2019exploitation, ou encore, formulaire de droit \u00e0 l\u2019image, doit constituer un <b>document \u00e0 part de la <span style=\"color: #0000ff\"><a style=\"color: #0000ff\" href=\"https:\/\/icar.cnrs.fr\/corinte\/note-dinformation-aux-enquetes\/\">note d\u2019information<\/a><\/span><\/b>, et <b>doit \u00eatre sign\u00e9 par la personne film\u00e9e ou son repr\u00e9sentant l\u00e9gal<\/b>.<\/p>\n<p>&nbsp;<\/p>\n","protected":false},"excerpt":{"rendered":"<p>Conform\u00e9ment \u00e0 la loi Informatique et Libert\u00e9s du 6 janvier 1978 (Loi n\u00b0 78-17) et au r\u00e8glement g\u00e9n\u00e9ral sur la protection des donn\u00e9es (RGPD), en vigueur depuis le 25 mai&#8230;<\/p>\n","protected":false},"author":28,"featured_media":0,"parent":0,"menu_order":0,"comment_status":"closed","ping_status":"closed","template":"","meta":{"inline_featured_image":false,"footnotes":""},"class_list":["post-134","page","type-page","status-publish","hentry"],"_links":{"self":[{"href":"https:\/\/icar.cnrs.fr\/corinte\/wp-json\/wp\/v2\/pages\/134","targetHints":{"allow":["GET"]}}],"collection":[{"href":"https:\/\/icar.cnrs.fr\/corinte\/wp-json\/wp\/v2\/pages"}],"about":[{"href":"https:\/\/icar.cnrs.fr\/corinte\/wp-json\/wp\/v2\/types\/page"}],"author":[{"embeddable":true,"href":"https:\/\/icar.cnrs.fr\/corinte\/wp-json\/wp\/v2\/users\/28"}],"replies":[{"embeddable":true,"href":"https:\/\/icar.cnrs.fr\/corinte\/wp-json\/wp\/v2\/comments?post=134"}],"version-history":[{"count":6,"href":"https:\/\/icar.cnrs.fr\/corinte\/wp-json\/wp\/v2\/pages\/134\/revisions"}],"predecessor-version":[{"id":934,"href":"https:\/\/icar.cnrs.fr\/corinte\/wp-json\/wp\/v2\/pages\/134\/revisions\/934"}],"wp:attachment":[{"href":"https:\/\/icar.cnrs.fr\/corinte\/wp-json\/wp\/v2\/media?parent=134"}],"curies":[{"name":"wp","href":"https:\/\/api.w.org\/{rel}","templated":true}]}}