{"id":146,"date":"2017-02-21T18:32:52","date_gmt":"2017-02-21T17:32:52","guid":{"rendered":"http:\/\/www.icar.cnrs.fr\/sites\/corinte\/?page_id=146"},"modified":"2021-09-21T16:43:30","modified_gmt":"2021-09-21T14:43:30","slug":"anonymiser","status":"publish","type":"page","link":"https:\/\/icar.cnrs.fr\/corinte\/anonymiser\/","title":{"rendered":"Anonymiser"},"content":{"rendered":"<p style=\"text-align: center\"><strong><span style=\"color: #ff0000\">ANCIEN TEXTE<\/span><\/strong><\/p>\n<div id=\"conteneur\">\n<div id=\"contenu\">\n<p style=\"text-align: justify\">L\u2019anonymisation vise \u00e0 \u00e9viter que la personne enregistr\u00e9e ou concern\u00e9e par l\u2019enregistrement soit identifiable nominalement.<\/p>\n<p style=\"text-align: justify\">L\u2019anonymisation ne concerne pas uniquement les enregistrements ou les transcriptions, mais un ensemble de donn\u00e9es contenues dans les corpus qui se pr\u00e9sentent sous divers supports et formats \u2013 dont d\u00e9pendront les techniques d\u2019anonymisation.<\/p>\n<p><em>&#8211; les donn\u00e9es primaires vid\u00e9o ;<\/em><br \/>\n<em> &#8211; les donn\u00e9es primaires audio ;<\/em><br \/>\n<em> &#8211; les donn\u00e9es primaires textuelles : documents officiels ou non recueillis sur le terrain ;<\/em><br \/>\n<em> &#8211; les donn\u00e9es secondaires : transcription, notes de terrain, m\u00e9tadonn\u00e9es, analyses, descriptions ethnographiques ;<\/em><br \/>\n<em> &#8211; les donn\u00e9es secondaires visuelles: copies d\u2019\u00e9cran (screen shots), voire repr\u00e9sentations de la voix (oscillogrammes, spectrogrammes\u2026).<\/em><\/p>\n<p style=\"text-align: justify\">En outre, les formes concern\u00e9es par l\u2019anonymisation ne constituent pas une liste ferm\u00e9e mais sont ouvertes : selon les contextes, tout peut potentiellement concourir \u00e0 l\u2019identification d\u2019une personne.<\/p>\n<p><em>&#8211; formes nominatives (nom, pr\u00e9nom, surnom ou petit nom, sigle d\u2019entreprise&#8230;),<\/em><br \/>\n<em> &#8211; donn\u00e9es personnelles (adresse, num\u00e9ros de t\u00e9l\u00e9phone, num\u00e9ro de passeport, num\u00e9ro de compte, \u00e2ge, lieu de naissance&#8230;),<\/em><br \/>\n<em> &#8211; profession, statut, titres,<\/em><br \/>\n<em> &#8211; activit\u00e9s sociales,<\/em><br \/>\n<em> &#8211; parent\u00e9, r\u00e9seaux,<\/em><br \/>\n<em> &#8211; r\u00e9f\u00e9rence \u00e0 des lieux (toponymes, institutions, services\u2026.),<\/em><br \/>\n<em> &#8211; r\u00e9f\u00e9rence \u00e0 des caract\u00e9ristiques de la personne (physiques, culturelles, m\u00e9dicales\u2026) uniques ou rares dans son milieu identifi\u00e9,<\/em><br \/>\n<em> &#8211; caract\u00e9ristiques physiques : voix, visage, caract\u00e9ristiques corporelles, &#8230;<\/em><br \/>\n<em> &#8211; etc.<\/em><\/p>\n<p style=\"text-align: justify\">Nous donnerons ici quelques exemples :<\/p>\n<p><span style=\"color: #33cccc\"><a style=\"color: #33cccc\" href=\"https:\/\/icar.cnrs.fr\/corinte\/anonymisation-des-donnees-primaires\/\"><strong>Anonymisation des donn\u00e9es primaires<\/strong><\/a><\/span><br \/>\n<span style=\"color: #33cccc\"><a style=\"color: #33cccc\" href=\"https:\/\/icar.cnrs.fr\/corinte\/anonymisation-des-donnees-secondaires\/\"><strong>Anonymisation des donn\u00e9es secondaires<\/strong><\/a><\/span><\/p>\n<h1 style=\"text-align: center\"><span style=\"color: #33cccc\"><strong>\u00a0 &#8230;<\/strong><\/span><\/h1>\n<p style=\"text-align: center\"><strong><span style=\"color: #00ffff\"><a href=\"https:\/\/icar.cnrs.fr\/corinte\/monter\/\">PAGE PR\u00c9C\u00c9DENTE<\/a>\u00a0 \u00a0 # \u00a0 \u00a0<a href=\"https:\/\/icar.cnrs.fr\/corinte\/transcrire\/\">PAGE SUIVANTE<\/a><\/span><\/strong><\/p>\n<p style=\"text-align: justify\">\n<\/div>\n<\/div>\n<div id=\"dernier-element\" style=\"text-align: justify\"><\/div>\n<div id=\"piedpage\" style=\"text-align: justify\"><\/div>\n","protected":false},"excerpt":{"rendered":"<p>ANCIEN TEXTE L\u2019anonymisation vise \u00e0 \u00e9viter que la personne enregistr\u00e9e ou concern\u00e9e par l\u2019enregistrement soit identifiable nominalement. L\u2019anonymisation ne concerne pas uniquement les enregistrements ou les transcriptions, mais un ensemble&#8230;<\/p>\n","protected":false},"author":28,"featured_media":0,"parent":0,"menu_order":0,"comment_status":"closed","ping_status":"closed","template":"","meta":{"inline_featured_image":false,"footnotes":""},"class_list":["post-146","page","type-page","status-publish","hentry"],"_links":{"self":[{"href":"https:\/\/icar.cnrs.fr\/corinte\/wp-json\/wp\/v2\/pages\/146","targetHints":{"allow":["GET"]}}],"collection":[{"href":"https:\/\/icar.cnrs.fr\/corinte\/wp-json\/wp\/v2\/pages"}],"about":[{"href":"https:\/\/icar.cnrs.fr\/corinte\/wp-json\/wp\/v2\/types\/page"}],"author":[{"embeddable":true,"href":"https:\/\/icar.cnrs.fr\/corinte\/wp-json\/wp\/v2\/users\/28"}],"replies":[{"embeddable":true,"href":"https:\/\/icar.cnrs.fr\/corinte\/wp-json\/wp\/v2\/comments?post=146"}],"version-history":[{"count":1,"href":"https:\/\/icar.cnrs.fr\/corinte\/wp-json\/wp\/v2\/pages\/146\/revisions"}],"predecessor-version":[{"id":965,"href":"https:\/\/icar.cnrs.fr\/corinte\/wp-json\/wp\/v2\/pages\/146\/revisions\/965"}],"wp:attachment":[{"href":"https:\/\/icar.cnrs.fr\/corinte\/wp-json\/wp\/v2\/media?parent=146"}],"curies":[{"name":"wp","href":"https:\/\/api.w.org\/{rel}","templated":true}]}}