{"id":150,"date":"2017-02-21T18:35:42","date_gmt":"2017-02-21T17:35:42","guid":{"rendered":"http:\/\/www.icar.cnrs.fr\/sites\/corinte\/?page_id=150"},"modified":"2021-09-21T16:45:28","modified_gmt":"2021-09-21T14:45:28","slug":"aligner","status":"publish","type":"page","link":"https:\/\/icar.cnrs.fr\/corinte\/aligner\/","title":{"rendered":"Aligner"},"content":{"rendered":"<p style=\"text-align: center\"><strong><span style=\"color: #ff0000\">ANCIEN TEXTE<\/span><\/strong><\/p>\n<h2><span style=\"color: #33cccc\">D\u00e9finition<\/span><\/h2>\n<p style=\"text-align: justify\" align=\"left\">Le terme d\u2019alignement d\u00e9signe l\u2019association d\u2019un ensemble de donn\u00e9es avec un autre.<br \/>\nDans le domaine des corpus oraux, le terme d\u2019alignement concerne l\u2019association d\u2019un segment de donn\u00e9es \u00ab secondaires \u00bb num\u00e9ris\u00e9es \u2013 notamment des transcriptions \u2013 aux donn\u00e9es \u00ab primaires \u00bb qui lui correspondent : un signal audio, vid\u00e9o, textuel, etc. num\u00e9ris\u00e9. Les relations entre ces ensembles de donn\u00e9es, ainsi que leur nature, peuvent varier consid\u00e9rablement.<\/p>\n<h2 style=\"text-align: justify\"><span style=\"color: #33cccc\">Finalit\u00e9 des proc\u00e9dures d\u2019alignement<\/span><\/h2>\n<p style=\"text-align: justify\">Le recours \u00e0 des outils d\u2019alignement a \u00e9t\u00e9 central pour le d\u00e9veloppement des diff\u00e9rentes approches linguistiques bas\u00e9es sur des donn\u00e9es audio et vid\u00e9o. En effet, ils visent \u00e0 cr\u00e9er un lien direct entre l\u2019audition \/ visualisation du signal et les notations. Ils constituent ainsi des outils de transcription, d\u2019analyse et d\u2019\u00e9dition de donn\u00e9es, en facilitant la pr\u00e9cision de ces op\u00e9rations et en en favorisant le contr\u00f4le intersubjectif.<\/p>\n<h2 style=\"text-align: justify\"><span style=\"color: #33cccc\">Outils d\u2019alignement utilis\u00e9s pour des corpus oraux<\/span><\/h2>\n<p style=\"text-align: justify\">La r\u00e9alisation d\u2019alignements de ce type pr\u00e9suppose donc un outillage informatique, c\u2019est-\u00e0-dire un logiciel comportant un lecteur de signal audio ou vid\u00e9o coupl\u00e9 avec un \u00e9diteur de texte. Ces logiciels permettent de \u2018d\u00e9couper\u2019 le signal en segments au moyen de balises identifiant des points temporels sur le signal complet. Les segments ainsi d\u00e9finis peuvent \u00eatre associ\u00e9s \u2013 c\u2019est-\u00e0-dire <em>align\u00e9s<\/em> \u2013 avec des segments de notation, issus des logiciels de transcription (<span style=\"color: #00ccff\"><a style=\"color: #00ccff\" href=\"https:\/\/icar.cnrs.fr\/corinte\/exemple-de-transcriptions-alignees\/\">images d\u2019\u00e9crans de transcriptions align\u00e9es<\/a><\/span>).<br \/>\nDans la majorit\u00e9 des cas, l\u2019alignement est r\u00e9alis\u00e9 manuellement sur les corpus en cours de constitution. Il est toutefois possible d\u2019aligner ex post des corpus d\u00e9j\u00e0 transcrits sur un support papier ou informatique.<br \/>\nDans tous les cas, l\u2019alignement est une op\u00e9ration qui implique un co\u00fbt \u00e9lev\u00e9 en temps de travail.<\/p>\n<p style=\"text-align: justify\">Parmi les logiciels int\u00e9ressants \u00e0 ce propos, citons les suivants :<\/p>\n<table class=\"tableau\" border=\"1\" width=\"100%\" cellspacing=\"0\" cellpadding=\"0\">\n<tbody>\n<tr>\n<td valign=\"top\" width=\"49%\">\n<div align=\"left\"><strong>Phon\u00e9tique segmentale<br \/>\net supra-segmentale<\/strong><\/div>\n<div align=\"left\"><\/div>\n<p><a href=\"http:\/\/icar.cnrs.fr\/projets\/corinte\/confection\/praat.htm\">Praat<\/a> <em>(description du logiciel)<\/em><br \/>\n<a href=\"http:\/\/www.winpitch.com\/\" target=\"_blank\" rel=\"noopener noreferrer\">Winpitch<\/a> <em>(lien vers le site de l&rsquo;\u00e9diteur)<\/em><\/td>\n<td width=\"51%\"><strong>\u00a0Ph\u00e9nom\u00e8nes non verbaux<\/strong><\/p>\n<p><a href=\"http:\/\/www.bu.edu\/asllrp\/SignStream\/\" target=\"_blank\" rel=\"noopener noreferrer\">Signstream<\/a> <em>(lien vers le site de l&rsquo;\u00e9diteur)<\/em><br \/>\n<a href=\"http:\/\/icar.cnrs.fr\/projets\/corinte\/confection\/elan.htm\">Elan<\/a> <em>(description du logiciel)<\/em><br \/>\n<a href=\"http:\/\/icar.cnrs.fr\/projets\/corinte\/confection\/anvil.htm\">Anvil<\/a><em>\u00a0(description du logiciel)<\/em><\/td>\n<\/tr>\n<tr>\n<td><strong>Morphologie et syntaxe<\/strong><\/p>\n<p><a href=\"http:\/\/www.sil.org\/computing\/shoebox\/\" target=\"_blank\" rel=\"noopener noreferrer\">Shoebox<\/a> <em>(lien vers le site de l&rsquo;\u00e9diteur)<\/em><br \/>\n<a href=\"http:\/\/www.ims.uni-stuttgart.de\/projekte\/corplex\/TreeTagger\/DecisionTreeTagger.html\" target=\"_blank\" rel=\"noopener noreferrer\">TreeTagger<\/a><em> (lien vers le site de l&rsquo;\u00e9diteur)<\/em><br \/>\n<a href=\"http:\/\/www.synapse-fr.com\/\" target=\"_blank\" rel=\"noopener noreferrer\">Cordial<\/a> <em>(lien vers le site de l&rsquo;\u00e9diteur)<\/em><br \/>\n<a href=\"http:\/\/icar.cnrs.fr\/projets\/corinte\/confection\/clan.htm\">Clan<\/a><em> (description du logiciel)<\/em><\/td>\n<td>\n<p align=\"left\"><strong>Logiciels multifonctionnels (et analyse en pragmatique au sens large du terme)<\/strong><\/p>\n<p><a href=\"http:\/\/icar.cnrs.fr\/projets\/corinte\/confection\/clan.htm\">Clan<\/a> <em>(description du logiciel)<\/em><br \/>\n<a href=\"http:\/\/icar.cnrs.fr\/projets\/corinte\/confection\/elan.htm\">Elan<\/a><em> (description du logiciel)<\/em><br \/>\n<a href=\"http:\/\/icar.cnrs.fr\/projets\/corinte\/confection\/anvil.htm\">Anvil<\/a> <em>(description du logiciel)<\/em><br \/>\n<a href=\"http:\/\/icar.cnrs.fr\/projets\/corinte\/confection\/exmaralda.htm\">Exmaralda<\/a> <em>(description du logiciel)<br \/>\n<\/em><a href=\"http:\/\/icar.cnrs.fr\/projets\/corinte\/confection\/tasx.htm\">TASX<\/a><em> (description du logiciel)<br \/>\n<\/em><a href=\"http:\/\/icar.cnrs.fr\/projets\/corinte\/confection\/transana.htm\">Transana<\/a><em> (description du logiciel)<br \/>\n<\/em><\/td>\n<\/tr>\n<tr>\n<td colspan=\"2\"><strong>Autres logiciels (non cat\u00e9goris\u00e9s et non d\u00e9crits)<\/strong><\/p>\n<p align=\"left\">Annotate : <a href=\"http:\/\/registry.dfki.de\/sections.php3?f_mainsection=8&amp;f_section=43&amp;f_system=55\" target=\"_blank\" rel=\"noopener noreferrer\">http:\/\/registry.dfki.de\/sections.php3?f_mainsection=8&amp;f_section=43&amp;f_sy<br \/>\n<\/a>ATLAS\u00a0 : <a href=\"http:\/\/www.mpi.nl\/ISLE\/documents\/papers\/ide-brew-lrec00.pdf\" target=\"_blank\" rel=\"noopener noreferrer\">http:\/\/www.mpi.nl\/ISLE\/documents\/papers\/ide-brew-lrec00.pdf<br \/>\n<\/a>Audiamus\u00a0 : <a href=\"http:\/\/www.linguistics.unimelb.edu.au\/thieberger\/audiamus.htm\" target=\"_blank\" rel=\"noopener noreferrer\">http:\/\/www.linguistics.unimelb.edu.au\/thieberger\/audiamus.htm<br \/>\n<\/a>Callisto : <a href=\"http:\/\/registry.dfki.de\/sections.php3?f_mainsection=8&amp;f_section=43&amp;f_system=434\" target=\"_blank\" rel=\"noopener noreferrer\">http:\/\/registry.dfki.de\/sections.php3?f_mainsection=8&amp;f_section=43&amp;f_system=434<br \/>\n<\/a>Ellogon : <a href=\"http:\/\/registry.dfki.de\/sections.php3?f_mainsection=8&amp;f_section=43&amp;f_system=381\" target=\"_blank\" rel=\"noopener noreferrer\">http:\/\/registry.dfki.de\/sections.php3?f_mainsection=8&amp;f_section=43&amp;f_system=381<br \/>\n<\/a>EUDICO : <a href=\"http:\/\/www.mpi.nl\/ISLE\/documents\/papers\/brugman%20-%20Eudico%20paper.pdf\" target=\"_blank\" rel=\"noopener noreferrer\">http:\/\/www.mpi.nl\/ISLE\/documents\/papers\/brugman%20-%20Eudico%20paper.pdf<br \/>\n<\/a>FIELD : <a href=\"http:\/\/emeld.org\/tools\/field\/beta\/field-intro.html\" target=\"_blank\" rel=\"noopener noreferrer\">http:\/\/emeld.org\/tools\/field\/beta\/field-intro.html<br \/>\n<\/a>IBM MPEG-7 Annotation Tool : <a href=\"http:\/\/www.alphaworks.ibm.com\/aw.nsf\/techs\/videoannex\" target=\"_blank\" rel=\"noopener noreferrer\">http:\/\/www.alphaworks.ibm.com\/aw.nsf\/techs\/videoannex<br \/>\n<\/a>Onze Miner : <a href=\"http:\/\/www.ling.canterbury.ac.nz\/jen\/onzeminer\/\" target=\"_blank\" rel=\"noopener noreferrer\">http:\/\/www.ling.canterbury.ac.nz\/jen\/onzeminer\/<br \/>\n<\/a>MediaTagger \u00a0: <a href=\"http:\/\/www.mpi.nl\/world\/tg\/CAVA\/mt\/MTandDB.html\" target=\"_blank\" rel=\"noopener noreferrer\">http:\/\/www.mpi.nl\/world\/tg\/CAVA\/mt\/MTandDB.html<br \/>\n<\/a>Systemic Coder \u00a0: <a href=\"http:\/\/www.wagsoft.com\/Coder\/index.html\" target=\"_blank\" rel=\"noopener noreferrer\">http:\/\/www.wagsoft.com\/Coder\/index.html<br \/>\n<\/a>HIAT-DOS : <a href=\"http:\/\/www.daf.uni-muenchen.de\/HIAT\/HIAT.HTM\" target=\"_blank\" rel=\"noopener noreferrer\">http:\/\/www.daf.uni-muenchen.de\/HIAT\/HIAT.HTM<br \/>\n<\/a>Transcriber : <a href=\"http:\/\/trans.sourceforge.net\/en\/features.php\" target=\"_blank\" rel=\"noopener noreferrer\">http:\/\/trans.sourceforge.net\/en\/features.php<br \/>\n<\/a>Videograph : <a href=\"http:\/\/www.ipn.uni-kiel.de\/aktuell\/videograph\/enhtmStart.htm\" target=\"_blank\" rel=\"noopener noreferrer\">http:\/\/www.ipn.uni-kiel.de\/aktuell\/videograph\/enhtmStart.htm<\/a><\/p>\n<\/td>\n<\/tr>\n<\/tbody>\n<\/table>\n<p style=\"text-align: justify\">Il vous est possible de consulter notre\u00a0<span style=\"color: #00ccff\"><a style=\"color: #00ccff\" href=\"https:\/\/icar.cnrs.fr\/corinte\/tableau-comparatif-des-logiciels-de-transcription\/\">tableau de comparaison\u00a0des logiciels de transcription<\/a><\/span> en ligne et en\u00a0version PDF \u00e0\u00a0<span style=\"color: #00ccff\"><a style=\"color: #00ccff\" href=\"http:\/\/icar.cnrs.fr\/projets\/corinte\/documents\/CORINTE_Tableau_ComparatifPA.pdf\">t\u00e9l\u00e9charger<\/a><\/span>.<\/p>\n<p style=\"text-align: justify\">Les pratiques d\u2019alignement sont d\u00e9crites pr\u00e9cis\u00e9ment dans les manuels suivants :<\/p>\n<p><span style=\"color: #00ccff\"><em>\u00b7<a style=\"color: #00ccff\" href=\"http:\/\/icar.cnrs.fr\/projets\/corinte\/documents\/PRAAT_BalthasarValero.pdf\" target=\"_blank\" rel=\"noopener noreferrer\"> <u>Manuel Praat INITIATION<\/u><\/a><u><br \/>\n<\/u>\u00b7 <u>Manuel Praat Transcription ICOR<br \/>\n<\/u>\u00b7 <u><a style=\"color: #00ccff\" href=\"http:\/\/icar.cnrs.fr\/projets\/corinte\/documents\/ManuelClanClapi0509.pdf\">Manuel Clan INITIATION<\/a><br \/>\n<\/u>\u00b7 <u>Manuel Clan Transcription ICOR<\/u><\/em><\/span><\/p>\n<h1 style=\"text-align: center\"><span style=\"color: #33cccc\"><strong>\u00a0 &#8230;<\/strong><\/span><\/h1>\n<p style=\"text-align: center\"><strong><span style=\"color: #00ffff\"><a href=\"https:\/\/icar.cnrs.fr\/corinte\/transcrire\/\">PAGE PR\u00c9C\u00c9DENTE<\/a>\u00a0 \u00a0 # \u00a0 \u00a0<a href=\"https:\/\/icar.cnrs.fr\/corinte\/convertir\/\">PAGE SUIVANTE<\/a><\/span><\/strong><\/p>\n<h2 style=\"text-align: justify\"><\/h2>\n<p style=\"text-align: justify\">\n","protected":false},"excerpt":{"rendered":"<p>ANCIEN TEXTE D\u00e9finition Le terme d\u2019alignement d\u00e9signe l\u2019association d\u2019un ensemble de donn\u00e9es avec un autre. Dans le domaine des corpus oraux, le terme d\u2019alignement concerne l\u2019association d\u2019un segment de donn\u00e9es&#8230;<\/p>\n","protected":false},"author":28,"featured_media":0,"parent":0,"menu_order":0,"comment_status":"closed","ping_status":"closed","template":"","meta":{"inline_featured_image":false,"footnotes":""},"class_list":["post-150","page","type-page","status-publish","hentry"],"_links":{"self":[{"href":"https:\/\/icar.cnrs.fr\/corinte\/wp-json\/wp\/v2\/pages\/150","targetHints":{"allow":["GET"]}}],"collection":[{"href":"https:\/\/icar.cnrs.fr\/corinte\/wp-json\/wp\/v2\/pages"}],"about":[{"href":"https:\/\/icar.cnrs.fr\/corinte\/wp-json\/wp\/v2\/types\/page"}],"author":[{"embeddable":true,"href":"https:\/\/icar.cnrs.fr\/corinte\/wp-json\/wp\/v2\/users\/28"}],"replies":[{"embeddable":true,"href":"https:\/\/icar.cnrs.fr\/corinte\/wp-json\/wp\/v2\/comments?post=150"}],"version-history":[{"count":1,"href":"https:\/\/icar.cnrs.fr\/corinte\/wp-json\/wp\/v2\/pages\/150\/revisions"}],"predecessor-version":[{"id":967,"href":"https:\/\/icar.cnrs.fr\/corinte\/wp-json\/wp\/v2\/pages\/150\/revisions\/967"}],"wp:attachment":[{"href":"https:\/\/icar.cnrs.fr\/corinte\/wp-json\/wp\/v2\/media?parent=150"}],"curies":[{"name":"wp","href":"https:\/\/api.w.org\/{rel}","templated":true}]}}