{"id":152,"date":"2017-02-21T18:37:10","date_gmt":"2017-02-21T17:37:10","guid":{"rendered":"http:\/\/www.icar.cnrs.fr\/sites\/corinte\/?page_id=152"},"modified":"2021-09-21T16:45:44","modified_gmt":"2021-09-21T14:45:44","slug":"convertir","status":"publish","type":"page","link":"https:\/\/icar.cnrs.fr\/corinte\/convertir\/","title":{"rendered":"Convertir"},"content":{"rendered":"<p style=\"text-align: center\"><strong><span style=\"color: #ff0000\">ANCIEN TEXTE<\/span><\/strong><\/p>\n<h2 style=\"text-align: justify\"><span style=\"color: #33cccc\">D\u00e9finition<\/span><\/h2>\n<p style=\"text-align: justify\">Le terme \u00ab conversion \u00bb d\u00e9signe une proc\u00e9dure de transformation des formats informatiques des fichiers. En effet, tout fichier est d\u00e9fini par un type de formatage c\u2019est \u00e0 dire une norme d\u2019encodage et de balisage. Par exemple, la caract\u00e9ristique \u2018mise en caract\u00e8re gras d\u2019une lettre\u2019 ne sera pas normalis\u00e9e de la m\u00eame mani\u00e8re d\u2019un traitement de texte \u00e0 un autre, et un document format\u00e9 dans un traitement de texte ne sera pas directement \u2018r\u00e9utilisable\u2019 dans un autre qui ne serait pas capable de reprendre ses caract\u00e9ristiques. On parle alors de format \u00ab propri\u00e9taire \u00bb c\u2019est \u00e0 dire ferm\u00e9 (comme .doc pour Microsoft Word). En revanche, un format ouvert peut \u00eatre interpr\u00e9t\u00e9 par diff\u00e9rentes plate-formes logicielles et mat\u00e9rielles et faciliter ainsi les transferts et les \u00e9changes.<br \/>\nDans certains syst\u00e8mes d\u2019exploitation, une extension de fichier identifie son format, par exemple .txt, .doc, .xml, .wav, .aiff, .mpg, .smi\u2026 et l\u2019associe \u00e0 une application qui sera capable de le traiter correctement.<br \/>\nCertaines applications proposent \u00e9galement des formats d\u2019import\/export dans des formats comme xml, texte, csv pour les tableurs.<\/p>\n<p style=\"text-align: justify\">La conversion \u2013d\u2019un type de format ou de codage vers un autre\u2013 permet donc de transformer le fichier tout en gardant, partiellement au moins, les donn\u00e9es contenues dans les fichiers initiaux. La nature des types de fichier, des types de formatage et des proc\u00e9dures de conversion peut varier consid\u00e9rablement.<\/p>\n<h2 style=\"text-align: justify\"><span style=\"color: #33cccc\">Finalit\u00e9<\/span><\/h2>\n<p style=\"text-align: justify\">La conversion est une proc\u00e9dure de base en informatique, puisqu&rsquo;elle vise \u00e0 assurer le traitement d\u2019un ensemble de donn\u00e9es complexes (texte, son, vid\u00e9o etc.) par diff\u00e9rents logiciels. Id\u00e9alement, l\u2019objectif des proc\u00e9dures de conversion est de garantir le flux \u2013 libre et sans pertes \u2013 des donn\u00e9es entre les plate-formes et logiciels de traitement de donn\u00e9es utilis\u00e9s dans un contexte de travail donn\u00e9, une base de corpus oraux dans notre champ d\u2019\u00e9tude.<\/p>\n<p style=\"text-align: justify\">Comme les logiciels cr\u00e9ent souvent des fichiers en format (partiellement) incompatible par rapport \u00e0 d\u2019autres logiciels et comme l\u2019interop\u00e9rabilit\u00e9 des fichiers \u00e0 travers les plate-formes (pc, mac, linux) n\u2019est pas toujours assur\u00e9e, l&rsquo;id\u00e9al serait de transformer les fichiers du format propri\u00e9taire d\u2019origine (d\u00e9pendant d\u2019une plate-forme) vers un format pivot, c&rsquo;est-\u00e0-dire un standard sanctionn\u00e9 par un organisme de standardisation d\u00e9di\u00e9 \u2013 \u00e0 partir duquel les donn\u00e9es sont re-converties vers les divers formats propri\u00e9taires des logiciels et plate-formes cibles.<br \/>\nCependant, comme ces standards sont encore peu r\u00e9pandus, les conversions se font le plus souvent directement d\u2019un format propri\u00e9taire vers un autre (ou via des formats pivots \u00ab\u00a0locaux\u00a0\u00bb).<\/p>\n<h2 style=\"text-align: justify\"><span style=\"color: #33cccc\">Logiciels de traitement de donn\u00e9es primaires<\/span><\/h2>\n<p><span style=\"color: #00ccff\"><strong>Audio<\/strong><\/span> : <a href=\"http:\/\/audacity.sourceforge.net\/\" target=\"_blank\" rel=\"noopener noreferrer\">Audacity<\/a> (gratuiciel, licence GNU, mac &amp; pc), <a href=\"http:\/\/www.sonymediasoftware.com\/Default.asp\" target=\"_blank\" rel=\"noopener noreferrer\">Sony Sound Forge<\/a>, <a href=\"http:\/\/www.adobe.com\/fr\/products\/audition\/index.html\" target=\"_blank\" rel=\"noopener noreferrer\">Adobe Audition<\/a> (auparavant : Cool Edit Pro), <a href=\"http:\/\/www.freeverse.com\/soundstudio\/\" target=\"_blank\" rel=\"noopener noreferrer\">Freeverse SoundStudio<\/a> (exclusivement pour Macintosh), etc.<\/p>\n<p><span style=\"color: #00ccff\"><strong>Vid\u00e9o<\/strong><\/span> : Avid Free DV (gratuiciel AVID pour pc &amp; mac), Apple iMovie (livr\u00e9 avec les macintosh), Microsoft MovieMaker (gratuiciel pc), Sony Vegas, Adobe Premiere, etc.<\/p>\n<p><span style=\"color: #00ccff\"><strong>Image<\/strong><\/span> : GIMP for Windows (gratuiciel, pc &amp; mac), GSview (gratuiciel, pc), Adobe Acrobat, Adobe Photoshop, Adobe Illustrator, etc.<\/p>\n<p><span style=\"color: #00ccff\"><strong>Texte<\/strong><\/span> : Emacs (gratuiciel, licence GNU, pc &amp; mac), IDM UltraEdit (pc), Microsoft Word, etc.<\/p>\n<h2 style=\"text-align: justify\"><span style=\"color: #33cccc\">Logiciels de traitement de donn\u00e9es secondaires<\/span><\/h2>\n<p>Fichiers de notation : Praat, Clan, Elan, Anvil<\/p>\n<h2 style=\"text-align: justify\"><span style=\"color: #33cccc\">Logiciels pour\u00a0la conversion de donn\u00e9es secondaires<\/span><\/h2>\n<p>Fichiers de notation : EXMARaLDA, Elan, Econv, CLAPI CONVERT<\/p>\n<p style=\"text-align: justify\">Les logiciels cit\u00e9s permettent d\u2019assurer une conversion directe depuis les formats des divers logiciels utilis\u00e9s, c\u2019est-\u00e0-dire qu\u2019ils permettent de :<\/p>\n<p><em>&#8211; Cr\u00e9er les fichiers d\u2019archivage pour les donn\u00e9es primaires et secondaires ;<\/em><br \/>\n<em> &#8211; Convertir les fichiers d\u2019archivage vers les formats propri\u00e9taires des divers logiciels de traitement de donn\u00e9es primaires et secondaires, ainsi que le flux entre ces derniers.<\/em><\/p>\n<h1 style=\"text-align: center\"><span style=\"color: #33cccc\"><strong>\u00a0 &#8230;<\/strong><\/span><\/h1>\n<p style=\"text-align: center\"><strong><span style=\"color: #00ffff\"><a href=\"https:\/\/icar.cnrs.fr\/corinte\/aligner\/\">PAGE PR\u00c9C\u00c9DENTE<\/a>\u00a0 \u00a0 # \u00a0 \u00a0<a href=\"https:\/\/icar.cnrs.fr\/corinte\/3-analyser-les-donnees\/\">PAGE SUIVANTE<\/a><\/span><\/strong><\/p>\n","protected":false},"excerpt":{"rendered":"<p>ANCIEN TEXTE D\u00e9finition Le terme \u00ab conversion \u00bb d\u00e9signe une proc\u00e9dure de transformation des formats informatiques des fichiers. En effet, tout fichier est d\u00e9fini par un type de formatage c\u2019est&#8230;<\/p>\n","protected":false},"author":28,"featured_media":0,"parent":0,"menu_order":0,"comment_status":"closed","ping_status":"closed","template":"","meta":{"inline_featured_image":false,"footnotes":""},"class_list":["post-152","page","type-page","status-publish","hentry"],"_links":{"self":[{"href":"https:\/\/icar.cnrs.fr\/corinte\/wp-json\/wp\/v2\/pages\/152","targetHints":{"allow":["GET"]}}],"collection":[{"href":"https:\/\/icar.cnrs.fr\/corinte\/wp-json\/wp\/v2\/pages"}],"about":[{"href":"https:\/\/icar.cnrs.fr\/corinte\/wp-json\/wp\/v2\/types\/page"}],"author":[{"embeddable":true,"href":"https:\/\/icar.cnrs.fr\/corinte\/wp-json\/wp\/v2\/users\/28"}],"replies":[{"embeddable":true,"href":"https:\/\/icar.cnrs.fr\/corinte\/wp-json\/wp\/v2\/comments?post=152"}],"version-history":[{"count":2,"href":"https:\/\/icar.cnrs.fr\/corinte\/wp-json\/wp\/v2\/pages\/152\/revisions"}],"predecessor-version":[{"id":968,"href":"https:\/\/icar.cnrs.fr\/corinte\/wp-json\/wp\/v2\/pages\/152\/revisions\/968"}],"wp:attachment":[{"href":"https:\/\/icar.cnrs.fr\/corinte\/wp-json\/wp\/v2\/media?parent=152"}],"curies":[{"name":"wp","href":"https:\/\/api.w.org\/{rel}","templated":true}]}}