{"id":199,"date":"2017-03-16T16:37:53","date_gmt":"2017-03-16T15:37:53","guid":{"rendered":"http:\/\/www.icar.cnrs.fr\/sites\/corinte\/?page_id=199"},"modified":"2017-03-16T16:37:53","modified_gmt":"2017-03-16T15:37:53","slug":"exemples-de-demandes-dautorisation","status":"publish","type":"page","link":"https:\/\/icar.cnrs.fr\/corinte\/exemples-de-demandes-dautorisation\/","title":{"rendered":"Exemples de demandes d&rsquo;autorisation"},"content":{"rendered":"<p>\t\t\t\t1) Exemple de formulaire type de demande d&rsquo;autorisation mis au point au laboratoire ICAR, \u00e9labor\u00e9 en coordination avec des juristes du <a href=\"https:\/\/icar.cnrs.fr\/corinte\/projet-psi-patrimoine\/\">projet PSI Patrimoine<\/a><\/p>\n<div>\n<div align=\"center\">\n<table border=\"1\" width=\"100%\" cellspacing=\"0\" cellpadding=\"3\">\n<tbody>\n<tr>\n<td>\n<div align=\"center\"><span style=\"font-family: 'Times New Roman', Times, serif\">[papier avec en-t\u00eate officiel]\n<\/span><\/div>\n<div align=\"center\"><span style=\"font-family: 'Times New Roman', Times, serif\"><strong>Autorisation<br \/>\npour l&rsquo;enregistrement audio\/video<br \/>\net l&rsquo;exploitation des donn\u00e9es enregistr\u00e9es<\/strong><\/span><\/div>\n<p><span style=\"font-family: 'Times New Roman', Times, serif\"><b>Pr\u00e9sentation de l&rsquo;enqu\u00eate<\/b><\/span><\/p>\n<p><span style=\"font-family: 'Times New Roman', Times, serif\"><b>[Peut se pr\u00e9senter sous forme de brochure s\u00e9par\u00e9e laiss\u00e9e aux enqu\u00eat\u00e9s]<\/b><\/span><\/p>\n<p><span style=\"font-family: 'Times New Roman', Times, serif\">Pr\u00e9ciser l&rsquo;institution d&rsquo;o\u00f9 \u00e9mane la recherche, la personne qui dirige \/ qui est responsable du projet, les chercheurs concern\u00e9s sur le terrain.<\/span><\/p>\n<p><span style=\"font-family: 'Times New Roman', Times, serif\">Pr\u00e9ciser le th\u00e8me g\u00e9n\u00e9ral du projet, le type de corpus qui est recueilli de mani\u00e8re g\u00e9n\u00e9rale, le type d&rsquo;enregistrement qui est recueilli aupr\u00e8s de ces informateurs en particulier, les traitements et utilisation pr\u00e9vus.<\/span><\/p>\n<p><span style=\"font-family: 'Times New Roman', Times, serif\">Souligner les apports du projet, valoriser la collaboration de l&rsquo;informateur, expliciter les b\u00e9n\u00e9fices \u00e9ventuels qu&rsquo;il peut en tirer et les risques \u00e9ventuels qu&rsquo;il peut courir.]<\/span><\/p>\n<p><span style=\"font-family: 'Times New Roman', Times, serif\">Ces recherches ne sont possibles que gr\u00e2ce au consentement des personnes qui acceptent d&rsquo;\u00eatre enregistr\u00e9es. Nous vous demandons par cons\u00e9quent votre autorisation \u00e0 proc\u00e9der aux enregistrements.<\/span><\/p>\n<p><span style=\"font-family: 'Times New Roman', Times, serif\"><b>Autorisation <\/b>(biffer les paragraphes qui ne conviennent pas)<\/span><\/p>\n<p><span style=\"font-family: 'Times New Roman', Times, serif\">Je soussign\u00e9(e) _______________________________________<\/span><\/p>\n<p><span style=\"font-family: 'Times New Roman', Times, serif\">&#8211; autorise par la pr\u00e9sente NN et NN \u00e0 enregistrer en audio\/vid\u00e9o le [pr\u00e9ciser le type d&rsquo;\u00e9v\u00e9nement enregistr\u00e9].<\/span><\/p>\n<p><span style=\"font-family: 'Times New Roman', Times, serif\">&#8211; autorise l&rsquo;utilisation de ces donn\u00e9es, sous leur forme enregistr\u00e9e aussi bien que sous leur forme transcrite et anonymis\u00e9e (cf. infra)\u00a0:<\/span><\/p>\n<p><span style=\"font-family: 'Times New Roman', Times, serif\">a) \u00e0 des fins de recherche scientifique (m\u00e9moires ou th\u00e8ses, articles scientifiques, expos\u00e9s \u00e0 des congr\u00e8s, s\u00e9minaires) ;<\/span><\/p>\n<p><span style=\"font-family: 'Times New Roman', Times, serif\">b) \u00e0 des fins d&rsquo;enseignement universitaire (cours et s\u00e9minaires donn\u00e9es \u00e0 des \u00e9tudiants avanc\u00e9s, \u00e0 partir du niveau ma\u00eetrise, en sciences du langage et en sciences sociales) ;<\/span><\/p>\n<p><span style=\"font-family: 'Times New Roman', Times, serif\">c) pour une diffusion large dans la communaut\u00e9 des chercheurs, sous la forme d&rsquo;\u00e9ventuels \u00e9changes et pr\u00eats de corpus \u00e0 des chercheurs, moyennant la signature d&rsquo;une convention de recherche ;<\/span><\/p>\n<p><span style=\"font-family: 'Times New Roman', Times, serif\">d) pour une diffusion sur un site Internet d\u00e9di\u00e9 \u00e0 la recherche.<\/span><\/p>\n<p><span style=\"font-family: 'Times New Roman', Times, serif\">&#8211; prends acte que pour toutes ces utilisations scientifiques les donn\u00e9es ainsi enregistr\u00e9es seront<i>anonymis\u00e9es\u00a0<\/i>: ceci signifie<\/span><\/p>\n<p><span style=\"font-family: 'Times New Roman', Times, serif\">a) que les transcriptions de ces donn\u00e9es utiliseront des pseudonymes et remplaceront toute information pouvant porter \u00e0 l&rsquo;identification des participants\u00a0;<\/span><\/p>\n<p><span style=\"font-family: 'Times New Roman', Times, serif\">b) que les bandes audio qui seront pr\u00e9sent\u00e9es \u00e0 des conf\u00e9rences ou des cours (g\u00e9n\u00e9ralement sous forme de tr\u00e8s courts extraits ne d\u00e9passant pas la minute) seront \u00ab\u00a0bip\u00e9es\u00a0\u00bb lors de la mention d&rsquo;un nom, d&rsquo;une adresse ou d&rsquo;un num\u00e9ro de t\u00e9l\u00e9phone identifiables (qui seront donc remplac\u00e9s par un \u00ab\u00a0bruit \u00bb qui les effacera)\u00a0;<\/span><\/p>\n<p><span style=\"font-family: 'Times New Roman', Times, serif\">c) en revanche, pour des raisons techniques, le projet ne peut pas s&rsquo;engager \u00e0 anonymiser les images<i>vid\u00e9o<\/i> mais s&rsquo;engage \u00e0 ne pas diffuser d&rsquo;extraits compromettant les personnes film\u00e9es.<\/span><\/p>\n<p><span style=\"font-family: 'Times New Roman', Times, serif\">&#8211; souhaite que la contrainte suppl\u00e9mentaire suivante soit respect\u00e9e\u00a0:&#8230;&#8230;&#8230;&#8230;&#8230;&#8230;&#8230;&#8230;&#8230;&#8230;&#8230;&#8230;&#8230;&#8230;&#8230;&#8230;&#8230;&#8230;&#8230;&#8230;&#8230;&#8230;&#8230;&#8230;&#8230;&#8230;&#8230;&#8230;&#8230;&#8230;&#8230;&#8230;&#8230;&#8230;&#8230;&#8230;&#8230;..<\/span><\/p>\n<p><span style=\"font-family: 'Times New Roman', Times, serif\">Lieu et date : ____________________<\/span><\/p>\n<p><span style=\"font-family: 'Times New Roman', Times, serif\">Signature\u00a0 : _____________________________________________<\/span><\/p>\n<p><span style=\"font-family: 'Times New Roman', Times, serif\">[Pr\u00e9voir un double ou un autre document qui sera laiss\u00e9 \u00e0 la personne, comportant une adresse de contact et \u00e9ventuellement une adresse internet o\u00f9 consulter les r\u00e9sultats publi\u00e9s du projet]<\/span><\/td>\n<\/tr>\n<\/tbody>\n<\/table>\n<\/div>\n<p>2) Exemple de demande d&rsquo;autorisation pratiqu\u00e9e par la Talkbank<\/p>\n<\/div>\n<p>(source\u00a0: http:\/\/talkbank.org\/share\/consent.html)<\/p>\n<table border=\"1\" width=\"100%\" cellspacing=\"0\" cellpadding=\"3\">\n<tbody>\n<tr>\n<td>\n<div align=\"center\">\n<p>Part I: Explanation of Informed Consent<\/p>\n<blockquote>\n<p align=\"justify\"><span style=\"font-family: 'Times New Roman', Times, serif\">We are asking you to be a subject in a research study. If you agree to participate in this study, we would like to ask you to sign this informed consent document. Informed consent is a written agreement that you sign indicating your willingness to participate in this research. This document will tell you about the purpose, risks, and benefits of this research study. You should consent only after you have received all the necessary information and have had enough time to decide whether you wish to participate. Your signature on this form is voluntary and does not waive any of your legal rights or make any institutions or persons involved in this research any less responsible for your well being.<\/span><\/p>\n<\/blockquote>\n<p>Part II: Explanation of Current Study<\/p>\n<blockquote>\n<p align=\"justify\"><span style=\"font-family: 'Times New Roman', Times, serif\"><b>Why have I been asked to be a part of this study?<\/b><\/span><\/p>\n<p align=\"justify\"><span style=\"font-family: 'Times New Roman', Times, serif\">(Sample Text: We are asking your permission to videotape you, because we are hoping that you will take part in a communicative interaction that we hope to study.)<\/span><\/p>\n<p align=\"justify\"><span style=\"font-family: 'Times New Roman', Times, serif\"><b>Who is responsible for the data collected in this study?<\/b><\/span><\/p>\n<p align=\"justify\"><span style=\"font-family: 'Times New Roman', Times, serif\">(Name and Address of Project Director.)<\/span><\/p>\n<p align=\"justify\"><span style=\"font-family: 'Times New Roman', Times, serif\"><b>Why is this study being done?<\/b><\/span><\/p>\n<p align=\"justify\"><span style=\"font-family: 'Times New Roman', Times, serif\">(The purpose of this study is to Statement of Project Goals.)<\/span><\/p>\n<p align=\"justify\"><span style=\"font-family: 'Times New Roman', Times, serif\"><b>What is involved in this study?<\/b><\/span><\/p>\n<p align=\"justify\"><span style=\"font-family: 'Times New Roman', Times, serif\">(Sample Text: We will videotape your participation in the (Description of the Type of Interaction Being Filmed). We will try to avoid interfering with the activity during filming. However, you will always be aware when videotaping is taking place. In some circumstances, you maybe contacted after the activity and asked to help us make sense of the activity captured on the tape.)<\/span><\/p>\n<p align=\"justify\"><span style=\"font-family: 'Times New Roman', Times, serif\"><b>Who will look at the resulting data?<\/b><\/span><\/p>\n<p align=\"justify\"><span style=\"font-family: 'Times New Roman', Times, serif\">These data are only available for research purposes. All uses for commercial or other non-research purposes are prohibited. Researchers using these data must subscribe to a Code of Ethics that requires them to respect the views of all participants. Segments of the tape with accompanying transcriptions may be presented in the context of scholarly publications, academic symposia, university classes, and professional training activities. Data will be made available to researchers through CD-ROM or web distribution by password.<\/span><\/p>\n<p align=\"justify\"><span style=\"font-family: 'Times New Roman', Times, serif\"><b>What level of access am I permitting?<\/b><\/span><\/p>\n<p align=\"justify\"><span style=\"font-family: 'Times New Roman', Times, serif\">(The researcher should choose one of these three levels to present here and below):<\/span><\/p>\n<p align=\"justify\"><span style=\"font-family: 'Times New Roman', Times, serif\">1.\u00a0\u00a0\u00a0\u00a0\u00a0\u00a0\u00a0 I am allowing full access to these data to researchers who subscribe to the TalkBank Code of Ethics.<\/span><\/p>\n<p align=\"justify\"><span style=\"font-family: 'Times New Roman', Times, serif\">2.\u00a0\u00a0\u00a0\u00a0\u00a0\u00a0\u00a0 I am allowing access to these data to researchers who subscribe to the TalkBank Code of Ethics and who have received a special password allowing them to use these data.<\/span><\/p>\n<p align=\"justify\"><span style=\"font-family: 'Times New Roman', Times, serif\">3.\u00a0\u00a0\u00a0\u00a0\u00a0\u00a0\u00a0 I am allowing access to these data to researchers who subscribe to the TalkBank Code of Ethics and who are sent the data on CD-ROM.<\/span><\/p>\n<p align=\"justify\"><span style=\"font-family: 'Times New Roman', Times, serif\"><b>How long will I be in this study?<\/b><\/span><\/p>\n<p align=\"justify\"><span style=\"font-family: 'Times New Roman', Times, serif\">Your consent extends only for the duration of the following activity: ________________. The video acquired (Specify activity and dates) will be preserved indefinitely unless you request otherwise (see risks). Even after the interaction has been filmed, you have the right to revoke your agreement to participate in this study and to remove your data from inclusion.<\/span><\/p>\n<p align=\"justify\"><span style=\"font-family: 'Times New Roman', Times, serif\"><b>What are the risks of this study?<\/b><\/span><\/p>\n<p align=\"justify\"><span style=\"font-family: 'Times New Roman', Times, serif\">Because of the nature of the data being gathered (i.e., video and audio recordings), it may not be possible to conceal your identity as a participant. There is a potential risk that people known or unknown to you will formulate negative opinions of you or your behavior on the basis of their viewing of these data. We have three safeguards against this:<\/span><\/p>\n<p align=\"justify\"><span style=\"font-family: 'Times New Roman', Times, serif\">1.\u00a0\u00a0\u00a0\u00a0\u00a0\u00a0\u00a0 Researchers using these data must subscribe to a Code of Ethics that requires them to respect your views, as well as those of all other participants. Any written or verbal public criticism of individuals or groups must first be reviewed by a committee of scholars. If you wish, you can will be provided with a copy of this scholarly Code of Ethics.<\/span><\/p>\n<p align=\"justify\"><span style=\"font-family: 'Times New Roman', Times, serif\">2.\u00a0\u00a0\u00a0\u00a0\u00a0\u00a0\u00a0 You can request that videotaping be stopped at any point during the activity, thereby preventing a video record from ever being produced.<\/span><\/p>\n<p align=\"justify\"><span style=\"font-family: 'Times New Roman', Times, serif\">3.\u00a0\u00a0\u00a0\u00a0\u00a0\u00a0\u00a0 You may review the recording. If you wish, you may file a request with the Principal Investigator to have particular segments containing your likeness deleted or erased.<\/span><\/p>\n<p align=\"justify\"><span style=\"font-family: 'Times New Roman', Times, serif\">4.\u00a0\u00a0\u00a0\u00a0\u00a0\u00a0\u00a0 As discussed in the section on confidentiality below, all additional data, apart from the videotape, will be confidential.<\/span><\/p>\n<p align=\"justify\"><span style=\"font-family: 'Times New Roman', Times, serif\"><b>Are there benefits to taking part in this study?<\/b><\/span><\/p>\n<p align=\"justify\"><span style=\"font-family: 'Times New Roman', Times, serif\">There are no direct benefits to you personally for participating in this study. The primary benefits from this work are for the advancement of scientific understanding of communication processes. The availability of these data may lead to improvements in Field of Study of which you or others may be a direct beneficiary. If you are interested in these scientific outcomes, arrangements can be made with the Principal Investigator to acquire digitized files of the interaction, along with transcripts and analyses, as they become available.<\/span><\/p>\n<p align=\"justify\"><span style=\"font-family: 'Times New Roman', Times, serif\"><b>Will I receive any payment or other monetary benefits?<\/b><\/span><\/p>\n<p align=\"justify\"><span style=\"font-family: 'Times New Roman', Times, serif\">You will receive no payment for being videotaped. This data will not be used for commercial purposes. Therefore, you should not expect any royalties or payments in the future.<\/span><\/p>\n<p align=\"justify\"><span style=\"font-family: 'Times New Roman', Times, serif\"><b>What other options are there?<\/b><\/span><\/p>\n<p align=\"justify\"><span style=\"font-family: 'Times New Roman', Times, serif\">You can choose not to participate in this study.<\/span><\/p>\n<p align=\"justify\"><span style=\"font-family: 'Times New Roman', Times, serif\"><b>What about confidentiality?<\/b><\/span><\/p>\n<p align=\"justify\"><span style=\"font-family: 'Times New Roman', Times, serif\">The nature of the data being gathered precludes concealing your identity as a participant. Any researcher who happens to know you personally would be able to identify you from the videotape or the audiotape. If this occurs, our Code of Ethics requires that this researchers refrain from making further use of these data. In addition,, we will keep any additional information that we have about you confidential through the use of pseudonyms. These data will not be made available for any purposes outside of research activities.<\/span><\/p>\n<p align=\"justify\"><span style=\"font-family: 'Times New Roman', Times, serif\"><b>What are the costs?<\/b><\/span><\/p>\n<p align=\"justify\"><span style=\"font-family: 'Times New Roman', Times, serif\">There are no costs to you for participating in this study.<\/span><\/p>\n<p align=\"justify\"><span style=\"font-family: 'Times New Roman', Times, serif\"><b>What are my rights as a participant?<\/b><\/span><\/p>\n<p align=\"justify\"><span style=\"font-family: 'Times New Roman', Times, serif\">Taking part in this study is voluntary. You may choose to not take part or subsequently cease participation at any time. Leaving this study will not result in any penalty or loss of benefits to which you are entitled.<\/span><\/p>\n<\/blockquote>\n<p>Part III: Informed Consent Approval<\/p>\n<blockquote>\n<p align=\"justify\"><span style=\"font-family: 'Times New Roman', Times, serif\">Project Title: Project Title<\/span><\/p>\n<p align=\"justify\"><span style=\"font-family: 'Times New Roman', Times, serif\">Conducted By: Project Director<\/span><\/p>\n<p align=\"justify\"><span style=\"font-family: 'Times New Roman', Times, serif\">I have read the above explanations and I agree to participate in the research study conducted by (Project Director). I understand that the proposed research has been reviewed by the University&rsquo;s Institutional Review Board and that, to the best of their ability, they have determined that, given my informed consent, the filming and analysis of these conversational interactions involve no procedures or requirements which may be found morally or ethically objectionable. They have also determined that the benefits from this research outweigh any potential risks. If, however, at any time I wish to terminate my participation in this study I have the rights to do so without penalty, even after the data have been collected. I also have the right to review the audio and video data and can request that specific segments be omitted, if they contain material that might embarass me.<\/span><\/p>\n<p align=\"justify\"><span style=\"font-family: 'Times New Roman', Times, serif\">If I have any question about this study, I realize that I am encouraged to ask them now or at anytime during the study by contacting:<\/span><\/p>\n<p align=\"justify\"><span style=\"font-family: 'Times New Roman', Times, serif\">(Project Director&rsquo;s name, building, office number phone, fax, and email. Include possible alternate contacts too.)<\/span><\/p>\n<p align=\"justify\"><span style=\"font-family: 'Times New Roman', Times, serif\">I realize that I may report any objections to this study, either orally or in writing, to:<\/span><\/p>\n<p align=\"justify\"><span style=\"font-family: 'Times New Roman', Times, serif\">(Director of the University Office of Human Subjects Review.)<\/span><\/p>\n<p align=\"justify\"><span style=\"font-family: 'Times New Roman', Times, serif\">I agree to allow the following level of research access to these data from the conversational interaction in which I have participated.<\/span><\/p>\n<p align=\"justify\"><span style=\"font-family: 'Times New Roman', Times, serif\">(Insert materials from the list of access levels above.)<\/span><\/p>\n<p align=\"justify\"><span style=\"font-family: 'Times New Roman', Times, serif\">I understand that, in signing this consent form, I give Project Director, and his associates, permission to present this work in written and oral form, without further permission from me.<\/span><\/p>\n<p align=\"justify\"><span style=\"font-family: 'Times New Roman', Times, serif\">Signed, Dated<\/span><\/p>\n<\/blockquote>\n<\/div>\n<\/td>\n<\/tr>\n<\/tbody>\n<\/table>\n<p>3) Exemple de demande d&rsquo;autorisation de Susan Ervin-Tripp, Univ. de Californie, Berkeley<\/p>\n<table border=\"1\" width=\"100%\" cellspacing=\"0\" cellpadding=\"3\">\n<tbody>\n<tr>\n<td>\n<div align=\"center\">\n<blockquote><p><span style=\"font-family: 'Courier New', Courier, mono\">Researcher name_______________________<\/span><\/p>\n<p><span style=\"font-family: 'Courier New', Courier, mono\">LETTER OF CONSENT<\/span><\/p>\n<p><span style=\"font-family: 'Courier New', Courier, mono\">PHOTOGRAPHIC, AUDIO, AND\/OR VIDEO RECORDS RELEASE CONSENT FORM<\/span><\/p>\n<p><span style=\"font-family: 'Courier New', Courier, mono\">As part of this project we have made a photographic, audio, and\/or video recording of you while you participated in the research. We would like you to indicate below what uses of these records you are willing to consent to. This is completely up to you. We will only use the records in ways that you agree to. In any use of these records, names will not be identified.<\/span><\/p>\n<p><span style=\"font-family: 'Courier New', Courier, mono\">1. The records can be studied by the research team for use in the research project.<\/span><\/p>\n<p><span style=\"font-family: 'Courier New', Courier, mono\">Photo __________ Audio __________ Video __________<\/span><\/p>\n<p><span style=\"font-family: 'Courier New', Courier, mono\">[Please use initials]<\/span><\/p>\n<p><span style=\"font-family: 'Courier New', Courier, mono\">2. The records can be shown to subjects in other experiments.<\/span><\/p>\n<p><span style=\"font-family: 'Courier New', Courier, mono\">Photo __________ Audio __________ Video __________<\/span><\/p>\n<p><span style=\"font-family: 'Courier New', Courier, mono\">[Please use initials]<\/span><\/p>\n<p><span style=\"font-family: 'Courier New', Courier, mono\">3. The records can be used for scientific publications.<\/span><\/p>\n<p><span style=\"font-family: 'Courier New', Courier, mono\">Photo __________ Audio __________ Video __________<\/span><\/p>\n<p><span style=\"font-family: 'Courier New', Courier, mono\">[Please use initials]<\/span><\/p>\n<p><span style=\"font-family: 'Courier New', Courier, mono\">4. The written transcript can be kept in an archive for other researchers.<\/span><\/p>\n<p><span style=\"font-family: 'Courier New', Courier, mono\">Photo __________ Audio __________ Video __________<\/span><\/p>\n<p><span style=\"font-family: 'Courier New', Courier, mono\">[Please use initials]<\/span><\/p>\n<p><span style=\"font-family: 'Courier New', Courier, mono\">5. The records can be used by other researchers.<\/span><\/p>\n<p><span style=\"font-family: 'Courier New', Courier, mono\">Photo __________ Audio __________ Video __________<\/span><\/p>\n<p><span style=\"font-family: 'Courier New', Courier, mono\">[Please use initials]<\/span><\/p>\n<p><span style=\"font-family: 'Courier New', Courier, mono\">6. The records can be shown at meetings of scientists<\/span><\/p>\n<p><span style=\"font-family: 'Courier New', Courier, mono\">interested in the study of ___________<\/span><\/p>\n<p><span style=\"font-family: 'Courier New', Courier, mono\">Photo __________ Audio __________ Video __________<\/span><\/p>\n<p><span style=\"font-family: 'Courier New', Courier, mono\">[Please use initials]<\/span><\/p>\n<p><span style=\"font-family: 'Courier New', Courier, mono\">7. The records can be shown in classrooms to students.<\/span><\/p>\n<p><span style=\"font-family: 'Courier New', Courier, mono\">Photo __________ Audio __________ Video __________<\/span><\/p>\n<p><span style=\"font-family: 'Courier New', Courier, mono\">[Please use initials]<\/span><\/p>\n<p><span style=\"font-family: 'Courier New', Courier, mono\">8. The records can be shown in public presentations to nonscientific groups.<\/span><\/p>\n<p><span style=\"font-family: 'Courier New', Courier, mono\">Photo __________ Audio __________ Video __________<\/span><\/p>\n<p><span style=\"font-family: 'Courier New', Courier, mono\">[Please use initials]<\/span><\/p>\n<p><span style=\"font-family: 'Courier New', Courier, mono\">9. The records can be used on television and radio.<\/span><\/p>\n<p><span style=\"font-family: 'Courier New', Courier, mono\">Photo __________ Audio __________ Video __________<\/span><\/p>\n<p><span style=\"font-family: 'Courier New', Courier, mono\">[Please use initials]<\/span><\/p>\n<p><span style=\"font-family: 'Courier New', Courier, mono\">I have read the above description and give my consent for the use of the records as indicated above.<\/span><\/p>\n<p><span style=\"font-family: 'Courier New', Courier, mono\">Date _________________<\/span><\/p>\n<p><span style=\"font-family: 'Courier New', Courier, mono\">Signature _________________________<\/span><\/p>\n<p><span style=\"font-family: 'Courier New', Courier, mono\">Signature of Guardian, if Applicable ____________________________<\/span><\/p>\n<p><span style=\"font-family: 'Courier New', Courier, mono\">Native language(s)_________________________________________<\/span><\/p>\n<p><span style=\"font-family: 'Courier New', Courier, mono\">Where native language learned (city or region)_____________________<\/span><\/p>\n<p><span style=\"font-family: 'Courier New', Courier, mono\">Languages used on the tape____________________________________<\/span><\/p>\n<p><span style=\"font-family: 'Courier New', Courier, mono\">Where language(s) used on tape were learned ______________________<\/span><\/p>\n<p><span style=\"font-family: 'Courier New', Courier, mono\">Age at which each language used on tape was learned __________________<\/span><\/p>\n<p><span style=\"font-family: 'Courier New', Courier, mono\">Education ________________Occupation _______________________<\/span><\/p>\n<p><span style=\"font-family: 'Courier New', Courier, mono\">Name _______________________________ Age _______ Sex __<\/span><\/p><\/blockquote>\n<\/div>\n<\/td>\n<\/tr>\n<\/tbody>\n<\/table>\n<p align=\"justify\">\n","protected":false},"excerpt":{"rendered":"<p>1) Exemple de formulaire type de demande d&rsquo;autorisation mis au point au laboratoire ICAR, \u00e9labor\u00e9 en coordination avec des juristes du projet PSI Patrimoine [papier avec en-t\u00eate officiel] Autorisation pour&#8230;<\/p>\n","protected":false},"author":28,"featured_media":0,"parent":0,"menu_order":0,"comment_status":"closed","ping_status":"closed","template":"","meta":{"inline_featured_image":false,"footnotes":""},"class_list":["post-199","page","type-page","status-publish","hentry"],"_links":{"self":[{"href":"https:\/\/icar.cnrs.fr\/corinte\/wp-json\/wp\/v2\/pages\/199","targetHints":{"allow":["GET"]}}],"collection":[{"href":"https:\/\/icar.cnrs.fr\/corinte\/wp-json\/wp\/v2\/pages"}],"about":[{"href":"https:\/\/icar.cnrs.fr\/corinte\/wp-json\/wp\/v2\/types\/page"}],"author":[{"embeddable":true,"href":"https:\/\/icar.cnrs.fr\/corinte\/wp-json\/wp\/v2\/users\/28"}],"replies":[{"embeddable":true,"href":"https:\/\/icar.cnrs.fr\/corinte\/wp-json\/wp\/v2\/comments?post=199"}],"version-history":[{"count":0,"href":"https:\/\/icar.cnrs.fr\/corinte\/wp-json\/wp\/v2\/pages\/199\/revisions"}],"wp:attachment":[{"href":"https:\/\/icar.cnrs.fr\/corinte\/wp-json\/wp\/v2\/media?parent=199"}],"curies":[{"name":"wp","href":"https:\/\/api.w.org\/{rel}","templated":true}]}}