{"id":206,"date":"2017-03-16T16:40:54","date_gmt":"2017-03-16T15:40:54","guid":{"rendered":"http:\/\/www.icar.cnrs.fr\/sites\/corinte\/?page_id=206"},"modified":"2017-03-16T16:40:54","modified_gmt":"2017-03-16T15:40:54","slug":"projet-psi-patrimoine","status":"publish","type":"page","link":"https:\/\/icar.cnrs.fr\/corinte\/projet-psi-patrimoine\/","title":{"rendered":"Projet PSI-Patrimoine"},"content":{"rendered":"<h5 style=\"text-align: justify\" align=\"left\"><span class=\"gismo16\">Pour une archive des langues parl\u00e9es en interaction.<br \/>\nStatuts juridiques, formats et standards, repr\u00e9sentativit\u00e9<\/span><\/h5>\n<p style=\"text-align: justify\" align=\"left\">Ce projet a \u00e9t\u00e9 lanc\u00e9 pour r\u00e9pondre \u00e0 la n\u00e9cessit\u00e9 de traiter la parole en interaction comme un objet patrimonial int\u00e9ressant \u00e0 la fois la communaut\u00e9 des citoyens et la communaut\u00e9 scientifique. Le recueil et l\u2019archivage de cette parole ordinaire, qui se manifeste sous la forme d\u2019interactions vari\u00e9es (conversations familiales, appels \u00e0 des call centers, consultations patient-m\u00e9decin, r\u00e9unions de travail&#8230;), pose de nombreux probl\u00e8mes th\u00e9oriques, empiriques et techniques. Le projet traite notamment :<\/p>\n<blockquote>\n<p align=\"left\">&#8211; des conditions l\u00e9gales de recueil et d\u2019archivage des donn\u00e9es ;<br \/>\n&#8211; de la standardisation des formats informatiques de num\u00e9risation, de conservation et d\u2019exploitation des corpus ;<br \/>\n&#8211; de l\u2019\u00e9valuation de la qualit\u00e9 de ces donn\u00e9es, du point de vue de leur \u00ab naturalit\u00e9 \u00bb, \u00ab authenticit\u00e9 \u00bb, ainsi que de l\u2019ad\u00e9quation des prises de vue et de son pour des analyses relevant notamment de la linguistique interactionnelle.<\/p>\n<\/blockquote>\n<p style=\"text-align: justify\" align=\"left\">Ces questions conduisent plus globalement \u00e0 interroger les conditions \u00e0 la fois ethnographiques, technologiques et juridiques qui d\u00e9finissent des donn\u00e9es de \u00ab bonne qualit\u00e9 \u00bb.<br \/>\nAfin de confronter ces questions \u00e0 l\u2019empirie, des corpus prototypiques ont \u00e9t\u00e9 cr\u00e9es. Ces corpus ont \u00e9t\u00e9 appel\u00e9s \u00ab multiscopes \u00bb parce que enregistr\u00e9s par plusieurs cam\u00e9ras vid\u00e9o et rassembl\u00e9s ensuite, gr\u00e2ce au montage, en une seule vue multiscope. Ils ont constitu\u00e9 un terrain exemplaire o\u00f9 tester des dispositifs d\u2019enregistrement des donn\u00e9es in\u00e9dits, posant la question non seulement des \u00e9quipements n\u00e9cessaires mais aussi de la conception des prises de vue ad\u00e9quates aux exigences d\u2019une approche relevant de la linguistique interactionnelle.<\/p>\n<h2 style=\"text-align: justify\" align=\"left\">Mots-clef<\/h2>\n<blockquote>\n<p align=\"left\">&#8211; Patrimoine oral : corpus de langue parl\u00e9e en interaction ;<br \/>\n&#8211; Cr\u00e9ation de documents num\u00e9riques multim\u00e9diaux ;<br \/>\n&#8211; L\u00e9gislation concernant les donn\u00e9es interactionnelles vid\u00e9o\/audio enregistr\u00e9es en situation attest\u00e9es ;<br \/>\n&#8211; Standards, supports, formats pour les donn\u00e9es interactionnelles (verbales\/multimodales) ;<br \/>\n&#8211; Evaluation de l\u2019authenticit\u00e9, repr\u00e9sentativit\u00e9 et qualit\u00e9 des donn\u00e9es interactionnelles.<\/p>\n<\/blockquote>\n<h2 style=\"text-align: justify\" align=\"left\">Domaines disciplinaires<\/h2>\n<p style=\"text-align: justify\" align=\"left\">Linguistique interactionnelle, droit, informatique<\/p>\n<h2 style=\"text-align: justify\" align=\"left\">Responsables scientifiques<\/h2>\n<blockquote>\n<p align=\"left\">Christian Plantin et Lorenza Mondada<\/p>\n<\/blockquote>\n<h2 style=\"text-align: justify\" align=\"left\">Participants ICAR<\/h2>\n<blockquote>\n<p align=\"left\">Lukas Balthasar, Michel Bert, Sylvie Bruxelles, Lorenza Mondada, Christian Plantin, V\u00e9ronique Traverso<\/p>\n<\/blockquote>\n<h2 style=\"text-align: justify\" align=\"left\">Equipes partenaires<\/h2>\n<blockquote>\n<p align=\"left\">CECOJI (Isabelle de Lamberterie)<br \/>\nLACITO, Paris (Michel Jacobson)<br \/>\nLORIA, Nancy (Matthieu Quignard, Laurent Romary)<br \/>\nGREYC, Caen (Anne Nicolle)<br \/>\nLIMSI, Paris (Laurence Devillers)<br \/>\nLIUM, Le Mans (Daniel Luzzati)<br \/>\nRIM, Saint-Etienne (Jean-Jacques Girardot)<\/p>\n<\/blockquote>\n<h2 style=\"text-align: justify\" align=\"left\">Collaborations :<\/h2>\n<p style=\"text-align: justify\" align=\"left\">Ce projet a contribu\u00e9 au projet initi\u00e9 par la DGLF de \u00ab Guide des bonnes pratiques \u00bb juridiques en linguistique.<br \/>\n<a href=\"http:\/\/www.culture.gouv.fr\/culture\/dglf\/corpus_oraux.htm\" target=\"_blank\" rel=\"noopener noreferrer\">http:\/\/www.culture.gouv.fr\/culture\/dglf\/corpus_oraux.htm<\/a><\/p>\n<h2 style=\"text-align: justify\" align=\"left\">Appel d\u2019offre finan\u00e7ant le projet :<\/h2>\n<p style=\"text-align: justify\" align=\"left\">Programme interdisciplinaire Soci\u00e9t\u00e9 de l\u2019Information \/ CNRS<\/p>\n<p style=\"text-align: justify\" align=\"left\"><strong><span style=\"color: #006699\">Dur\u00e9e<\/span><\/strong> : \u00e9t\u00e9 2003-\u00e9t\u00e9 2005 (valorisation \u00e9t\u00e9 2005- \u00e9t\u00e9 2006)<\/p>\n<h2 style=\"text-align: justify\" align=\"left\">R\u00e9alisations<\/h2>\n<blockquote>\n<p style=\"text-align: justify\" align=\"left\">Documents consultables :<br \/>\n-&gt; <u><a href=\"http:\/\/icar.cnrs.fr\/projets\/corinte\/documents\/rapport_PLANTINmai05doc.pdf\">Rapport bref du projet<\/a><\/u><br \/>\n-&gt; <u><a href=\"http:\/\/icar.cnrs.fr\/projets\/corinte\/documents\/Mondada_juridique_MARS05.pdf\">Rapport concernant les questions juridiques<\/a><\/u><\/p>\n<\/blockquote>\n","protected":false},"excerpt":{"rendered":"<p>Pour une archive des langues parl\u00e9es en interaction. Statuts juridiques, formats et standards, repr\u00e9sentativit\u00e9 Ce projet a \u00e9t\u00e9 lanc\u00e9 pour r\u00e9pondre \u00e0 la n\u00e9cessit\u00e9 de traiter la parole en interaction&#8230;<\/p>\n","protected":false},"author":28,"featured_media":0,"parent":0,"menu_order":0,"comment_status":"closed","ping_status":"closed","template":"","meta":{"inline_featured_image":false,"footnotes":""},"class_list":["post-206","page","type-page","status-publish","hentry"],"_links":{"self":[{"href":"https:\/\/icar.cnrs.fr\/corinte\/wp-json\/wp\/v2\/pages\/206","targetHints":{"allow":["GET"]}}],"collection":[{"href":"https:\/\/icar.cnrs.fr\/corinte\/wp-json\/wp\/v2\/pages"}],"about":[{"href":"https:\/\/icar.cnrs.fr\/corinte\/wp-json\/wp\/v2\/types\/page"}],"author":[{"embeddable":true,"href":"https:\/\/icar.cnrs.fr\/corinte\/wp-json\/wp\/v2\/users\/28"}],"replies":[{"embeddable":true,"href":"https:\/\/icar.cnrs.fr\/corinte\/wp-json\/wp\/v2\/comments?post=206"}],"version-history":[{"count":0,"href":"https:\/\/icar.cnrs.fr\/corinte\/wp-json\/wp\/v2\/pages\/206\/revisions"}],"wp:attachment":[{"href":"https:\/\/icar.cnrs.fr\/corinte\/wp-json\/wp\/v2\/media?parent=206"}],"curies":[{"name":"wp","href":"https:\/\/api.w.org\/{rel}","templated":true}]}}