{"id":239,"date":"2017-03-16T18:58:47","date_gmt":"2017-03-16T17:58:47","guid":{"rendered":"http:\/\/www.icar.cnrs.fr\/sites\/corinte\/?page_id=239"},"modified":"2017-03-16T18:58:47","modified_gmt":"2017-03-16T17:58:47","slug":"tableau-comparatif-des-algorithmes-de-compression","status":"publish","type":"page","link":"https:\/\/icar.cnrs.fr\/corinte\/tableau-comparatif-des-algorithmes-de-compression\/","title":{"rendered":"Tableau comparatif des algorithmes de compression"},"content":{"rendered":"<h2 align=\"center\"><strong><span style=\"color: #33cccc\">Tableau Comparatif &#8211; Algorithmes de compression (CoDecs)<\/span><\/strong><\/h2>\n<table width=\"946\" cellspacing=\"0\" cellpadding=\"0\">\n<tbody>\n<tr bgcolor=\"#F7F7F7\">\n<td width=\"155\">\n<div align=\"center\">Format<\/div>\n<\/td>\n<td width=\"158\">\n<div align=\"center\">Description<\/div>\n<\/td>\n<td width=\"84\">\n<div align=\"center\">Logiciel utilis\u00e9 pour la compression<\/div>\n<\/td>\n<td width=\"56\">\n<div align=\"center\">1 minute (Mo)<\/div>\n<\/td>\n<td width=\"68\">\n<div align=\"center\">Evaluation<br \/>\nde la qualit\u00e9<br \/>\nnot\u00e9e<br \/>\nde 1 \u00e0 5<\/div>\n<\/td>\n<td width=\"139\">\n<div align=\"center\">Avantages<\/div>\n<\/td>\n<td width=\"151\">\n<div align=\"center\">Inconv\u00e9nients<\/div>\n<\/td>\n<td width=\"133\">\n<div align=\"center\">Fichier<br \/>\nexemple<\/div>\n<\/td>\n<\/tr>\n<tr bgcolor=\"#F7F7F7\">\n<td colspan=\"8\">\n<div align=\"center\"><strong>Formats Audio<\/strong><\/div>\n<\/td>\n<\/tr>\n<tr>\n<td width=\"155\"><strong>PCM<\/strong> 44Khz, 16bits, St\u00e9r\u00e9o (qualit\u00e9 CD audio non compress\u00e9 )<\/td>\n<td width=\"158\"><em>Pulse Code Modulation : <\/em>Technique d&rsquo;\u00e9chantillonnage d&rsquo;un signal analogique. Notamment utilis\u00e9e dans les CD audio.<\/td>\n<td width=\"84\">N\/A<\/td>\n<td width=\"56\">\n<div align=\"center\">10<\/div>\n<\/td>\n<td width=\"68\">\n<div align=\"center\">5<\/div>\n<\/td>\n<td width=\"139\">Qualit\u00e9 excellente (fichier de r\u00e9f\u00e9rence)<\/td>\n<td width=\"151\">Poids du fichier<\/td>\n<td width=\"133\"><a href=\"http:\/\/icar.cnrs.fr\/projets\/corinte\/documents\/extraits\/extrait_pcm.wav\" target=\"_blank\" rel=\"noopener noreferrer\">extrait_pcm.wav<\/a><\/td>\n<\/tr>\n<tr>\n<td width=\"155\"><strong>IMA 4:1<\/strong><\/td>\n<td width=\"158\">Codec audio non standardis\u00e9 d\u00e9velopp\u00e9 par l&rsquo;association \u00ab\u00a0<em>Interactive Multimedia Association<\/em>\u00ab\u00a0. Son rapport de compression est de 4 \u00e0 1.<\/td>\n<td width=\"84\">Quicktime<\/td>\n<td width=\"56\">\n<div align=\"center\">2,7<\/div>\n<\/td>\n<td width=\"68\">\n<div align=\"center\">4,5<\/div>\n<\/td>\n<td width=\"139\">Qualit\u00e9 excellente<\/td>\n<td width=\"151\">&#8211; poids relativement important par rapport au MP3 \/ AAC<br \/>\n&#8211; limit\u00e9 \u00e0 une compression sur 16 bits<\/td>\n<td width=\"133\"><a href=\"http:\/\/icar.cnrs.fr\/projets\/corinte\/documents\/extraits\/extrait_ima.mov\" target=\"_blank\" rel=\"noopener noreferrer\">extrait_ima.mov<\/a><\/td>\n<\/tr>\n<tr>\n<td width=\"155\"><strong>AAC<\/strong> (44Khz, 16bits, 128Kbits, St\u00e9r\u00e9o)<\/td>\n<td width=\"158\"><em>Advanced Audio Coding. <\/em>Codec audio standardis\u00e9 par le groupe MPEG. Il est souvent associ\u00e9 \u00e0 une compression vid\u00e9o de type MPEG 4<\/td>\n<td width=\"84\">Quicktime<\/td>\n<td width=\"56\">\n<div align=\"center\">0,94<\/div>\n<\/td>\n<td width=\"68\">\n<div align=\"center\">4,5<\/div>\n<\/td>\n<td width=\"139\">&#8211; excellente qualit\u00e9<br \/>\n&#8211; format standardis\u00e9 (MPEG)<\/td>\n<td width=\"151\">&#8211; impl\u00e9mentation r\u00e9duite dans les logiciels actuels<\/td>\n<td width=\"133\"><a href=\"http:\/\/icar.cnrs.fr\/projets\/corinte\/documents\/extraits\/extrait_aac.mov\" target=\"_blank\" rel=\"noopener noreferrer\">extrait_aac.mov<\/a><\/td>\n<\/tr>\n<tr>\n<td width=\"155\"><strong>MP3<\/strong> (44Khz, 16bits, 128Kbits, St\u00e9r\u00e9o)<\/td>\n<td width=\"158\"><em>MPEG Audio Layer III. <\/em><br \/>\nCodec audio standardis\u00e9 d\u00e9velopp\u00e9 en collaboration avec le Fraunhofer Institute.<\/td>\n<td width=\"84\">Itunes<\/td>\n<td width=\"56\">\n<div align=\"center\">0,94<\/div>\n<\/td>\n<td width=\"68\">\n<div align=\"center\">4<\/div>\n<\/td>\n<td width=\"139\">&#8211; compression performante<br \/>\n&#8211; gestion des tags (descripteurs)<br \/>\n&#8211; format standardis\u00e9 (MPEG)<br \/>\n&#8211; format tr\u00e8s r\u00e9pandu<\/td>\n<td width=\"151\">d\u00e9gradation de la qualit\u00e9 parfois perceptible<\/td>\n<td width=\"133\">extrait_mp3.mp3<\/td>\n<\/tr>\n<tr>\n<td colspan=\"8\" bgcolor=\"#F7F7F7\">\n<div align=\"center\"><strong>Formats Vid\u00e9o (flux vid\u00e9o + flux audio)<\/strong><\/div>\n<\/td>\n<\/tr>\n<tr>\n<td width=\"155\"><strong>Format DV<\/strong><\/td>\n<td width=\"158\"><em>Digital Video<\/em><br \/>\nFormat multimedia d\u00e9velopp\u00e9 par un consortium d&rsquo;entreprises de l&rsquo;\u00e9lectronique en 1996. Tr\u00e8s peu compr\u00e9ss\u00e9, c&rsquo;est un format particuli\u00e8rement adapt\u00e9 pour le montage et le stockage.<\/td>\n<td width=\"84\">imovie<\/td>\n<td width=\"56\">\n<div align=\"center\">210<\/div>\n<\/td>\n<td width=\"68\">\n<div align=\"center\">5<\/div>\n<\/td>\n<td width=\"139\">&#8211; Excellente qualit\u00e9, format recommand\u00e9 pour le montage.<br \/>\n&#8211; les cassettes DV constituent un support s\u00fbr pour le stockage<\/td>\n<td width=\"151\">Encombrement des fichiers (environ 13 Go \/ heure)<\/td>\n<td width=\"133\">extrait_dv.mov<\/td>\n<\/tr>\n<tr>\n<td width=\"155\"><strong>MPEG 1<\/strong> (VCD PAL: 352*288 + Audio 224 Kbits)<\/td>\n<td width=\"158\">Le MPEG 1 est une une norme de compression des donn\u00e9es audio et vid\u00e9o en 1988 cr\u00e9e par le groupe MPEG. Le d\u00e9bit qu&rsquo;il offre (1,2Mbits) permet de mettre un flux vid\u00e9o de qualit\u00e9 VHS sur CD (1x)<\/td>\n<td width=\"84\">ffmpegX<\/td>\n<td width=\"56\">\n<div align=\"center\">10<\/div>\n<\/td>\n<td width=\"68\">\n<div align=\"center\">3<\/div>\n<\/td>\n<td width=\"139\">&#8211; Bonne qualit\u00e9 dans la r\u00e9solution native (352*288)<br \/>\n&#8211; format tr\u00e8s pr\u00e9sent dans les logiciels d&rsquo;analyse<br \/>\n&#8211; format standardis\u00e9<\/td>\n<td width=\"151\">&#8211; Format vieillissant<br \/>\n&#8211; r\u00e9solution native relativement basse<\/td>\n<td width=\"133\"><a href=\"http:\/\/icar.cnrs.fr\/projets\/corinte\/documents\/extraits\/extrait_mpeg.mpg\" target=\"_blank\" rel=\"noopener noreferrer\">extrait_mpeg.mpg<\/a><\/td>\n<\/tr>\n<tr>\n<td width=\"155\"><strong>Xvid<\/strong> (d\u00e9bit : 1265 Kbits)<\/td>\n<td width=\"158\"><strong>Xvid <\/strong>est une impl\u00e9mentation de la norme MPEG-4. Il est distribu\u00e9 sous licence publique g\u00e9n\u00e9rale GNU (GPL).<\/td>\n<td width=\"84\">ffmpegX<\/td>\n<td width=\"56\">\n<div align=\"center\">6,8<\/div>\n<\/td>\n<td width=\"68\">\n<div align=\"center\">4,5<\/div>\n<\/td>\n<td width=\"139\">&#8211; rendu d&rsquo;excellente qualit\u00e9<br \/>\n&#8211; format libre (GNU\/GPL)<\/td>\n<td width=\"151\">format peu exploit\u00e9 dans les logiciels d&rsquo;analyse<\/td>\n<td width=\"133\"><a href=\"http:\/\/icar.cnrs.fr\/projets\/corinte\/documents\/extraits\/extrait_xvid.zip\" target=\"_blank\" rel=\"noopener noreferrer\">extrait_xvid.avi<\/a><\/td>\n<\/tr>\n<tr>\n<td width=\"155\"><strong>DivX<\/strong> (d\u00e9bit 1200 Kbits)<\/td>\n<td width=\"158\">Format cr\u00e9e en 1998 par Jer\u00f4me Rota sur la base du MPEG4-v3 de Microsoft. Il est distribu\u00e9 par la soci\u00e9t\u00e9 DivX Networks depuis la version 4.<\/td>\n<td width=\"84\">ffmpegX<\/td>\n<td width=\"56\">\n<div align=\"center\">9,6<\/div>\n<\/td>\n<td width=\"68\">\n<div align=\"center\">4,5<\/div>\n<\/td>\n<td width=\"139\">&#8211; Qualit\u00e9 excellente<br \/>\n&#8211; int\u00e9gr\u00e9 dans certains \u00e9quipements de salon (platine DVD\u2026)<\/td>\n<td width=\"151\">&#8211; codec propri\u00e9taire sous licence<br \/>\n&#8211; format peu exploit\u00e9 dans les logiciels d&rsquo;analyse<\/td>\n<td width=\"133\"><a href=\"http:\/\/icar.cnrs.fr\/projets\/corinte\/documents\/extraits\/extrait_divx.zip\" target=\"_blank\" rel=\"noopener noreferrer\">extrait_divx.avi<\/a><\/td>\n<\/tr>\n<tr>\n<td width=\"155\"><strong>MPEG 4<\/strong><\/td>\n<td width=\"158\">Le MPEG 4 est un ensemble de sp\u00e9cifications visant \u00e0 coder des objets multim\u00e9dia. Il a \u00e9t\u00e9 en con\u00e7u en 1998 par le groupe MPEG<\/td>\n<td width=\"84\">Quicktime<\/p>\n<p>ffmpegX<\/td>\n<td width=\"56\">\n<div align=\"center\">9,6<\/div>\n<\/td>\n<td width=\"68\">\n<div align=\"center\">4<\/div>\n<\/td>\n<td width=\"139\">&#8211; format standardis\u00e9<br \/>\n&#8211; compression rapide<\/td>\n<td width=\"151\">&#8211; qualit\u00e9 du rendu un peu en de\u00e7a des codecs H264, AVC, Divx\u2026<\/td>\n<td width=\"133\"><a href=\"http:\/\/icar.cnrs.fr\/projets\/corinte\/documents\/extraits\/extraits_mp4.zip\" target=\"_blank\" rel=\"noopener noreferrer\">extrait_mp4.mov<\/a><\/td>\n<\/tr>\n<tr>\n<td width=\"155\"><strong>Sorenson Vid\u00e9o 3<\/strong><br \/>\n(1 image cl\u00e9 pour 150 images\u00a0; d\u00e9bit conseill\u00e9 250Ko\/s )<\/td>\n<td width=\"158\">Codec appartenant \u00e0 la soci\u00e9t\u00e9 \u00ab\u00a0Sorenson Media\u00a0\u00bb. Il est impl\u00e9ment\u00e9 dans Quicktime depuis 1998 (version 1 du codec)<\/td>\n<td width=\"84\">Quicktime<\/td>\n<td width=\"56\">\n<div align=\"center\">10<\/div>\n<\/td>\n<td width=\"68\">\n<div align=\"center\">3,5<\/div>\n<\/td>\n<td width=\"139\">&#8211; format \u00e9prouv\u00e9<\/td>\n<td width=\"151\">&#8211; n\u00e9cessite Quicktime Pro pour effectuer la compression<br \/>\n&#8211; encombrement important<br \/>\n&#8211; format vieillissant<\/td>\n<td width=\"133\"><a href=\"http:\/\/icar.cnrs.fr\/projets\/corinte\/documents\/extraits\/extrait_sorenson.mov\" target=\"_blank\" rel=\"noopener noreferrer\">extrait_sorenson.mov<\/a><\/td>\n<\/tr>\n<tr>\n<td width=\"155\"><strong>H264<\/strong><\/td>\n<td width=\"158\">H264 est une norme de compression vid\u00e9o finalis\u00e9e en 2003 par les groupes MPEG et ITU-T. Il est \u00e9galement connu sous les noms \u00ab\u00a0MPEG-4 part 10\u00a0\u00bb et \u00ab\u00a0MPEG-4 AVC\u00a0\u00bb<\/td>\n<td width=\"84\">Quicktime<\/p>\n<p>ffmpegX<\/td>\n<td width=\"56\">\n<div align=\"center\">9,6<\/div>\n<\/td>\n<td width=\"68\">\n<div align=\"center\">4,5<\/div>\n<\/td>\n<td width=\"139\">&#8211; Qualit\u00e9 excellente<br \/>\n&#8211; format standardis\u00e9<\/td>\n<td width=\"151\">&#8211; temps de compression excessivement long<\/td>\n<td width=\"133\"><a href=\"http:\/\/icar.cnrs.fr\/projets\/corinte\/documents\/extraits\/extraits_h264.zip\" target=\"_blank\" rel=\"noopener noreferrer\">extrait_h264.mov<\/a><\/td>\n<\/tr>\n<tr>\n<td width=\"155\"><strong>Windows Media Vid\u00e9o 9<\/strong> (qualit\u00e9 \u00ab\u00a0vid\u00e9o pour r\u00e9seau local 1Mbits\u00a0\u00bb)<\/td>\n<td width=\"158\">Codec vid\u00e9o con\u00e7u et distribu\u00e9 par la soci\u00e9t\u00e9 Microsoft<\/td>\n<td width=\"84\">Windows Movie Maker<\/td>\n<td width=\"56\">\n<div align=\"center\">7,4<\/div>\n<\/td>\n<td width=\"68\">\n<div align=\"center\">4<\/div>\n<\/td>\n<td width=\"139\">&#8211; Tr\u00e8s bonne qualit\u00e9<br \/>\n&#8211; int\u00e9gr\u00e9 \u00e0\u00a0Windows XP et Vista<\/td>\n<td width=\"151\">&#8211; Format propri\u00e9taire (Microsoft)<br \/>\n&#8211; peu impl\u00e9ment\u00e9 dans les logiciels d&rsquo;analyse<\/td>\n<td width=\"133\">extrait_wmv.wmv<\/td>\n<\/tr>\n<\/tbody>\n<\/table>\n<p align=\"left\"><em>Param\u00e8tres utilis\u00e9s lors de la compression<\/em> :<br \/>\n&#8211; Sauf indication contraire, les param\u00e8tres de compression utilis\u00e9s pour les flux vid\u00e9os sont :<br \/>\nR\u00e9solution : 720px*576px ; Nombre d&rsquo;images par seconde : 25 ; D\u00e9bit : 150 Ko (1200 Kbits) ; Nombre d&rsquo;images cl\u00e9s par seconde : 25)<br \/>\nLes chiffres indiqu\u00e9s pour les extraits vid\u00e9o (d\u00e9bit, poids du fichier pour 1mn et 1heure) inclus le flux audio.<br \/>\n&#8211; Pour les flux audios, les r\u00e9glages sont :<br \/>\nFr\u00e9quence d&rsquo;\u00e9chantillonnage : 44,1 Khz ; D\u00e9bit : 128 Kbits ; St\u00e9r\u00e9o ; Taux de compression : 16 bits ; Codec : MP3 ou AAC<br \/>\n&#8211; Remarque : La qualit\u00e9 des vid\u00e9os peut g\u00e9n\u00e9ralement \u00eatre am\u00e9lior\u00e9e en augmentant le d\u00e9bit. C&rsquo;est notamment le cas pour les s\u00e9quences compress\u00e9es au format Mpeg 4 ou Sorenson Vid\u00e9o. Par ailleurs, la plupart des codecs proposent des options qui permettent d&rsquo;am\u00e9liorer le rendu des s\u00e9quences. Dans le cadre de nos tests, seuls les param\u00e8tres par d\u00e9faut ont \u00e9t\u00e9 utilis\u00e9s.<\/p>\n<p align=\"left\"><em>Environnement logiciel pour la compression<br \/>\n<\/em>Sur Macintosh :<em><br \/>\n<\/em>&#8211; Tous les extraits (\u00e0 l&rsquo;exception du WMV) ont \u00e9t\u00e9 r\u00e9alis\u00e9s sous Mac OX 10.4 en utilisant le logiciel <a href=\"http:\/\/www.ffmpegx.com\/fr\/index.html\" target=\"_blank\" rel=\"noopener noreferrer\">ffmpegX<\/a> (gratuit) ou <a href=\"http:\/\/www.apple.com\/fr\/quicktime\/\" target=\"_blank\" rel=\"noopener noreferrer\">Quicktime Pro<\/a> (en effet, seule la version \u00ab\u00a0Pro\u00a0\u00bb de Quicktime, qui est payante, permet d&rsquo;effectuer des compressions). Si la source est au format DV, il est \u00e9galement possible d&rsquo;utiliser le logiciel \u00ab\u00a0Imovie\u00a0\u00bb.<br \/>\n&#8211; Le logiciel gratuit \u00ab\u00a0<a href=\"http:\/\/www.mikeash.com\/?page=software\/qtamateur\/\" target=\"_blank\" rel=\"noopener noreferrer\">QTAmateur<\/a>\u00a0\u00bb peut se substituer \u00e0 Quicktime Pro pour effectuer les compressions (il supporte les m\u00eames formats que Quicktime Pro)<br \/>\nSur PC :<br \/>\n&#8211; Il est conseill\u00e9 d&rsquo;utiliser un logiciel de montage vid\u00e9o pour r\u00e9aliser les compressions. Certains sont gratuits comme \u00ab\u00a0Virtual Dub\u00a0\u00bb, \u00ab\u00a0VirtualDub Mod\u00a0\u00bb ou \u00ab\u00a0Windows Movie Maker\u00a0\u00bb (disponible sur les plate-formes Windows XP et Vista, mais limit\u00e9 dans les formats d&rsquo;enregistrement). Du cot\u00e9 des logiciels payant, on peut utiliser des programmes comme \u00ab\u00a0<a href=\"http:\/\/www.corel.com\/\" target=\"_blank\" rel=\"noopener noreferrer\">Ulead VideoStudio<\/a>\u00ab\u00a0, \u00ab\u00a0<a href=\"http:\/\/www.pinnaclesys.com\/\" target=\"_blank\" rel=\"noopener noreferrer\">Pinnacle Studio<\/a>\u00ab\u00a0, \u00ab\u00a0<a href=\"http:\/\/www.adobe.com\/fr\/\" target=\"_blank\" rel=\"noopener noreferrer\">Adobe Premi\u00e8re Elements<\/a>\u00ab\u00a0, \u00ab\u00a0<a href=\"http:\/\/www.magix.com\/fr\/\" target=\"_blank\" rel=\"noopener noreferrer\">Magix Video<\/a>\u00ab\u00a0&#8230;<br \/>\n&#8211; Il existe des logiciels sp\u00e9cialis\u00e9s dans la conversion de format audio\/vid\u00e9o. Les logiciels gratuits \u00ab\u00a0<a href=\"http:\/\/mediacoder.sourceforge.net\/\" target=\"_blank\" rel=\"noopener noreferrer\">Media Coder<\/a>\u00a0\u00bb et \u00ab\u00a0<a href=\"http:\/\/www.erightsoft.com\/SUPER.html\" target=\"_blank\" rel=\"noopener noreferrer\">Super \u00a9<\/a>\u00a0\u00bb font partis de cette cat\u00e9gorie.<\/p>\n<p align=\"left\"><em>Environnement logiciel pour la lecture :<br \/>\n<\/em>&#8211; <strong>Il est conseill\u00e9 d&rsquo;utiliser le logiciel <a href=\"http:\/\/www.videolan.org\/\" target=\"_blank\" rel=\"noopener noreferrer\">VideoLan (VLC)<\/a> pour lire les extraits vid\u00e9os<\/strong><br \/>\n&#8211; Le rendu des extraits peut varier selon l&rsquo;environnement mat\u00e9riel ou logiciel utilis\u00e9<br \/>\n&#8211; La lecture des fichiers AVI cod\u00e9s en Divx ou XVID avec Quicktime (Mac) n\u00e9cessite l&rsquo;installation du logiciel gratuit <a href=\"http:\/\/perian.org\/\" target=\"_blank\" rel=\"noopener noreferrer\">PERIAN<\/a><br \/>\n&#8211; Sur la version Quicktime de Macintosh OS X, la lecture des fichiers WMV n\u00e9cessite le logiciel \u00ab\u00a0<a href=\"http:\/\/www.flip4mac.com\/\" target=\"_blank\" rel=\"noopener noreferrer\">Flip4Mac<\/a>\u00ab\u00a0<\/p>\n","protected":false},"excerpt":{"rendered":"<p>Tableau Comparatif &#8211; Algorithmes de compression (CoDecs) Format Description Logiciel utilis\u00e9 pour la compression 1 minute (Mo) Evaluation de la qualit\u00e9 not\u00e9e de 1 \u00e0 5 Avantages Inconv\u00e9nients Fichier exemple&#8230;<\/p>\n","protected":false},"author":28,"featured_media":0,"parent":0,"menu_order":0,"comment_status":"closed","ping_status":"closed","template":"","meta":{"inline_featured_image":false,"footnotes":""},"class_list":["post-239","page","type-page","status-publish","hentry"],"_links":{"self":[{"href":"https:\/\/icar.cnrs.fr\/corinte\/wp-json\/wp\/v2\/pages\/239","targetHints":{"allow":["GET"]}}],"collection":[{"href":"https:\/\/icar.cnrs.fr\/corinte\/wp-json\/wp\/v2\/pages"}],"about":[{"href":"https:\/\/icar.cnrs.fr\/corinte\/wp-json\/wp\/v2\/types\/page"}],"author":[{"embeddable":true,"href":"https:\/\/icar.cnrs.fr\/corinte\/wp-json\/wp\/v2\/users\/28"}],"replies":[{"embeddable":true,"href":"https:\/\/icar.cnrs.fr\/corinte\/wp-json\/wp\/v2\/comments?post=239"}],"version-history":[{"count":0,"href":"https:\/\/icar.cnrs.fr\/corinte\/wp-json\/wp\/v2\/pages\/239\/revisions"}],"wp:attachment":[{"href":"https:\/\/icar.cnrs.fr\/corinte\/wp-json\/wp\/v2\/media?parent=239"}],"curies":[{"name":"wp","href":"https:\/\/api.w.org\/{rel}","templated":true}]}}