{"id":243,"date":"2017-03-16T19:08:24","date_gmt":"2017-03-16T18:08:24","guid":{"rendered":"http:\/\/www.icar.cnrs.fr\/sites\/corinte\/?page_id=243"},"modified":"2021-09-21T16:41:19","modified_gmt":"2021-09-21T14:41:19","slug":"monter","status":"publish","type":"page","link":"https:\/\/icar.cnrs.fr\/corinte\/monter\/","title":{"rendered":"Monter"},"content":{"rendered":"<p style=\"text-align: center\"><strong><span style=\"color: #ff0000\">ANCIEN TEXTE<\/span><\/strong><\/p>\n<p style=\"text-align: justify\">Le corpus de donn\u00e9es interactionnelles peut \u00eatre constitu\u00e9 de plusieurs\u00a0angles de vue de l\u2019interaction et plusieurs sources audios qui \u00a0doivent faire sens et pour faire sens e\u0302tre trie\u0301es, organise\u0301es, monte\u0301es, synchronis\u00e9es, mises en relation. \u00a0Un montage multiscope au moyen de logiciels de traitement vid\u00e9o\u00a0permet alors de mettre en regard les vues sur un me\u0302me e\u0301cran afin d\u2019appre\u0301cier l\u2019e\u0301cologie globale de l\u2019interaction ou au contraire porter l\u2019attention sur un phe\u0301nome\u0300ne spe\u0301cifique au gre\u0300s des angles et objets de recherche.<\/p>\n<h1 style=\"text-align: center\"><span style=\"color: #33cccc\"><strong>\u00a0 &#8230;<\/strong><\/span><\/h1>\n<p style=\"text-align: center\"><strong><span style=\"color: #00ffff\"><a href=\"https:\/\/icar.cnrs.fr\/corinte\/numeriser\/\">PAGE PR\u00c9C\u00c9DENTE<\/a>\u00a0 \u00a0 # \u00a0 \u00a0<a href=\"https:\/\/icar.cnrs.fr\/corinte\/anonymiser\/\">PAGE SUIVANTE<\/a><\/span><\/strong><\/p>\n","protected":false},"excerpt":{"rendered":"<p>ANCIEN TEXTE Le corpus de donn\u00e9es interactionnelles peut \u00eatre constitu\u00e9 de plusieurs\u00a0angles de vue de l\u2019interaction et plusieurs sources audios qui \u00a0doivent faire sens et pour faire sens e\u0302tre trie\u0301es,&#8230;<\/p>\n","protected":false},"author":28,"featured_media":0,"parent":0,"menu_order":0,"comment_status":"closed","ping_status":"closed","template":"","meta":{"inline_featured_image":false,"footnotes":""},"class_list":["post-243","page","type-page","status-publish","hentry"],"_links":{"self":[{"href":"https:\/\/icar.cnrs.fr\/corinte\/wp-json\/wp\/v2\/pages\/243","targetHints":{"allow":["GET"]}}],"collection":[{"href":"https:\/\/icar.cnrs.fr\/corinte\/wp-json\/wp\/v2\/pages"}],"about":[{"href":"https:\/\/icar.cnrs.fr\/corinte\/wp-json\/wp\/v2\/types\/page"}],"author":[{"embeddable":true,"href":"https:\/\/icar.cnrs.fr\/corinte\/wp-json\/wp\/v2\/users\/28"}],"replies":[{"embeddable":true,"href":"https:\/\/icar.cnrs.fr\/corinte\/wp-json\/wp\/v2\/comments?post=243"}],"version-history":[{"count":1,"href":"https:\/\/icar.cnrs.fr\/corinte\/wp-json\/wp\/v2\/pages\/243\/revisions"}],"predecessor-version":[{"id":964,"href":"https:\/\/icar.cnrs.fr\/corinte\/wp-json\/wp\/v2\/pages\/243\/revisions\/964"}],"wp:attachment":[{"href":"https:\/\/icar.cnrs.fr\/corinte\/wp-json\/wp\/v2\/media?parent=243"}],"curies":[{"name":"wp","href":"https:\/\/api.w.org\/{rel}","templated":true}]}}