{"id":255,"date":"2017-03-16T19:21:24","date_gmt":"2017-03-16T18:21:24","guid":{"rendered":"http:\/\/www.icar.cnrs.fr\/sites\/corinte\/?page_id=255"},"modified":"2017-03-16T19:21:24","modified_gmt":"2017-03-16T18:21:24","slug":"anonymisation-des-donnees-secondaires","status":"publish","type":"page","link":"https:\/\/icar.cnrs.fr\/corinte\/anonymisation-des-donnees-secondaires\/","title":{"rendered":"Anonymisation des donn\u00e9es secondaires"},"content":{"rendered":"<h3><span style=\"color: #33cccc\">Formes d\u2019anonymisation<\/span><\/h3>\n<p>La forme la plus simple, mais souvent la moins souhaitable pour les objectifs de la recherche, est la suppression d\u2019une partie ou de la totalit\u00e9 de l\u2019enregistrement ;<\/p>\n<p>G\u00e9n\u00e9ralement on opte plut\u00f4t pour des formes de remplacement, qui peuvent varier selon les objets et les supports concern\u00e9s.<\/p>\n<h3><span style=\"color: #33cccc\">Exemples de formes de remplacement<\/span><\/h3>\n<p>Remplacement par un \u00ab blanc \u00bb : c\u2019est la solution la moins informative et surtout la moins visible.<\/p>\n<p>Remplacement par un hyperonyme :<\/p>\n<blockquote><p>NNOM ou NPRENOM ou NVILLE ou NHOPITAL<\/p><\/blockquote>\n<p>Remplacement par un pseudonyme :<\/p>\n<blockquote><p>\u00ab Michel Dupont \u00bb remplac\u00e9 par \u00ab Georges Martin \u00bb<br \/>\n\u00ab 06 99 34 23 11 \u00bb remplac\u00e9 par \u00ab z\u00e9ro-six quatre-vingt-cinq cinquante-trois trente-cinq douze \u00bb<br \/>\n\u00ab rue Malher \u00bb remplac\u00e9 par \u00ab rue Strawinski<\/p><\/blockquote>\n","protected":false},"excerpt":{"rendered":"<p>Formes d\u2019anonymisation La forme la plus simple, mais souvent la moins souhaitable pour les objectifs de la recherche, est la suppression d\u2019une partie ou de la totalit\u00e9 de l\u2019enregistrement ;&#8230;<\/p>\n","protected":false},"author":28,"featured_media":0,"parent":0,"menu_order":0,"comment_status":"closed","ping_status":"closed","template":"","meta":{"inline_featured_image":false,"footnotes":""},"class_list":["post-255","page","type-page","status-publish","hentry"],"_links":{"self":[{"href":"https:\/\/icar.cnrs.fr\/corinte\/wp-json\/wp\/v2\/pages\/255","targetHints":{"allow":["GET"]}}],"collection":[{"href":"https:\/\/icar.cnrs.fr\/corinte\/wp-json\/wp\/v2\/pages"}],"about":[{"href":"https:\/\/icar.cnrs.fr\/corinte\/wp-json\/wp\/v2\/types\/page"}],"author":[{"embeddable":true,"href":"https:\/\/icar.cnrs.fr\/corinte\/wp-json\/wp\/v2\/users\/28"}],"replies":[{"embeddable":true,"href":"https:\/\/icar.cnrs.fr\/corinte\/wp-json\/wp\/v2\/comments?post=255"}],"version-history":[{"count":0,"href":"https:\/\/icar.cnrs.fr\/corinte\/wp-json\/wp\/v2\/pages\/255\/revisions"}],"wp:attachment":[{"href":"https:\/\/icar.cnrs.fr\/corinte\/wp-json\/wp\/v2\/media?parent=255"}],"curies":[{"name":"wp","href":"https:\/\/api.w.org\/{rel}","templated":true}]}}