{"id":330,"date":"2017-03-17T17:53:41","date_gmt":"2017-03-17T16:53:41","guid":{"rendered":"http:\/\/www.icar.cnrs.fr\/sites\/corinte\/?page_id=330"},"modified":"2021-09-22T10:22:55","modified_gmt":"2021-09-22T08:22:55","slug":"actions-formations-et-enseignements","status":"publish","type":"page","link":"https:\/\/icar.cnrs.fr\/corinte\/actions-formations-et-enseignements\/","title":{"rendered":"Les actions de formations et d&rsquo;enseignements"},"content":{"rendered":"<p>&nbsp;<\/p>\n<p style=\"text-align: justify\">Souvent les r\u00e9sultats de la recherche servent de support au d\u00e9veloppement d\u2019initiatives de formation et d\u2019enseignement. Ces actions peuvent \u00eatre men\u00e9es par les chercheurs eux-m\u00eames dans le cadre universitaire ou, en collaboration avec d\u2019autres institutions, dans le milieu de la formation professionnelle. Les chercheurs peuvent \u00e9galement d\u00e9velopper des ressources p\u00e9dagogiques \u00e0 destination des enseignants (des fiches, des manuels, des plateformes en ligne, des applications\u2026) ou des outils d\u2019auto-formation pens\u00e9s pour certaines cat\u00e9gories socio-professionnelles &#8211; c\u2019est le cas notamment des MOOC (voir section <span style=\"color: #0000ff\"><a style=\"color: #0000ff\" href=\"https:\/\/icar.cnrs.fr\/corinte\/la-diffusion-au-grand-public\/\">La diffusion au Grand Public<\/a><\/span>).<\/p>\n<h3 style=\"text-align: justify\"><span style=\"color: #33cccc\"><b>1 &#8211; Enseignement universitaire<\/b><\/span><\/h3>\n<p style=\"text-align: justify\"><span style=\"font-weight: 400\">Depuis toujours l\u2019enseignement universitaire est \u00e9troitement li\u00e9 \u00e0 la recherche. Ce sont justement les recherches scientifiques effectu\u00e9es par les chercheurs et les enseignant-chercheurs qui nourrissent les contenus disciplinaires, afin de fournir des enseignements \u00e0 la pointe de l\u2019actualit\u00e9 scientifique. Les membres du laboratoire ICAR interviennent dans plus d\u2019une douzaine de <\/span><span style=\"color: #0000ff\"><a style=\"color: #0000ff\" href=\"http:\/\/icar.cnrs.fr\/formations\/formations-masters\/\" target=\"_blank\" rel=\"noopener\">masters<\/a><\/span><span style=\"font-weight: 400\">\u00a0en Sciences du langage, Didactique des langues et des sciences, Sciences de l\u2019\u00e9ducation, Lettres, Sciences Sociales, Humanit\u00e9s num\u00e9riques, Sciences de l\u2019information.\u00a0<\/span><\/p>\n<h3 style=\"text-align: justify\"><span style=\"color: #33cccc\"><b>2 &#8211; Ressources pour les enseignants<\/b><\/span><\/h3>\n<p style=\"text-align: justify\"><span style=\"font-weight: 400\">De plus, au-del\u00e0 d\u2019une exploitation personnelle par l\u2019enseignant universitaire de ses recherches pour alimenter le programme de ses cours, des initiatives pour mutualiser les ressources d\u2019enseignement peuvent \u00eatre pens\u00e9es. Traditionnellement, c\u2019est le cas des manuels et des volumes didactiques, qui pr\u00e9sentent une approche th\u00e9orique de mani\u00e8re globale. Par exemple, pour l\u2019analyse interactionnelle, le volume de V\u00e9ronique Traverso \u201cD\u00e9crire le fran\u00e7ais parl\u00e9 en interaction\u201d (2016, Editions Ophrys) est tr\u00e8s adapt\u00e9 \u00e0 un public \u00e9tudiant voulant s\u2019initier \u00e0 cette approche th\u00e9orique.<\/span><\/p>\n<p style=\"text-align: justify\"><span style=\"font-weight: 400\">Les \u00e9tudiants universitaires peuvent \u00e9galement b\u00e9n\u00e9ficier des plateformes de mutualisation des corpus (voir section <span style=\"color: #0000ff\"><a style=\"color: #0000ff\" href=\"https:\/\/icar.cnrs.fr\/corinte\/les-infrastructures-numeriques-de-mutualisation-de-corpus\/\">Les infrastructures num\u00e9riques de mutualisation de corpus<\/a><\/span>), notamment pour profiter des donn\u00e9es existantes pour leurs m\u00e9moires ou leur th\u00e8se.<\/span><\/p>\n<p style=\"text-align: justify\"><span style=\"font-weight: 400\">Les recherches peuvent aussi mener \u00e0 la r\u00e9alisation de ressources num\u00e9riques \u00e0 l\u2019attention des enseignants et des \u00e9tudiants. C\u2019est le cas par exemple de la plateforme <\/span><a href=\"http:\/\/clapi.icar.cnrs.fr\/FLE\/\" target=\"_blank\" rel=\"noopener\"><span style=\"color: #0000ff\">Clapi-FLE<\/span><\/a><span style=\"font-weight: 400\">. Cr\u00e9\u00e9e en concertation avec un r\u00e9seau de didacticiens et d\u2019enseignants, des membres de l\u2019\u00e9quipe LIS du laboratoire ICAR ont d\u00e9velopp\u00e9, \u00e0 partir des corpus de la base CLAPI et des travaux de recherche en interaction, une plateforme proposant diff\u00e9rentes ressources (des fiches pr\u00e9-p\u00e9dagogiques, des extraits vid\u00e9os d\u2019interactions transcrits et analys\u00e9s, des collections, des fiches explicatives d\u00e9crivant des faits de langue propres \u00e0 l\u2019oral, des fiches pratiques pr\u00eates \u00e0 l\u2019emploi en situation de classe) pouvant servir de supports pour les cours sur le fran\u00e7ais oral. L\u2019int\u00e9r\u00eat d\u2019un tel outil r\u00e9side dans la richesse des corpus oraux authentiques utilis\u00e9s, qui permettent aux apprenants de s&rsquo;approcher d&rsquo;une situation d&rsquo;immersion recommand\u00e9e dans l&rsquo;apprentissage d&rsquo;une langue seconde (Debaisieux 2009, Boulton et Tyne 2014, Andr\u00e9 2016), en sensibilisant l\u2019apprenant au fran\u00e7ais parl\u00e9 auquel il sera confront\u00e9 \u00e0 son arriv\u00e9e en France ou dans un pays europ\u00e9en francophone. Par ailleurs, la dimension sociale et culturelle des interactions apporte un \u00e9clairage sur les usages et les pratiques fran\u00e7aises pour une d\u00e9couverte de son paysage sonore et visuel (Lhote 1995) mais \u00e9galement pour apprendre \u00e0 interagir en contexte dans diff\u00e9rentes situations ordinaires du quotidien.<\/span><\/p>\n<h3 style=\"text-align: justify\"><span style=\"color: #33cccc\"><b>3 &#8211; Formation professionnelle<\/b><\/span><\/h3>\n<p style=\"text-align: justify\"><span style=\"font-weight: 400\">Les recherches qui s\u2019int\u00e9ressent \u00e0 des situations professionnelles sp\u00e9cifiques, permettent d\u2019adopter une approche appliqu\u00e9e de la recherche et de penser des actions de formation pour am\u00e9liorer la communication dans ces situations. L\u2019analyse interactionnelle se pr\u00eate particuli\u00e8rement bien \u00e0 \u00eatre utilis\u00e9e en formation pour d\u00e9velopper le regard critique des professionnels sur leur pratique (Antaki 2011, Filliettaz 2013).<\/span><\/p>\n<p style=\"text-align: justify\"><span style=\"font-weight: 400\">Par exemple, dans le projet <span style=\"color: #0000ff\"><a style=\"color: #0000ff\" href=\"http:\/\/icar.cnrs.fr\/projet-remilas\/\">REMILAS<\/a><\/span> (REfugi\u00e9s, MIgrants et leurs LAngues face aux services de Sant\u00e9), de nombreuses interventions ont \u00e9t\u00e9 faites dans le cadre de <a href=\"http:\/\/www.icar.cnrs.fr\/sites\/projet-remilas\/formations-2\/\"><span style=\"color: #0000ff\">formations \u00e0 destination d\u2019interpr\u00e8tes et intervenants en sant\u00e9<\/span><\/a><\/span><span style=\"font-weight: 400\">. Dans ces interventions, \u00e0 partir du visionnage de quelques extraits de consultations authentiques, les participants sont guid\u00e9s dans une r\u00e9flexion sur certains ph\u00e9nom\u00e8nes typiques des interactions de sant\u00e9 avec interpr\u00e8te (voir Ticca 2018, 2021).\u00a0<\/span><\/p>\n<p style=\"text-align: justify\"><span style=\"font-weight: 400\">Il est \u00e9galement envisageable de concevoir, \u00e0 une \u00e9chelle plus importante, une formation du type Dipl\u00f4me Universitaire (DU) par exemple, g\u00e9n\u00e9ralement port\u00e9 par les services formation continu des \u00e9tablissements d\u2019enseignement, et qui s\u2019adapte tout particuli\u00e8rement bien au rythme des professionnels qui souhaitent s\u2019investir dans une formation dipl\u00f4mante en parall\u00e8le de leur activit\u00e9 professionnelle. C\u2019est le cas du <span style=\"color: #0000ff\"><a style=\"color: #0000ff\" href=\"https:\/\/www.orspere-samdarra.com\/evenements-et-formations\/diplomes-universitaires\/du-dialogues-mediation-interpretariat-migration\/\">DU DIALOGUES \u201cM\u00e9diation, Interpr\u00e9tariat et Migration\u201d<\/a><\/span>, port\u00e9 par l\u2019Universit\u00e9 Lumi\u00e8re Lyon 2 et l\u2019<a href=\"https:\/\/www.orspere-samdarra.com\/\"><span style=\"color: #0000ff\">ORSPERE-SAMDARRA<\/span><\/a>, en partenariat avec le laboratoire ICAR, et qui s\u2019adresse aux interpr\u00e8tes professionnels et b\u00e9n\u00e9voles qui souhaitent se former et se professionnaliser.<\/span><\/p>\n<p style=\"text-align: justify\"><span style=\"font-weight: 400\">Certains r\u00e9sultats de recherche peuvent \u00eatre restitu\u00e9s \u00e0 la soci\u00e9t\u00e9 sous une forme adapt\u00e9e au public vis\u00e9, explicit\u00e9e, parfois simplifi\u00e9e, dans le cadre d\u2019une d\u00e9marche de cr\u00e9ation de ressources pour la formation. Supports de formation, plateforme d\u2019auto-formation, autant de modalit\u00e9s diff\u00e9rentes qui peuvent venir en appui des formations ou se suffir \u00e0 elles-m\u00eames dans une d\u00e9marche autonome et individuelle de formation. Le cas de la plateforme <a href=\"https:\/\/www.odimedi.fr\/\"><span style=\"color: #0000ff\">ODIMEDI<\/span><\/a>, est une illustration d\u2019un outil d\u2019auto-formation d\u00e9velopp\u00e9 par le laboratoire ICAR, et bas\u00e9 sur les r\u00e9sultats des recherches men\u00e9es dans le cadre du projet <\/span><a href=\"http:\/\/icar.cnrs.fr\/projet-remilas\/\" target=\"_blank\" rel=\"noopener\"><span style=\"color: #0000ff\">REMILAS<\/span><\/a><span style=\"font-weight: 400\">. Cet outil a \u00e9t\u00e9 pens\u00e9 comme un outil facile d\u2019utilisation et facile d\u2019acc\u00e8s, gratuit et consultable sur smartphone afin de r\u00e9pondre au profil des principaux utilisateurs, les interpr\u00e8tes et les intervenants sociaux et en sant\u00e9 (voir Piccoli 2021).<\/span><\/p>\n<p style=\"text-align: justify\"><strong>R\u00e9f\u00e9rences bibliographiques<\/strong><\/p>\n<ul>\n<li style=\"list-style-type: none\">\n<ul style=\"text-align: left\">\n<li><span style=\"font-weight: 400\">Alberdi C., Etienne, C. (2021), \u00ab\u00a0Apprendre \u00e0 interagir en classe de FLE : la situation d&rsquo;invitation\u00a0\u00bb, Cahier VALS-ASLA 2021<\/span><\/li>\n<li>Andr\u00e9 V. (2016). <span style=\"color: #0000ff\"><a style=\"color: #0000ff\" href=\"https:\/\/www.atilf.fr\/wp-content\/uploads\/publications\/MelangesCrapel\/file-38-4-1.pdf\" target=\"_blank\" rel=\"noopener noreferrer\">FLEURON\u00a0: Fran\u00e7ais Langue \u00c9trang\u00e8re Universitaire\u00a0\u2013 Ressources et Outils Num\u00e9riques. Origine, d\u00e9marches et perspectives<\/a><\/span>.\u00a0<em>M\u00e9langes Crapel 37<\/em>, p.69-92.<\/li>\n<li style=\"font-weight: 400;text-align: justify\"><span style=\"font-weight: 400\">Antaki C. (2011), <\/span><i><span style=\"font-weight: 400\">Applied Conversation Analysis: Changing institutional practices<\/span><\/i><span style=\"font-weight: 400\">. Basingstoke: Palgrave Macmillan. 63-80.<\/span><\/li>\n<li>Boulton A., <em>Tyne H.<\/em>\u00a0(<em>2014)<\/em>. Des documents authentiques aux corpus : d\u00e9marches pour l&rsquo;apprentissage des langues. Paris : Didier Coll.<\/li>\n<li>Debaisieux J-M. (2009), Des documents authentiques oraux aux corpus : questions d&rsquo;apprentissage en didactique des langues Dans <em>M\u00e9langes Crapel<\/em> (n\u00b0 31, n\u00b0 sp\u00e9cial, <em>2009<\/em>).<\/li>\n<li style=\"font-weight: 400;text-align: justify\"><span style=\"font-weight: 400\">Filliettaz L. (2013), Affording learning environments in workplace contexts: an interactional and multimodal perspective. <\/span><i><span style=\"font-weight: 400\">International Journal of Lifelong Education<\/span><\/i><span style=\"font-weight: 400\">, 32(1), 107-122.<\/span><\/li>\n<li style=\"font-weight: 400;text-align: justify\"><span style=\"font-weight: 400\">Piccoli V. (2021), ODIMEDI: un outil num\u00e9rique pour la formation des interpr\u00e8tes et des intervenants en sant\u00e9, <\/span><i><span style=\"font-weight: 400\">Bulletin de Linguistique et des sciences du langage de l\u2019Universit\u00e9 de Lausanne <\/span><\/i><span style=\"font-weight: 400\">31, 107-123.<\/span><\/li>\n<li><span style=\"font-weight: 400\">Ravazzolo, E., Etienne, C. &amp; Ursi, B. (2021), \u00ab\u00a0Apprendre les interactions en classe de fran\u00e7ais : enjeux et pratiques\u00a0\u00bb, Recherche en Didactique des Langues et des Cultures (RDLC), 929 <\/span><\/li>\n<li style=\"font-weight: 400;text-align: justify\"><span style=\"font-weight: 400\">Ticca A.C. (2018), The interpreter\u2019s activity between complexity and simplification in psychotherapy sessions, in L. Anderson, L. Gavioli, F. Zanettin (\u00e9ds), <\/span><i><span style=\"font-weight: 400\">TAIL: Translation And Interpreting for Language Learners: A volume of teaching\/learning activitie<\/span><\/i><span style=\"font-weight: 400\">s, Studi AItLA, Bologna.<\/span><\/li>\n<li style=\"font-weight: 400;text-align: justify\"><span style=\"font-weight: 400\">Ticca A. C. (2021), Risques et atouts de l\u2019approche interactionniste dans la formation sur l&rsquo;interpr\u00e9tation en milieu social, <em>Bulletin de Linguistique et des sciences du langage de l\u2019Universit\u00e9 de Lausanne 31<\/em>, 61-80.<\/span><\/li>\n<li>Traverso V. (2016). D\u00e9crire le fran\u00e7ais parl\u00e9 en interaction. <span style=\"color: #0000ff\"><a style=\"color: #0000ff\" href=\"http:\/\/www.ophrys.fr\/fr\/catalogue-detail\/2214\/decrire-le-francais-parle-en-interaction.html\" target=\"_blank\" rel=\"noopener\">\u00c9ditions Ophrys<\/a><\/span>, pp.198, 2016, Catherine Fuchs, 9782708014602.\u00a0<a href=\"https:\/\/halshs.archives-ouvertes.fr\/halshs-01316369\" target=\"_blank\" rel=\"noopener\">\u27e8<span style=\"color: #0000ff\">halshs-01316369<\/span>\u27e9<\/a><\/li>\n<\/ul>\n<\/li>\n<\/ul>\n","protected":false},"excerpt":{"rendered":"<p>&nbsp; Souvent les r\u00e9sultats de la recherche servent de support au d\u00e9veloppement d\u2019initiatives de formation et d\u2019enseignement. Ces actions peuvent \u00eatre men\u00e9es par les chercheurs eux-m\u00eames dans le cadre universitaire&#8230;<\/p>\n","protected":false},"author":28,"featured_media":0,"parent":0,"menu_order":0,"comment_status":"closed","ping_status":"closed","template":"","meta":{"inline_featured_image":false,"footnotes":""},"class_list":["post-330","page","type-page","status-publish","hentry"],"_links":{"self":[{"href":"https:\/\/icar.cnrs.fr\/corinte\/wp-json\/wp\/v2\/pages\/330","targetHints":{"allow":["GET"]}}],"collection":[{"href":"https:\/\/icar.cnrs.fr\/corinte\/wp-json\/wp\/v2\/pages"}],"about":[{"href":"https:\/\/icar.cnrs.fr\/corinte\/wp-json\/wp\/v2\/types\/page"}],"author":[{"embeddable":true,"href":"https:\/\/icar.cnrs.fr\/corinte\/wp-json\/wp\/v2\/users\/28"}],"replies":[{"embeddable":true,"href":"https:\/\/icar.cnrs.fr\/corinte\/wp-json\/wp\/v2\/comments?post=330"}],"version-history":[{"count":7,"href":"https:\/\/icar.cnrs.fr\/corinte\/wp-json\/wp\/v2\/pages\/330\/revisions"}],"predecessor-version":[{"id":972,"href":"https:\/\/icar.cnrs.fr\/corinte\/wp-json\/wp\/v2\/pages\/330\/revisions\/972"}],"wp:attachment":[{"href":"https:\/\/icar.cnrs.fr\/corinte\/wp-json\/wp\/v2\/media?parent=330"}],"curies":[{"name":"wp","href":"https:\/\/api.w.org\/{rel}","templated":true}]}}