{"id":519,"date":"2019-01-17T11:26:02","date_gmt":"2019-01-17T10:26:02","guid":{"rendered":"http:\/\/www.icar.cnrs.fr\/sites\/corinte\/?page_id=519"},"modified":"2019-01-17T11:26:02","modified_gmt":"2019-01-17T10:26:02","slug":"montage-et-traitement-specifique","status":"publish","type":"page","link":"https:\/\/icar.cnrs.fr\/corinte\/montage-et-traitement-specifique\/","title":{"rendered":"Montage et traitement sp\u00e9cifique"},"content":{"rendered":"<p>\t\t\t\tSynchronisation<\/p>\n<p>Multiscope<\/p>\n<p>Exports param\u00e9trages<\/p>\n<p>Anonymisation des donn\u00e9es primaires (floutage vid\u00e9o, bippage du son)\t\t<\/p>\n","protected":false},"excerpt":{"rendered":"<p>Synchronisation Multiscope Exports param\u00e9trages Anonymisation des donn\u00e9es primaires (floutage vid\u00e9o, bippage du son)<\/p>\n","protected":false},"author":28,"featured_media":0,"parent":0,"menu_order":0,"comment_status":"closed","ping_status":"closed","template":"","meta":{"inline_featured_image":false,"footnotes":""},"class_list":["post-519","page","type-page","status-publish","hentry"],"_links":{"self":[{"href":"https:\/\/icar.cnrs.fr\/corinte\/wp-json\/wp\/v2\/pages\/519","targetHints":{"allow":["GET"]}}],"collection":[{"href":"https:\/\/icar.cnrs.fr\/corinte\/wp-json\/wp\/v2\/pages"}],"about":[{"href":"https:\/\/icar.cnrs.fr\/corinte\/wp-json\/wp\/v2\/types\/page"}],"author":[{"embeddable":true,"href":"https:\/\/icar.cnrs.fr\/corinte\/wp-json\/wp\/v2\/users\/28"}],"replies":[{"embeddable":true,"href":"https:\/\/icar.cnrs.fr\/corinte\/wp-json\/wp\/v2\/comments?post=519"}],"version-history":[{"count":0,"href":"https:\/\/icar.cnrs.fr\/corinte\/wp-json\/wp\/v2\/pages\/519\/revisions"}],"wp:attachment":[{"href":"https:\/\/icar.cnrs.fr\/corinte\/wp-json\/wp\/v2\/media?parent=519"}],"curies":[{"name":"wp","href":"https:\/\/api.w.org\/{rel}","templated":true}]}}