{"id":60,"date":"2017-02-01T20:13:01","date_gmt":"2017-02-01T19:13:01","guid":{"rendered":"http:\/\/www.icar.cnrs.fr\/sites\/corinte\/?page_id=60"},"modified":"2021-09-21T16:27:14","modified_gmt":"2021-09-21T14:27:14","slug":"accueil","status":"publish","type":"page","link":"https:\/\/icar.cnrs.fr\/corinte\/","title":{"rendered":"Accueil"},"content":{"rendered":"<p>CORINTE est un site m\u00e9thodologique d\u00e9di\u00e9 \u00e0 la recherche sur les corpus de langue parl\u00e9e en interaction. Il\u00a0pr\u00e9sente une <em>linguistique de l&rsquo;interaction<\/em>, fond\u00e9e sur l\u2019enregistrement, la transcription et le traitement de donn\u00e9es orales interactionnelles et multimodales.<\/p>\n<p>Il comporte:<\/p>\n<blockquote>\n<div>\u2022 des r\u00e9flexions th\u00e9oriques et m\u00e9thodologiques sur la constitution de corpus d\u2019interactions et sur leur analyse ainsi que sur la construction et l\u2019exploitation de banques de donn\u00e9es de corpus de langue parl\u00e9e en interaction ;<\/div>\n<div>\u2022 des outils et des documents pratiques li\u00e9s \u00e0 diff\u00e9rents aspects de ces recherches.<\/div>\n<\/blockquote>\n","protected":false},"excerpt":{"rendered":"<p>CORINTE est un site m\u00e9thodologique d\u00e9di\u00e9 \u00e0 la recherche sur les corpus de langue parl\u00e9e en interaction. Il\u00a0pr\u00e9sente une linguistique de l&rsquo;interaction, fond\u00e9e sur l\u2019enregistrement, la transcription et le traitement&#8230;<\/p>\n","protected":false},"author":28,"featured_media":0,"parent":0,"menu_order":0,"comment_status":"closed","ping_status":"closed","template":"","meta":{"inline_featured_image":false,"footnotes":""},"class_list":["post-60","page","type-page","status-publish","hentry"],"_links":{"self":[{"href":"https:\/\/icar.cnrs.fr\/corinte\/wp-json\/wp\/v2\/pages\/60","targetHints":{"allow":["GET"]}}],"collection":[{"href":"https:\/\/icar.cnrs.fr\/corinte\/wp-json\/wp\/v2\/pages"}],"about":[{"href":"https:\/\/icar.cnrs.fr\/corinte\/wp-json\/wp\/v2\/types\/page"}],"author":[{"embeddable":true,"href":"https:\/\/icar.cnrs.fr\/corinte\/wp-json\/wp\/v2\/users\/28"}],"replies":[{"embeddable":true,"href":"https:\/\/icar.cnrs.fr\/corinte\/wp-json\/wp\/v2\/comments?post=60"}],"version-history":[{"count":7,"href":"https:\/\/icar.cnrs.fr\/corinte\/wp-json\/wp\/v2\/pages\/60\/revisions"}],"predecessor-version":[{"id":844,"href":"https:\/\/icar.cnrs.fr\/corinte\/wp-json\/wp\/v2\/pages\/60\/revisions\/844"}],"wp:attachment":[{"href":"https:\/\/icar.cnrs.fr\/corinte\/wp-json\/wp\/v2\/media?parent=60"}],"curies":[{"name":"wp","href":"https:\/\/api.w.org\/{rel}","templated":true}]}}