{"id":66,"date":"2017-02-01T20:17:29","date_gmt":"2017-02-01T19:17:29","guid":{"rendered":"http:\/\/www.icar.cnrs.fr\/sites\/corinte\/?page_id=66"},"modified":"2017-02-01T20:17:29","modified_gmt":"2017-02-01T19:17:29","slug":"contact","status":"publish","type":"page","link":"https:\/\/icar.cnrs.fr\/corinte\/contact\/","title":{"rendered":"Contact"},"content":{"rendered":"<p>\t\t\t\t<span style=\"color: #33cccc\">Responsables<\/span> : Isabel Col\u00f3n de Carvajal, V\u00e9ronique Traverso,\u00a0Emilie Jouin-Chardon<\/p>\n<p><span style=\"color: #33cccc\">Le groupe ICOR<\/span> (Interactions CORpus) :<br \/>\nHeike Baldauf, Isabel Col\u00f3n de Carvajal, Carole Etienne, Samira Ibnelka\u00efd, Emilie Jouin-Chardon, Vanessa Piccoli, V\u00e9ronique Traverso, Biagio Ursi<\/p>\n<p><span style=\"color: #33cccc\">R\u00e9daction et Conception du site\u00a0<\/span>: Samira Ibnelka\u00efd<\/p>\n<p><span style=\"color: #33cccc\">Contact<\/span> : <a href=\"mailto:info-clapi@listes.ens-lyon.fr\" target=\"_blank\" rel=\"noopener noreferrer\">info-clapi@ens-lyon.fr<\/a>\t\t<\/p>\n","protected":false},"excerpt":{"rendered":"<p>Responsables : Isabel Col\u00f3n de Carvajal, V\u00e9ronique Traverso,\u00a0Emilie Jouin-Chardon Le groupe ICOR (Interactions CORpus) : Heike Baldauf, Isabel Col\u00f3n de Carvajal, Carole Etienne, Samira Ibnelka\u00efd, Emilie Jouin-Chardon, Vanessa Piccoli, V\u00e9ronique&#8230;<\/p>\n","protected":false},"author":28,"featured_media":0,"parent":0,"menu_order":0,"comment_status":"closed","ping_status":"closed","template":"","meta":{"inline_featured_image":false,"footnotes":""},"class_list":["post-66","page","type-page","status-publish","hentry"],"_links":{"self":[{"href":"https:\/\/icar.cnrs.fr\/corinte\/wp-json\/wp\/v2\/pages\/66","targetHints":{"allow":["GET"]}}],"collection":[{"href":"https:\/\/icar.cnrs.fr\/corinte\/wp-json\/wp\/v2\/pages"}],"about":[{"href":"https:\/\/icar.cnrs.fr\/corinte\/wp-json\/wp\/v2\/types\/page"}],"author":[{"embeddable":true,"href":"https:\/\/icar.cnrs.fr\/corinte\/wp-json\/wp\/v2\/users\/28"}],"replies":[{"embeddable":true,"href":"https:\/\/icar.cnrs.fr\/corinte\/wp-json\/wp\/v2\/comments?post=66"}],"version-history":[{"count":0,"href":"https:\/\/icar.cnrs.fr\/corinte\/wp-json\/wp\/v2\/pages\/66\/revisions"}],"wp:attachment":[{"href":"https:\/\/icar.cnrs.fr\/corinte\/wp-json\/wp\/v2\/media?parent=66"}],"curies":[{"name":"wp","href":"https:\/\/api.w.org\/{rel}","templated":true}]}}